{"id":91393,"date":"2025-06-19T14:49:16","date_gmt":"2025-06-19T11:49:16","guid":{"rendered":"https:\/\/www.almamedia.fi\/mainostajat\/?page_id=91393"},"modified":"2025-06-19T14:52:21","modified_gmt":"2025-06-19T11:52:21","slug":"saavutettavuus","status":"publish","type":"page","link":"https:\/\/www.almamedia.fi\/mainostajat\/saavutettavuus\/","title":{"rendered":"Saavutettavuus"},"content":{"rendered":"\n<h2 class=\"wp-block-heading\">Saavutettavuusseloste&nbsp;<\/h2>\n\n\n\n<p>T\u00e4m\u00e4 on saavutettavuusseloste, joka koskee palvelua https:\/\/www.almamedia.fi\/mainostajat\/. Palvelussa on noudatettu lakia digitaalisten palveluiden tarjoamisesta (306\/2019).&nbsp;<\/p>\n\n\n\n<p>Seloste on laadittu alun perin 19.6.2025.&nbsp;<\/p>\n\n\n\n<h2 class=\"wp-block-heading\">Saavutettavuuden taso&nbsp;<\/h2>\n\n\n\n<p>Palvelu t\u00e4ytt\u00e4\u00e4 A- ja AA-tason saavutettavuusvaatimukset suurilta osin, WCAG-kriteerist\u00f6 2.2.&nbsp;<\/p>\n\n\n\n<p>Palvelun saavutettavuutta on ollut arvioimassa Alma Media Oyj:n omat asiantuntijat.&nbsp;<\/p>\n\n\n\n<h2 class=\"wp-block-heading\">Ei-saavutettava sis\u00e4lt\u00f6:&nbsp;<\/h2>\n\n\n\n<h3 class=\"wp-block-heading\">Havaittavuus&nbsp;<\/h3>\n\n\n\n<ul class=\"wp-block-list\">\n<li>Palvelussa on havaittu mahdollisia kontrastiongelmia (WCAG 1.4.3).&nbsp;<\/li>\n\n\n\n<li>Osasta kuvista saattaa puuttua niit\u00e4 kuvaava alt-teksti tai se on ep\u00e4selv\u00e4 (WCAG 1.1.1).&nbsp;<\/li>\n<\/ul>\n\n\n\n<h3 class=\"wp-block-heading\">Hallittavuus&nbsp;<\/h3>\n\n\n\n<ul class=\"wp-block-list\">\n<li>Kaikissa palvelun elementeiss\u00e4 ei ole v\u00e4ltt\u00e4m\u00e4tt\u00e4 n\u00e4kyv\u00e4\u00e4 kohdistusta (WCAG 2.4.7).&nbsp;<\/li>\n\n\n\n<li>Kaikista palvelun linkeist\u00e4 ei v\u00e4ltt\u00e4m\u00e4tt\u00e4 k\u00e4y selke\u00e4sti ilmi niiden tarkoitus (WCAG 2.4.4).&nbsp;<\/li>\n\n\n\n<li>Osa informaatiosta on saavutettavissa vain hiiren avulla (WCAG 2.1.1).&nbsp;<\/li>\n\n\n\n<li>K\u00e4ytt\u00e4j\u00e4n ei ole v\u00e4ltt\u00e4m\u00e4tt\u00e4 mahdollista pys\u00e4ytt\u00e4\u00e4 tai tauottaa kaikkia palvelun liikkuvia tai vierivi\u00e4 elementtej\u00e4 (WCAG 2.2.2).&nbsp;<\/li>\n<\/ul>\n\n\n\n<h3 class=\"wp-block-heading\">Ymm\u00e4rrett\u00e4vyys&nbsp;<\/h3>\n\n\n\n<ul class=\"wp-block-list\">\n<li>Kaikista sy\u00f6tekentist\u00e4 ei v\u00e4ltt\u00e4m\u00e4tt\u00e4 k\u00e4y ilmi sy\u00f6tteen pakollisuus (WCAG 3.3.2).&nbsp;<\/li>\n<\/ul>\n\n\n\n<h3 class=\"wp-block-heading\">Toimintavarmuus&nbsp;<\/h3>\n\n\n\n<ul class=\"wp-block-list\">\n<li>Osasta linkeist\u00e4 ja lomakkeiden kentist\u00e4 saattaa puuttua niit\u00e4 kuvaava nimi (WCAG 4.1.2).&nbsp;<\/li>\n<\/ul>\n\n\n\n<h2 class=\"wp-block-heading\">Palaute&nbsp;<\/h2>\n\n\n\n<p>Voit antaa meille saavutettavuuspalautetta l\u00e4hett\u00e4m\u00e4ll\u00e4 s\u00e4hk\u00f6postia osoitteeseen <a href=\"&#109;&#x61;i&#x6c;&#x74;&#111;&#x3a;v&#x69;&#x72;&#97;&#x6e;o&#x6d;&#x61;&#105;&#x73;e&#x74;&#x40;&#97;&#x6c;m&#x61;&#x6d;&#101;&#x64;i&#x61;&#x2e;&#102;&#x69;\">&#x76;&#x69;&#114;an&#x6f;&#x6d;&#97;&#105;s&#x65;&#x74;&#64;&#97;l&#x6d;&#x61;&#x6d;&#101;di&#x61;&#x2e;&#102;&#105;<\/a>. Kerrothan palautteessasi ongelmastasi mahdollisimman tarkasti ja mit\u00e4 sivua ongelma koskee. Vastaamme sinulle 14 vuorokauden kuluessa. Mik\u00e4li et ole tyytyv\u00e4inen saamaasi vastaukseen tai et saa vastausta lainkaan, voit tehd\u00e4 ilmoituksen valvontaviranomaiselle.\u00a0<\/p>\n\n\n\n<h2 class=\"wp-block-heading\">Valvontaviranomaisen yhteystiedot&nbsp;<\/h2>\n\n\n\n<p>Liikenne- ja viestint\u00e4virasto Traficom Digitaalisen esteett\u00f6myyden ja saavutettavuuden valvontayksikk\u00f6 PL 320 00059 TRAFICOM <a href=\"http:\/\/www.saavutettavuusvaatimukset.fi\">www.saavutettavuusvaatimukset.fi<\/a> <a href=\"&#x6d;&#x61;&#105;l&#x74;&#x6f;&#58;&#115;a&#x61;&#x76;&#117;&#116;e&#x74;&#x74;&#97;vu&#x75;&#x73;&#64;t&#x72;&#x61;&#102;&#105;c&#x6f;&#x6d;&#46;&#102;i\">&#x73;&#x61;&#97;&#118;ut&#x65;&#x74;&#x74;&#97;vu&#x75;&#x73;&#x40;&#116;&#114;a&#x66;&#x69;&#x63;&#111;&#109;&#46;&#x66;&#x69;<\/a> puhelinnumero vaihde <a href=\"tel:029 534 5000\">029 534 5000<\/a>.<\/p>\n\n\n\n<p><\/p>\n","protected":false},"excerpt":{"rendered":"<p>Saavutettavuusseloste&nbsp; T\u00e4m\u00e4 on saavutettavuusseloste, joka koskee palvelua https:\/\/www.almamedia.fi\/mainostajat\/. Palvelussa on noudatettu lakia digitaalisten palveluiden tarjoamisesta [&hellip;]<\/p>\n","protected":false},"author":110,"featured_media":0,"parent":0,"menu_order":0,"comment_status":"closed","ping_status":"closed","template":"","meta":{"_acf_changed":false,"footnotes":""},"class_list":["post-91393","page","type-page","status-publish","hentry"],"acf":[],"yoast_head":"<!-- This site is optimized with the Yoast SEO plugin v26.9 - https:\/\/yoast.com\/product\/yoast-seo-wordpress\/ -->\n<title>Saavutettavuus - Alma Media - mainostajat<\/title>\n<meta name=\"robots\" content=\"index, follow, max-snippet:-1, max-image-preview:large, max-video-preview:-1\" \/>\n<link rel=\"canonical\" href=\"https:\/\/www.almamedia.fi\/mainostajat\/saavutettavuus\/\" \/>\n<meta property=\"og:locale\" content=\"fi_FI\" \/>\n<meta property=\"og:type\" content=\"article\" \/>\n<meta property=\"og:title\" content=\"Saavutettavuus - Alma Media - mainostajat\" \/>\n<meta property=\"og:description\" content=\"Saavutettavuusseloste&nbsp; T\u00e4m\u00e4 on saavutettavuusseloste, joka koskee palvelua https:\/\/www.almamedia.fi\/mainostajat\/. Palvelussa on noudatettu lakia digitaalisten palveluiden tarjoamisesta [&hellip;]\" \/>\n<meta property=\"og:url\" content=\"https:\/\/www.almamedia.fi\/mainostajat\/saavutettavuus\/\" \/>\n<meta property=\"og:site_name\" content=\"Alma Media - mainostajat\" \/>\n<meta property=\"article:modified_time\" content=\"2025-06-19T11:52:21+00:00\" \/>\n<meta name=\"twitter:card\" content=\"summary_large_image\" \/>\n<meta name=\"twitter:label1\" content=\"Arvioitu lukuaika\" \/>\n\t<meta name=\"twitter:data1\" content=\"2 minuuttia\" \/>\n<script type=\"application\/ld+json\" class=\"yoast-schema-graph\">{\"@context\":\"https:\/\/schema.org\",\"@graph\":[{\"@type\":\"WebPage\",\"@id\":\"https:\/\/www.almamedia.fi\/mainostajat\/saavutettavuus\/\",\"url\":\"https:\/\/www.almamedia.fi\/mainostajat\/saavutettavuus\/\",\"name\":\"Saavutettavuus - Alma Media - mainostajat\",\"isPartOf\":{\"@id\":\"https:\/\/www.almamedia.fi\/mainostajat\/#website\"},\"datePublished\":\"2025-06-19T11:49:16+00:00\",\"dateModified\":\"2025-06-19T11:52:21+00:00\",\"breadcrumb\":{\"@id\":\"https:\/\/www.almamedia.fi\/mainostajat\/saavutettavuus\/#breadcrumb\"},\"inLanguage\":\"fi\",\"potentialAction\":[{\"@type\":\"ReadAction\",\"target\":[\"https:\/\/www.almamedia.fi\/mainostajat\/saavutettavuus\/\"]}]},{\"@type\":\"BreadcrumbList\",\"@id\":\"https:\/\/www.almamedia.fi\/mainostajat\/saavutettavuus\/#breadcrumb\",\"itemListElement\":[{\"@type\":\"ListItem\",\"position\":1,\"name\":\"Etusivu\",\"item\":\"https:\/\/www.almamedia.fi\/mainostajat\/\"},{\"@type\":\"ListItem\",\"position\":2,\"name\":\"Saavutettavuus\"}]},{\"@type\":\"WebSite\",\"@id\":\"https:\/\/www.almamedia.fi\/mainostajat\/#website\",\"url\":\"https:\/\/www.almamedia.fi\/mainostajat\/\",\"name\":\"Alma Media - mainostajat\",\"description\":\"\",\"publisher\":{\"@id\":\"https:\/\/www.almamedia.fi\/mainostajat\/#organization\"},\"potentialAction\":[{\"@type\":\"SearchAction\",\"target\":{\"@type\":\"EntryPoint\",\"urlTemplate\":\"https:\/\/www.almamedia.fi\/mainostajat\/?s={search_term_string}\"},\"query-input\":{\"@type\":\"PropertyValueSpecification\",\"valueRequired\":true,\"valueName\":\"search_term_string\"}}],\"inLanguage\":\"fi\"},{\"@type\":\"Organization\",\"@id\":\"https:\/\/www.almamedia.fi\/mainostajat\/#organization\",\"name\":\"Alma Media - mainostajat\",\"url\":\"https:\/\/www.almamedia.fi\/mainostajat\/\",\"logo\":{\"@type\":\"ImageObject\",\"inLanguage\":\"fi\",\"@id\":\"https:\/\/www.almamedia.fi\/mainostajat\/#\/schema\/logo\/image\/\",\"url\":\"https:\/\/www.almamedia.fi\/mainostajat\/wp-content\/uploads\/sites\/6\/alma-media-logo-valkoinen.svg\",\"contentUrl\":\"https:\/\/www.almamedia.fi\/mainostajat\/wp-content\/uploads\/sites\/6\/alma-media-logo-valkoinen.svg\",\"width\":49,\"height\":50,\"caption\":\"Alma Media - mainostajat\"},\"image\":{\"@id\":\"https:\/\/www.almamedia.fi\/mainostajat\/#\/schema\/logo\/image\/\"}}]}<\/script>\n<!-- \/ Yoast SEO plugin. -->","yoast_head_json":{"title":"Saavutettavuus - Alma Media - mainostajat","robots":{"index":"index","follow":"follow","max-snippet":"max-snippet:-1","max-image-preview":"max-image-preview:large","max-video-preview":"max-video-preview:-1"},"canonical":"https:\/\/www.almamedia.fi\/mainostajat\/saavutettavuus\/","og_locale":"fi_FI","og_type":"article","og_title":"Saavutettavuus - Alma Media - mainostajat","og_description":"Saavutettavuusseloste&nbsp; T\u00e4m\u00e4 on saavutettavuusseloste, joka koskee palvelua https:\/\/www.almamedia.fi\/mainostajat\/. Palvelussa on noudatettu lakia digitaalisten palveluiden tarjoamisesta [&hellip;]","og_url":"https:\/\/www.almamedia.fi\/mainostajat\/saavutettavuus\/","og_site_name":"Alma Media - mainostajat","article_modified_time":"2025-06-19T11:52:21+00:00","twitter_card":"summary_large_image","twitter_misc":{"Arvioitu lukuaika":"2 minuuttia"},"schema":{"@context":"https:\/\/schema.org","@graph":[{"@type":"WebPage","@id":"https:\/\/www.almamedia.fi\/mainostajat\/saavutettavuus\/","url":"https:\/\/www.almamedia.fi\/mainostajat\/saavutettavuus\/","name":"Saavutettavuus - Alma Media - mainostajat","isPartOf":{"@id":"https:\/\/www.almamedia.fi\/mainostajat\/#website"},"datePublished":"2025-06-19T11:49:16+00:00","dateModified":"2025-06-19T11:52:21+00:00","breadcrumb":{"@id":"https:\/\/www.almamedia.fi\/mainostajat\/saavutettavuus\/#breadcrumb"},"inLanguage":"fi","potentialAction":[{"@type":"ReadAction","target":["https:\/\/www.almamedia.fi\/mainostajat\/saavutettavuus\/"]}]},{"@type":"BreadcrumbList","@id":"https:\/\/www.almamedia.fi\/mainostajat\/saavutettavuus\/#breadcrumb","itemListElement":[{"@type":"ListItem","position":1,"name":"Etusivu","item":"https:\/\/www.almamedia.fi\/mainostajat\/"},{"@type":"ListItem","position":2,"name":"Saavutettavuus"}]},{"@type":"WebSite","@id":"https:\/\/www.almamedia.fi\/mainostajat\/#website","url":"https:\/\/www.almamedia.fi\/mainostajat\/","name":"Alma Media - mainostajat","description":"","publisher":{"@id":"https:\/\/www.almamedia.fi\/mainostajat\/#organization"},"potentialAction":[{"@type":"SearchAction","target":{"@type":"EntryPoint","urlTemplate":"https:\/\/www.almamedia.fi\/mainostajat\/?s={search_term_string}"},"query-input":{"@type":"PropertyValueSpecification","valueRequired":true,"valueName":"search_term_string"}}],"inLanguage":"fi"},{"@type":"Organization","@id":"https:\/\/www.almamedia.fi\/mainostajat\/#organization","name":"Alma Media - mainostajat","url":"https:\/\/www.almamedia.fi\/mainostajat\/","logo":{"@type":"ImageObject","inLanguage":"fi","@id":"https:\/\/www.almamedia.fi\/mainostajat\/#\/schema\/logo\/image\/","url":"https:\/\/www.almamedia.fi\/mainostajat\/wp-content\/uploads\/sites\/6\/alma-media-logo-valkoinen.svg","contentUrl":"https:\/\/www.almamedia.fi\/mainostajat\/wp-content\/uploads\/sites\/6\/alma-media-logo-valkoinen.svg","width":49,"height":50,"caption":"Alma Media - mainostajat"},"image":{"@id":"https:\/\/www.almamedia.fi\/mainostajat\/#\/schema\/logo\/image\/"}}]}},"lang":"fi","translations":{"fi":91393},"pll_sync_post":[],"_links":{"self":[{"href":"https:\/\/www.almamedia.fi\/mainostajat\/wp-json\/wp\/v2\/pages\/91393","targetHints":{"allow":["GET"]}}],"collection":[{"href":"https:\/\/www.almamedia.fi\/mainostajat\/wp-json\/wp\/v2\/pages"}],"about":[{"href":"https:\/\/www.almamedia.fi\/mainostajat\/wp-json\/wp\/v2\/types\/page"}],"author":[{"embeddable":true,"href":"https:\/\/www.almamedia.fi\/mainostajat\/wp-json\/wp\/v2\/users\/110"}],"replies":[{"embeddable":true,"href":"https:\/\/www.almamedia.fi\/mainostajat\/wp-json\/wp\/v2\/comments?post=91393"}],"version-history":[{"count":0,"href":"https:\/\/www.almamedia.fi\/mainostajat\/wp-json\/wp\/v2\/pages\/91393\/revisions"}],"wp:attachment":[{"href":"https:\/\/www.almamedia.fi\/mainostajat\/wp-json\/wp\/v2\/media?parent=91393"}],"curies":[{"name":"wp","href":"https:\/\/api.w.org\/{rel}","templated":true}]}}