{"id":91119,"date":"2025-05-30T12:00:56","date_gmt":"2025-05-30T09:00:56","guid":{"rendered":"https:\/\/www.almamedia.fi\/mainostajat\/?page_id=91119"},"modified":"2025-05-30T12:02:49","modified_gmt":"2025-05-30T09:02:49","slug":"partner-content","status":"publish","type":"page","link":"https:\/\/www.almamedia.fi\/mainostajat\/en\/advertising-solutions\/content-marketing-solutions\/partner-content\/","title":{"rendered":"Partner content"},"content":{"rendered":"\n<div style=\"height:100px\" aria-hidden=\"true\" class=\"wp-block-spacer\"><\/div>\n\n\n\n<div data-aos=\"fade-up\" class=\"wp-block-netello-animation kapeampi-2\"><div class=\"wrapper\">\n<p class=\"has-text-align-center has-large-font-size\"><strong>Do you want to deepen your relationship with existing customers and attract new ones? Are you aiming to make customers enjoy interacting with your brand? Why not tell the full story? <\/strong><\/p>\n\n\n\n<p class=\"has-text-align-center has-large-font-size\"><strong>Partner content provides impactful content marketing tailored to your specific needs.<\/strong><\/p>\n\n\n\n<p class=\"has-text-align-center has-large-font-size\"><\/p>\n<\/div><\/div>\n\n\n\n<div style=\"height:100px\" aria-hidden=\"true\" class=\"wp-block-spacer\"><\/div>\n","protected":false},"excerpt":{"rendered":"","protected":false},"author":11,"featured_media":87014,"parent":90612,"menu_order":0,"comment_status":"closed","ping_status":"closed","template":"","meta":{"_acf_changed":false,"footnotes":""},"class_list":["post-91119","page","type-page","status-publish","has-post-thumbnail","hentry"],"acf":[],"yoast_head":"<!-- This site is optimized with the Yoast SEO plugin v26.9 - https:\/\/yoast.com\/product\/yoast-seo-wordpress\/ -->\n<title>Partner content - Alma Media - mainostajat<\/title>\n<meta name=\"description\" content=\"Haluatko syvent\u00e4\u00e4 suhdetta asiakkaisiisi ja l\u00f6yt\u00e4m\u00e4\u00e4n uusia? Haluatko saada asiakkaat viihtym\u00e4\u00e4n br\u00e4ndisi parissa? Mikset kertoisi koko tarinaa?\" \/>\n<meta name=\"robots\" content=\"index, follow, max-snippet:-1, max-image-preview:large, max-video-preview:-1\" \/>\n<link rel=\"canonical\" href=\"https:\/\/www.almamedia.fi\/mainostajat\/en\/advertising-solutions\/content-marketing-solutions\/partner-content\/\" \/>\n<meta property=\"og:locale\" content=\"fi_FI\" \/>\n<meta property=\"og:type\" content=\"article\" \/>\n<meta property=\"og:title\" content=\"Partner content - Alma Media - mainostajat\" \/>\n<meta property=\"og:description\" content=\"Haluatko syvent\u00e4\u00e4 suhdetta asiakkaisiisi ja l\u00f6yt\u00e4m\u00e4\u00e4n uusia? Haluatko saada asiakkaat viihtym\u00e4\u00e4n br\u00e4ndisi parissa? Mikset kertoisi koko tarinaa?\" \/>\n<meta property=\"og:url\" content=\"https:\/\/www.almamedia.fi\/mainostajat\/en\/advertising-solutions\/content-marketing-solutions\/partner-content\/\" \/>\n<meta property=\"og:site_name\" content=\"Alma Media - mainostajat\" \/>\n<meta property=\"article:modified_time\" content=\"2025-05-30T09:02:49+00:00\" \/>\n<meta property=\"og:image\" content=\"https:\/\/www.almamedia.fi\/mainostajat\/wp-content\/uploads\/sites\/6\/Picture2-1-e1745493185950.jpg\" \/>\n\t<meta property=\"og:image:width\" content=\"313\" \/>\n\t<meta property=\"og:image:height\" content=\"313\" \/>\n\t<meta property=\"og:image:type\" content=\"image\/jpeg\" \/>\n<meta name=\"twitter:card\" content=\"summary_large_image\" \/>\n<meta name=\"twitter:label1\" content=\"Arvioitu lukuaika\" \/>\n\t<meta name=\"twitter:data1\" content=\"1 minuutti\" \/>\n<script type=\"application\/ld+json\" class=\"yoast-schema-graph\">{\"@context\":\"https:\/\/schema.org\",\"@graph\":[{\"@type\":\"WebPage\",\"@id\":\"https:\/\/www.almamedia.fi\/mainostajat\/en\/advertising-solutions\/content-marketing-solutions\/partner-content\/\",\"url\":\"https:\/\/www.almamedia.fi\/mainostajat\/en\/advertising-solutions\/content-marketing-solutions\/partner-content\/\",\"name\":\"Partner content - Alma Media - mainostajat\",\"isPartOf\":{\"@id\":\"https:\/\/www.almamedia.fi\/mainostajat\/#website\"},\"primaryImageOfPage\":{\"@id\":\"https:\/\/www.almamedia.fi\/mainostajat\/en\/advertising-solutions\/content-marketing-solutions\/partner-content\/#primaryimage\"},\"image\":{\"@id\":\"https:\/\/www.almamedia.fi\/mainostajat\/en\/advertising-solutions\/content-marketing-solutions\/partner-content\/#primaryimage\"},\"thumbnailUrl\":\"https:\/\/www.almamedia.fi\/mainostajat\/wp-content\/uploads\/sites\/6\/Picture2-1-e1745493185950.jpg\",\"datePublished\":\"2025-05-30T09:00:56+00:00\",\"dateModified\":\"2025-05-30T09:02:49+00:00\",\"description\":\"Haluatko syvent\u00e4\u00e4 suhdetta asiakkaisiisi ja l\u00f6yt\u00e4m\u00e4\u00e4n uusia? Haluatko saada asiakkaat viihtym\u00e4\u00e4n br\u00e4ndisi parissa? Mikset kertoisi koko tarinaa?\",\"breadcrumb\":{\"@id\":\"https:\/\/www.almamedia.fi\/mainostajat\/en\/advertising-solutions\/content-marketing-solutions\/partner-content\/#breadcrumb\"},\"inLanguage\":\"fi\",\"potentialAction\":[{\"@type\":\"ReadAction\",\"target\":[\"https:\/\/www.almamedia.fi\/mainostajat\/en\/advertising-solutions\/content-marketing-solutions\/partner-content\/\"]}]},{\"@type\":\"ImageObject\",\"inLanguage\":\"fi\",\"@id\":\"https:\/\/www.almamedia.fi\/mainostajat\/en\/advertising-solutions\/content-marketing-solutions\/partner-content\/#primaryimage\",\"url\":\"https:\/\/www.almamedia.fi\/mainostajat\/wp-content\/uploads\/sites\/6\/Picture2-1-e1745493185950.jpg\",\"contentUrl\":\"https:\/\/www.almamedia.fi\/mainostajat\/wp-content\/uploads\/sites\/6\/Picture2-1-e1745493185950.jpg\",\"width\":313,\"height\":313},{\"@type\":\"BreadcrumbList\",\"@id\":\"https:\/\/www.almamedia.fi\/mainostajat\/en\/advertising-solutions\/content-marketing-solutions\/partner-content\/#breadcrumb\",\"itemListElement\":[{\"@type\":\"ListItem\",\"position\":1,\"name\":\"Etusivu\",\"item\":\"https:\/\/www.almamedia.fi\/mainostajat\/\"},{\"@type\":\"ListItem\",\"position\":2,\"name\":\"Advertising Solutions\",\"item\":\"https:\/\/www.almamedia.fi\/mainostajat\/en\/advertising-solutions\/\"},{\"@type\":\"ListItem\",\"position\":3,\"name\":\"Content Marketing Solutions\",\"item\":\"https:\/\/www.almamedia.fi\/mainostajat\/en\/advertising-solutions\/content-marketing-solutions\/\"},{\"@type\":\"ListItem\",\"position\":4,\"name\":\"Partner content\"}]},{\"@type\":\"WebSite\",\"@id\":\"https:\/\/www.almamedia.fi\/mainostajat\/#website\",\"url\":\"https:\/\/www.almamedia.fi\/mainostajat\/\",\"name\":\"Alma Media - mainostajat\",\"description\":\"\",\"publisher\":{\"@id\":\"https:\/\/www.almamedia.fi\/mainostajat\/#organization\"},\"potentialAction\":[{\"@type\":\"SearchAction\",\"target\":{\"@type\":\"EntryPoint\",\"urlTemplate\":\"https:\/\/www.almamedia.fi\/mainostajat\/?s={search_term_string}\"},\"query-input\":{\"@type\":\"PropertyValueSpecification\",\"valueRequired\":true,\"valueName\":\"search_term_string\"}}],\"inLanguage\":\"fi\"},{\"@type\":\"Organization\",\"@id\":\"https:\/\/www.almamedia.fi\/mainostajat\/#organization\",\"name\":\"Alma Media - mainostajat\",\"url\":\"https:\/\/www.almamedia.fi\/mainostajat\/\",\"logo\":{\"@type\":\"ImageObject\",\"inLanguage\":\"fi\",\"@id\":\"https:\/\/www.almamedia.fi\/mainostajat\/#\/schema\/logo\/image\/\",\"url\":\"https:\/\/www.almamedia.fi\/mainostajat\/wp-content\/uploads\/sites\/6\/alma-media-logo-valkoinen.svg\",\"contentUrl\":\"https:\/\/www.almamedia.fi\/mainostajat\/wp-content\/uploads\/sites\/6\/alma-media-logo-valkoinen.svg\",\"width\":49,\"height\":50,\"caption\":\"Alma Media - mainostajat\"},\"image\":{\"@id\":\"https:\/\/www.almamedia.fi\/mainostajat\/#\/schema\/logo\/image\/\"}}]}<\/script>\n<!-- \/ Yoast SEO plugin. -->","yoast_head_json":{"title":"Partner content - Alma Media - mainostajat","description":"Haluatko syvent\u00e4\u00e4 suhdetta asiakkaisiisi ja l\u00f6yt\u00e4m\u00e4\u00e4n uusia? Haluatko saada asiakkaat viihtym\u00e4\u00e4n br\u00e4ndisi parissa? Mikset kertoisi koko tarinaa?","robots":{"index":"index","follow":"follow","max-snippet":"max-snippet:-1","max-image-preview":"max-image-preview:large","max-video-preview":"max-video-preview:-1"},"canonical":"https:\/\/www.almamedia.fi\/mainostajat\/en\/advertising-solutions\/content-marketing-solutions\/partner-content\/","og_locale":"fi_FI","og_type":"article","og_title":"Partner content - Alma Media - mainostajat","og_description":"Haluatko syvent\u00e4\u00e4 suhdetta asiakkaisiisi ja l\u00f6yt\u00e4m\u00e4\u00e4n uusia? Haluatko saada asiakkaat viihtym\u00e4\u00e4n br\u00e4ndisi parissa? Mikset kertoisi koko tarinaa?","og_url":"https:\/\/www.almamedia.fi\/mainostajat\/en\/advertising-solutions\/content-marketing-solutions\/partner-content\/","og_site_name":"Alma Media - mainostajat","article_modified_time":"2025-05-30T09:02:49+00:00","og_image":[{"width":313,"height":313,"url":"https:\/\/www.almamedia.fi\/mainostajat\/wp-content\/uploads\/sites\/6\/Picture2-1-e1745493185950.jpg","type":"image\/jpeg"}],"twitter_card":"summary_large_image","twitter_misc":{"Arvioitu lukuaika":"1 minuutti"},"schema":{"@context":"https:\/\/schema.org","@graph":[{"@type":"WebPage","@id":"https:\/\/www.almamedia.fi\/mainostajat\/en\/advertising-solutions\/content-marketing-solutions\/partner-content\/","url":"https:\/\/www.almamedia.fi\/mainostajat\/en\/advertising-solutions\/content-marketing-solutions\/partner-content\/","name":"Partner content - Alma Media - mainostajat","isPartOf":{"@id":"https:\/\/www.almamedia.fi\/mainostajat\/#website"},"primaryImageOfPage":{"@id":"https:\/\/www.almamedia.fi\/mainostajat\/en\/advertising-solutions\/content-marketing-solutions\/partner-content\/#primaryimage"},"image":{"@id":"https:\/\/www.almamedia.fi\/mainostajat\/en\/advertising-solutions\/content-marketing-solutions\/partner-content\/#primaryimage"},"thumbnailUrl":"https:\/\/www.almamedia.fi\/mainostajat\/wp-content\/uploads\/sites\/6\/Picture2-1-e1745493185950.jpg","datePublished":"2025-05-30T09:00:56+00:00","dateModified":"2025-05-30T09:02:49+00:00","description":"Haluatko syvent\u00e4\u00e4 suhdetta asiakkaisiisi ja l\u00f6yt\u00e4m\u00e4\u00e4n uusia? Haluatko saada asiakkaat viihtym\u00e4\u00e4n br\u00e4ndisi parissa? Mikset kertoisi koko tarinaa?","breadcrumb":{"@id":"https:\/\/www.almamedia.fi\/mainostajat\/en\/advertising-solutions\/content-marketing-solutions\/partner-content\/#breadcrumb"},"inLanguage":"fi","potentialAction":[{"@type":"ReadAction","target":["https:\/\/www.almamedia.fi\/mainostajat\/en\/advertising-solutions\/content-marketing-solutions\/partner-content\/"]}]},{"@type":"ImageObject","inLanguage":"fi","@id":"https:\/\/www.almamedia.fi\/mainostajat\/en\/advertising-solutions\/content-marketing-solutions\/partner-content\/#primaryimage","url":"https:\/\/www.almamedia.fi\/mainostajat\/wp-content\/uploads\/sites\/6\/Picture2-1-e1745493185950.jpg","contentUrl":"https:\/\/www.almamedia.fi\/mainostajat\/wp-content\/uploads\/sites\/6\/Picture2-1-e1745493185950.jpg","width":313,"height":313},{"@type":"BreadcrumbList","@id":"https:\/\/www.almamedia.fi\/mainostajat\/en\/advertising-solutions\/content-marketing-solutions\/partner-content\/#breadcrumb","itemListElement":[{"@type":"ListItem","position":1,"name":"Etusivu","item":"https:\/\/www.almamedia.fi\/mainostajat\/"},{"@type":"ListItem","position":2,"name":"Advertising Solutions","item":"https:\/\/www.almamedia.fi\/mainostajat\/en\/advertising-solutions\/"},{"@type":"ListItem","position":3,"name":"Content Marketing Solutions","item":"https:\/\/www.almamedia.fi\/mainostajat\/en\/advertising-solutions\/content-marketing-solutions\/"},{"@type":"ListItem","position":4,"name":"Partner content"}]},{"@type":"WebSite","@id":"https:\/\/www.almamedia.fi\/mainostajat\/#website","url":"https:\/\/www.almamedia.fi\/mainostajat\/","name":"Alma Media - mainostajat","description":"","publisher":{"@id":"https:\/\/www.almamedia.fi\/mainostajat\/#organization"},"potentialAction":[{"@type":"SearchAction","target":{"@type":"EntryPoint","urlTemplate":"https:\/\/www.almamedia.fi\/mainostajat\/?s={search_term_string}"},"query-input":{"@type":"PropertyValueSpecification","valueRequired":true,"valueName":"search_term_string"}}],"inLanguage":"fi"},{"@type":"Organization","@id":"https:\/\/www.almamedia.fi\/mainostajat\/#organization","name":"Alma Media - mainostajat","url":"https:\/\/www.almamedia.fi\/mainostajat\/","logo":{"@type":"ImageObject","inLanguage":"fi","@id":"https:\/\/www.almamedia.fi\/mainostajat\/#\/schema\/logo\/image\/","url":"https:\/\/www.almamedia.fi\/mainostajat\/wp-content\/uploads\/sites\/6\/alma-media-logo-valkoinen.svg","contentUrl":"https:\/\/www.almamedia.fi\/mainostajat\/wp-content\/uploads\/sites\/6\/alma-media-logo-valkoinen.svg","width":49,"height":50,"caption":"Alma Media - mainostajat"},"image":{"@id":"https:\/\/www.almamedia.fi\/mainostajat\/#\/schema\/logo\/image\/"}}]}},"lang":"en","translations":{"en":91119,"fi":87767},"pll_sync_post":[],"_links":{"self":[{"href":"https:\/\/www.almamedia.fi\/mainostajat\/wp-json\/wp\/v2\/pages\/91119","targetHints":{"allow":["GET"]}}],"collection":[{"href":"https:\/\/www.almamedia.fi\/mainostajat\/wp-json\/wp\/v2\/pages"}],"about":[{"href":"https:\/\/www.almamedia.fi\/mainostajat\/wp-json\/wp\/v2\/types\/page"}],"author":[{"embeddable":true,"href":"https:\/\/www.almamedia.fi\/mainostajat\/wp-json\/wp\/v2\/users\/11"}],"replies":[{"embeddable":true,"href":"https:\/\/www.almamedia.fi\/mainostajat\/wp-json\/wp\/v2\/comments?post=91119"}],"version-history":[{"count":0,"href":"https:\/\/www.almamedia.fi\/mainostajat\/wp-json\/wp\/v2\/pages\/91119\/revisions"}],"up":[{"embeddable":true,"href":"https:\/\/www.almamedia.fi\/mainostajat\/wp-json\/wp\/v2\/pages\/90612"}],"wp:featuredmedia":[{"embeddable":true,"href":"https:\/\/www.almamedia.fi\/mainostajat\/wp-json\/wp\/v2\/media\/87014"}],"wp:attachment":[{"href":"https:\/\/www.almamedia.fi\/mainostajat\/wp-json\/wp\/v2\/media?parent=91119"}],"curies":[{"name":"wp","href":"https:\/\/api.w.org\/{rel}","templated":true}]}}