{"id":91070,"date":"2025-05-28T17:24:47","date_gmt":"2025-05-28T14:24:47","guid":{"rendered":"https:\/\/www.almamedia.fi\/mainostajat\/?page_id=91070"},"modified":"2025-05-28T17:26:52","modified_gmt":"2025-05-28T14:26:52","slug":"alma-visuals","status":"publish","type":"page","link":"https:\/\/www.almamedia.fi\/mainostajat\/en\/advertising-solutions\/alma-visuals\/","title":{"rendered":"Alma Visuals"},"content":{"rendered":"\n<div style=\"height:8rem\" aria-hidden=\"true\" class=\"wp-block-spacer\"><\/div>\n\n\n\n<div class=\"wp-block-netello-taustakuvalaatikko taustakuvalaatikko image-position-bottom-left mt-n5\"><div class=\"taustakuvalaatikko-image-wrapper\"><img decoding=\"async\" src=\"https:\/\/www.almamedia.fi\/mainostajat\/wp-content\/uploads\/sites\/6\/strategiapilvi-vasen-crop.png\" alt=\"\" class=\"taustakuvalaatikko-image\"\/><\/div><div class=\"taustakuvalaatikko-content\">\n<div style=\"height:2rem\" aria-hidden=\"true\" class=\"wp-block-spacer\"><\/div>\n\n\n\n<p class=\"has-text-align-center has-large-font-size\"><strong>Eye-catching campaign executions capture user attention and tend to engage them longer than standard advertising.<\/strong><\/p>\n\n\n\n<p class=\"has-text-align-center has-medium-font-size\">With Alma Visuals, you can create entirely new campaign solutions or enhance basic ad formats with innovative elements. Alma Visuals is a user-friendly tool that facilitates agile creative productions\u2014no coding required!<\/p>\n\n\n\n<p class=\"has-text-align-center has-medium-font-size\">Alma Visuals sets no predefined boundaries for creativity, allowing the tool to meet even the most demanding requirements.<\/p>\n<\/div><\/div>\n\n\n\n<div style=\"height:10rem\" aria-hidden=\"true\" class=\"wp-block-spacer\"><\/div>\n\n\n\n<div class=\"wp-block-netello-container align-center\"><div class=\"wrapper\">\n<div class=\"wp-block-columns is-layout-flex wp-container-core-columns-is-layout-9d6595d7 wp-block-columns-is-layout-flex\">\n<div class=\"wp-block-column is-vertically-aligned-center is-layout-flow wp-block-column-is-layout-flow\" style=\"flex-basis:74%\">\n<div  class=\"linkkilaatikot-kuvakkeella col-3\">\n\n    \n        <div>\n            <div class=\"linkkilaatikko  text-center has-icon-size-l has-font-size-m\">\n\n                <div class=\"ylaosa \">\n                                          <div class=\"kuva\">\n                          <img decoding=\"async\" src=\"https:\/\/www.almamedia.fi\/mainostajat\/wp-content\/uploads\/sites\/6\/ikoni-data.png\" alt=\"\">\n                      <\/div>\n                                        <div class=\"sisalto\">\n                                                                    <\/div>\n                <\/div>\n\n                                                            <div class=\"tekstisisalto\"><div class=\"fai-CopilotMessage__content r1u5wu5n\">\n<div data-automation-id=\"aiBubbleContent\">\n<div class=\"markdown-renderer-body \">\n<p>Animated visuals in advertising capture user attention 1.3 times better than static content.<\/p>\n<\/div>\n<\/div>\n<\/div>\n<\/div>\n                                                        \n\n                \n            <\/div>\n        <\/div>\n    \n        <div>\n            <div class=\"linkkilaatikko  text-center has-icon-size-l has-font-size-m\">\n\n                <div class=\"ylaosa \">\n                                          <div class=\"kuva\">\n                          <img decoding=\"async\" src=\"https:\/\/www.almamedia.fi\/mainostajat\/wp-content\/uploads\/sites\/6\/ikoni-konteksti.png\" alt=\"\">\n                      <\/div>\n                                        <div class=\"sisalto\">\n                                                                    <\/div>\n                <\/div>\n\n                                                            <div class=\"tekstisisalto\"><div class=\"fai-CopilotMessage__content r1u5wu5n\">\n<div data-automation-id=\"aiBubbleContent\">\n<div class=\"markdown-renderer-body \">\n<p>Interactive and engaging elements in advertisements boost user engagement three times more effectively than ads without such activation features.<\/p>\n<\/div>\n<\/div>\n<\/div>\n<div class=\"fai-CopilotMessage__actions r1f4to9e\" role=\"toolbar\" data-tabster=\"{&quot;mover&quot;:{&quot;cyclic&quot;:false,&quot;direction&quot;:2,&quot;memorizeCurrent&quot;:true}}\"><\/div>\n<\/div>\n                                                        \n\n                \n            <\/div>\n        <\/div>\n    \n        <div>\n            <div class=\"linkkilaatikko  text-center has-icon-size-l has-font-size-m\">\n\n                <div class=\"ylaosa \">\n                                          <div class=\"kuva\">\n                          <img decoding=\"async\" src=\"https:\/\/www.almamedia.fi\/mainostajat\/wp-content\/uploads\/sites\/6\/ikoni-mainosratkaisut.png\" alt=\"\">\n                      <\/div>\n                                        <div class=\"sisalto\">\n                                                                    <\/div>\n                <\/div>\n\n                                                            <div class=\"tekstisisalto\"><div class=\"fai-CopilotMessage__content r1u5wu5n\">\n<div data-automation-id=\"aiBubbleContent\">\n<div class=\"markdown-renderer-body \">\n<p>Utilizing the full screen of a mobile device ensures undivided attention and captivates readers with various effects.<\/p>\n<\/div>\n<\/div>\n<\/div>\n<div class=\"fai-CopilotMessage__actions r1f4to9e\" role=\"toolbar\" data-tabster=\"{&quot;mover&quot;:{&quot;cyclic&quot;:false,&quot;direction&quot;:2,&quot;memorizeCurrent&quot;:true}}\"><\/div>\n<\/div>\n                                                        \n\n                \n            <\/div>\n        <\/div>\n    \n<\/div>\n\n\n<\/div>\n\n\n\n<div class=\"wp-block-column is-vertically-aligned-center is-layout-flow wp-block-column-is-layout-flow\" style=\"flex-basis:26%\">\n<h2 class=\"wp-block-heading\">Why use Alma Visuals?<\/h2>\n\n\n\n<ol class=\"wp-block-list\">\n<li>Easily create impactful rich media executions<\/li>\n\n\n\n<li>User-friendly management tool for optimizing campaigns in real-time<\/li>\n\n\n\n<li>Constantly evolving ad formats and components for creative executions<\/li>\n<\/ol>\n\n\n\n<p><a href=\"https:\/\/www.almamedia.fi\/mainostajat\/en\/media-sales-contact-information\/\">Ask your media sales representative for more information<\/a><\/p>\n<\/div>\n<\/div>\n<\/div><\/div>\n\n\n\n<div style=\"height:10rem\" aria-hidden=\"true\" class=\"wp-block-spacer\"><\/div>\n\n\n\n<div  class=\"linkkilaatikot-viivalla col-4 has-line-color-green has-font-size-s\">\n\n    \n        <div class=\"linkkilaatikko-viivalla\">\n            <div class=\"netello-line netello-line-animated\"><\/div>\n            \n                                    <h3 class=\"otsikko \"><span class=\"teksti\">Tietoisuus<\/span><\/h3>\n                                                <div class=\"sisalto\">\n                      <p>Advertising raises awareness of a brand, product, or service, enhancing its recognition. This is often referred to as brand advertising.<\/p>\n<p><strong>Impactful ads and the importance of repetition.<\/strong><\/p>\n                <\/div>\n                \n                    <\/div>\n\n    \n        <div class=\"linkkilaatikko-viivalla\">\n            <div class=\"netello-line netello-line-animated\"><\/div>\n            \n                                    <h3 class=\"otsikko \"><span class=\"teksti\">Harkinta<\/span><\/h3>\n                                                <div class=\"sisalto\">\n                      <p>Advertising can deepen the message and strengthen the overall brand image. It allows communication of various features, benefits, and advantages, while directing audiences to explore more content.<\/p>\n<p><strong>A combination of brand and tactical advertising.<\/strong><\/p>\n                <\/div>\n                \n                    <\/div>\n\n    \n        <div class=\"linkkilaatikko-viivalla\">\n            <div class=\"netello-line netello-line-animated\"><\/div>\n            \n                                    <h3 class=\"otsikko \"><span class=\"teksti\">P\u00e4\u00e4t\u00f6s<\/span><\/h3>\n                                                <div class=\"sisalto\">\n                      <p>The customer is guided towards making a purchase, either online, through a contact form, or by visiting a store.<\/p>\n<p><strong>Encourage action and prompt clicks.<\/strong><\/p>\n                <\/div>\n                \n                    <\/div>\n\n    \n        <div class=\"linkkilaatikko-viivalla\">\n            <div class=\"netello-line netello-line-animated\"><\/div>\n            \n                                    <h3 class=\"otsikko \"><span class=\"teksti\">Sitoutuminen<\/span><\/h3>\n                                                <div class=\"sisalto\">\n                      <p>Advertising serves as a reminder to existing customers about the brand, fostering engagement and leading to continued patronage and additional purchases.<\/p>\n<p><strong>Maintain interest through consistent visibility.<\/strong><\/p>\n                <\/div>\n                \n                    <\/div>\n\n    \n<\/div>\n\n\n\n\n\n<div class=\"wp-block-columns is-layout-flex wp-container-core-columns-is-layout-9d6595d7 wp-block-columns-is-layout-flex\">\n<div class=\"wp-block-column is-layout-flow wp-block-column-is-layout-flow\"><\/div>\n<\/div>\n\n\n\n<div style=\"height:100px\" aria-hidden=\"true\" class=\"wp-block-spacer\"><\/div>\n\n\n\n<h2 class=\"wp-block-heading has-text-align-center kapeampi-3\"><a href=\"https:\/\/www.almamedia.fi\/mainostajat\/en\/media-sales-contact-information\/\">For your custom campaign solution, inquire further with media sales<\/a><\/h2>\n\n\n\n<p class=\"has-text-align-center\"><\/p>\n\n\n\n<div style=\"height:8rem\" aria-hidden=\"true\" class=\"wp-block-spacer\"><\/div>\n\n\n<div  class=\"kuva-ja-teksti-vierekkain has-font-size-s has-header-size-m has-full-width has-no-bg\">\n    <div class=\"wrapper\">\n        <div class=\"vasen\">\n            <span class=\"netello-line netello-line-animated hide-mobile\"><\/span>\n            <div class=\"sisalto-wrapper\">\n                                                    <h2 class=\"otsikko hide-mobile\">\n                                                    <a href=\"https:\/\/www.almamedia.fi\/brandstudio\/content-marketing\/\">\n                                                    Brand studio                                                    <\/a>\n                                            <\/h2>\n                                                    <div class=\"sisalto\">\n                        <p>Stories engage, differentiate, and build brands. Brand Studio combines creative concepting, customer insight, and data-driven distribution to effectively communicate your message.<\/p>\n<ul>\n<li>Articles, videos, podcasts, and visual content that resonate.<\/li>\n<li>Content marketing that reaches and engages audiences.<\/li>\n<li>Building brand awareness and expertise.<\/li>\n<\/ul>\n                    <\/div>\n                                            <\/div>\n        <\/div>\n                    <div class=\"oikea\">\n                <div class=\"hide-desktop\">\n                    <span class=\"netello-line netello-line-animated\"><\/span>\n                                                                <h2 class=\"otsikko\">\n                                                        <a href=\"https:\/\/www.almamedia.fi\/brandstudio\/content-marketing\/\">\n                                                                Brand studio                                                            <\/a>\n                                                <\/h2>\n                                    <\/div>\n                <div class=\"oikea-inner netello-image-animated\">\n                                            <div class=\"image-fade-overlay\"><\/div>\n                        <img decoding=\"async\" class=\"animated-image\" src=\"https:\/\/www.almamedia.fi\/mainostajat\/wp-content\/uploads\/sites\/6\/nosto-brandstudio.jpg\" alt=\"\" \/>\n                                    <\/div>\n            <\/div>\n            <\/div>\n<\/div>\n\n\n\n<div style=\"height:7rem\" aria-hidden=\"true\" class=\"wp-block-spacer\"><\/div>\n\n\n\n<p class=\"has-text-align-center kapeampi-3 has-medium-font-size\"><strong>Alma Marketing Services provides all the tools you need for impactful and effective marketing. Reach, engage, and grow. With Alma&#8217;s extensive network, achieving your goals is possible with us.<\/strong><\/p>\n\n\n\n<div style=\"height:4rem\" aria-hidden=\"true\" class=\"wp-block-spacer\"><\/div>\n","protected":false},"excerpt":{"rendered":"<p>For your custom campaign solution, inquire further with media sales Alma Marketing Services provides all [&hellip;]<\/p>\n","protected":false},"author":11,"featured_media":91072,"parent":89876,"menu_order":0,"comment_status":"closed","ping_status":"closed","template":"","meta":{"_acf_changed":false,"footnotes":""},"class_list":["post-91070","page","type-page","status-publish","has-post-thumbnail","hentry"],"acf":[],"yoast_head":"<!-- This site is optimized with the Yoast SEO plugin v26.9 - https:\/\/yoast.com\/product\/yoast-seo-wordpress\/ -->\n<title>Alma Visuals - Alma Media<\/title>\n<meta name=\"description\" content=\"Striking campaign executions capture user attention and encourage more time spent compared to standard advertisements.\" \/>\n<meta name=\"robots\" content=\"index, follow, max-snippet:-1, max-image-preview:large, max-video-preview:-1\" \/>\n<link rel=\"canonical\" href=\"https:\/\/www.almamedia.fi\/mainostajat\/en\/advertising-solutions\/alma-visuals\/\" \/>\n<meta property=\"og:locale\" content=\"fi_FI\" \/>\n<meta property=\"og:type\" content=\"article\" \/>\n<meta property=\"og:title\" content=\"Alma Visuals - Alma Media\" \/>\n<meta property=\"og:description\" content=\"Striking campaign executions capture user attention and encourage more time spent compared to standard advertisements.\" \/>\n<meta property=\"og:url\" content=\"https:\/\/www.almamedia.fi\/mainostajat\/en\/advertising-solutions\/alma-visuals\/\" \/>\n<meta property=\"og:site_name\" content=\"Alma Media - mainostajat\" \/>\n<meta property=\"article:modified_time\" content=\"2025-05-28T14:26:52+00:00\" \/>\n<meta property=\"og:image\" content=\"https:\/\/www.almamedia.fi\/mainostajat\/wp-content\/uploads\/sites\/6\/shutterstock_2080391959_pienempi-1.jpg\" \/>\n\t<meta property=\"og:image:width\" content=\"1440\" \/>\n\t<meta property=\"og:image:height\" content=\"960\" \/>\n\t<meta property=\"og:image:type\" content=\"image\/jpeg\" \/>\n<meta name=\"twitter:card\" content=\"summary_large_image\" \/>\n<meta name=\"twitter:label1\" content=\"Arvioitu lukuaika\" \/>\n\t<meta name=\"twitter:data1\" content=\"2 minuuttia\" \/>\n<script type=\"application\/ld+json\" class=\"yoast-schema-graph\">{\"@context\":\"https:\/\/schema.org\",\"@graph\":[{\"@type\":\"WebPage\",\"@id\":\"https:\/\/www.almamedia.fi\/mainostajat\/en\/advertising-solutions\/alma-visuals\/\",\"url\":\"https:\/\/www.almamedia.fi\/mainostajat\/en\/advertising-solutions\/alma-visuals\/\",\"name\":\"Alma Visuals - Alma Media\",\"isPartOf\":{\"@id\":\"https:\/\/www.almamedia.fi\/mainostajat\/#website\"},\"primaryImageOfPage\":{\"@id\":\"https:\/\/www.almamedia.fi\/mainostajat\/en\/advertising-solutions\/alma-visuals\/#primaryimage\"},\"image\":{\"@id\":\"https:\/\/www.almamedia.fi\/mainostajat\/en\/advertising-solutions\/alma-visuals\/#primaryimage\"},\"thumbnailUrl\":\"https:\/\/www.almamedia.fi\/mainostajat\/wp-content\/uploads\/sites\/6\/shutterstock_2080391959_pienempi-1.jpg\",\"datePublished\":\"2025-05-28T14:24:47+00:00\",\"dateModified\":\"2025-05-28T14:26:52+00:00\",\"description\":\"Striking campaign executions capture user attention and encourage more time spent compared to standard advertisements.\",\"breadcrumb\":{\"@id\":\"https:\/\/www.almamedia.fi\/mainostajat\/en\/advertising-solutions\/alma-visuals\/#breadcrumb\"},\"inLanguage\":\"fi\",\"potentialAction\":[{\"@type\":\"ReadAction\",\"target\":[\"https:\/\/www.almamedia.fi\/mainostajat\/en\/advertising-solutions\/alma-visuals\/\"]}]},{\"@type\":\"ImageObject\",\"inLanguage\":\"fi\",\"@id\":\"https:\/\/www.almamedia.fi\/mainostajat\/en\/advertising-solutions\/alma-visuals\/#primaryimage\",\"url\":\"https:\/\/www.almamedia.fi\/mainostajat\/wp-content\/uploads\/sites\/6\/shutterstock_2080391959_pienempi-1.jpg\",\"contentUrl\":\"https:\/\/www.almamedia.fi\/mainostajat\/wp-content\/uploads\/sites\/6\/shutterstock_2080391959_pienempi-1.jpg\",\"width\":1440,\"height\":960,\"caption\":\"photographer take pictures Snapshot with camera. man hand holding with camera looking through lens.Concept for photographing articles Professionally.\"},{\"@type\":\"BreadcrumbList\",\"@id\":\"https:\/\/www.almamedia.fi\/mainostajat\/en\/advertising-solutions\/alma-visuals\/#breadcrumb\",\"itemListElement\":[{\"@type\":\"ListItem\",\"position\":1,\"name\":\"Etusivu\",\"item\":\"https:\/\/www.almamedia.fi\/mainostajat\/\"},{\"@type\":\"ListItem\",\"position\":2,\"name\":\"Advertising Solutions\",\"item\":\"https:\/\/www.almamedia.fi\/mainostajat\/en\/advertising-solutions\/\"},{\"@type\":\"ListItem\",\"position\":3,\"name\":\"Alma Visuals\"}]},{\"@type\":\"WebSite\",\"@id\":\"https:\/\/www.almamedia.fi\/mainostajat\/#website\",\"url\":\"https:\/\/www.almamedia.fi\/mainostajat\/\",\"name\":\"Alma Media - mainostajat\",\"description\":\"\",\"publisher\":{\"@id\":\"https:\/\/www.almamedia.fi\/mainostajat\/#organization\"},\"potentialAction\":[{\"@type\":\"SearchAction\",\"target\":{\"@type\":\"EntryPoint\",\"urlTemplate\":\"https:\/\/www.almamedia.fi\/mainostajat\/?s={search_term_string}\"},\"query-input\":{\"@type\":\"PropertyValueSpecification\",\"valueRequired\":true,\"valueName\":\"search_term_string\"}}],\"inLanguage\":\"fi\"},{\"@type\":\"Organization\",\"@id\":\"https:\/\/www.almamedia.fi\/mainostajat\/#organization\",\"name\":\"Alma Media - mainostajat\",\"url\":\"https:\/\/www.almamedia.fi\/mainostajat\/\",\"logo\":{\"@type\":\"ImageObject\",\"inLanguage\":\"fi\",\"@id\":\"https:\/\/www.almamedia.fi\/mainostajat\/#\/schema\/logo\/image\/\",\"url\":\"https:\/\/www.almamedia.fi\/mainostajat\/wp-content\/uploads\/sites\/6\/alma-media-logo-valkoinen.svg\",\"contentUrl\":\"https:\/\/www.almamedia.fi\/mainostajat\/wp-content\/uploads\/sites\/6\/alma-media-logo-valkoinen.svg\",\"width\":49,\"height\":50,\"caption\":\"Alma Media - mainostajat\"},\"image\":{\"@id\":\"https:\/\/www.almamedia.fi\/mainostajat\/#\/schema\/logo\/image\/\"}}]}<\/script>\n<!-- \/ Yoast SEO plugin. -->","yoast_head_json":{"title":"Alma Visuals - Alma Media","description":"Striking campaign executions capture user attention and encourage more time spent compared to standard advertisements.","robots":{"index":"index","follow":"follow","max-snippet":"max-snippet:-1","max-image-preview":"max-image-preview:large","max-video-preview":"max-video-preview:-1"},"canonical":"https:\/\/www.almamedia.fi\/mainostajat\/en\/advertising-solutions\/alma-visuals\/","og_locale":"fi_FI","og_type":"article","og_title":"Alma Visuals - Alma Media","og_description":"Striking campaign executions capture user attention and encourage more time spent compared to standard advertisements.","og_url":"https:\/\/www.almamedia.fi\/mainostajat\/en\/advertising-solutions\/alma-visuals\/","og_site_name":"Alma Media - mainostajat","article_modified_time":"2025-05-28T14:26:52+00:00","og_image":[{"width":1440,"height":960,"url":"https:\/\/www.almamedia.fi\/mainostajat\/wp-content\/uploads\/sites\/6\/shutterstock_2080391959_pienempi-1.jpg","type":"image\/jpeg"}],"twitter_card":"summary_large_image","twitter_misc":{"Arvioitu lukuaika":"2 minuuttia"},"schema":{"@context":"https:\/\/schema.org","@graph":[{"@type":"WebPage","@id":"https:\/\/www.almamedia.fi\/mainostajat\/en\/advertising-solutions\/alma-visuals\/","url":"https:\/\/www.almamedia.fi\/mainostajat\/en\/advertising-solutions\/alma-visuals\/","name":"Alma Visuals - Alma Media","isPartOf":{"@id":"https:\/\/www.almamedia.fi\/mainostajat\/#website"},"primaryImageOfPage":{"@id":"https:\/\/www.almamedia.fi\/mainostajat\/en\/advertising-solutions\/alma-visuals\/#primaryimage"},"image":{"@id":"https:\/\/www.almamedia.fi\/mainostajat\/en\/advertising-solutions\/alma-visuals\/#primaryimage"},"thumbnailUrl":"https:\/\/www.almamedia.fi\/mainostajat\/wp-content\/uploads\/sites\/6\/shutterstock_2080391959_pienempi-1.jpg","datePublished":"2025-05-28T14:24:47+00:00","dateModified":"2025-05-28T14:26:52+00:00","description":"Striking campaign executions capture user attention and encourage more time spent compared to standard advertisements.","breadcrumb":{"@id":"https:\/\/www.almamedia.fi\/mainostajat\/en\/advertising-solutions\/alma-visuals\/#breadcrumb"},"inLanguage":"fi","potentialAction":[{"@type":"ReadAction","target":["https:\/\/www.almamedia.fi\/mainostajat\/en\/advertising-solutions\/alma-visuals\/"]}]},{"@type":"ImageObject","inLanguage":"fi","@id":"https:\/\/www.almamedia.fi\/mainostajat\/en\/advertising-solutions\/alma-visuals\/#primaryimage","url":"https:\/\/www.almamedia.fi\/mainostajat\/wp-content\/uploads\/sites\/6\/shutterstock_2080391959_pienempi-1.jpg","contentUrl":"https:\/\/www.almamedia.fi\/mainostajat\/wp-content\/uploads\/sites\/6\/shutterstock_2080391959_pienempi-1.jpg","width":1440,"height":960,"caption":"photographer take pictures Snapshot with camera. man hand holding with camera looking through lens.Concept for photographing articles Professionally."},{"@type":"BreadcrumbList","@id":"https:\/\/www.almamedia.fi\/mainostajat\/en\/advertising-solutions\/alma-visuals\/#breadcrumb","itemListElement":[{"@type":"ListItem","position":1,"name":"Etusivu","item":"https:\/\/www.almamedia.fi\/mainostajat\/"},{"@type":"ListItem","position":2,"name":"Advertising Solutions","item":"https:\/\/www.almamedia.fi\/mainostajat\/en\/advertising-solutions\/"},{"@type":"ListItem","position":3,"name":"Alma Visuals"}]},{"@type":"WebSite","@id":"https:\/\/www.almamedia.fi\/mainostajat\/#website","url":"https:\/\/www.almamedia.fi\/mainostajat\/","name":"Alma Media - mainostajat","description":"","publisher":{"@id":"https:\/\/www.almamedia.fi\/mainostajat\/#organization"},"potentialAction":[{"@type":"SearchAction","target":{"@type":"EntryPoint","urlTemplate":"https:\/\/www.almamedia.fi\/mainostajat\/?s={search_term_string}"},"query-input":{"@type":"PropertyValueSpecification","valueRequired":true,"valueName":"search_term_string"}}],"inLanguage":"fi"},{"@type":"Organization","@id":"https:\/\/www.almamedia.fi\/mainostajat\/#organization","name":"Alma Media - mainostajat","url":"https:\/\/www.almamedia.fi\/mainostajat\/","logo":{"@type":"ImageObject","inLanguage":"fi","@id":"https:\/\/www.almamedia.fi\/mainostajat\/#\/schema\/logo\/image\/","url":"https:\/\/www.almamedia.fi\/mainostajat\/wp-content\/uploads\/sites\/6\/alma-media-logo-valkoinen.svg","contentUrl":"https:\/\/www.almamedia.fi\/mainostajat\/wp-content\/uploads\/sites\/6\/alma-media-logo-valkoinen.svg","width":49,"height":50,"caption":"Alma Media - mainostajat"},"image":{"@id":"https:\/\/www.almamedia.fi\/mainostajat\/#\/schema\/logo\/image\/"}}]}},"lang":"en","translations":{"en":91070,"fi":84371},"pll_sync_post":[],"_links":{"self":[{"href":"https:\/\/www.almamedia.fi\/mainostajat\/wp-json\/wp\/v2\/pages\/91070","targetHints":{"allow":["GET"]}}],"collection":[{"href":"https:\/\/www.almamedia.fi\/mainostajat\/wp-json\/wp\/v2\/pages"}],"about":[{"href":"https:\/\/www.almamedia.fi\/mainostajat\/wp-json\/wp\/v2\/types\/page"}],"author":[{"embeddable":true,"href":"https:\/\/www.almamedia.fi\/mainostajat\/wp-json\/wp\/v2\/users\/11"}],"replies":[{"embeddable":true,"href":"https:\/\/www.almamedia.fi\/mainostajat\/wp-json\/wp\/v2\/comments?post=91070"}],"version-history":[{"count":0,"href":"https:\/\/www.almamedia.fi\/mainostajat\/wp-json\/wp\/v2\/pages\/91070\/revisions"}],"up":[{"embeddable":true,"href":"https:\/\/www.almamedia.fi\/mainostajat\/wp-json\/wp\/v2\/pages\/89876"}],"wp:featuredmedia":[{"embeddable":true,"href":"https:\/\/www.almamedia.fi\/mainostajat\/wp-json\/wp\/v2\/media\/91072"}],"wp:attachment":[{"href":"https:\/\/www.almamedia.fi\/mainostajat\/wp-json\/wp\/v2\/media?parent=91070"}],"curies":[{"name":"wp","href":"https:\/\/api.w.org\/{rel}","templated":true}]}}