{"id":90721,"date":"2025-05-26T10:35:35","date_gmt":"2025-05-26T07:35:35","guid":{"rendered":"https:\/\/www.almamedia.fi\/mainostajat\/?page_id=90721"},"modified":"2025-10-13T13:57:28","modified_gmt":"2025-10-13T10:57:28","slug":"uusi-suomi","status":"publish","type":"page","link":"https:\/\/www.almamedia.fi\/mainostajat\/en\/media-and-services\/businessmedia\/uusi-suomi\/","title":{"rendered":"Uusi Suomi"},"content":{"rendered":"\n    <div  class=\"alma-iframe\">\n\n        <div class=\"iframe-content\"><script src=\"https:\/\/cdnjs.cloudflare.com\/ajax\/libs\/Chart.js\/2.5.0\/Chart.min.js\"><\/script><\/div>\n    <\/div>\n\n\n\n\n\n\n\n<div style=\"height:128px\" aria-hidden=\"true\" class=\"wp-block-spacer\"><\/div>\n\n\n\n<div class=\"wp-block-columns is-layout-flex wp-container-core-columns-is-layout-9d6595d7 wp-block-columns-is-layout-flex\">\n<div class=\"wp-block-column is-vertically-aligned-bottom is-layout-flow wp-block-column-is-layout-flow\" style=\"flex-basis:56%\">\n<h2 class=\"wp-block-heading\">Uusi Suomi is the leading media for societal and political news and discussions.<\/h2>\n<\/div>\n\n\n\n<div class=\"wp-block-column is-layout-flow wp-block-column-is-layout-flow\" style=\"flex-basis:44%\">\n<div  class=\"numero-animoitu has-text-align-right has-top-line has-number-color-green has-font-size-l has-line-color-light has-text-size-m\">\n\n    \n    <div class=\"numero-wrapper\">\n                    <span class=\"netello-line netello-line-animated\"><\/span>\n                \n                    <span class=\"netello-number-counter \" data-target=\"335000\">0<\/span>\n        \n            <\/div>\n\n    <div class=\"alateksti\"><p>USERS WEEKLY<\/p>\n<\/div>\n<\/div>\n\n\n\n\n\n\n<p class=\"has-text-align-right\"><em><sup>Source: KMT 2025<\/sup><\/em><\/p>\n<\/div>\n<\/div>\n\n\n\n<div style=\"height:11rem\" aria-hidden=\"true\" class=\"wp-block-spacer\"><\/div>\n\n\n\n<div data-aos=\"fade-up\" class=\"wp-block-netello-animation kapeampi-3\"><div class=\"wrapper\">\n<p class=\"has-text-align-center has-medium-font-size\"><strong>Uusi Suomi closely follows social topics and boldly takes a stand on the day&#8217;s news agenda. It challenges its readers to a discussion for the benefit of a successful Finland.\u200b<\/strong><\/p>\n\n\n\n<p class=\"has-text-align-center\">It reports the most important news about politics and helps its readers understand the issues behind the news.\u200b<\/p>\n\n\n\n<p class=\"has-text-align-center\"><strong>Target audience: <\/strong>\u200b<br>A highly educated, well-paid and active-age male-dominated audience\u200b. Socially aware readers with time and money\u200b. Participate in the online discussion and follow it intensively.<\/p>\n\n\n\n<p class=\"has-text-align-center has-medium-font-size\"><\/p>\n<\/div><\/div>\n\n\n\n<div style=\"height:9rem\" aria-hidden=\"true\" class=\"wp-block-spacer\"><\/div>\n\n\n\n<div style=\"--right-column-max-width:600px;--left-column-max-width:600px\" class=\"wp-block-netello-kaksi-palstaa\"><div class=\"wrapper\">\n<div class=\"wp-block-columns is-layout-flex wp-container-core-columns-is-layout-9d6595d7 wp-block-columns-is-layout-flex\">\n<div class=\"wp-block-column is-layout-flow wp-block-column-is-layout-flow\"><\/div>\n\n\n\n<div class=\"wp-block-column is-layout-flow wp-block-column-is-layout-flow\">\n<div class=\"wp-block-group column-inner\"><div class=\"wp-block-group__inner-container is-layout-flow wp-block-group-is-layout-flow\">\n<div class=\"wp-block-netello-laatikko-viivalla laatikko-viivalla line-vaalea netello-linkit\"><div class=\"netello-line netello-line-animated\"><\/div>\n<p><a href=\"https:\/\/www.almamedia.fi\/mainostajat\/en\/advertising-solutions\/\">Advertising Solutions<\/a><\/p>\n\n\n\n<p><a href=\"https:\/\/www.almamedia.fi\/mainostajat\/en\/advertising-prices\/\">Prices<\/a><\/p>\n\n\n\n<p><a href=\"https:\/\/www.almamedia.fi\/mainostajat\/en\/material-guidelines\/\">Material Guidelines<\/a><\/p>\n\n\n\n<p><a href=\"https:\/\/www.almamedia.fi\/mainostajat\/en\/material-guidelines\/material-instructions-for-print-advertising\/#Alma-Median-julkaisuaikataulut\">Publication schedules<\/a><\/p>\n\n\n\n<p><a href=\"http:\/\/Uusisuomi.fi\">Uusisuomi.fi<\/a><\/p>\n<\/div>\n<\/div><\/div>\n<\/div>\n<\/div>\n<\/div><\/div>\n\n\n\n<div style=\"height:10rem\" aria-hidden=\"true\" class=\"wp-block-spacer\"><\/div>\n\n\n<div data-aos=\"fade-up\"         class=\"iso-otsikko has-align-center  has-font-size-s\">\n\n    <h2 class=\"otsikko\">\n        \n            Reach\n            <\/h2>\n<\/div>\n\n\n\n<div class=\"wp-block-netello-container align-center\"><div class=\"wrapper\">\n<div style=\"height:2rem\" aria-hidden=\"true\" class=\"wp-block-spacer\"><\/div>\n\n\n\n<div class=\"wp-block-columns is-layout-flex wp-container-core-columns-is-layout-9d6595d7 wp-block-columns-is-layout-flex\">\n<div class=\"wp-block-column is-layout-flow wp-block-column-is-layout-flow\">\n<div  class=\"numero-animoitu has-text-align-center has-top-line has-full-width-top-line has-number-color-white has-font-size-s has-line-color-purple has-text-size-m\">\n\n    \n    <div class=\"numero-wrapper\">\n                    <span class=\"netello-line netello-line-animated\"><\/span>\n                \n                    <span class=\"netello-number-counter \" data-target=\"335000\">0<\/span>\n        \n            <\/div>\n\n    <div class=\"alateksti\"><p>NUMBER OF READERS<\/p>\n<\/div>\n<\/div>\n\n\n\n<\/div>\n\n\n\n<div class=\"wp-block-column is-layout-flow wp-block-column-is-layout-flow\">\n<div  class=\"numero-animoitu has-text-align-center has-top-line has-full-width-top-line has-number-color-white has-font-size-s has-line-color-purple has-text-size-m\">\n\n    \n    <div class=\"numero-wrapper\">\n                    <span class=\"netello-line netello-line-animated\"><\/span>\n                \n                    <span class=\"netello-number-counter \" data-target=\"75\">0<\/span>\n        \n        <span>%<\/span>    <\/div>\n\n    <div class=\"alateksti\"><p>MOBILE USERS<\/p>\n<\/div>\n<\/div>\n\n\n\n<\/div>\n\n\n\n<div class=\"wp-block-column is-vertically-aligned-center is-layout-flow wp-block-column-is-layout-flow\">\n<div  class=\"numero-animoitu has-text-align-center has-top-line has-full-width-top-line has-number-color-white has-font-size-s has-line-color-purple has-text-size-m\">\n\n    \n    <div class=\"numero-wrapper\">\n                    <span class=\"netello-line netello-line-animated\"><\/span>\n                \n                    <span class=\"netello-number-counter \" data-target=\"80\">0<\/span>\n        \n        <span>%<\/span>    <\/div>\n\n    <div class=\"alateksti\"><p>MOBILE + TABLET<\/p>\n<\/div>\n<\/div>\n\n\n\n<\/div>\n<\/div>\n\n\n\n<p class=\"has-text-align-right\"><em><sup>Source: KMT 2025, Mobile use GA 2021<\/sup><\/em><\/p>\n\n\n\n<div style=\"height:1rem\" aria-hidden=\"true\" class=\"wp-block-spacer\"><\/div>\n<\/div><\/div>\n\n\n\n<div style=\"height:8rem\" aria-hidden=\"true\" class=\"wp-block-spacer\"><\/div>\n\n\n\n<h2 class=\"wp-block-heading has-text-align-center\">Uuden Suomen audience<\/h2>\n\n\n\n<div class=\"wp-block-columns is-layout-flex wp-container-core-columns-is-layout-9d6595d7 wp-block-columns-is-layout-flex\">\n<div class=\"wp-block-column is-layout-flow wp-block-column-is-layout-flow\">\n    <div  class=\"alma-iframe\">\n\n        <div class=\"iframe-content\"><canvas id=\"sukupuolijakauma\" style=\"width: 362px; max-width: 400px; display: block; height: 362px;\" width=\"497\" height=\"497\"><\/canvas><\/div>\n    <\/div>\n\n\n\n\n<\/div>\n\n\n\n<div class=\"wp-block-column is-layout-flow wp-block-column-is-layout-flow\">\n    <div  class=\"alma-iframe\">\n\n        <div class=\"iframe-content\"><canvas id=\"markkina\" style=\"width: 362px; max-width: 400px; display: block; height: 362px;\" width=\"497\" height=\"497\"><\/canvas><\/div>\n    <\/div>\n\n\n\n\n<\/div>\n\n\n\n<div class=\"wp-block-column is-layout-flow wp-block-column-is-layout-flow\">\n    <div  class=\"alma-iframe\">\n\n        <div class=\"iframe-content\"><canvas id=\"koulutustaso\" style=\"width: 362px; max-width: 400px; display: block; height: 362px;\" width=\"497\" height=\"497\"><\/canvas><\/div>\n    <\/div>\n\n\n\n\n<\/div>\n<\/div>\n\n\n\n<div style=\"height:2rem\" aria-hidden=\"true\" class=\"wp-block-spacer\"><\/div>\n\n\n\n<div class=\"wp-block-columns is-layout-flex wp-container-core-columns-is-layout-9d6595d7 wp-block-columns-is-layout-flex\">\n<div class=\"wp-block-column is-layout-flow wp-block-column-is-layout-flow\">\n    <div  class=\"alma-iframe\">\n\n        <div class=\"iframe-content\"><canvas id=\"ammatti\" style=\"width: 362px; max-width: 600px; display: block; height: 181px;\" width=\"497\" height=\"248\"><\/canvas><\/div>\n    <\/div>\n\n\n\n\n<\/div>\n\n\n\n<div class=\"wp-block-column is-layout-flow wp-block-column-is-layout-flow\">\n    <div  class=\"alma-iframe\">\n\n        <div class=\"iframe-content\"><canvas id=\"ika\" style=\"width: 362px; max-width: 600px; display: block; height: 181px;\" width=\"497\" height=\"248\"><\/canvas><\/div>\n    <\/div>\n\n\n\n\n<\/div>\n<\/div>\n\n\n\n    <div  class=\"alma-iframe\">\n\n        <div class=\"iframe-content\"><script>\r\n \r\nfunction splitArray(arrayx) {\r\n    let array1 = [];\r\n    let array2 = [];\r\n    let chartType = 'doughnut';\r\n    let chartColors = [\r\n        \"rgba(40, 183, 143, 1)\",\r\n        \"rgba(40, 183, 143, 0.7)\",\r\n        \"rgba(255, 255, 255, 0.9)\"  \/\/ Changed to white\r\n    ];\r\n    let legenda = {display: true};\r\n    \r\n    for (i = 0; i < arrayx.length; i++) {\r\n        if (i == 0 || i % 2 == 0) { \r\n            array1.push(arrayx[i]) \r\n        } else { \r\n            array2.push(arrayx[i] * 100) \r\n        }\r\n    }\r\n    \r\n    if (arrayx.length > 6) {\r\n        chartType = 'horizontalBar';\r\n        chartColors = [\r\n            \"rgba(40, 183, 143, 1)\",\r\n            \"rgba(40, 183, 143, 0.92)\",\r\n            \"rgba(40, 183, 143, 0.84)\",\r\n            \"rgba(40, 183, 143, 0.76)\",\r\n            \"rgba(40, 183, 143, 0.68)\",\r\n            \"rgba(40, 183, 143, 0.60)\",\r\n            \"rgba(40, 183, 143, 0.52)\",\r\n            \"rgba(40, 183, 143, 0.44)\",\r\n            \"rgba(40, 183, 143, 0.36)\",\r\n            \"rgba(40, 183, 143, 0.28)\",\r\n            \"rgba(40, 183, 143, 0.20)\",\r\n            \"rgba(40, 183, 143, 0.12)\"\r\n        ];\r\n        legenda = {display: false};\r\n    }\r\n    \r\n    return {\r\n        'barNames': array1,\r\n        'barValues': array2,\r\n        'type': chartType,\r\n        'color': chartColors,\r\n        'legend' : legenda\r\n    }\r\n}\r\n\r\n\/\/ Lis\u00e4\u00e4 tiedot t\u00e4h\u00e4n\r\nlet sukupuolijakauma = splitArray(['Female', '0.25', 'Male', '0.75']);\r\nlet ika = splitArray(['15-24 years', '0.07', '25-34 years', '0.13', '35-44 years', '0.17', '45-54 years', '0.15', '55-64 years', '0.18', '65+ years', '0.3']);\r\nlet koulutustaso = splitArray(['College', '0.22', 'University', '0.36', 'Other', '0.42']);\r\nlet ammatti = splitArray(['Leadership', '0.07', 'Senior official', '0.21', 'Official', '0.08', 'Employee', '0.08', 'Agricultural entrepreneur', '0.01', 'Other entrepreneur', '0.05', 'Retiree', '0.29', 'Student', '0.08', 'House husband \/ wife', '0', 'Unemployed', '0.02', 'Other', '0.05', 'No answer', '0.04']);\r\nlet markkina = splitArray(['Uusimaa', '0.34', 'Rest of Finland', '0.66']);\r\n\r\n\r\nsukupuolijakauma.title = 'Gender (%)';\r\nika.title = 'Age (%)';\r\nkoulutustaso.title = 'Education (%)';\r\nammatti.title = 'Progession (%)';\r\nmarkkina.title = 'Market area (%)';\r\n\r\n\r\nfunction createChartInfo(chartData) {\r\n    let finalObject = {\r\n        type: chartData.type,\r\n        data: {\r\n            labels: chartData.barNames,\r\n            datasets: [{\r\n                backgroundColor: chartData.color,\r\n                data: chartData.barValues,\r\n                borderColor: '#9F248F',  \/\/ Updated magenta border color\r\n                borderWidth: 1\r\n            }]\r\n        },\r\n        options: {\r\n            legend: chartData.legend,\r\n            title: {\r\n                display: true,\r\n                text: chartData.title,\r\n                fontSize: 18,\r\n                fontColor: 'white'\r\n            },\r\n            tooltips: {\r\n                titleFontColor: 'white',\r\n                bodyFontColor: 'white'\r\n            }\r\n        }\r\n    }\r\n    \r\n    if (chartData.type === 'horizontalBar') {\r\n        finalObject.options.scales = {\r\n            xAxes: [{\r\n                ticks: {\r\n                    beginAtZero: true,\r\n                    fontColor: 'white'\r\n                },\r\n                gridLines: {\r\n                    color: 'rgba(255, 255, 255, 0.2)'\r\n                }\r\n            }],\r\n            yAxes: [{\r\n                ticks: {\r\n                    fontColor: 'white'\r\n                },\r\n                gridLines: {\r\n                    color: 'rgba(255, 255, 255, 0.2)'\r\n                }\r\n            }]\r\n        }\r\n    } else if (chartData.type === 'bar') {\r\n        finalObject.options.scales = {\r\n            yAxes: [{\r\n                ticks: {\r\n                    beginAtZero: true,\r\n                    fontColor: 'white'\r\n                },\r\n                gridLines: {\r\n                    color: 'rgba(255, 255, 255, 0.2)'\r\n                }\r\n            }],\r\n            xAxes: [{\r\n                ticks: {\r\n                    fontColor: 'white'\r\n                },\r\n                gridLines: {\r\n                    color: 'rgba(255, 255, 255, 0.2)'\r\n                }\r\n            }]\r\n        }\r\n    } else {\r\n        finalObject.options.legend.labels = {\r\n            fontColor: 'white'\r\n        }\r\n    }\r\n    \r\n    return finalObject;\r\n}\r\n\r\n\r\n\r\nnew Chart(\"sukupuolijakauma\", createChartInfo(sukupuolijakauma));\r\nnew Chart(\"ika\", createChartInfo(ika));\r\nnew Chart(\"koulutustaso\", createChartInfo(koulutustaso));\r\nnew Chart(\"ammatti\", createChartInfo(ammatti));\r\nnew Chart(\"markkina\", createChartInfo(markkina));\r\n\r\n<\/script><\/div>\n    <\/div>\n\n\n\n\n\n\n\n<p class=\"has-text-align-right\"><em><sub>Source:<\/sub><br>2. KMT 2024<\/em><\/p>\n","protected":false},"excerpt":{"rendered":"<p>Uusi Suomi is the leading media for societal and political news and discussions. Source: KMT [&hellip;]<\/p>\n","protected":false},"author":11,"featured_media":87059,"parent":90066,"menu_order":0,"comment_status":"closed","ping_status":"closed","template":"","meta":{"_acf_changed":false,"footnotes":""},"class_list":["post-90721","page","type-page","status-publish","has-post-thumbnail","hentry"],"acf":[],"yoast_head":"<!-- This site is optimized with the Yoast SEO plugin v26.9 - https:\/\/yoast.com\/product\/yoast-seo-wordpress\/ -->\n<title>Uusi Suomi - Alma Media<\/title>\n<meta name=\"description\" content=\"Uusi Suomi is the leading media source for societal and political news and discussions, covering major political news and context.\" \/>\n<meta name=\"robots\" content=\"index, follow, max-snippet:-1, max-image-preview:large, max-video-preview:-1\" \/>\n<link rel=\"canonical\" href=\"https:\/\/www.almamedia.fi\/mainostajat\/en\/media-and-services\/businessmedia\/uusi-suomi\/\" \/>\n<meta property=\"og:locale\" content=\"fi_FI\" \/>\n<meta property=\"og:type\" content=\"article\" \/>\n<meta property=\"og:title\" content=\"Uusi Suomi - Alma Media\" \/>\n<meta property=\"og:description\" content=\"Uusi Suomi is the leading media source for societal and political news and discussions, covering major political news and context.\" \/>\n<meta property=\"og:url\" content=\"https:\/\/www.almamedia.fi\/mainostajat\/en\/media-and-services\/businessmedia\/uusi-suomi\/\" \/>\n<meta property=\"og:site_name\" content=\"Alma Media - mainostajat\" \/>\n<meta property=\"article:modified_time\" content=\"2025-10-13T10:57:28+00:00\" \/>\n<meta property=\"og:image\" content=\"https:\/\/www.almamedia.fi\/mainostajat\/wp-content\/uploads\/sites\/6\/tekniikkajatalous.jpg\" \/>\n\t<meta property=\"og:image:width\" content=\"1500\" \/>\n\t<meta property=\"og:image:height\" content=\"400\" \/>\n\t<meta property=\"og:image:type\" content=\"image\/jpeg\" \/>\n<meta name=\"twitter:card\" content=\"summary_large_image\" \/>\n<meta name=\"twitter:label1\" content=\"Arvioitu lukuaika\" \/>\n\t<meta name=\"twitter:data1\" content=\"1 minuutti\" \/>\n<script type=\"application\/ld+json\" class=\"yoast-schema-graph\">{\"@context\":\"https:\/\/schema.org\",\"@graph\":[{\"@type\":\"WebPage\",\"@id\":\"https:\/\/www.almamedia.fi\/mainostajat\/en\/media-and-services\/businessmedia\/uusi-suomi\/\",\"url\":\"https:\/\/www.almamedia.fi\/mainostajat\/en\/media-and-services\/businessmedia\/uusi-suomi\/\",\"name\":\"Uusi Suomi - Alma Media\",\"isPartOf\":{\"@id\":\"https:\/\/www.almamedia.fi\/mainostajat\/#website\"},\"primaryImageOfPage\":{\"@id\":\"https:\/\/www.almamedia.fi\/mainostajat\/en\/media-and-services\/businessmedia\/uusi-suomi\/#primaryimage\"},\"image\":{\"@id\":\"https:\/\/www.almamedia.fi\/mainostajat\/en\/media-and-services\/businessmedia\/uusi-suomi\/#primaryimage\"},\"thumbnailUrl\":\"https:\/\/www.almamedia.fi\/mainostajat\/wp-content\/uploads\/sites\/6\/tekniikkajatalous.jpg\",\"datePublished\":\"2025-05-26T07:35:35+00:00\",\"dateModified\":\"2025-10-13T10:57:28+00:00\",\"description\":\"Uusi Suomi is the leading media source for societal and political news and discussions, covering major political news and context.\",\"breadcrumb\":{\"@id\":\"https:\/\/www.almamedia.fi\/mainostajat\/en\/media-and-services\/businessmedia\/uusi-suomi\/#breadcrumb\"},\"inLanguage\":\"fi\",\"potentialAction\":[{\"@type\":\"ReadAction\",\"target\":[\"https:\/\/www.almamedia.fi\/mainostajat\/en\/media-and-services\/businessmedia\/uusi-suomi\/\"]}]},{\"@type\":\"ImageObject\",\"inLanguage\":\"fi\",\"@id\":\"https:\/\/www.almamedia.fi\/mainostajat\/en\/media-and-services\/businessmedia\/uusi-suomi\/#primaryimage\",\"url\":\"https:\/\/www.almamedia.fi\/mainostajat\/wp-content\/uploads\/sites\/6\/tekniikkajatalous.jpg\",\"contentUrl\":\"https:\/\/www.almamedia.fi\/mainostajat\/wp-content\/uploads\/sites\/6\/tekniikkajatalous.jpg\",\"width\":1500,\"height\":400},{\"@type\":\"BreadcrumbList\",\"@id\":\"https:\/\/www.almamedia.fi\/mainostajat\/en\/media-and-services\/businessmedia\/uusi-suomi\/#breadcrumb\",\"itemListElement\":[{\"@type\":\"ListItem\",\"position\":1,\"name\":\"Etusivu\",\"item\":\"https:\/\/www.almamedia.fi\/mainostajat\/\"},{\"@type\":\"ListItem\",\"position\":2,\"name\":\"Media and Services\",\"item\":\"https:\/\/www.almamedia.fi\/mainostajat\/en\/media-and-services\/\"},{\"@type\":\"ListItem\",\"position\":3,\"name\":\"Businessmedia\",\"item\":\"https:\/\/www.almamedia.fi\/mainostajat\/en\/media-and-services\/businessmedia\/\"},{\"@type\":\"ListItem\",\"position\":4,\"name\":\"Uusi Suomi\"}]},{\"@type\":\"WebSite\",\"@id\":\"https:\/\/www.almamedia.fi\/mainostajat\/#website\",\"url\":\"https:\/\/www.almamedia.fi\/mainostajat\/\",\"name\":\"Alma Media - mainostajat\",\"description\":\"\",\"publisher\":{\"@id\":\"https:\/\/www.almamedia.fi\/mainostajat\/#organization\"},\"potentialAction\":[{\"@type\":\"SearchAction\",\"target\":{\"@type\":\"EntryPoint\",\"urlTemplate\":\"https:\/\/www.almamedia.fi\/mainostajat\/?s={search_term_string}\"},\"query-input\":{\"@type\":\"PropertyValueSpecification\",\"valueRequired\":true,\"valueName\":\"search_term_string\"}}],\"inLanguage\":\"fi\"},{\"@type\":\"Organization\",\"@id\":\"https:\/\/www.almamedia.fi\/mainostajat\/#organization\",\"name\":\"Alma Media - mainostajat\",\"url\":\"https:\/\/www.almamedia.fi\/mainostajat\/\",\"logo\":{\"@type\":\"ImageObject\",\"inLanguage\":\"fi\",\"@id\":\"https:\/\/www.almamedia.fi\/mainostajat\/#\/schema\/logo\/image\/\",\"url\":\"https:\/\/www.almamedia.fi\/mainostajat\/wp-content\/uploads\/sites\/6\/alma-media-logo-valkoinen.svg\",\"contentUrl\":\"https:\/\/www.almamedia.fi\/mainostajat\/wp-content\/uploads\/sites\/6\/alma-media-logo-valkoinen.svg\",\"width\":49,\"height\":50,\"caption\":\"Alma Media - mainostajat\"},\"image\":{\"@id\":\"https:\/\/www.almamedia.fi\/mainostajat\/#\/schema\/logo\/image\/\"}}]}<\/script>\n<!-- \/ Yoast SEO plugin. -->","yoast_head_json":{"title":"Uusi Suomi - Alma Media","description":"Uusi Suomi is the leading media source for societal and political news and discussions, covering major political news and context.","robots":{"index":"index","follow":"follow","max-snippet":"max-snippet:-1","max-image-preview":"max-image-preview:large","max-video-preview":"max-video-preview:-1"},"canonical":"https:\/\/www.almamedia.fi\/mainostajat\/en\/media-and-services\/businessmedia\/uusi-suomi\/","og_locale":"fi_FI","og_type":"article","og_title":"Uusi Suomi - Alma Media","og_description":"Uusi Suomi is the leading media source for societal and political news and discussions, covering major political news and context.","og_url":"https:\/\/www.almamedia.fi\/mainostajat\/en\/media-and-services\/businessmedia\/uusi-suomi\/","og_site_name":"Alma Media - mainostajat","article_modified_time":"2025-10-13T10:57:28+00:00","og_image":[{"width":1500,"height":400,"url":"https:\/\/www.almamedia.fi\/mainostajat\/wp-content\/uploads\/sites\/6\/tekniikkajatalous.jpg","type":"image\/jpeg"}],"twitter_card":"summary_large_image","twitter_misc":{"Arvioitu lukuaika":"1 minuutti"},"schema":{"@context":"https:\/\/schema.org","@graph":[{"@type":"WebPage","@id":"https:\/\/www.almamedia.fi\/mainostajat\/en\/media-and-services\/businessmedia\/uusi-suomi\/","url":"https:\/\/www.almamedia.fi\/mainostajat\/en\/media-and-services\/businessmedia\/uusi-suomi\/","name":"Uusi Suomi - Alma Media","isPartOf":{"@id":"https:\/\/www.almamedia.fi\/mainostajat\/#website"},"primaryImageOfPage":{"@id":"https:\/\/www.almamedia.fi\/mainostajat\/en\/media-and-services\/businessmedia\/uusi-suomi\/#primaryimage"},"image":{"@id":"https:\/\/www.almamedia.fi\/mainostajat\/en\/media-and-services\/businessmedia\/uusi-suomi\/#primaryimage"},"thumbnailUrl":"https:\/\/www.almamedia.fi\/mainostajat\/wp-content\/uploads\/sites\/6\/tekniikkajatalous.jpg","datePublished":"2025-05-26T07:35:35+00:00","dateModified":"2025-10-13T10:57:28+00:00","description":"Uusi Suomi is the leading media source for societal and political news and discussions, covering major political news and context.","breadcrumb":{"@id":"https:\/\/www.almamedia.fi\/mainostajat\/en\/media-and-services\/businessmedia\/uusi-suomi\/#breadcrumb"},"inLanguage":"fi","potentialAction":[{"@type":"ReadAction","target":["https:\/\/www.almamedia.fi\/mainostajat\/en\/media-and-services\/businessmedia\/uusi-suomi\/"]}]},{"@type":"ImageObject","inLanguage":"fi","@id":"https:\/\/www.almamedia.fi\/mainostajat\/en\/media-and-services\/businessmedia\/uusi-suomi\/#primaryimage","url":"https:\/\/www.almamedia.fi\/mainostajat\/wp-content\/uploads\/sites\/6\/tekniikkajatalous.jpg","contentUrl":"https:\/\/www.almamedia.fi\/mainostajat\/wp-content\/uploads\/sites\/6\/tekniikkajatalous.jpg","width":1500,"height":400},{"@type":"BreadcrumbList","@id":"https:\/\/www.almamedia.fi\/mainostajat\/en\/media-and-services\/businessmedia\/uusi-suomi\/#breadcrumb","itemListElement":[{"@type":"ListItem","position":1,"name":"Etusivu","item":"https:\/\/www.almamedia.fi\/mainostajat\/"},{"@type":"ListItem","position":2,"name":"Media and Services","item":"https:\/\/www.almamedia.fi\/mainostajat\/en\/media-and-services\/"},{"@type":"ListItem","position":3,"name":"Businessmedia","item":"https:\/\/www.almamedia.fi\/mainostajat\/en\/media-and-services\/businessmedia\/"},{"@type":"ListItem","position":4,"name":"Uusi Suomi"}]},{"@type":"WebSite","@id":"https:\/\/www.almamedia.fi\/mainostajat\/#website","url":"https:\/\/www.almamedia.fi\/mainostajat\/","name":"Alma Media - mainostajat","description":"","publisher":{"@id":"https:\/\/www.almamedia.fi\/mainostajat\/#organization"},"potentialAction":[{"@type":"SearchAction","target":{"@type":"EntryPoint","urlTemplate":"https:\/\/www.almamedia.fi\/mainostajat\/?s={search_term_string}"},"query-input":{"@type":"PropertyValueSpecification","valueRequired":true,"valueName":"search_term_string"}}],"inLanguage":"fi"},{"@type":"Organization","@id":"https:\/\/www.almamedia.fi\/mainostajat\/#organization","name":"Alma Media - mainostajat","url":"https:\/\/www.almamedia.fi\/mainostajat\/","logo":{"@type":"ImageObject","inLanguage":"fi","@id":"https:\/\/www.almamedia.fi\/mainostajat\/#\/schema\/logo\/image\/","url":"https:\/\/www.almamedia.fi\/mainostajat\/wp-content\/uploads\/sites\/6\/alma-media-logo-valkoinen.svg","contentUrl":"https:\/\/www.almamedia.fi\/mainostajat\/wp-content\/uploads\/sites\/6\/alma-media-logo-valkoinen.svg","width":49,"height":50,"caption":"Alma Media - mainostajat"},"image":{"@id":"https:\/\/www.almamedia.fi\/mainostajat\/#\/schema\/logo\/image\/"}}]}},"lang":"en","translations":{"en":90721,"fi":85965},"pll_sync_post":[],"_links":{"self":[{"href":"https:\/\/www.almamedia.fi\/mainostajat\/wp-json\/wp\/v2\/pages\/90721","targetHints":{"allow":["GET"]}}],"collection":[{"href":"https:\/\/www.almamedia.fi\/mainostajat\/wp-json\/wp\/v2\/pages"}],"about":[{"href":"https:\/\/www.almamedia.fi\/mainostajat\/wp-json\/wp\/v2\/types\/page"}],"author":[{"embeddable":true,"href":"https:\/\/www.almamedia.fi\/mainostajat\/wp-json\/wp\/v2\/users\/11"}],"replies":[{"embeddable":true,"href":"https:\/\/www.almamedia.fi\/mainostajat\/wp-json\/wp\/v2\/comments?post=90721"}],"version-history":[{"count":0,"href":"https:\/\/www.almamedia.fi\/mainostajat\/wp-json\/wp\/v2\/pages\/90721\/revisions"}],"up":[{"embeddable":true,"href":"https:\/\/www.almamedia.fi\/mainostajat\/wp-json\/wp\/v2\/pages\/90066"}],"wp:featuredmedia":[{"embeddable":true,"href":"https:\/\/www.almamedia.fi\/mainostajat\/wp-json\/wp\/v2\/media\/87059"}],"wp:attachment":[{"href":"https:\/\/www.almamedia.fi\/mainostajat\/wp-json\/wp\/v2\/media?parent=90721"}],"curies":[{"name":"wp","href":"https:\/\/api.w.org\/{rel}","templated":true}]}}