{"id":89955,"date":"2025-05-20T14:23:55","date_gmt":"2025-05-20T11:23:55","guid":{"rendered":"https:\/\/www.almamedia.fi\/mainostajat\/?page_id=89955"},"modified":"2025-09-03T10:30:43","modified_gmt":"2025-09-03T07:30:43","slug":"oppaat-markkinointiin","status":"publish","type":"page","link":"https:\/\/www.almamedia.fi\/mainostajat\/oppaat-markkinointiin\/","title":{"rendered":"Oppaat markkinointiin"},"content":{"rendered":"\n<div style=\"height:50px\" aria-hidden=\"true\" class=\"wp-block-spacer\"><\/div>\n\n\n\n<div style=\"max-width:1200px;margin-left:auto;margin-right:auto\" class=\"wp-block-netello-max-width-container\">\n<p><\/p>\n\n\n\n<p class=\"has-text-align-center has-medium-font-size\">Mit\u00e4 yrityksen pit\u00e4\u00e4 tiet\u00e4\u00e4 digimarkkinoinnista tai br\u00e4ndin rakentamisesta? Miten aloittaa markkinointi tai mainonta? Millainen on toimiva display-mainos? Miten br\u00e4nditurvallisuus kannattaa huomioida? Nappaa ladattavista oppaistamme vinkit markkinoinnin eri vaiheisiin.<\/p>\n<\/div>\n\n\n\n<div style=\"height:100px\" aria-hidden=\"true\" class=\"wp-block-spacer\"><\/div>\n\n\n\n<h2 class=\"wp-block-heading\">Apua markkinointiisi ladattavilla oppailla<\/h2>\n\n\n\n<p>Alta l\u00f6yd\u00e4t oppaamme, jotka tarjoavat vinkkej\u00e4 ja hy\u00f6dyllist\u00e4 tietoa yrityksen markkinoinnin jokaiseen vaiheeseen. Lataa vinkit talteen koneellesi, ja aloita markkinointisi suunnittelu oikealla jalalla.<\/p>\n\n\n\n<div style=\"height:50px\" aria-hidden=\"true\" class=\"wp-block-spacer\"><\/div>\n\n\n\n<div class=\"wp-block-columns kuvarivi is-layout-flex wp-container-core-columns-is-layout-9d6595d7 wp-block-columns-is-layout-flex\">\n<div class=\"wp-block-column is-layout-flow wp-block-column-is-layout-flow\">\n<figure class=\"wp-block-image size-full\"><img decoding=\"async\" width=\"1625\" height=\"1076\" src=\"https:\/\/www.almamedia.fi\/mainostajat\/wp-content\/uploads\/sites\/6\/brandiopas_header-min-1-1-e1747744089263.jpg\" alt=\"\" class=\"wp-image-90030\" srcset=\"https:\/\/www.almamedia.fi\/mainostajat\/wp-content\/uploads\/sites\/6\/brandiopas_header-min-1-1-e1747744089263.jpg 1625w, https:\/\/www.almamedia.fi\/mainostajat\/wp-content\/uploads\/sites\/6\/brandiopas_header-min-1-1-e1747744089263-380x252.jpg 380w, https:\/\/www.almamedia.fi\/mainostajat\/wp-content\/uploads\/sites\/6\/brandiopas_header-min-1-1-e1747744089263-1024x678.jpg 1024w, https:\/\/www.almamedia.fi\/mainostajat\/wp-content\/uploads\/sites\/6\/brandiopas_header-min-1-1-e1747744089263-768x509.jpg 768w, https:\/\/www.almamedia.fi\/mainostajat\/wp-content\/uploads\/sites\/6\/brandiopas_header-min-1-1-e1747744089263-1536x1017.jpg 1536w\" sizes=\"(max-width: 1625px) 100vw, 1625px\" \/><\/figure>\n\n\n\n<hr class=\"wp-block-separator has-alpha-channel-opacity\" \/>\n\n\n\n<h4 class=\"wp-block-heading\">N\u00e4in luot yrityksellesi br\u00e4ndin<\/h4>\n\n\n\n<p>Mik\u00e4 on br\u00e4ndi? Ja mit\u00e4 hy\u00f6ty\u00e4 br\u00e4ndist\u00e4 on yritykselle?&nbsp;T\u00e4m\u00e4n oppaan avulla voit kirkastaa oman br\u00e4ndilupauksesi.<\/p>\n\n\n\n<p><a href=\"https:\/\/www.almamedia.fi\/mainostajat\/lataa-nain-luot-yrityksellesi-brandin\/\">Lataa opas: N\u00e4in luot yrityksellesi br\u00e4ndin<\/a><\/p>\n<\/div>\n\n\n\n<div class=\"wp-block-column is-layout-flow wp-block-column-is-layout-flow\">\n<figure class=\"wp-block-image size-full\"><img decoding=\"async\" width=\"1456\" height=\"960\" src=\"https:\/\/www.almamedia.fi\/mainostajat\/wp-content\/uploads\/sites\/6\/Joka-yrityksen-markkinointiopas2-1-1920x960-1-e1747739658393.png\" alt=\"\" class=\"wp-image-89964\" style=\"aspect-ratio:16\/9;object-fit:contain\" srcset=\"https:\/\/www.almamedia.fi\/mainostajat\/wp-content\/uploads\/sites\/6\/Joka-yrityksen-markkinointiopas2-1-1920x960-1-e1747739658393.png 1456w, https:\/\/www.almamedia.fi\/mainostajat\/wp-content\/uploads\/sites\/6\/Joka-yrityksen-markkinointiopas2-1-1920x960-1-e1747739658393-380x251.png 380w, https:\/\/www.almamedia.fi\/mainostajat\/wp-content\/uploads\/sites\/6\/Joka-yrityksen-markkinointiopas2-1-1920x960-1-e1747739658393-1024x675.png 1024w, https:\/\/www.almamedia.fi\/mainostajat\/wp-content\/uploads\/sites\/6\/Joka-yrityksen-markkinointiopas2-1-1920x960-1-e1747739658393-768x506.png 768w\" sizes=\"(max-width: 1456px) 100vw, 1456px\" \/><\/figure>\n\n\n\n<hr class=\"wp-block-separator has-alpha-channel-opacity\" \/>\n\n\n\n<h4 class=\"wp-block-heading\">Joka yrityksen markkinointiopas<\/h4>\n\n\n\n<p>Onko mainontasi kirjavaa kuin str\u00f6sselisekoitus? Vai oletko vasta aloittamassa markkinointia? T\u00e4m\u00e4 opas on juuri sinulle!&nbsp;<\/p>\n\n\n\n<p><a href=\"https:\/\/www.almamedia.fi\/mainostajat\/joka-yrityksen-markkinointiopas-oppaan-tilaus\/\">Lataa vinkit ja muistilista<\/a><\/p>\n<\/div>\n\n\n\n<div class=\"wp-block-column is-layout-flow wp-block-column-is-layout-flow\">\n<figure class=\"wp-block-image size-full\"><img decoding=\"async\" width=\"2048\" height=\"1363\" src=\"https:\/\/www.almamedia.fi\/mainostajat\/wp-content\/uploads\/sites\/6\/b2b-markkinointi-opas-1-scaled.jpeg\" alt=\"\" class=\"wp-image-91388\" srcset=\"https:\/\/www.almamedia.fi\/mainostajat\/wp-content\/uploads\/sites\/6\/b2b-markkinointi-opas-1-scaled.jpeg 2048w, https:\/\/www.almamedia.fi\/mainostajat\/wp-content\/uploads\/sites\/6\/b2b-markkinointi-opas-1-380x253.jpeg 380w, https:\/\/www.almamedia.fi\/mainostajat\/wp-content\/uploads\/sites\/6\/b2b-markkinointi-opas-1-1024x681.jpeg 1024w, https:\/\/www.almamedia.fi\/mainostajat\/wp-content\/uploads\/sites\/6\/b2b-markkinointi-opas-1-768x511.jpeg 768w, https:\/\/www.almamedia.fi\/mainostajat\/wp-content\/uploads\/sites\/6\/b2b-markkinointi-opas-1-1536x1022.jpeg 1536w\" sizes=\"(max-width: 2048px) 100vw, 2048px\" \/><\/figure>\n\n\n\n<hr class=\"wp-block-separator has-alpha-channel-opacity\" \/>\n\n\n\n<h4 class=\"wp-block-heading\">B2B-markkinoinnin opas<\/h4>\n\n\n\n<p>B2B-markkinoinnin on puhuteltava useampaa n\u00e4k\u00f6kulmaa samanaikaisesti. T\u00e4st\u00e4 oppaasta saat ev\u00e4\u00e4t sen suunnitteluun, toteutukseen ja mittaamiseen.<\/p>\n\n\n\n<p><a href=\"https:\/\/www.almamedia.fi\/mainostajat\/b2b-markkinoijan-opas\/\">Lataa opas B2B-markkinointiin<\/a><\/p>\n<\/div>\n<\/div>\n\n\n\n<div style=\"height:50px\" aria-hidden=\"true\" class=\"wp-block-spacer\"><\/div>\n\n\n\n<div class=\"wp-block-columns kuvarivi is-layout-flex wp-container-core-columns-is-layout-9d6595d7 wp-block-columns-is-layout-flex\">\n<div class=\"wp-block-column is-layout-flow wp-block-column-is-layout-flow\">\n<figure class=\"wp-block-image size-full\"><img decoding=\"async\" width=\"1900\" height=\"1267\" src=\"https:\/\/www.almamedia.fi\/mainostajat\/wp-content\/uploads\/sites\/6\/kohdentamisen_vuosikello_testi3.jpg\" alt=\"\" class=\"wp-image-89247\" style=\"aspect-ratio:16\/9;object-fit:contain\" srcset=\"https:\/\/www.almamedia.fi\/mainostajat\/wp-content\/uploads\/sites\/6\/kohdentamisen_vuosikello_testi3.jpg 1900w, https:\/\/www.almamedia.fi\/mainostajat\/wp-content\/uploads\/sites\/6\/kohdentamisen_vuosikello_testi3-380x253.jpg 380w, https:\/\/www.almamedia.fi\/mainostajat\/wp-content\/uploads\/sites\/6\/kohdentamisen_vuosikello_testi3-1024x683.jpg 1024w, https:\/\/www.almamedia.fi\/mainostajat\/wp-content\/uploads\/sites\/6\/kohdentamisen_vuosikello_testi3-768x512.jpg 768w, https:\/\/www.almamedia.fi\/mainostajat\/wp-content\/uploads\/sites\/6\/kohdentamisen_vuosikello_testi3-1536x1024.jpg 1536w\" sizes=\"(max-width: 1900px) 100vw, 1900px\" \/><\/figure>\n\n\n\n<hr class=\"wp-block-separator has-alpha-channel-opacity\" \/>\n\n\n\n<h4 class=\"wp-block-heading\">L\u00f6yd\u00e4 koko vuoden yleis\u00f6t<\/h4>\n\n\n\n<p>Nappaa t\u00e4st\u00e4 vinkkej\u00e4 markkinoinnin vuosikelloosi, miten voit hy\u00f6dynt\u00e4\u00e4 mainonnassa teemoja vuodenaikojen mukaan.&nbsp;<\/p>\n\n\n\n<p><a href=\"https:\/\/www.almamedia.fi\/mainostajat\/lataa-opas-kohdentamisen-vuosikello\/\">Kohdentamisen vuosikello<\/a><\/p>\n<\/div>\n\n\n\n<div class=\"wp-block-column is-layout-flow wp-block-column-is-layout-flow\">\n<figure class=\"wp-block-image size-full\"><img decoding=\"async\" width=\"1088\" height=\"755\" src=\"https:\/\/www.almamedia.fi\/mainostajat\/wp-content\/uploads\/sites\/6\/markkinoinnin-vuosikello2-1-e1747740020600.jpg\" alt=\"\" class=\"wp-image-89969\" srcset=\"https:\/\/www.almamedia.fi\/mainostajat\/wp-content\/uploads\/sites\/6\/markkinoinnin-vuosikello2-1-e1747740020600.jpg 1088w, https:\/\/www.almamedia.fi\/mainostajat\/wp-content\/uploads\/sites\/6\/markkinoinnin-vuosikello2-1-e1747740020600-380x264.jpg 380w, https:\/\/www.almamedia.fi\/mainostajat\/wp-content\/uploads\/sites\/6\/markkinoinnin-vuosikello2-1-e1747740020600-1024x711.jpg 1024w, https:\/\/www.almamedia.fi\/mainostajat\/wp-content\/uploads\/sites\/6\/markkinoinnin-vuosikello2-1-e1747740020600-768x533.jpg 768w\" sizes=\"(max-width: 1088px) 100vw, 1088px\" \/><\/figure>\n\n\n\n<hr class=\"wp-block-separator has-alpha-channel-opacity\" \/>\n\n\n\n<h4 class=\"wp-block-heading\"><strong>Suunnittele tehokas markkinointivuosi<\/strong><\/h4>\n\n\n\n<p>Markkinoinnin vuosikellon avulla varmistat, ett\u00e4 toimenpiteesi ovat johdonmukaisia niin budjettien, resurssien kuin viestinn\u00e4n yhten\u00e4isyyden osalta.<\/p>\n\n\n\n<p><a href=\"https:\/\/www.almamedia.fi\/mainostajat\/markkinoinnin-vuosikello\/\">Lataa markkinoinnin vuosikello-pohja<\/a><\/p>\n\n\n\n<p><\/p>\n<\/div>\n\n\n\n<div class=\"wp-block-column is-layout-flow wp-block-column-is-layout-flow\">\n<figure class=\"wp-block-image size-full\"><img decoding=\"async\" width=\"1478\" height=\"960\" src=\"https:\/\/www.almamedia.fi\/mainostajat\/wp-content\/uploads\/sites\/6\/Ensimmaisen-kampanjan-osto-opas-1920x960-1-e1747743967894.png\" alt=\"\" class=\"wp-image-89968\" style=\"object-fit:cover\" srcset=\"https:\/\/www.almamedia.fi\/mainostajat\/wp-content\/uploads\/sites\/6\/Ensimmaisen-kampanjan-osto-opas-1920x960-1-e1747743967894.png 1478w, https:\/\/www.almamedia.fi\/mainostajat\/wp-content\/uploads\/sites\/6\/Ensimmaisen-kampanjan-osto-opas-1920x960-1-e1747743967894-380x247.png 380w, https:\/\/www.almamedia.fi\/mainostajat\/wp-content\/uploads\/sites\/6\/Ensimmaisen-kampanjan-osto-opas-1920x960-1-e1747743967894-1024x665.png 1024w, https:\/\/www.almamedia.fi\/mainostajat\/wp-content\/uploads\/sites\/6\/Ensimmaisen-kampanjan-osto-opas-1920x960-1-e1747743967894-768x499.png 768w\" sizes=\"(max-width: 1478px) 100vw, 1478px\" \/><\/figure>\n\n\n\n<hr class=\"wp-block-separator has-alpha-channel-opacity\" \/>\n\n\n\n<h4 class=\"wp-block-heading\">5 askelta onnistuneeseen kampanjaan<\/h4>\n\n\n\n<p>T\u00e4m\u00e4 opas&nbsp;on suunniteltu erityisesti niille, jotka ostavat mainoskampanjaa ensimm\u00e4ist\u00e4 kertaa, mutta se tarjoaa hy\u00f6dyllist\u00e4 tietoa my\u00f6s kokeneemmalle markkinoijalle!<\/p>\n\n\n\n<p><a href=\"https:\/\/www.almamedia.fi\/mainostajat\/5-helppoa-askelta-onnistuneeseen-mainoskampanjaan\/\">Lataa digikampanjan osto-opas<\/a><\/p>\n<\/div>\n<\/div>\n\n\n\n<p><\/p>\n","protected":false},"excerpt":{"rendered":"<p>Apua markkinointiisi ladattavilla oppailla Alta l\u00f6yd\u00e4t oppaamme, jotka tarjoavat vinkkej\u00e4 ja hy\u00f6dyllist\u00e4 tietoa yrityksen markkinoinnin [&hellip;]<\/p>\n","protected":false},"author":7,"featured_media":90041,"parent":0,"menu_order":0,"comment_status":"closed","ping_status":"closed","template":"","meta":{"_acf_changed":false,"footnotes":""},"class_list":["post-89955","page","type-page","status-publish","has-post-thumbnail","hentry"],"acf":[],"yoast_head":"<!-- This site is optimized with the Yoast SEO plugin v26.9 - https:\/\/yoast.com\/product\/yoast-seo-wordpress\/ -->\n<title>Oppaat markkinointiin - Alma Media - mainostajat<\/title>\n<meta name=\"description\" content=\"Mit\u00e4 yrityksen pit\u00e4\u00e4 tiet\u00e4\u00e4 digimarkkinoinnista tai br\u00e4ndin rakentamisesta? Nappaa sivuiltamme vinkit markkinoinnin eri vaiheisiin.\" \/>\n<meta name=\"robots\" content=\"index, follow, max-snippet:-1, max-image-preview:large, max-video-preview:-1\" \/>\n<link rel=\"canonical\" href=\"https:\/\/www.almamedia.fi\/mainostajat\/oppaat-markkinointiin\/\" \/>\n<meta property=\"og:locale\" content=\"fi_FI\" \/>\n<meta property=\"og:type\" content=\"article\" \/>\n<meta property=\"og:title\" content=\"Oppaat markkinointiin - Alma Media - mainostajat\" \/>\n<meta property=\"og:description\" content=\"Mit\u00e4 yrityksen pit\u00e4\u00e4 tiet\u00e4\u00e4 digimarkkinoinnista tai br\u00e4ndin rakentamisesta? Nappaa sivuiltamme vinkit markkinoinnin eri vaiheisiin.\" \/>\n<meta property=\"og:url\" content=\"https:\/\/www.almamedia.fi\/mainostajat\/oppaat-markkinointiin\/\" \/>\n<meta property=\"og:site_name\" content=\"Alma Media - mainostajat\" \/>\n<meta property=\"article:modified_time\" content=\"2025-09-03T07:30:43+00:00\" \/>\n<meta property=\"og:image\" content=\"https:\/\/www.almamedia.fi\/mainostajat\/wp-content\/uploads\/sites\/6\/shutterstock_1590753688-scaled.jpg\" \/>\n\t<meta property=\"og:image:width\" content=\"2048\" \/>\n\t<meta property=\"og:image:height\" content=\"1366\" \/>\n\t<meta property=\"og:image:type\" content=\"image\/jpeg\" \/>\n<meta name=\"twitter:card\" content=\"summary_large_image\" \/>\n<meta name=\"twitter:label1\" content=\"Arvioitu lukuaika\" \/>\n\t<meta name=\"twitter:data1\" content=\"3 minuuttia\" \/>\n<script type=\"application\/ld+json\" class=\"yoast-schema-graph\">{\"@context\":\"https:\/\/schema.org\",\"@graph\":[{\"@type\":\"WebPage\",\"@id\":\"https:\/\/www.almamedia.fi\/mainostajat\/oppaat-markkinointiin\/\",\"url\":\"https:\/\/www.almamedia.fi\/mainostajat\/oppaat-markkinointiin\/\",\"name\":\"Oppaat markkinointiin - Alma Media - mainostajat\",\"isPartOf\":{\"@id\":\"https:\/\/www.almamedia.fi\/mainostajat\/#website\"},\"primaryImageOfPage\":{\"@id\":\"https:\/\/www.almamedia.fi\/mainostajat\/oppaat-markkinointiin\/#primaryimage\"},\"image\":{\"@id\":\"https:\/\/www.almamedia.fi\/mainostajat\/oppaat-markkinointiin\/#primaryimage\"},\"thumbnailUrl\":\"https:\/\/www.almamedia.fi\/mainostajat\/wp-content\/uploads\/sites\/6\/shutterstock_1590753688-scaled.jpg\",\"datePublished\":\"2025-05-20T11:23:55+00:00\",\"dateModified\":\"2025-09-03T07:30:43+00:00\",\"description\":\"Mit\u00e4 yrityksen pit\u00e4\u00e4 tiet\u00e4\u00e4 digimarkkinoinnista tai br\u00e4ndin rakentamisesta? Nappaa sivuiltamme vinkit markkinoinnin eri vaiheisiin.\",\"breadcrumb\":{\"@id\":\"https:\/\/www.almamedia.fi\/mainostajat\/oppaat-markkinointiin\/#breadcrumb\"},\"inLanguage\":\"fi\",\"potentialAction\":[{\"@type\":\"ReadAction\",\"target\":[\"https:\/\/www.almamedia.fi\/mainostajat\/oppaat-markkinointiin\/\"]}]},{\"@type\":\"ImageObject\",\"inLanguage\":\"fi\",\"@id\":\"https:\/\/www.almamedia.fi\/mainostajat\/oppaat-markkinointiin\/#primaryimage\",\"url\":\"https:\/\/www.almamedia.fi\/mainostajat\/wp-content\/uploads\/sites\/6\/shutterstock_1590753688-scaled.jpg\",\"contentUrl\":\"https:\/\/www.almamedia.fi\/mainostajat\/wp-content\/uploads\/sites\/6\/shutterstock_1590753688-scaled.jpg\",\"width\":2048,\"height\":1366},{\"@type\":\"BreadcrumbList\",\"@id\":\"https:\/\/www.almamedia.fi\/mainostajat\/oppaat-markkinointiin\/#breadcrumb\",\"itemListElement\":[{\"@type\":\"ListItem\",\"position\":1,\"name\":\"Etusivu\",\"item\":\"https:\/\/www.almamedia.fi\/mainostajat\/\"},{\"@type\":\"ListItem\",\"position\":2,\"name\":\"Oppaat markkinointiin\"}]},{\"@type\":\"WebSite\",\"@id\":\"https:\/\/www.almamedia.fi\/mainostajat\/#website\",\"url\":\"https:\/\/www.almamedia.fi\/mainostajat\/\",\"name\":\"Alma Media - mainostajat\",\"description\":\"\",\"publisher\":{\"@id\":\"https:\/\/www.almamedia.fi\/mainostajat\/#organization\"},\"potentialAction\":[{\"@type\":\"SearchAction\",\"target\":{\"@type\":\"EntryPoint\",\"urlTemplate\":\"https:\/\/www.almamedia.fi\/mainostajat\/?s={search_term_string}\"},\"query-input\":{\"@type\":\"PropertyValueSpecification\",\"valueRequired\":true,\"valueName\":\"search_term_string\"}}],\"inLanguage\":\"fi\"},{\"@type\":\"Organization\",\"@id\":\"https:\/\/www.almamedia.fi\/mainostajat\/#organization\",\"name\":\"Alma Media - mainostajat\",\"url\":\"https:\/\/www.almamedia.fi\/mainostajat\/\",\"logo\":{\"@type\":\"ImageObject\",\"inLanguage\":\"fi\",\"@id\":\"https:\/\/www.almamedia.fi\/mainostajat\/#\/schema\/logo\/image\/\",\"url\":\"https:\/\/www.almamedia.fi\/mainostajat\/wp-content\/uploads\/sites\/6\/alma-media-logo-valkoinen.svg\",\"contentUrl\":\"https:\/\/www.almamedia.fi\/mainostajat\/wp-content\/uploads\/sites\/6\/alma-media-logo-valkoinen.svg\",\"width\":49,\"height\":50,\"caption\":\"Alma Media - mainostajat\"},\"image\":{\"@id\":\"https:\/\/www.almamedia.fi\/mainostajat\/#\/schema\/logo\/image\/\"}}]}<\/script>\n<!-- \/ Yoast SEO plugin. -->","yoast_head_json":{"title":"Oppaat markkinointiin - Alma Media - mainostajat","description":"Mit\u00e4 yrityksen pit\u00e4\u00e4 tiet\u00e4\u00e4 digimarkkinoinnista tai br\u00e4ndin rakentamisesta? Nappaa sivuiltamme vinkit markkinoinnin eri vaiheisiin.","robots":{"index":"index","follow":"follow","max-snippet":"max-snippet:-1","max-image-preview":"max-image-preview:large","max-video-preview":"max-video-preview:-1"},"canonical":"https:\/\/www.almamedia.fi\/mainostajat\/oppaat-markkinointiin\/","og_locale":"fi_FI","og_type":"article","og_title":"Oppaat markkinointiin - Alma Media - mainostajat","og_description":"Mit\u00e4 yrityksen pit\u00e4\u00e4 tiet\u00e4\u00e4 digimarkkinoinnista tai br\u00e4ndin rakentamisesta? Nappaa sivuiltamme vinkit markkinoinnin eri vaiheisiin.","og_url":"https:\/\/www.almamedia.fi\/mainostajat\/oppaat-markkinointiin\/","og_site_name":"Alma Media - mainostajat","article_modified_time":"2025-09-03T07:30:43+00:00","og_image":[{"width":2048,"height":1366,"url":"https:\/\/www.almamedia.fi\/mainostajat\/wp-content\/uploads\/sites\/6\/shutterstock_1590753688-scaled.jpg","type":"image\/jpeg"}],"twitter_card":"summary_large_image","twitter_misc":{"Arvioitu lukuaika":"3 minuuttia"},"schema":{"@context":"https:\/\/schema.org","@graph":[{"@type":"WebPage","@id":"https:\/\/www.almamedia.fi\/mainostajat\/oppaat-markkinointiin\/","url":"https:\/\/www.almamedia.fi\/mainostajat\/oppaat-markkinointiin\/","name":"Oppaat markkinointiin - Alma Media - mainostajat","isPartOf":{"@id":"https:\/\/www.almamedia.fi\/mainostajat\/#website"},"primaryImageOfPage":{"@id":"https:\/\/www.almamedia.fi\/mainostajat\/oppaat-markkinointiin\/#primaryimage"},"image":{"@id":"https:\/\/www.almamedia.fi\/mainostajat\/oppaat-markkinointiin\/#primaryimage"},"thumbnailUrl":"https:\/\/www.almamedia.fi\/mainostajat\/wp-content\/uploads\/sites\/6\/shutterstock_1590753688-scaled.jpg","datePublished":"2025-05-20T11:23:55+00:00","dateModified":"2025-09-03T07:30:43+00:00","description":"Mit\u00e4 yrityksen pit\u00e4\u00e4 tiet\u00e4\u00e4 digimarkkinoinnista tai br\u00e4ndin rakentamisesta? Nappaa sivuiltamme vinkit markkinoinnin eri vaiheisiin.","breadcrumb":{"@id":"https:\/\/www.almamedia.fi\/mainostajat\/oppaat-markkinointiin\/#breadcrumb"},"inLanguage":"fi","potentialAction":[{"@type":"ReadAction","target":["https:\/\/www.almamedia.fi\/mainostajat\/oppaat-markkinointiin\/"]}]},{"@type":"ImageObject","inLanguage":"fi","@id":"https:\/\/www.almamedia.fi\/mainostajat\/oppaat-markkinointiin\/#primaryimage","url":"https:\/\/www.almamedia.fi\/mainostajat\/wp-content\/uploads\/sites\/6\/shutterstock_1590753688-scaled.jpg","contentUrl":"https:\/\/www.almamedia.fi\/mainostajat\/wp-content\/uploads\/sites\/6\/shutterstock_1590753688-scaled.jpg","width":2048,"height":1366},{"@type":"BreadcrumbList","@id":"https:\/\/www.almamedia.fi\/mainostajat\/oppaat-markkinointiin\/#breadcrumb","itemListElement":[{"@type":"ListItem","position":1,"name":"Etusivu","item":"https:\/\/www.almamedia.fi\/mainostajat\/"},{"@type":"ListItem","position":2,"name":"Oppaat markkinointiin"}]},{"@type":"WebSite","@id":"https:\/\/www.almamedia.fi\/mainostajat\/#website","url":"https:\/\/www.almamedia.fi\/mainostajat\/","name":"Alma Media - mainostajat","description":"","publisher":{"@id":"https:\/\/www.almamedia.fi\/mainostajat\/#organization"},"potentialAction":[{"@type":"SearchAction","target":{"@type":"EntryPoint","urlTemplate":"https:\/\/www.almamedia.fi\/mainostajat\/?s={search_term_string}"},"query-input":{"@type":"PropertyValueSpecification","valueRequired":true,"valueName":"search_term_string"}}],"inLanguage":"fi"},{"@type":"Organization","@id":"https:\/\/www.almamedia.fi\/mainostajat\/#organization","name":"Alma Media - mainostajat","url":"https:\/\/www.almamedia.fi\/mainostajat\/","logo":{"@type":"ImageObject","inLanguage":"fi","@id":"https:\/\/www.almamedia.fi\/mainostajat\/#\/schema\/logo\/image\/","url":"https:\/\/www.almamedia.fi\/mainostajat\/wp-content\/uploads\/sites\/6\/alma-media-logo-valkoinen.svg","contentUrl":"https:\/\/www.almamedia.fi\/mainostajat\/wp-content\/uploads\/sites\/6\/alma-media-logo-valkoinen.svg","width":49,"height":50,"caption":"Alma Media - mainostajat"},"image":{"@id":"https:\/\/www.almamedia.fi\/mainostajat\/#\/schema\/logo\/image\/"}}]}},"lang":"fi","translations":{"fi":89955},"pll_sync_post":[],"_links":{"self":[{"href":"https:\/\/www.almamedia.fi\/mainostajat\/wp-json\/wp\/v2\/pages\/89955","targetHints":{"allow":["GET"]}}],"collection":[{"href":"https:\/\/www.almamedia.fi\/mainostajat\/wp-json\/wp\/v2\/pages"}],"about":[{"href":"https:\/\/www.almamedia.fi\/mainostajat\/wp-json\/wp\/v2\/types\/page"}],"author":[{"embeddable":true,"href":"https:\/\/www.almamedia.fi\/mainostajat\/wp-json\/wp\/v2\/users\/7"}],"replies":[{"embeddable":true,"href":"https:\/\/www.almamedia.fi\/mainostajat\/wp-json\/wp\/v2\/comments?post=89955"}],"version-history":[{"count":0,"href":"https:\/\/www.almamedia.fi\/mainostajat\/wp-json\/wp\/v2\/pages\/89955\/revisions"}],"wp:featuredmedia":[{"embeddable":true,"href":"https:\/\/www.almamedia.fi\/mainostajat\/wp-json\/wp\/v2\/media\/90041"}],"wp:attachment":[{"href":"https:\/\/www.almamedia.fi\/mainostajat\/wp-json\/wp\/v2\/media?parent=89955"}],"curies":[{"name":"wp","href":"https:\/\/api.w.org\/{rel}","templated":true}]}}