{"id":89336,"date":"2025-05-14T12:20:53","date_gmt":"2025-05-14T09:20:53","guid":{"rendered":"https:\/\/www.almamedia.fi\/mainostajat\/?page_id=89336"},"modified":"2025-05-14T12:20:55","modified_gmt":"2025-05-14T09:20:55","slug":"liikennetta-sivustolle","status":"publish","type":"page","link":"https:\/\/www.almamedia.fi\/mainostajat\/mainosratkaisut\/display-mainonnan-ratkaisut\/liikennetta-sivustolle\/","title":{"rendered":"Liikennett\u00e4 sivustolle"},"content":{"rendered":"\n<div class=\"wp-block-netello-container align-left\"><div class=\"wrapper\">\n<p><\/p>\n\n\n\n<div class=\"wp-block-columns is-layout-flex wp-container-core-columns-is-layout-9d6595d7 wp-block-columns-is-layout-flex\">\n<div class=\"wp-block-column is-layout-flow wp-block-column-is-layout-flow\" style=\"flex-basis:33.33%\">\n<h2 class=\"wp-block-heading has-text-align-left\">Kenelle sopii?<\/h2>\n\n\n\n<figure class=\"wp-block-image size-full is-resized\"><img decoding=\"async\" src=\"https:\/\/www.almamedia.fi\/mainostajat\/wp-content\/uploads\/sites\/6\/tarkeaa-2.svg\" alt=\"\" class=\"wp-image-88709\" style=\"width:200px\"\/><\/figure>\n<\/div>\n\n\n\n<div class=\"wp-block-column is-layout-flow wp-block-column-is-layout-flow\" style=\"flex-basis:66.66%\">\n<h4 class=\"wp-block-heading\"><br>Kun haluat lis\u00e4t\u00e4 verkkosivuk\u00e4vij\u00f6iden m\u00e4\u00e4r\u00e4\u00e4 ja aktivoida liikennett\u00e4 sivustollesi<\/h4>\n\n\n\n<p><strong>Tulospohjainen mainonta (CPC) eli Cost Per Click<\/strong> on toimivin mainosratkaisu silloin, kun kampanjan tavoitteena on saada kasvatettua verkkosivuston liikennett\u00e4 tai aktivoida k\u00e4ytt\u00e4ji\u00e4 toimintaan.<\/p>\n<\/div>\n<\/div>\n<\/div><\/div>\n\n\n\n<div style=\"height:100px\" aria-hidden=\"true\" class=\"wp-block-spacer\"><\/div>\n\n\n\n<div class=\"wp-block-group kapeampi\"><div class=\"wp-block-group__inner-container is-layout-flow wp-block-group-is-layout-flow\">\n<div class=\"wp-block-columns are-vertically-aligned-center is-layout-flex wp-container-core-columns-is-layout-9d6595d7 wp-block-columns-is-layout-flex\">\n<div class=\"wp-block-column is-vertically-aligned-center is-layout-flow wp-block-column-is-layout-flow\" style=\"flex-basis:33.33333%\">\n<figure class=\"wp-block-image size-full\"><img decoding=\"async\" src=\"http:\/\/www.almamedia.fi\/yrityksille\/wp-content\/uploads\/sites\/3\/2024\/03\/Tulospohjainen_mainonta_IL.png\" alt=\"Tulospohjainen mainonta\" class=\"wp-image-6232\"\/><\/figure>\n<\/div>\n\n\n\n<div class=\"wp-block-column is-vertically-aligned-center is-layout-flow wp-block-column-is-layout-flow\" style=\"flex-basis:66.66%\">\n<h2 class=\"wp-block-heading\">Kasvata verkkosivusi liikennett\u00e4&nbsp;&#8211; tulospohjainen mainonta (CPC)\u200b<\/h2>\n\n\n\n<p>Tulospohjainen mainonta tarkoittaa verkkomainontaa, jossa mainostaja maksaa vain <strong>mainonnan toteutuneista klikeist\u00e4<\/strong>. <\/p>\n\n\n\n<p>Tulospohjainen mainonta sopii erityisen hyvin k\u00e4vij\u00e4liikenteen ohjaukseen ja verkkokaupan myynnin edist\u00e4miseen. <strong>T\u00e4ll\u00e4 ratkaisulla ohjataan potentiaalisia asiakkaita \u201dostoputkeen\u201d<\/strong> \u2013 esim. tutustumaan tuotteeseen, kokeilemaan, lataamaan esitteen. Jatkuva tulospohjainen mainonta on tehokas tapa tavoittaa potentiaaliset asiakkaat <strong>juuri oikealla hetkell\u00e4<\/strong>.<\/p>\n\n\n\n<p>Mainonta optimoidaan n\u00e4kym\u00e4\u00e4n sinne, miss\u00e4 se tuottaa parhaiten tuloksia. Alma-verkostossa mainonta n\u00e4kyy turvallisessa mediaymp\u00e4rist\u00f6ss\u00e4 kotimaisissa ja tunnetuissa medioissa. Aineiston on oltava toimintaan ohjaava ja sen tulee sis\u00e4lt\u00e4\u00e4 esimerkiksi kehote, kilpailu tai tarjous.<\/p>\n\n\n\n<p>Voit hy\u00f6dynt\u00e4\u00e4 kampanjassa Alman monipuolisia kohdennusmahdollisuuksia esimerkiksi alue, demografia tai kiinnostusalueista muun muassa moottoriajoneuvot, harrastukset tai sisustaminen.<\/p>\n<\/div>\n<\/div>\n<\/div><\/div>\n\n\n\n<div style=\"height:13px\" aria-hidden=\"true\" class=\"wp-block-spacer\"><\/div>\n\n\n\n<div class=\"wp-block-group kapeampi\"><div class=\"wp-block-group__inner-container is-layout-flow wp-block-group-is-layout-flow\"><\/div><\/div>\n\n\n\n<div style=\"height:36px\" aria-hidden=\"true\" class=\"wp-block-spacer\"><\/div>\n\n\n\n<div class=\"wp-block-cover tayslevea\"><span aria-hidden=\"true\" class=\"wp-block-cover__background has-background-dim-100 has-background-dim\" style=\"background-color:#ab3f9d\"><\/span><div class=\"wp-block-cover__inner-container is-layout-flow wp-block-cover-is-layout-flow\">\n<div style=\"height:37px\" aria-hidden=\"true\" class=\"wp-block-spacer\"><\/div>\n\n\n\n<div class=\"wp-block-group container\"><div class=\"wp-block-group__inner-container is-layout-flow wp-block-group-is-layout-flow\">\n<h2 class=\"wp-block-heading has-text-align-center\">Haluatko lis\u00e4\u00e4 k\u00e4vij\u00f6it\u00e4 verkkosivuillesi?<\/h2>\n\n\n\n<p class=\"has-text-align-center intro, kapea\">Tulospohjainen mainonta on yksi keino saada lis\u00e4\u00e4 asiakkaita ja <strong>lis\u00e4\u00e4 k\u00e4vij\u00f6it\u00e4 verkkosivuille<\/strong>. Kerro meille, mit\u00e4 haluat saavuttaa, niin asiantuntijamme auttavat sinua l\u00f6yt\u00e4m\u00e4\u00e4n oikeat markkinoinnin ja mainonnan ratkaisut kattavasta tarjonnastamme.<\/p>\n\n\n\n<div style=\"height:18px\" aria-hidden=\"true\" class=\"wp-block-spacer\"><\/div>\n\n\n\n<div class=\"wp-block-buttons is-content-justification-center is-layout-flex wp-container-core-buttons-is-layout-16018d1d wp-block-buttons-is-layout-flex\">\n<div class=\"wp-block-button\"><a class=\"wp-block-button__link wp-element-button\" href=\"https:\/\/www.almamedia.fi\/yrityksille\/yhteydenotto\">Ota yhteytt\u00e4<\/a><\/div>\n<\/div>\n<\/div><\/div>\n\n\n\n<div style=\"height:37px\" aria-hidden=\"true\" class=\"wp-block-spacer\"><\/div>\n<\/div><\/div>\n\n\n\n<div style=\"height:43px\" aria-hidden=\"true\" class=\"wp-block-spacer\"><\/div>\n\n\n\n<h2 class=\"wp-block-heading has-text-align-center\">Usein kysytyt kysymykset<\/h2>\n\n\n<div  class=\"haitari \">\n\n                    <div class=\"item \" id=\"millainen-on-hyv-bannerimainos-block_1c35b9b03dcb7b08b642bcd59b6f98b3-1\">\n                <a href=\"#millainen-on-hyv-bannerimainos-block_1c35b9b03dcb7b08b642bcd59b6f98b3-1\">\n                    <h3 class=\"accordion-title \">Millainen on hyv\u00e4 bannerimainos?<\/h3>\n                <\/a>\n                <div class=\"accordion-content\" >\n                    <p>Bannerimainonnalle kannattaa ensin m\u00e4\u00e4ritell\u00e4 <strong>tavoite<\/strong> ja <strong>kohderyhm\u00e4<\/strong>. Jo n\u00e4m\u00e4 asiat m\u00e4\u00e4ritt\u00e4v\u00e4t pitk\u00e4lti, miten ja ket\u00e4 bannerin pit\u00e4isi puhutella. Lis\u00e4ksi hyv\u00e4 kehote aktivoi klikkaamaan!<\/p>\n<ol>\n<li>Hyv\u00e4 bannerimainos huomataan ja se tukee tavoitteitasi.<\/li>\n<li>Hyv\u00e4 bannerimainos on kaupallisesti toimiva ja saa aikaan tuloksia.<\/li>\n<li>Bannerin viesti tukee tavoitetta ja ohjaa toimintaan.<\/li>\n<li>Banneri on visuaalisesti selke\u00e4 ja vastaa br\u00e4ndi\u00e4.<\/li>\n<li>Banneri on teknisesti toimiva.<\/li>\n<\/ol>\n<p>Lis\u00e4\u00e4 hyv\u00e4n bannerimainoksen ominaisuuksista l\u00f6yd\u00e4t ladattavasta oppaastamme.<\/p>\n<p><strong>Lataa opas (pdf)<\/strong>: <a href=\"https:\/\/www.almamedia.fi\/yrityksille\/millainen-on-hyva-bannermainos-oppaan-tilaus\/\">Millainen on hyv\u00e4 bannerimainos?<\/a><\/p>\n                <\/div>\n            <\/div>\n                    <div class=\"item \" id=\"mit-on-mainonnan-kohdentaminen-block_1c35b9b03dcb7b08b642bcd59b6f98b3-2\">\n                <a href=\"#mit-on-mainonnan-kohdentaminen-block_1c35b9b03dcb7b08b642bcd59b6f98b3-2\">\n                    <h3 class=\"accordion-title \">Mit\u00e4 on mainonnan kohdentaminen?<\/h3>\n                <\/a>\n                <div class=\"accordion-content\" >\n                    <p>Kohdentaminen on sit\u00e4, ett\u00e4 mainosta pyrit\u00e4\u00e4n n\u00e4ytt\u00e4m\u00e4\u00e4n vain <strong>tietylle kohderyhm\u00e4lle, joka todenn\u00e4k\u00f6isimmin ostaisi<\/strong> mainonnan kohteena olevia tuotteita tai palveluita.<\/p>\n<p>Voit esimerkiksi kohdentaa mainontaa <strong>tietylle alueelle<\/strong>, tietyst\u00e4 aihepiirist\u00e4 <strong>kiinnostuneille<\/strong> tai vaikka tiettyyn <strong>mediaan<\/strong>, kuten Iltalehteen. Tavoitteistasi riippuen mainoksen voi kohdentaa my\u00f6s i\u00e4n, sukupuolen, ammattiryhm\u00e4n mukaan tai sen mukaan, mill\u00e4 laitteella mainoksen n\u00e4kee. N\u00e4iden lis\u00e4ksi on lukuisia muita kohdentamisen mahdollisuuksia, n\u00e4ist\u00e4 voit kysy\u00e4 meilt\u00e4 lis\u00e4\u00e4!<\/p>\n<p>Mainonta kannattaa kohdentaa, koska siten tavoitat yrityksellesi oleellisen yleis\u00f6n eik\u00e4 mainosn\u00e4ytt\u00f6j\u00e4 mene hukkaan. Kohdentaminen s\u00e4\u00e4st\u00e4\u00e4 my\u00f6s mainosbudjettiasi, kun <strong>mainonta on osuvampaa sopivalle yleis\u00f6lle<\/strong>. Esimerkiksi koiranomistaja kiinnostuu luultavammin enemm\u00e4n koiranruokamainoksesta kuin kissanhiekkamainoksesta.<\/p>\n<p><strong>Siirry artikkeliin:<\/strong><a href=\"https:\/\/www.almamedia.fi\/yrityksille\/digimainonnan-kohdentaminen-miksi-ja-miten-kohdentaa\/\"> Kohdentaminen on digimainonnan A ja O<\/a><\/p>\n                <\/div>\n            <\/div>\n                    <div class=\"item \" id=\"minulla-ei-ole-mainosmateriaalia-miten-toimin-block_1c35b9b03dcb7b08b642bcd59b6f98b3-3\">\n                <a href=\"#minulla-ei-ole-mainosmateriaalia-miten-toimin-block_1c35b9b03dcb7b08b642bcd59b6f98b3-3\">\n                    <h3 class=\"accordion-title \">Minulla ei ole mainosmateriaalia &#8211; miten toimin?<\/h3>\n                <\/a>\n                <div class=\"accordion-content\" >\n                    <p>Ei huolta! Me tied\u00e4mme, millainen sis\u00e4lt\u00f6 ja viesti uppoaa havittelemaasi kohderyhm\u00e4\u00e4n. Anna siis meid\u00e4n auttaa mainoksesi suunnittelussa ja toteutuksessa: saat meilt\u00e4 esimerkiksi <strong>mainosbannerit<\/strong>, <strong>videot<\/strong> tai <strong>sis\u00e4lt\u00f6markkinoinnin artikkelit<\/strong> laadukkaasti toteutettuna. Jo pienell\u00e4 budjetilla p\u00e4\u00e4set alkuun!<\/p>\n<p>Voit tuottaa mainosmateriaalin halutessasi itse, mutta voit my\u00f6s tilata suunnittelun ja aineiston valmistuksen meilt\u00e4. Meilt\u00e4 saat mainosratkaisuja sek\u00e4 digimarkkinointia kaikenkokoisiin tarpeisiin.<\/p>\n<p><a href=\"https:\/\/www.almamedia.fi\/yrityksille\/yhteydenotto\/\">Ota yhteytt\u00e4 oman alueesi asiantuntijaan ja kysy lis\u00e4\u00e4!<\/a><\/p>\n                <\/div>\n            <\/div>\n                    <div class=\"item \" id=\"kuinka-yritykseni-l-ytyisi-paremmin-googlesta-ja-muista-hakukoneista-block_1c35b9b03dcb7b08b642bcd59b6f98b3-4\">\n                <a href=\"#kuinka-yritykseni-l-ytyisi-paremmin-googlesta-ja-muista-hakukoneista-block_1c35b9b03dcb7b08b642bcd59b6f98b3-4\">\n                    <h3 class=\"accordion-title \">Kuinka yritykseni l\u00f6ytyisi paremmin Googlesta ja muista hakukoneista?<\/h3>\n                <\/a>\n                <div class=\"accordion-content\" >\n                    <div class=\"wp-block-spacer\" aria-hidden=\"true\">\n<p>Hyv\u00e4, ett\u00e4 olet kiinnostunut hakukonel\u00f6ydett\u00e4vyydest\u00e4, se on yksi t\u00e4rkeimpi\u00e4 verkkosivun ominaisuuksia.<\/p>\n<p>Hyv\u00e4n l\u00f6ydett\u00e4vyyden varmistat oikeilla sis\u00e4ll\u00f6ill\u00e4 ja kotisivujen laadukkaalla teknisell\u00e4 toteutuksella. Lis\u00e4ksi <a href=\"https:\/\/www.almamedia.fi\/yrityksille\/palvelut\/hakukonemarkkinointi\/\">hakukonemarkkinoinnilla<\/a> voit parantaa yrityksesi l\u00f6ydett\u00e4vyytt\u00e4 joko <strong>optimoimalla <\/strong><strong>verkkosivujesi sis\u00e4lt\u00f6\u00e4 (SEO)<\/strong>, mik\u00e4 parantaa l\u00f6ydett\u00e4vyytt\u00e4 orgaanisissa eli luonnollisissa hakutuloksissa tai <strong>ostamalla hakukoneista mainospaikkoja (SEM)<\/strong>.<\/p>\n<p><a href=\"https:\/\/www.almamedia.fi\/yrityksille\/yhteydenotto\/\">Ota yhteytt\u00e4<\/a> niin laitetaan l\u00f6ydett\u00e4vyysasiat kuntoon!<\/p>\n<\/div>\n                <\/div>\n            <\/div>\n        \n<\/div>\n","protected":false},"excerpt":{"rendered":"<p>Kasvata verkkosivusi liikennett\u00e4&nbsp;&#8211; tulospohjainen mainonta (CPC)\u200b Tulospohjainen mainonta tarkoittaa verkkomainontaa, jossa mainostaja maksaa vain mainonnan [&hellip;]<\/p>\n","protected":false},"author":7,"featured_media":89338,"parent":3586,"menu_order":0,"comment_status":"closed","ping_status":"closed","template":"","meta":{"_acf_changed":false,"footnotes":""},"class_list":["post-89336","page","type-page","status-publish","has-post-thumbnail","hentry"],"acf":[],"yoast_head":"<!-- This site is optimized with the Yoast SEO plugin v26.9 - https:\/\/yoast.com\/product\/yoast-seo-wordpress\/ -->\n<title>Lis\u00e4\u00e4 liikennett\u00e4 ja k\u00e4vij\u00f6it\u00e4 verkkosivuille<\/title>\n<meta name=\"description\" content=\"Houkuttele lis\u00e4\u00e4 k\u00e4vij\u00f6it\u00e4 verkkosivuillesi! Tulospohjainen mainonta sopii mainiosti ohjaamaan liikennett\u00e4 - asiakkaita - verkkosivuille.\" \/>\n<meta name=\"robots\" content=\"index, follow, max-snippet:-1, max-image-preview:large, max-video-preview:-1\" \/>\n<link rel=\"canonical\" href=\"https:\/\/www.almamedia.fi\/mainostajat\/mainosratkaisut\/display-mainonnan-ratkaisut\/liikennetta-sivustolle\/\" \/>\n<meta property=\"og:locale\" content=\"fi_FI\" \/>\n<meta property=\"og:type\" content=\"article\" \/>\n<meta property=\"og:title\" content=\"Lis\u00e4\u00e4 liikennett\u00e4 ja k\u00e4vij\u00f6it\u00e4 verkkosivuille\" \/>\n<meta property=\"og:description\" content=\"Houkuttele lis\u00e4\u00e4 k\u00e4vij\u00f6it\u00e4 verkkosivuillesi! Tulospohjainen mainonta sopii mainiosti ohjaamaan liikennett\u00e4 - asiakkaita - verkkosivuille.\" \/>\n<meta property=\"og:url\" content=\"https:\/\/www.almamedia.fi\/mainostajat\/mainosratkaisut\/display-mainonnan-ratkaisut\/liikennetta-sivustolle\/\" \/>\n<meta property=\"og:site_name\" content=\"Alma Media - mainostajat\" \/>\n<meta property=\"article:modified_time\" content=\"2025-05-14T09:20:55+00:00\" \/>\n<meta property=\"og:image\" content=\"https:\/\/www.almamedia.fi\/mainostajat\/wp-content\/uploads\/sites\/4\/shutterstock_2468114025-scaled.jpg\" \/>\n\t<meta property=\"og:image:width\" content=\"2048\" \/>\n\t<meta property=\"og:image:height\" content=\"1365\" \/>\n\t<meta property=\"og:image:type\" content=\"image\/jpeg\" \/>\n<meta name=\"twitter:card\" content=\"summary_large_image\" \/>\n<meta name=\"twitter:label1\" content=\"Arvioitu lukuaika\" \/>\n\t<meta name=\"twitter:data1\" content=\"2 minuuttia\" \/>\n<script type=\"application\/ld+json\" class=\"yoast-schema-graph\">{\"@context\":\"https:\/\/schema.org\",\"@graph\":[{\"@type\":\"WebPage\",\"@id\":\"https:\/\/www.almamedia.fi\/mainostajat\/mainosratkaisut\/display-mainonnan-ratkaisut\/liikennetta-sivustolle\/\",\"url\":\"https:\/\/www.almamedia.fi\/mainostajat\/mainosratkaisut\/display-mainonnan-ratkaisut\/liikennetta-sivustolle\/\",\"name\":\"Lis\u00e4\u00e4 liikennett\u00e4 ja k\u00e4vij\u00f6it\u00e4 verkkosivuille\",\"isPartOf\":{\"@id\":\"https:\/\/www.almamedia.fi\/mainostajat\/#website\"},\"primaryImageOfPage\":{\"@id\":\"https:\/\/www.almamedia.fi\/mainostajat\/mainosratkaisut\/display-mainonnan-ratkaisut\/liikennetta-sivustolle\/#primaryimage\"},\"image\":{\"@id\":\"https:\/\/www.almamedia.fi\/mainostajat\/mainosratkaisut\/display-mainonnan-ratkaisut\/liikennetta-sivustolle\/#primaryimage\"},\"thumbnailUrl\":\"https:\/\/www.almamedia.fi\/mainostajat\/wp-content\/uploads\/sites\/6\/shutterstock_2468114025-scaled.jpg\",\"datePublished\":\"2025-05-14T09:20:53+00:00\",\"dateModified\":\"2025-05-14T09:20:55+00:00\",\"description\":\"Houkuttele lis\u00e4\u00e4 k\u00e4vij\u00f6it\u00e4 verkkosivuillesi! Tulospohjainen mainonta sopii mainiosti ohjaamaan liikennett\u00e4 - asiakkaita - verkkosivuille.\",\"breadcrumb\":{\"@id\":\"https:\/\/www.almamedia.fi\/mainostajat\/mainosratkaisut\/display-mainonnan-ratkaisut\/liikennetta-sivustolle\/#breadcrumb\"},\"inLanguage\":\"fi\",\"potentialAction\":[{\"@type\":\"ReadAction\",\"target\":[\"https:\/\/www.almamedia.fi\/mainostajat\/mainosratkaisut\/display-mainonnan-ratkaisut\/liikennetta-sivustolle\/\"]}]},{\"@type\":\"ImageObject\",\"inLanguage\":\"fi\",\"@id\":\"https:\/\/www.almamedia.fi\/mainostajat\/mainosratkaisut\/display-mainonnan-ratkaisut\/liikennetta-sivustolle\/#primaryimage\",\"url\":\"https:\/\/www.almamedia.fi\/mainostajat\/wp-content\/uploads\/sites\/6\/shutterstock_2468114025-scaled.jpg\",\"contentUrl\":\"https:\/\/www.almamedia.fi\/mainostajat\/wp-content\/uploads\/sites\/6\/shutterstock_2468114025-scaled.jpg\",\"width\":2048,\"height\":1365},{\"@type\":\"BreadcrumbList\",\"@id\":\"https:\/\/www.almamedia.fi\/mainostajat\/mainosratkaisut\/display-mainonnan-ratkaisut\/liikennetta-sivustolle\/#breadcrumb\",\"itemListElement\":[{\"@type\":\"ListItem\",\"position\":1,\"name\":\"Etusivu\",\"item\":\"https:\/\/www.almamedia.fi\/mainostajat\/\"},{\"@type\":\"ListItem\",\"position\":2,\"name\":\"Mainosratkaisut\",\"item\":\"https:\/\/www.almamedia.fi\/mainostajat\/mainosratkaisut\/\"},{\"@type\":\"ListItem\",\"position\":3,\"name\":\"Display-mainonnan ratkaisut\",\"item\":\"https:\/\/www.almamedia.fi\/mainostajat\/mainosratkaisut\/display-mainonnan-ratkaisut\/\"},{\"@type\":\"ListItem\",\"position\":4,\"name\":\"Liikennett\u00e4 sivustolle\"}]},{\"@type\":\"WebSite\",\"@id\":\"https:\/\/www.almamedia.fi\/mainostajat\/#website\",\"url\":\"https:\/\/www.almamedia.fi\/mainostajat\/\",\"name\":\"Alma Media - mainostajat\",\"description\":\"\",\"publisher\":{\"@id\":\"https:\/\/www.almamedia.fi\/mainostajat\/#organization\"},\"potentialAction\":[{\"@type\":\"SearchAction\",\"target\":{\"@type\":\"EntryPoint\",\"urlTemplate\":\"https:\/\/www.almamedia.fi\/mainostajat\/?s={search_term_string}\"},\"query-input\":{\"@type\":\"PropertyValueSpecification\",\"valueRequired\":true,\"valueName\":\"search_term_string\"}}],\"inLanguage\":\"fi\"},{\"@type\":\"Organization\",\"@id\":\"https:\/\/www.almamedia.fi\/mainostajat\/#organization\",\"name\":\"Alma Media - mainostajat\",\"url\":\"https:\/\/www.almamedia.fi\/mainostajat\/\",\"logo\":{\"@type\":\"ImageObject\",\"inLanguage\":\"fi\",\"@id\":\"https:\/\/www.almamedia.fi\/mainostajat\/#\/schema\/logo\/image\/\",\"url\":\"https:\/\/www.almamedia.fi\/mainostajat\/wp-content\/uploads\/sites\/6\/alma-media-logo-valkoinen.svg\",\"contentUrl\":\"https:\/\/www.almamedia.fi\/mainostajat\/wp-content\/uploads\/sites\/6\/alma-media-logo-valkoinen.svg\",\"width\":49,\"height\":50,\"caption\":\"Alma Media - mainostajat\"},\"image\":{\"@id\":\"https:\/\/www.almamedia.fi\/mainostajat\/#\/schema\/logo\/image\/\"}}]}<\/script>\n<!-- \/ Yoast SEO plugin. -->","yoast_head_json":{"title":"Lis\u00e4\u00e4 liikennett\u00e4 ja k\u00e4vij\u00f6it\u00e4 verkkosivuille","description":"Houkuttele lis\u00e4\u00e4 k\u00e4vij\u00f6it\u00e4 verkkosivuillesi! Tulospohjainen mainonta sopii mainiosti ohjaamaan liikennett\u00e4 - asiakkaita - verkkosivuille.","robots":{"index":"index","follow":"follow","max-snippet":"max-snippet:-1","max-image-preview":"max-image-preview:large","max-video-preview":"max-video-preview:-1"},"canonical":"https:\/\/www.almamedia.fi\/mainostajat\/mainosratkaisut\/display-mainonnan-ratkaisut\/liikennetta-sivustolle\/","og_locale":"fi_FI","og_type":"article","og_title":"Lis\u00e4\u00e4 liikennett\u00e4 ja k\u00e4vij\u00f6it\u00e4 verkkosivuille","og_description":"Houkuttele lis\u00e4\u00e4 k\u00e4vij\u00f6it\u00e4 verkkosivuillesi! Tulospohjainen mainonta sopii mainiosti ohjaamaan liikennett\u00e4 - asiakkaita - verkkosivuille.","og_url":"https:\/\/www.almamedia.fi\/mainostajat\/mainosratkaisut\/display-mainonnan-ratkaisut\/liikennetta-sivustolle\/","og_site_name":"Alma Media - mainostajat","article_modified_time":"2025-05-14T09:20:55+00:00","og_image":[{"width":2048,"height":1365,"url":"https:\/\/www.almamedia.fi\/mainostajat\/wp-content\/uploads\/sites\/4\/shutterstock_2468114025-scaled.jpg","type":"image\/jpeg"}],"twitter_card":"summary_large_image","twitter_misc":{"Arvioitu lukuaika":"2 minuuttia"},"schema":{"@context":"https:\/\/schema.org","@graph":[{"@type":"WebPage","@id":"https:\/\/www.almamedia.fi\/mainostajat\/mainosratkaisut\/display-mainonnan-ratkaisut\/liikennetta-sivustolle\/","url":"https:\/\/www.almamedia.fi\/mainostajat\/mainosratkaisut\/display-mainonnan-ratkaisut\/liikennetta-sivustolle\/","name":"Lis\u00e4\u00e4 liikennett\u00e4 ja k\u00e4vij\u00f6it\u00e4 verkkosivuille","isPartOf":{"@id":"https:\/\/www.almamedia.fi\/mainostajat\/#website"},"primaryImageOfPage":{"@id":"https:\/\/www.almamedia.fi\/mainostajat\/mainosratkaisut\/display-mainonnan-ratkaisut\/liikennetta-sivustolle\/#primaryimage"},"image":{"@id":"https:\/\/www.almamedia.fi\/mainostajat\/mainosratkaisut\/display-mainonnan-ratkaisut\/liikennetta-sivustolle\/#primaryimage"},"thumbnailUrl":"https:\/\/www.almamedia.fi\/mainostajat\/wp-content\/uploads\/sites\/6\/shutterstock_2468114025-scaled.jpg","datePublished":"2025-05-14T09:20:53+00:00","dateModified":"2025-05-14T09:20:55+00:00","description":"Houkuttele lis\u00e4\u00e4 k\u00e4vij\u00f6it\u00e4 verkkosivuillesi! Tulospohjainen mainonta sopii mainiosti ohjaamaan liikennett\u00e4 - asiakkaita - verkkosivuille.","breadcrumb":{"@id":"https:\/\/www.almamedia.fi\/mainostajat\/mainosratkaisut\/display-mainonnan-ratkaisut\/liikennetta-sivustolle\/#breadcrumb"},"inLanguage":"fi","potentialAction":[{"@type":"ReadAction","target":["https:\/\/www.almamedia.fi\/mainostajat\/mainosratkaisut\/display-mainonnan-ratkaisut\/liikennetta-sivustolle\/"]}]},{"@type":"ImageObject","inLanguage":"fi","@id":"https:\/\/www.almamedia.fi\/mainostajat\/mainosratkaisut\/display-mainonnan-ratkaisut\/liikennetta-sivustolle\/#primaryimage","url":"https:\/\/www.almamedia.fi\/mainostajat\/wp-content\/uploads\/sites\/6\/shutterstock_2468114025-scaled.jpg","contentUrl":"https:\/\/www.almamedia.fi\/mainostajat\/wp-content\/uploads\/sites\/6\/shutterstock_2468114025-scaled.jpg","width":2048,"height":1365},{"@type":"BreadcrumbList","@id":"https:\/\/www.almamedia.fi\/mainostajat\/mainosratkaisut\/display-mainonnan-ratkaisut\/liikennetta-sivustolle\/#breadcrumb","itemListElement":[{"@type":"ListItem","position":1,"name":"Etusivu","item":"https:\/\/www.almamedia.fi\/mainostajat\/"},{"@type":"ListItem","position":2,"name":"Mainosratkaisut","item":"https:\/\/www.almamedia.fi\/mainostajat\/mainosratkaisut\/"},{"@type":"ListItem","position":3,"name":"Display-mainonnan ratkaisut","item":"https:\/\/www.almamedia.fi\/mainostajat\/mainosratkaisut\/display-mainonnan-ratkaisut\/"},{"@type":"ListItem","position":4,"name":"Liikennett\u00e4 sivustolle"}]},{"@type":"WebSite","@id":"https:\/\/www.almamedia.fi\/mainostajat\/#website","url":"https:\/\/www.almamedia.fi\/mainostajat\/","name":"Alma Media - mainostajat","description":"","publisher":{"@id":"https:\/\/www.almamedia.fi\/mainostajat\/#organization"},"potentialAction":[{"@type":"SearchAction","target":{"@type":"EntryPoint","urlTemplate":"https:\/\/www.almamedia.fi\/mainostajat\/?s={search_term_string}"},"query-input":{"@type":"PropertyValueSpecification","valueRequired":true,"valueName":"search_term_string"}}],"inLanguage":"fi"},{"@type":"Organization","@id":"https:\/\/www.almamedia.fi\/mainostajat\/#organization","name":"Alma Media - mainostajat","url":"https:\/\/www.almamedia.fi\/mainostajat\/","logo":{"@type":"ImageObject","inLanguage":"fi","@id":"https:\/\/www.almamedia.fi\/mainostajat\/#\/schema\/logo\/image\/","url":"https:\/\/www.almamedia.fi\/mainostajat\/wp-content\/uploads\/sites\/6\/alma-media-logo-valkoinen.svg","contentUrl":"https:\/\/www.almamedia.fi\/mainostajat\/wp-content\/uploads\/sites\/6\/alma-media-logo-valkoinen.svg","width":49,"height":50,"caption":"Alma Media - mainostajat"},"image":{"@id":"https:\/\/www.almamedia.fi\/mainostajat\/#\/schema\/logo\/image\/"}}]}},"lang":"fi","translations":{"fi":89336},"pll_sync_post":[],"_links":{"self":[{"href":"https:\/\/www.almamedia.fi\/mainostajat\/wp-json\/wp\/v2\/pages\/89336","targetHints":{"allow":["GET"]}}],"collection":[{"href":"https:\/\/www.almamedia.fi\/mainostajat\/wp-json\/wp\/v2\/pages"}],"about":[{"href":"https:\/\/www.almamedia.fi\/mainostajat\/wp-json\/wp\/v2\/types\/page"}],"author":[{"embeddable":true,"href":"https:\/\/www.almamedia.fi\/mainostajat\/wp-json\/wp\/v2\/users\/7"}],"replies":[{"embeddable":true,"href":"https:\/\/www.almamedia.fi\/mainostajat\/wp-json\/wp\/v2\/comments?post=89336"}],"version-history":[{"count":0,"href":"https:\/\/www.almamedia.fi\/mainostajat\/wp-json\/wp\/v2\/pages\/89336\/revisions"}],"up":[{"embeddable":true,"href":"https:\/\/www.almamedia.fi\/mainostajat\/wp-json\/wp\/v2\/pages\/3586"}],"wp:featuredmedia":[{"embeddable":true,"href":"https:\/\/www.almamedia.fi\/mainostajat\/wp-json\/wp\/v2\/media\/89338"}],"wp:attachment":[{"href":"https:\/\/www.almamedia.fi\/mainostajat\/wp-json\/wp\/v2\/media?parent=89336"}],"curies":[{"name":"wp","href":"https:\/\/api.w.org\/{rel}","templated":true}]}}