{"id":89312,"date":"2025-05-14T11:05:34","date_gmt":"2025-05-14T08:05:34","guid":{"rendered":"https:\/\/www.almamedia.fi\/mainostajat\/?page_id=89312"},"modified":"2025-05-14T11:05:36","modified_gmt":"2025-05-14T08:05:36","slug":"tunnettuus","status":"publish","type":"page","link":"https:\/\/www.almamedia.fi\/mainostajat\/tunnettuus\/","title":{"rendered":"Tunnettuus"},"content":{"rendered":"\n<h2 class=\"wp-block-heading has-text-align-center h2-pieni\">Mit\u00e4 paremmin yrityksesi, tuotteesi tai palvelusi tunnetaan, sit\u00e4 todenn\u00e4k\u00f6isemmin potentiaaliset asiakkaat valitsevat juuri sinun tuotteesi tai palvelusi ostop\u00e4\u00e4t\u00f6ksen hetkell\u00e4.<\/h2>\n\n\n\n<div style=\"height:21px\" aria-hidden=\"true\" class=\"wp-block-spacer\"><\/div>\n\n\n\n<p class=\"has-text-align-center kapeampi\">Tunnettuus ja sen rakentaminen on pitk\u00e4j\u00e4nteist\u00e4 ty\u00f6t\u00e4, jossa mainonnalla on t\u00e4rke\u00e4 rooli. <strong>Jatkuvalla digimainonnalla<\/strong> pysyt kohderyhm\u00e4si mieless\u00e4 ja olet l\u00e4sn\u00e4 valinnan hetkell\u00e4. Tunnettuuden lis\u00e4\u00e4miseen sopii esimerkiksi <a href=\"https:\/\/www.almamedia.fi\/yrityksille\/tunnettuus\/display-tunnettuus\/\">displaymainonta<\/a> ja <a href=\"https:\/\/www.almamedia.fi\/yrityksille\/tunnettuus\/video-tunnettuus\/\">videomainonta<\/a>. Miksi tunnettuuden kasvattaminen on t\u00e4rke\u00e4\u00e4 ja miten se onnistuu? Tutustu ratkaisuihin tarkemmin alta.<\/p>\n\n\n\n<p><\/p>\n\n\n\n<div class=\"wp-block-buttons is-content-justification-center is-layout-flex wp-container-core-buttons-is-layout-16018d1d wp-block-buttons-is-layout-flex\">\n<div class=\"wp-block-button is-style-outline is-style-outline--1\"><a class=\"wp-block-button__link wp-element-button\" href=\"https:\/\/www.almamedia.fi\/yrityksille\/uuden-asiakkaan-edut-2024\/\">Meill\u00e4 uusi asiakas saa himpun verran enemm\u00e4n.<br>Kurkkaapa t\u00e4nne <img decoding=\"async\" class=\"wp-image-6061\" style=\"width: 40px;\" src=\"http:\/\/www.almamedia.fi\/yrityksille\/wp-content\/uploads\/sites\/3\/2024\/02\/avaa_tasta_.png\" alt=\"\"><\/a><\/div>\n<\/div>\n\n\n\n<div style=\"height:100px\" aria-hidden=\"true\" class=\"wp-block-spacer\"><\/div>\n\n\n\n<div class=\"wp-block-columns is-layout-flex wp-container-core-columns-is-layout-9d6595d7 wp-block-columns-is-layout-flex\">\n<div class=\"wp-block-column is-layout-flow wp-block-column-is-layout-flow\">\n<figure class=\"wp-block-image size-full\"><img decoding=\"async\" width=\"900\" height=\"506\" src=\"https:\/\/www.almamedia.fi\/mainostajat\/wp-content\/uploads\/sites\/6\/Displaymainonta-900x506-1.png\" alt=\"\" class=\"wp-image-89215\" style=\"aspect-ratio:16\/9;object-fit:contain\" srcset=\"https:\/\/www.almamedia.fi\/mainostajat\/wp-content\/uploads\/sites\/6\/Displaymainonta-900x506-1.png 900w, https:\/\/www.almamedia.fi\/mainostajat\/wp-content\/uploads\/sites\/6\/Displaymainonta-900x506-1-380x214.png 380w, https:\/\/www.almamedia.fi\/mainostajat\/wp-content\/uploads\/sites\/6\/Displaymainonta-900x506-1-768x432.png 768w\" sizes=\"(max-width: 900px) 100vw, 900px\" \/><\/figure>\n\n\n\n<hr class=\"wp-block-separator has-alpha-channel-opacity\"\/>\n\n\n\n<h4 class=\"wp-block-heading\">Display-mainonta<\/h4>\n\n\n\n<p>Display-mainonnalla kohdennat viestisi halutulle kohderyhm\u00e4lle &#8211; eritt\u00e4in toimiva tapa my\u00f6s lis\u00e4myyntiin nykyiselle asiakaskunnalle.<\/p>\n\n\n\n<p><a href=\"https:\/\/www.almamedia.fi\/mainostajat\/mainosratkaisut\/display-mainonnan-ratkaisut\/\">Lue lis\u00e4\u00e4 display-mainonnasta<\/a><\/p>\n<\/div>\n\n\n\n<div class=\"wp-block-column is-layout-flow wp-block-column-is-layout-flow\">\n<figure class=\"wp-block-image size-full\"><img decoding=\"async\" width=\"900\" height=\"506\" src=\"https:\/\/www.almamedia.fi\/mainostajat\/wp-content\/uploads\/sites\/6\/Videomainonta-900x506-1.png\" alt=\"\" class=\"wp-image-89239\" style=\"aspect-ratio:16\/9;object-fit:contain\" srcset=\"https:\/\/www.almamedia.fi\/mainostajat\/wp-content\/uploads\/sites\/6\/Videomainonta-900x506-1.png 900w, https:\/\/www.almamedia.fi\/mainostajat\/wp-content\/uploads\/sites\/6\/Videomainonta-900x506-1-380x214.png 380w, https:\/\/www.almamedia.fi\/mainostajat\/wp-content\/uploads\/sites\/6\/Videomainonta-900x506-1-768x432.png 768w\" sizes=\"(max-width: 900px) 100vw, 900px\" \/><\/figure>\n\n\n\n<hr class=\"wp-block-separator has-alpha-channel-opacity\"\/>\n\n\n\n<h4 class=\"wp-block-heading\">Videomainonta<\/h4>\n\n\n\n<p>Videomainonnalla voit vaikuttaa mielikuvaan, sitouttaa ja erottautua kilpailijoista tarinankerronnan keinoin.<\/p>\n\n\n\n<p><a href=\"https:\/\/www.almamedia.fi\/mainostajat\/mainosratkaisut\/videomainonnan-ratkaisut\/\">Lue lis\u00e4\u00e4 videomainonnasta<\/a><\/p>\n<\/div>\n\n\n\n<div class=\"wp-block-column is-layout-flow wp-block-column-is-layout-flow\">\n<figure class=\"wp-block-image size-full\"><img decoding=\"async\" width=\"900\" height=\"506\" src=\"https:\/\/www.almamedia.fi\/mainostajat\/wp-content\/uploads\/sites\/6\/Sisaltomarkkinointi-900x506-1.jpg\" alt=\"\" class=\"wp-image-89240\" srcset=\"https:\/\/www.almamedia.fi\/mainostajat\/wp-content\/uploads\/sites\/6\/Sisaltomarkkinointi-900x506-1.jpg 900w, https:\/\/www.almamedia.fi\/mainostajat\/wp-content\/uploads\/sites\/6\/Sisaltomarkkinointi-900x506-1-380x214.jpg 380w, https:\/\/www.almamedia.fi\/mainostajat\/wp-content\/uploads\/sites\/6\/Sisaltomarkkinointi-900x506-1-768x432.jpg 768w\" sizes=\"(max-width: 900px) 100vw, 900px\" \/><\/figure>\n\n\n\n<hr class=\"wp-block-separator has-alpha-channel-opacity\"\/>\n\n\n\n<h4 class=\"wp-block-heading\">Sis\u00e4lt\u00f6markkinointi<\/h4>\n\n\n\n<p>Sis\u00e4lt\u00f6markkinointi on t\u00e4rkeiden asioiden kertomista niin houkuttelevasti, ett\u00e4 asiakkaasi kiinnostuvat ja k\u00e4ytt\u00e4v\u00e4t aikaansa viestisi parissa. \u200b<\/p>\n\n\n\n<p><a href=\"https:\/\/www.almamedia.fi\/mainostajat\/mainosratkaisut\/sisaltomarkkinoinnin-ratkaisut\/\">Lue lis\u00e4\u00e4 sis\u00e4lt\u00f6markkinoinnista<\/a><\/p>\n<\/div>\n<\/div>\n\n\n\n<div style=\"height:50px\" aria-hidden=\"true\" class=\"wp-block-spacer\"><\/div>\n\n\n\n<div style=\"height:36px\" aria-hidden=\"true\" class=\"wp-block-spacer\"><\/div>\n\n\n\n<h2 class=\"wp-block-heading kapeampi\" id=\"top-of-mind\">Mit\u00e4 on top of mind?<\/h2>\n\n\n\n<p class=\"kapeampi\">Kun kuluttajalle tai yritykselle her\u00e4\u00e4 ostotarve, mieleen juolahtaa usein heti muutamia br\u00e4ndej\u00e4 tai merkkej\u00e4, joiden ostamista harkitaan. Sit\u00e4 sanotaan <strong>\u201dtop of mindiksi\u201d eli mik\u00e4 br\u00e4ndi tulee ensimm\u00e4isen\u00e4 mieleen<\/strong> ilman autettua muistuttamista tai tiedonhakua.<\/p>\n\n\n\n<p class=\"kapeampi\"><strong>Artikkeli:<\/strong> <a href=\"https:\/\/www.almamedia.fi\/yrityksille\/sisaltomarkkinointi-tehokas-tapa-saada-huomiota\/\">Sis\u00e4lt\u00f6markkinointi \u2013 tarinankerronnalla top of mindiin<\/a><br><strong>Eik\u00f6 yrityksell\u00e4si ole viel\u00e4 br\u00e4ndi\u00e4?<\/strong> <a href=\"https:\/\/www.almamedia.fi\/yrityksille\/lataa-nain-luot-yrityksellesi-brandin\/\">N\u00e4in luot yrityksellesi br\u00e4ndin<\/a><\/p>\n\n\n\n<h2 class=\"wp-block-heading kapeampi\">Tee omasta br\u00e4ndist\u00e4si muistettava<\/h2>\n\n\n<div class=\"wp-block-image kapeampi\">\n<figure class=\"alignright size-full is-resized\"><img decoding=\"async\" src=\"http:\/\/www.almamedia.fi\/yrityksille\/wp-content\/uploads\/sites\/3\/2023\/04\/tunnettuus_top-of-mind.jpg\" alt=\"Tunnettuus ja top of mind\" class=\"wp-image-4221\" style=\"width:300px;height:267px\"\/><figcaption class=\"wp-element-caption\"><strong>Tee omasta br\u00e4ndist\u00e4si muistettava.<\/strong> Mitk\u00e4 ovat br\u00e4ndisi kilpailutekij\u00e4t?<\/figcaption><\/figure>\n<\/div>\n\n\n<p class=\"kapeampi\">Sana kiirii ja maine hyv\u00e4\u00e4 palvelua tarjoavasta yrityksest\u00e4 kasvaa, mutta usein liian hitaasti. Yrityksen ja br\u00e4ndin tunnettuuden lis\u00e4\u00e4miseen on monia keinoja. <strong>Bannerimainonta eli <a href=\"https:\/\/www.almamedia.fi\/yrityksille\/palvelut\/display-mainonta\/\">display-mainonta<\/a><\/strong> sek\u00e4 <strong><a href=\"https:\/\/www.almamedia.fi\/yrityksille\/palvelut\/videomainonta\/\">videomainonta <\/a><\/strong>mahdollistavat kustannustehokkaasti n\u00e4ytt\u00e4v\u00e4t mainokset, jotka huomataan, tunnistetaan ja muistetaan.<\/p>\n\n\n\n<p class=\"kapeampi\">Positiivisen br\u00e4ndimielikuvan luominen on pitk\u00e4j\u00e4nteist\u00e4 ty\u00f6t\u00e4, mutta se on teht\u00e4viss\u00e4 ihan kaiken kokoisille yrityksille ja br\u00e4ndeille. On t\u00e4rke\u00e4\u00e4 tunnistaa omat kilpailutekij\u00e4t, ja tuoda niit\u00e4 rohkeasti ja yhdenmukaisesti esiin mainonnassa ja viestinn\u00e4ss\u00e4. T\u00e4m\u00e4 vahvistaa br\u00e4ndin vakuuttavuutta.<\/p>\n\n\n\n<p><\/p>\n\n\n\n<p class=\"kapeampi\"><strong>Lue seuraavaksi:<\/strong> <a href=\"https:\/\/www.almamedia.fi\/yrityksille\/erottautuminen-kilpailijoista\/\">Miten erottautua kilpailijoista?<\/a><br><strong>Kiinnostut varmasti my\u00f6s n\u00e4ist\u00e4 vinkeist\u00e4:<\/strong> <a href=\"https:\/\/www.almamedia.fi\/yrityksille\/markkinoijan-tietopankki\/brandin-rakentaminen-ja-kehittaminen\/\">Br\u00e4ndin rakentaminen ja kehitt\u00e4minen<\/a><br><\/p>\n\n\n\n<p class=\"kapeampi\"><\/p>\n\n\n\n<h2 class=\"wp-block-heading kapeampi\">Lis\u00e4\u00e4 tunnettuuttasi halutun kohderyhm\u00e4n keskuudessa<\/h2>\n\n\n\n<p class=\"kapeampi\"><strong>Bannerimainonnan ja videomainonnan etu on erinomainen kohdennettavuus<\/strong>. Ei ole v\u00e4li\u00e4, vaikka myym\u00e4l\u00e4si sijaitsevat eri puolilla Suomea, banneri- ja videomainontaa voit vaivatta kohdentaa juuri tietylle alueelle, ja r\u00e4\u00e4t\u00e4l\u00f6id\u00e4 viestit paikkakunnan mukaan houkutteleviksi. Verkkokauppa taas ei ole sijainnista kiinni, joten voit tavoittaa potentiaalisia asiakkaita kaikkialta Suomesta.<\/p>\n\n\n\n<p class=\"kapeampi\"><strong>Asiakascase<\/strong>: <a href=\"https:\/\/www.almamedia.fi\/yrityksille\/referenssit\/bolt\/\">Katso, miten Bolt kasvattaa tunnettuuttaan Alman kanssa<\/a><br><strong>Katso video: <\/strong><a href=\"https:\/\/www.almamedia.fi\/yrityksille\/nain-loydat-ostavia-asiakkaita\/\">N\u00e4in l\u00f6yd\u00e4t ostavia asiakkaita<\/a><\/p>\n\n\n\n<h2 class=\"wp-block-heading kapeampi\">Tunnettuus vaatii toistoa, toistoa, toistoa<\/h2>\n\n\n\n<p class=\"kapeampi\">Muistij\u00e4lki yhdest\u00e4 mainoksesta pyyhkiytyy aika nopeasti, mik\u00e4li toistoa ei ole ollut.<\/p>\n\n\n\n<p class=\"kapeampi\"><strong>Toisto lis\u00e4\u00e4 mainonnan tehoa, tunnistettavuutta ja muistettavuutta.<\/strong> Mist\u00e4 sinun yrityksesi tunnetaan tai muistetaan? Mink\u00e4laisen mielikuvan mainontasi j\u00e4tt\u00e4\u00e4? Onko yrityksesi kaikki mainonta, markkinointi ja viestint\u00e4 yhdenmukaista? Ovatko erilliset materiaalit tunnistettavissa juuri sinun yrityksesi materiaaleiksi? Onhan mainonnalle varattu riitt\u00e4v\u00e4sti toistoa ja jatkuvuutta? N\u00e4it\u00e4 asioita kannattaa pohtia markkinointikampanjoita suunnitellessa.<\/p>\n\n\n\n<p class=\"kapeampi\"><strong>Asiakascase<\/strong>: <a href=\"https:\/\/www.almamedia.fi\/yrityksille\/referenssit\/jatkuva-mainonta-onnistuu-maltillisellakin-budjetilla-case-savon-ammattiopisto-sakky\/\">Jatkuva mainonta onnistuu maltillisellakin budjetilla<\/a><br><strong>Lue lis\u00e4\u00e4:<\/strong> <a href=\"https:\/\/www.almamedia.fi\/yrityksille\/vinkit-pk-yritykselle-onnistuneeseen-mainontaan\/\">Onko mainontasi kirjavaa kuin str\u00f6sselisekoitus?<\/a><\/p>\n\n\n\n<p><\/p>\n\n\n\n<h2 class=\"wp-block-heading has-text-align-center kapeampi\"><strong>\u00c4l\u00e4 siis piilottele br\u00e4ndi\u00e4si<\/strong><\/h2>\n\n\n\n<p class=\"has-text-align-center kapeampi\"><strong>Ota yhteytt\u00e4 niin tehd\u00e4\u00e4n yrityksellesi n\u00e4ytt\u00e4v\u00e4\u00e4 digimarkkinointia!<\/strong> <br>Onko toiveenasi kasvattaa tunnettuutta, vauhdittaa myyntisesonkia ja saada lis\u00e4\u00e4 asiakkaita? Kaikkea ei tarvitse eik\u00e4 kannata tehd\u00e4 itse, meilt\u00e4 saat digimarkkinointia yksinkertaisesti. Kun tulet asiakkaaksemme nyt, saat vaikuttavia etuja.<\/p>\n\n\n\n<div class=\"wp-block-buttons is-content-justification-center is-layout-flex wp-container-core-buttons-is-layout-16018d1d wp-block-buttons-is-layout-flex\">\n<div class=\"wp-block-button is-style-outline is-style-outline--2\"><a class=\"wp-block-button__link wp-element-button\" href=\"https:\/\/www.almamedia.fi\/yrityksille\/uuden-asiakkaan-edut-2024\/\">Meill\u00e4 uusi asiakas saa himpun verran enemm\u00e4n.<br>Kurkkaapa t\u00e4nne <img decoding=\"async\" class=\"wp-image-6061\" style=\"width: 40px;\" src=\"http:\/\/www.almamedia.fi\/yrityksille\/wp-content\/uploads\/sites\/3\/2024\/02\/avaa_tasta_.png\" alt=\"\"><\/a><\/div>\n<\/div>\n\n\n\n<div style=\"height:42px\" aria-hidden=\"true\" class=\"wp-block-spacer\"><\/div>\n\n\n\n<div class=\"wp-block-cover tayslevea\"><span aria-hidden=\"true\" class=\"wp-block-cover__background has-background-dim-100 has-background-dim\" style=\"background-color:#ab3f9d\"><\/span><div class=\"wp-block-cover__inner-container is-layout-flow wp-block-cover-is-layout-flow\">\n<div style=\"height:37px\" aria-hidden=\"true\" class=\"wp-block-spacer\"><\/div>\n\n\n\n<div class=\"wp-block-group container\"><div class=\"wp-block-group__inner-container is-layout-flow wp-block-group-is-layout-flow\">\n<h2 class=\"wp-block-heading has-text-align-center\">Olisiko aika saada lis\u00e4\u00e4 tunnettuutta?<\/h2>\n\n\n\n<p class=\"has-text-align-center kapea intro has-white-color has-text-color has-link-color wp-elements-baf10b440498deea2ca2bd770c321cb7\">Yll\u00e4 mainitut keinot ovat erinomaisia tunnettuuden kasvattamiseen. Kerro meille, mit\u00e4 haluat saavuttaa, niin r\u00e4\u00e4t\u00e4l\u00f6id\u00e4\u00e4n yhdess\u00e4 juuri sinun tarpeisiisi ja budjettiisi sopiva kokonaisuus. <\/p>\n\n\n\n<div style=\"height:18px\" aria-hidden=\"true\" class=\"wp-block-spacer\"><\/div>\n\n\n\n<div class=\"wp-block-buttons is-content-justification-center is-layout-flex wp-container-core-buttons-is-layout-16018d1d wp-block-buttons-is-layout-flex\">\n<div class=\"wp-block-button\"><a class=\"wp-block-button__link wp-element-button\" href=\"\/yrityksille\/yhteydenotto\/\">Ota yhteytt\u00e4<\/a><\/div>\n<\/div>\n<\/div><\/div>\n\n\n\n<div style=\"height:37px\" aria-hidden=\"true\" class=\"wp-block-spacer\"><\/div>\n<\/div><\/div>\n\n\n\n<div style=\"height:48px\" aria-hidden=\"true\" class=\"wp-block-spacer\"><\/div>\n","protected":false},"excerpt":{"rendered":"<p>Mit\u00e4 paremmin yrityksesi, tuotteesi tai palvelusi tunnetaan, sit\u00e4 todenn\u00e4k\u00f6isemmin potentiaaliset asiakkaat valitsevat juuri sinun tuotteesi [&hellip;]<\/p>\n","protected":false},"author":7,"featured_media":89313,"parent":0,"menu_order":0,"comment_status":"closed","ping_status":"closed","template":"","meta":{"_acf_changed":false,"footnotes":""},"class_list":["post-89312","page","type-page","status-publish","has-post-thumbnail","hentry"],"acf":[],"yoast_head":"<!-- This site is optimized with the Yoast SEO plugin v26.9 - https:\/\/yoast.com\/product\/yoast-seo-wordpress\/ -->\n<title>Tunnettuus on br\u00e4ndille elint\u00e4rke\u00e4\u00e4<\/title>\n<meta name=\"description\" content=\"Tunnettuus lis\u00e4\u00e4 mahdollisuuksia kasvuun. Miten asiakkaat l\u00f6yt\u00e4v\u00e4t palvelusi, jos yrityst\u00e4si ei tunneta? N\u00e4in teet br\u00e4ndist\u00e4si muistettavan.\" \/>\n<meta name=\"robots\" content=\"index, follow, max-snippet:-1, max-image-preview:large, max-video-preview:-1\" \/>\n<link rel=\"canonical\" href=\"https:\/\/www.almamedia.fi\/mainostajat\/tunnettuus\/\" \/>\n<meta property=\"og:locale\" content=\"fi_FI\" \/>\n<meta property=\"og:type\" content=\"article\" \/>\n<meta property=\"og:title\" content=\"Tunnettuus on br\u00e4ndille elint\u00e4rke\u00e4\u00e4\" \/>\n<meta property=\"og:description\" content=\"Tunnettuus lis\u00e4\u00e4 mahdollisuuksia kasvuun. Miten asiakkaat l\u00f6yt\u00e4v\u00e4t palvelusi, jos yrityst\u00e4si ei tunneta? N\u00e4in teet br\u00e4ndist\u00e4si muistettavan.\" \/>\n<meta property=\"og:url\" content=\"https:\/\/www.almamedia.fi\/mainostajat\/tunnettuus\/\" \/>\n<meta property=\"og:site_name\" content=\"Alma Media - mainostajat\" \/>\n<meta property=\"article:modified_time\" content=\"2025-05-14T08:05:36+00:00\" \/>\n<meta property=\"og:image\" content=\"https:\/\/www.almamedia.fi\/mainostajat\/wp-content\/uploads\/sites\/4\/shutterstock_1205450374-scaled.jpg\" \/>\n\t<meta property=\"og:image:width\" content=\"2048\" \/>\n\t<meta property=\"og:image:height\" content=\"1080\" \/>\n\t<meta property=\"og:image:type\" content=\"image\/jpeg\" \/>\n<meta name=\"twitter:card\" content=\"summary_large_image\" \/>\n<meta name=\"twitter:label1\" content=\"Arvioitu lukuaika\" \/>\n\t<meta name=\"twitter:data1\" content=\"5 minuuttia\" \/>\n<script type=\"application\/ld+json\" class=\"yoast-schema-graph\">{\"@context\":\"https:\/\/schema.org\",\"@graph\":[{\"@type\":\"WebPage\",\"@id\":\"https:\/\/www.almamedia.fi\/mainostajat\/tunnettuus\/\",\"url\":\"https:\/\/www.almamedia.fi\/mainostajat\/tunnettuus\/\",\"name\":\"Tunnettuus on br\u00e4ndille elint\u00e4rke\u00e4\u00e4\",\"isPartOf\":{\"@id\":\"https:\/\/www.almamedia.fi\/mainostajat\/#website\"},\"primaryImageOfPage\":{\"@id\":\"https:\/\/www.almamedia.fi\/mainostajat\/tunnettuus\/#primaryimage\"},\"image\":{\"@id\":\"https:\/\/www.almamedia.fi\/mainostajat\/tunnettuus\/#primaryimage\"},\"thumbnailUrl\":\"https:\/\/www.almamedia.fi\/mainostajat\/wp-content\/uploads\/sites\/6\/shutterstock_1205450374-scaled.jpg\",\"datePublished\":\"2025-05-14T08:05:34+00:00\",\"dateModified\":\"2025-05-14T08:05:36+00:00\",\"description\":\"Tunnettuus lis\u00e4\u00e4 mahdollisuuksia kasvuun. Miten asiakkaat l\u00f6yt\u00e4v\u00e4t palvelusi, jos yrityst\u00e4si ei tunneta? N\u00e4in teet br\u00e4ndist\u00e4si muistettavan.\",\"breadcrumb\":{\"@id\":\"https:\/\/www.almamedia.fi\/mainostajat\/tunnettuus\/#breadcrumb\"},\"inLanguage\":\"fi\",\"potentialAction\":[{\"@type\":\"ReadAction\",\"target\":[\"https:\/\/www.almamedia.fi\/mainostajat\/tunnettuus\/\"]}]},{\"@type\":\"ImageObject\",\"inLanguage\":\"fi\",\"@id\":\"https:\/\/www.almamedia.fi\/mainostajat\/tunnettuus\/#primaryimage\",\"url\":\"https:\/\/www.almamedia.fi\/mainostajat\/wp-content\/uploads\/sites\/6\/shutterstock_1205450374-scaled.jpg\",\"contentUrl\":\"https:\/\/www.almamedia.fi\/mainostajat\/wp-content\/uploads\/sites\/6\/shutterstock_1205450374-scaled.jpg\",\"width\":2048,\"height\":1080},{\"@type\":\"BreadcrumbList\",\"@id\":\"https:\/\/www.almamedia.fi\/mainostajat\/tunnettuus\/#breadcrumb\",\"itemListElement\":[{\"@type\":\"ListItem\",\"position\":1,\"name\":\"Etusivu\",\"item\":\"https:\/\/www.almamedia.fi\/mainostajat\/\"},{\"@type\":\"ListItem\",\"position\":2,\"name\":\"Tunnettuus\"}]},{\"@type\":\"WebSite\",\"@id\":\"https:\/\/www.almamedia.fi\/mainostajat\/#website\",\"url\":\"https:\/\/www.almamedia.fi\/mainostajat\/\",\"name\":\"Alma Media - mainostajat\",\"description\":\"\",\"publisher\":{\"@id\":\"https:\/\/www.almamedia.fi\/mainostajat\/#organization\"},\"potentialAction\":[{\"@type\":\"SearchAction\",\"target\":{\"@type\":\"EntryPoint\",\"urlTemplate\":\"https:\/\/www.almamedia.fi\/mainostajat\/?s={search_term_string}\"},\"query-input\":{\"@type\":\"PropertyValueSpecification\",\"valueRequired\":true,\"valueName\":\"search_term_string\"}}],\"inLanguage\":\"fi\"},{\"@type\":\"Organization\",\"@id\":\"https:\/\/www.almamedia.fi\/mainostajat\/#organization\",\"name\":\"Alma Media - mainostajat\",\"url\":\"https:\/\/www.almamedia.fi\/mainostajat\/\",\"logo\":{\"@type\":\"ImageObject\",\"inLanguage\":\"fi\",\"@id\":\"https:\/\/www.almamedia.fi\/mainostajat\/#\/schema\/logo\/image\/\",\"url\":\"https:\/\/www.almamedia.fi\/mainostajat\/wp-content\/uploads\/sites\/6\/alma-media-logo-valkoinen.svg\",\"contentUrl\":\"https:\/\/www.almamedia.fi\/mainostajat\/wp-content\/uploads\/sites\/6\/alma-media-logo-valkoinen.svg\",\"width\":49,\"height\":50,\"caption\":\"Alma Media - mainostajat\"},\"image\":{\"@id\":\"https:\/\/www.almamedia.fi\/mainostajat\/#\/schema\/logo\/image\/\"}}]}<\/script>\n<!-- \/ Yoast SEO plugin. -->","yoast_head_json":{"title":"Tunnettuus on br\u00e4ndille elint\u00e4rke\u00e4\u00e4","description":"Tunnettuus lis\u00e4\u00e4 mahdollisuuksia kasvuun. Miten asiakkaat l\u00f6yt\u00e4v\u00e4t palvelusi, jos yrityst\u00e4si ei tunneta? N\u00e4in teet br\u00e4ndist\u00e4si muistettavan.","robots":{"index":"index","follow":"follow","max-snippet":"max-snippet:-1","max-image-preview":"max-image-preview:large","max-video-preview":"max-video-preview:-1"},"canonical":"https:\/\/www.almamedia.fi\/mainostajat\/tunnettuus\/","og_locale":"fi_FI","og_type":"article","og_title":"Tunnettuus on br\u00e4ndille elint\u00e4rke\u00e4\u00e4","og_description":"Tunnettuus lis\u00e4\u00e4 mahdollisuuksia kasvuun. Miten asiakkaat l\u00f6yt\u00e4v\u00e4t palvelusi, jos yrityst\u00e4si ei tunneta? N\u00e4in teet br\u00e4ndist\u00e4si muistettavan.","og_url":"https:\/\/www.almamedia.fi\/mainostajat\/tunnettuus\/","og_site_name":"Alma Media - mainostajat","article_modified_time":"2025-05-14T08:05:36+00:00","og_image":[{"width":2048,"height":1080,"url":"https:\/\/www.almamedia.fi\/mainostajat\/wp-content\/uploads\/sites\/4\/shutterstock_1205450374-scaled.jpg","type":"image\/jpeg"}],"twitter_card":"summary_large_image","twitter_misc":{"Arvioitu lukuaika":"5 minuuttia"},"schema":{"@context":"https:\/\/schema.org","@graph":[{"@type":"WebPage","@id":"https:\/\/www.almamedia.fi\/mainostajat\/tunnettuus\/","url":"https:\/\/www.almamedia.fi\/mainostajat\/tunnettuus\/","name":"Tunnettuus on br\u00e4ndille elint\u00e4rke\u00e4\u00e4","isPartOf":{"@id":"https:\/\/www.almamedia.fi\/mainostajat\/#website"},"primaryImageOfPage":{"@id":"https:\/\/www.almamedia.fi\/mainostajat\/tunnettuus\/#primaryimage"},"image":{"@id":"https:\/\/www.almamedia.fi\/mainostajat\/tunnettuus\/#primaryimage"},"thumbnailUrl":"https:\/\/www.almamedia.fi\/mainostajat\/wp-content\/uploads\/sites\/6\/shutterstock_1205450374-scaled.jpg","datePublished":"2025-05-14T08:05:34+00:00","dateModified":"2025-05-14T08:05:36+00:00","description":"Tunnettuus lis\u00e4\u00e4 mahdollisuuksia kasvuun. Miten asiakkaat l\u00f6yt\u00e4v\u00e4t palvelusi, jos yrityst\u00e4si ei tunneta? N\u00e4in teet br\u00e4ndist\u00e4si muistettavan.","breadcrumb":{"@id":"https:\/\/www.almamedia.fi\/mainostajat\/tunnettuus\/#breadcrumb"},"inLanguage":"fi","potentialAction":[{"@type":"ReadAction","target":["https:\/\/www.almamedia.fi\/mainostajat\/tunnettuus\/"]}]},{"@type":"ImageObject","inLanguage":"fi","@id":"https:\/\/www.almamedia.fi\/mainostajat\/tunnettuus\/#primaryimage","url":"https:\/\/www.almamedia.fi\/mainostajat\/wp-content\/uploads\/sites\/6\/shutterstock_1205450374-scaled.jpg","contentUrl":"https:\/\/www.almamedia.fi\/mainostajat\/wp-content\/uploads\/sites\/6\/shutterstock_1205450374-scaled.jpg","width":2048,"height":1080},{"@type":"BreadcrumbList","@id":"https:\/\/www.almamedia.fi\/mainostajat\/tunnettuus\/#breadcrumb","itemListElement":[{"@type":"ListItem","position":1,"name":"Etusivu","item":"https:\/\/www.almamedia.fi\/mainostajat\/"},{"@type":"ListItem","position":2,"name":"Tunnettuus"}]},{"@type":"WebSite","@id":"https:\/\/www.almamedia.fi\/mainostajat\/#website","url":"https:\/\/www.almamedia.fi\/mainostajat\/","name":"Alma Media - mainostajat","description":"","publisher":{"@id":"https:\/\/www.almamedia.fi\/mainostajat\/#organization"},"potentialAction":[{"@type":"SearchAction","target":{"@type":"EntryPoint","urlTemplate":"https:\/\/www.almamedia.fi\/mainostajat\/?s={search_term_string}"},"query-input":{"@type":"PropertyValueSpecification","valueRequired":true,"valueName":"search_term_string"}}],"inLanguage":"fi"},{"@type":"Organization","@id":"https:\/\/www.almamedia.fi\/mainostajat\/#organization","name":"Alma Media - mainostajat","url":"https:\/\/www.almamedia.fi\/mainostajat\/","logo":{"@type":"ImageObject","inLanguage":"fi","@id":"https:\/\/www.almamedia.fi\/mainostajat\/#\/schema\/logo\/image\/","url":"https:\/\/www.almamedia.fi\/mainostajat\/wp-content\/uploads\/sites\/6\/alma-media-logo-valkoinen.svg","contentUrl":"https:\/\/www.almamedia.fi\/mainostajat\/wp-content\/uploads\/sites\/6\/alma-media-logo-valkoinen.svg","width":49,"height":50,"caption":"Alma Media - mainostajat"},"image":{"@id":"https:\/\/www.almamedia.fi\/mainostajat\/#\/schema\/logo\/image\/"}}]}},"lang":"fi","translations":{"fi":89312},"pll_sync_post":[],"_links":{"self":[{"href":"https:\/\/www.almamedia.fi\/mainostajat\/wp-json\/wp\/v2\/pages\/89312","targetHints":{"allow":["GET"]}}],"collection":[{"href":"https:\/\/www.almamedia.fi\/mainostajat\/wp-json\/wp\/v2\/pages"}],"about":[{"href":"https:\/\/www.almamedia.fi\/mainostajat\/wp-json\/wp\/v2\/types\/page"}],"author":[{"embeddable":true,"href":"https:\/\/www.almamedia.fi\/mainostajat\/wp-json\/wp\/v2\/users\/7"}],"replies":[{"embeddable":true,"href":"https:\/\/www.almamedia.fi\/mainostajat\/wp-json\/wp\/v2\/comments?post=89312"}],"version-history":[{"count":0,"href":"https:\/\/www.almamedia.fi\/mainostajat\/wp-json\/wp\/v2\/pages\/89312\/revisions"}],"wp:featuredmedia":[{"embeddable":true,"href":"https:\/\/www.almamedia.fi\/mainostajat\/wp-json\/wp\/v2\/media\/89313"}],"wp:attachment":[{"href":"https:\/\/www.almamedia.fi\/mainostajat\/wp-json\/wp\/v2\/media?parent=89312"}],"curies":[{"name":"wp","href":"https:\/\/api.w.org\/{rel}","templated":true}]}}