{"id":89283,"date":"2025-05-13T16:37:43","date_gmt":"2025-05-13T13:37:43","guid":{"rendered":"https:\/\/www.almamedia.fi\/mainostajat\/?page_id=89283"},"modified":"2025-05-13T16:46:09","modified_gmt":"2025-05-13T13:46:09","slug":"verkkokauppa-yritykselle","status":"publish","type":"page","link":"https:\/\/www.almamedia.fi\/mainostajat\/markkinoinnin-palvelut\/verkkokauppa-yritykselle\/","title":{"rendered":"Verkkokauppa yritykselle"},"content":{"rendered":"\n<div class=\"wp-block-netello-taustakuvalaatikko taustakuvalaatikko image-position-top-right\"><div class=\"taustakuvalaatikko-image-wrapper\"><img decoding=\"async\" src=\"https:\/\/www.almamedia.fi\/mainostajat\/wp-content\/uploads\/sites\/6\/taustapilvi-oikea.png\" alt=\"\" class=\"taustakuvalaatikko-image\"\/><\/div><div class=\"taustakuvalaatikko-content\">\n<div style=\"height:5rem\" aria-hidden=\"true\" class=\"wp-block-spacer\"><\/div>\n\n\n\n<div data-aos=\"fade-up\" class=\"wp-block-netello-animation kapeampi-2\"><div class=\"wrapper\">\n<h2 class=\"wp-block-heading has-text-align-center has-large-font-size\">Verkkokauppa tekee ostamisen asiakkaallesi helpoksi<\/h2>\n\n\n\n<p class=\"has-text-align-center\">Asiakkaat ovat t\u00e4ll\u00e4kin hetkell\u00e4 verkossa etsim\u00e4ss\u00e4 tuotteitasi ja palveluitasi, mutta ostamisen t\u00e4ytyy olla helppoa, jotta kaupat syntyv\u00e4t. Me olemme rakentaneet lukuisia menestyvi\u00e4 verkkokauppoja pk-yrityksille eri toimialoilta. T\u00e4ll\u00e4 hetkell\u00e4 rakennamme p\u00e4\u00e4asiassa WooCommerce-verkkokauppoja. Tied\u00e4mme, mik\u00e4 verkossa toimii ja mik\u00e4 ei.<\/p>\n<\/div><\/div>\n\n\n\n<div style=\"height:85px\" aria-hidden=\"true\" class=\"wp-block-spacer\"><\/div>\n<\/div><\/div>\n\n\n\n<div style=\"height:70px\" aria-hidden=\"true\" class=\"wp-block-spacer\"><\/div>\n\n\n\n<p><\/p>\n\n\n<div  class=\"kuva-ja-teksti-vierekkain has-font-size-s has-header-size-m has-full-width has-no-bg\">\n    <div class=\"wrapper\">\n        <div class=\"vasen\">\n            <span class=\"netello-line netello-line-animated hide-mobile\"><\/span>\n            <div class=\"sisalto-wrapper\">\n                                                    <h2 class=\"otsikko hide-mobile\">\n                                                    Verkkokaupan perustaminen                                            <\/h2>\n                                                    <div class=\"sisalto\">\n                        <p class=\"has-text-align-center\" style=\"text-align: left;\">Verkkokauppa on yrityksesi t\u00e4rkein investointi tulevaisuutta ajatellen, joten sen suunnitteluun ja toteutukseen kannattaa panostaa ja tehd\u00e4 ty\u00f6 kunnolla. Onnistunut WooCommerce-verkkokauppa on helppok\u00e4ytt\u00f6inen ja ohjaa asiakasta tehokkaasti kohti ostotapahtumaa.<\/p>\n<p class=\"has-text-align-center\" style=\"text-align: left;\">Jos verkkokaupan perustaminen on yritykselle ajankohtaista, mutta et tied\u00e4 mist\u00e4 aloittaa, ota yhteytt\u00e4 asiantuntijoihimme. Laadimme kanssasi selke\u00e4n toimintasuunnitelman, jonka avulla myynti verkossa l\u00e4htee taatusti k\u00e4yntiin.<\/p>\n                    <\/div>\n                                            <\/div>\n        <\/div>\n                    <div class=\"oikea\">\n                <div class=\"hide-desktop\">\n                    <span class=\"netello-line netello-line-animated\"><\/span>\n                                                                <h2 class=\"otsikko\">\n                                                            Verkkokaupan perustaminen                                                        <\/h2>\n                                    <\/div>\n                <div class=\"oikea-inner netello-image-animated\">\n                                            <div class=\"image-fade-overlay\"><\/div>\n                        <img decoding=\"async\" class=\"animated-image\" src=\"https:\/\/www.almamedia.fi\/mainostajat\/wp-content\/uploads\/sites\/6\/Nayttokuva-2025-05-13-kello-16.34.29.png\" alt=\"\" \/>\n                                    <\/div>\n            <\/div>\n            <\/div>\n<\/div>\n\n\n\n<div style=\"height:87px\" aria-hidden=\"true\" class=\"wp-block-spacer\"><\/div>\n\n\n\n<div class=\"wp-block-netello-container align-left\"><div class=\"wrapper\">\n<h2 class=\"wp-block-heading has-medium-font-size\">Millainen on hyv\u00e4 verkkokauppa?<\/h2>\n\n\n\n<p>Rakennamme verkkokaupat yritykselle WooCommercea k\u00e4ytt\u00e4en tehokkaalle WordPress-alustalle. Verkkokaupoissamme yhdistyv\u00e4t alan uusimmat ratkaisut ja hyv\u00e4n verkkokaupan peruspilarit. Teemme jatkuvaa kehitysty\u00f6t\u00e4, sill\u00e4 haluamme tarjota asiakkaillemme moderneja ja innovatiivisia verkkokaupparatkaisuja. Alusta on my\u00f6s hyvin monipuolinen \u2013 otamme k\u00e4ytt\u00f6\u00f6n vain ne ominaisuudet, jotka asiakas tarvitsee. Varmistamme, ett\u00e4 verkkokaupan hallinta on sinulle yksinkertaista.<\/p>\n<\/div><\/div>\n\n\n\n<div style=\"height:87px\" aria-hidden=\"true\" class=\"wp-block-spacer\"><\/div>\n\n\n<div  class=\"kuva-ja-teksti-vierekkain has-font-size-s has-header-size-m has-full-width has-bg-green\">\n    <div class=\"wrapper\">\n        <div class=\"vasen\">\n            <span class=\"netello-line netello-line-animated hide-mobile\"><\/span>\n            <div class=\"sisalto-wrapper\">\n                                                    <h2 class=\"otsikko hide-mobile\">\n                                                    Miksi tarvitsen verkkokaupan?                                            <\/h2>\n                                                    <div class=\"sisalto\">\n                        <p>Yrityksesi kannattaa olla siell\u00e4 miss\u00e4 asiakaskin on \u2013 ja siell\u00e4h\u00e4n se asiakas netiss\u00e4 luuraa. Verkkokauppa on t\u00e4rke\u00e4 myynnin kasvattaja my\u00f6s niille yrityksille, joiden kaupanteko tapahtuu p\u00e4\u00e4osin perinteisin keinoin.<\/p>\n<p>N\u00e4yteikkunaostokset ja tuotevertailut tehd\u00e4\u00e4n netiss\u00e4 \u2013 ei kivijalkakaupoissa py\u00f6rim\u00e4ll\u00e4. Usein asiakas saapuu kivijalkamyym\u00e4l\u00e4\u00e4n vasta tutkittuaan valikoimaa etuk\u00e4teen netiss\u00e4.<\/p>\n<p>Meill\u00e4 on paljon menestyneit\u00e4 verkkokauppa-asiakkaita my\u00f6s sellaisilla toimialoilla, joissa verkkokaupan mahdollisuuksiin ei viel\u00e4 muutama vuosi sitten uskottu lainkaan. Ihmisten ostok\u00e4ytt\u00e4ytyminen on samanlaista toimialasta riippumatta. Haluamme l\u00f6yt\u00e4\u00e4 runsaasti tietoa ja tehd\u00e4 etuk\u00e4teisvertailua jo ennen ensimm\u00e4ist\u00e4 yhteydenottoa silloinkin, kun kaupat solmitaan perinteiseen tapaan, vaikka tarjouspyynn\u00f6n ja tapaamisten kautta.<\/p>\n<p>Suomalainen taitaa rakastaa verkkokauppaa erityisen paljon siksi, koska siell\u00e4 ei ole pakko ottaa l\u00e4hikontaktia myyj\u00e4\u00e4n. Viel\u00e4 kun saisi kaupan p\u00e4\u00e4lle \u00e4mp\u00e4rin.<\/p>\n<p><strong>Yrityksen verkkokauppa:<\/strong><\/p>\n<ul class=\"wp-block-list\">\n<li>On aina avoinna ja tekem\u00e4ss\u00e4 myyntity\u00f6t\u00e4.<\/li>\n<li>Ohjaa kohti ostotapahtumaa tai yhteydenottoa.<\/li>\n<li>Tuo uusia asiakkaita virtuaalisesta ovesta sis\u00e4\u00e4n.<\/li>\n<li>Rakentaa tehokkaasti yrityksesi br\u00e4ndi\u00e4.<\/li>\n<\/ul>\n                    <\/div>\n                                            <\/div>\n        <\/div>\n                    <div class=\"oikea\">\n                <div class=\"hide-desktop\">\n                    <span class=\"netello-line netello-line-animated\"><\/span>\n                                                                <h2 class=\"otsikko\">\n                                                            Miksi tarvitsen verkkokaupan?                                                        <\/h2>\n                                    <\/div>\n                <div class=\"oikea-inner netello-image-animated\">\n                                            <div class=\"image-fade-overlay\"><\/div>\n                        <img decoding=\"async\" class=\"animated-image\" src=\"https:\/\/www.almamedia.fi\/mainostajat\/wp-content\/uploads\/sites\/6\/3-puhelinta-referenssit-sectools.png-1.webp\" alt=\"\" \/>\n                                    <\/div>\n            <\/div>\n            <\/div>\n<\/div>\n\n\n\n<div style=\"height:87px\" aria-hidden=\"true\" class=\"wp-block-spacer\"><\/div>\n\n\n<div  class=\"kuva-ja-teksti-vierekkain has-font-size-s has-header-size-m has-full-width has-no-bg\">\n    <div class=\"wrapper\">\n        <div class=\"vasen\">\n            <span class=\"netello-line netello-line-animated hide-mobile\"><\/span>\n            <div class=\"sisalto-wrapper\">\n                                                    <h2 class=\"otsikko hide-mobile\">\n                                                    Mik\u00e4 on verkkokaupan perustamisen hinta?                                            <\/h2>\n                                                    <div class=\"sisalto\">\n                        <p>Hinta riippuu siit\u00e4, mit\u00e4 haluat. Jos et tied\u00e4 mit\u00e4 haluat, sekin on ihan ok. Meid\u00e4n asiantuntijamme auttavat sinua hahmottelemaan juuri sopivan kokoisen ja n\u00e4k\u00f6isen putiikin. Saat siis k\u00e4ytt\u00f6\u00f6si ikioman tiimin, joka tiet\u00e4\u00e4, miten toimiva ja tuottava kokonaisuus rakennetaan.<\/p>\n<p>Verkkokaupan suunnittelun ja toteuttamisen kustannukset ovat meill\u00e4 yleens\u00e4 noin 8000\u201325 000 euroa. Lis\u00e4ksi kannattaa varautua siihen, ett\u00e4 omaa ty\u00f6aikaa tulee kulumaan runsaasti. Lopullinen hinta riippuu tietysti aina yrityksesi todellisista tarpeista.<\/p>\n<p><strong>Kartoitamme tarpeesi eritt\u00e4in tarkasti, ja saat aina kiinte\u00e4n urakkahinnan \u2013 et pelkk\u00e4\u00e4 arviota!<\/strong><\/p>\n<p>Kauttamme saat my\u00f6s laajat integraatiot esimerkiksi eri taloushallinnon j\u00e4rjestelmiin.<\/p>\n<p><strong>Kirpaiseeko kustannus?<\/strong><\/p>\n<p>Se on ihan ymm\u00e4rrett\u00e4v\u00e4\u00e4. Mutta se kirpaisee onneksi vain kerran ja saat rahallesi pitk\u00e4kestoista vastinetta. Taidolla tehty verkkokauppa on kaukon\u00e4k\u00f6ist\u00e4 liiketoiminnan kehitt\u00e4mist\u00e4, ja melkeinp\u00e4 v\u00e4ltt\u00e4m\u00e4t\u00f6nt\u00e4 kaikille tuotemyynti\u00e4 tekeville yrityksille. Tiesitk\u00f6, ett\u00e4 my\u00f6s palveluita voi myyd\u00e4 verkossa?<\/p>\n<p>Ota rohkeasti yhteytt\u00e4 kokeneisiin asiantuntijoihimme! Keskustellaan tarpeistasi ja tavoitteistasi kaikessa rauhassa.<\/p>\n                    <\/div>\n                                            <\/div>\n        <\/div>\n                    <div class=\"oikea\">\n                <div class=\"hide-desktop\">\n                    <span class=\"netello-line netello-line-animated\"><\/span>\n                                                                <h2 class=\"otsikko\">\n                                                            Mik\u00e4 on verkkokaupan perustamisen hinta?                                                        <\/h2>\n                                    <\/div>\n                <div class=\"oikea-inner netello-image-animated\">\n                                            <div class=\"image-fade-overlay\"><\/div>\n                        <img decoding=\"async\" class=\"animated-image\" src=\"https:\/\/www.almamedia.fi\/mainostajat\/wp-content\/uploads\/sites\/6\/referenssi-putkiaivot.jpg.webp\" alt=\"\" \/>\n                                    <\/div>\n            <\/div>\n            <\/div>\n<\/div>\n\n\n\n<div style=\"height:59px\" aria-hidden=\"true\" class=\"wp-block-spacer\"><\/div>\n\n\n\n<h2 class=\"wp-block-heading has-large-font-size\">Usein kysytty\u00e4<\/h2>\n\n\n<div  class=\"haitari \">\n\n                    <div class=\"item \" id=\"mink-lainen-on-hyv-verkkokauppa-block_1d23f49b9c57a1ac4d2241cb00b5687c-1\">\n                <a href=\"#mink-lainen-on-hyv-verkkokauppa-block_1d23f49b9c57a1ac4d2241cb00b5687c-1\">\n                    <h3 class=\"accordion-title \">Mink\u00e4lainen on hyv\u00e4 verkkokauppa?<\/h3>\n                <\/a>\n                <div class=\"accordion-content\" >\n                    <p>Hyv\u00e4 verkkokauppa l\u00f6ytyy hakukoneista. Se on asiakkaidesi mielest\u00e4 vakuuttava ja selke\u00e4 \u2013 ja kertoo, miksi juuri sinun yritykselt\u00e4si kannattaisi ostaa.<\/p>\n<p>Kaikki verkkokauppamme toteutetaan helppok\u00e4ytt\u00f6iselle WordPress WooCommerce-alustalle.<\/p>\n<p><strong>WooCommerce-verkkokaupoissamme on:<\/strong><\/p>\n<ul class=\"wp-block-list\">\n<li>Hakukoneoptimointi, joka takaa hyv\u00e4n l\u00f6ydett\u00e4vyyden.<\/li>\n<li>Helppo ostopolku, joka varmistaa kaupan syntymisen.<\/li>\n<li>Selke\u00e4 visuaalinen ulkoasu, joka tukee yrityksesi br\u00e4ndi\u00e4.<\/li>\n<li>Yksinkertainen yll\u00e4pito, joka s\u00e4\u00e4st\u00e4\u00e4 sinun hermojasi.<\/li>\n<\/ul>\n                <\/div>\n            <\/div>\n        \n<\/div>\n\n\n\n<div style=\"height:116px\" aria-hidden=\"true\" class=\"wp-block-spacer\"><\/div>\n\n\n\n<div class=\"wp-block-netello-taustakuvalaatikko taustakuvalaatikko image-position-top-left mt-n5\"><div class=\"taustakuvalaatikko-image-wrapper\"><img decoding=\"async\" src=\"https:\/\/www.almamedia.fi\/mainostajat\/wp-content\/uploads\/sites\/6\/strategiapilvi-vasen-crop.png\" alt=\"\" class=\"taustakuvalaatikko-image\"\/><\/div><div class=\"taustakuvalaatikko-content\">\n<div class=\"wp-block-columns is-layout-flex wp-container-core-columns-is-layout-9d6595d7 wp-block-columns-is-layout-flex\">\n<div class=\"wp-block-column is-layout-flow wp-block-column-is-layout-flow\" style=\"flex-basis:70%\">\n<div style=\"height:7rem\" aria-hidden=\"true\" class=\"wp-block-spacer\"><\/div>\n\n\n\n<h2 class=\"wp-block-heading has-text-align-left has-large-font-size\">Haluatko WooCommerce-verkkokaupa? Ota meihin yhteytt\u00e4!&nbsp;<\/h2>\n\n\n\n<p class=\"has-text-align-left\">Jotta yrityksesi ikiomasta verkkokaupasta tulee heng\u00e4stytt\u00e4v\u00e4n tehokas ja upea, tarvitsemme sinulta joitain perustietoja. Ne auttavat meit\u00e4 ymm\u00e4rt\u00e4m\u00e4\u00e4n toimialaasi paremmin ja suunnittelemaan virtuaalisen myym\u00e4l\u00e4si.<\/p>\n\n\n\n<p>Yhteisty\u00f6n aloittaminen on helppoa kuin hein\u00e4nteko, emmek\u00e4 ry\u00f6v\u00e4\u00e4 sinulta kallista aikaasi yht\u00e4\u00e4n enemp\u00e4\u00e4 kuin on tarpeen. Pid\u00e4mme sinut ajan tasalla prosessin edetess\u00e4, eiv\u00e4tk\u00e4 asiantuntijamme katoa kuuta kiert\u00e4v\u00e4lle radalle, vaan tavoitat meid\u00e4t helposti. Projektit aikataulutetaan selke\u00e4sti, ja tied\u00e4t aina, miss\u00e4 menn\u00e4\u00e4n.<\/p>\n\n\n\n<p class=\"has-text-align-left\"><strong>Palvelun toteuttaa Alma Median omistama Netello, jolla on yli 20 vuoden kokemus alalta.<\/strong><\/p>\n\n\n\n<p class=\"has-text-align-left\"><a href=\"tel:+358106652496\">010 6652 496<\/a><br><a href=\"&#109;&#x61;i&#108;&#x74;o&#58;&#x6d;y&#121;&#x6e;t&#105;&#x40;n&#101;&#x74;e&#108;&#x6c;o&#46;&#x66;i\">&#109;&#x79;&#121;&#x6e;&#116;&#x69;&#64;&#x6e;e&#x74;e&#x6c;l&#x6f;&#46;&#102;&#x69;<\/a><\/p>\n<\/div>\n<\/div>\n\n\n\n<div style=\"height:59px\" aria-hidden=\"true\" class=\"wp-block-spacer\"><\/div>\n<\/div><\/div>\n","protected":false},"excerpt":{"rendered":"<p>Usein kysytty\u00e4<\/p>\n","protected":false},"author":105,"featured_media":89274,"parent":3570,"menu_order":0,"comment_status":"closed","ping_status":"closed","template":"","meta":{"_acf_changed":false,"footnotes":""},"class_list":["post-89283","page","type-page","status-publish","has-post-thumbnail","hentry"],"acf":[],"yoast_head":"<!-- This site is optimized with the Yoast SEO plugin v26.9 - https:\/\/yoast.com\/product\/yoast-seo-wordpress\/ -->\n<title>Verkkokauppa ja kotisivut kaiken kokoisille yrityksille - Alma Media - mainostajat<\/title>\n<meta name=\"description\" content=\"Hakukoneoptimoitu verkkokauppa yritykselle, joka haluaa myynnin kasvuun. Meilt\u00e4 laadukkaat ratkaisut yli 20 vuoden kokemuksella!\" \/>\n<meta name=\"robots\" content=\"index, follow, max-snippet:-1, max-image-preview:large, max-video-preview:-1\" \/>\n<link rel=\"canonical\" href=\"https:\/\/www.almamedia.fi\/mainostajat\/markkinoinnin-palvelut\/verkkokauppa-yritykselle\/\" \/>\n<meta property=\"og:locale\" content=\"fi_FI\" \/>\n<meta property=\"og:type\" content=\"article\" \/>\n<meta property=\"og:title\" content=\"Verkkokauppa ja kotisivut kaiken kokoisille yrityksille - Alma Media - mainostajat\" \/>\n<meta property=\"og:description\" content=\"Hakukoneoptimoitu verkkokauppa yritykselle, joka haluaa myynnin kasvuun. Meilt\u00e4 laadukkaat ratkaisut yli 20 vuoden kokemuksella!\" \/>\n<meta property=\"og:url\" content=\"https:\/\/www.almamedia.fi\/mainostajat\/markkinoinnin-palvelut\/verkkokauppa-yritykselle\/\" \/>\n<meta property=\"og:site_name\" content=\"Alma Media - mainostajat\" \/>\n<meta property=\"article:modified_time\" content=\"2025-05-13T13:46:09+00:00\" \/>\n<meta property=\"og:image\" content=\"https:\/\/www.almamedia.fi\/mainostajat\/wp-content\/uploads\/sites\/4\/3_puhelinta_referenssi_neulanen.jpg.webp\" \/>\n\t<meta property=\"og:image:width\" content=\"800\" \/>\n\t<meta property=\"og:image:height\" content=\"615\" \/>\n\t<meta property=\"og:image:type\" content=\"image\/webp\" \/>\n<meta name=\"twitter:card\" content=\"summary_large_image\" \/>\n<meta name=\"twitter:label1\" content=\"Arvioitu lukuaika\" \/>\n\t<meta name=\"twitter:data1\" content=\"2 minuuttia\" \/>\n<script type=\"application\/ld+json\" class=\"yoast-schema-graph\">{\"@context\":\"https:\/\/schema.org\",\"@graph\":[{\"@type\":\"WebPage\",\"@id\":\"https:\/\/www.almamedia.fi\/mainostajat\/markkinoinnin-palvelut\/verkkokauppa-yritykselle\/\",\"url\":\"https:\/\/www.almamedia.fi\/mainostajat\/markkinoinnin-palvelut\/verkkokauppa-yritykselle\/\",\"name\":\"Verkkokauppa ja kotisivut kaiken kokoisille yrityksille - Alma Media - mainostajat\",\"isPartOf\":{\"@id\":\"https:\/\/www.almamedia.fi\/mainostajat\/#website\"},\"primaryImageOfPage\":{\"@id\":\"https:\/\/www.almamedia.fi\/mainostajat\/markkinoinnin-palvelut\/verkkokauppa-yritykselle\/#primaryimage\"},\"image\":{\"@id\":\"https:\/\/www.almamedia.fi\/mainostajat\/markkinoinnin-palvelut\/verkkokauppa-yritykselle\/#primaryimage\"},\"thumbnailUrl\":\"https:\/\/www.almamedia.fi\/mainostajat\/wp-content\/uploads\/sites\/6\/3_puhelinta_referenssi_neulanen.jpg.webp\",\"datePublished\":\"2025-05-13T13:37:43+00:00\",\"dateModified\":\"2025-05-13T13:46:09+00:00\",\"description\":\"Hakukoneoptimoitu verkkokauppa yritykselle, joka haluaa myynnin kasvuun. Meilt\u00e4 laadukkaat ratkaisut yli 20 vuoden kokemuksella!\",\"breadcrumb\":{\"@id\":\"https:\/\/www.almamedia.fi\/mainostajat\/markkinoinnin-palvelut\/verkkokauppa-yritykselle\/#breadcrumb\"},\"inLanguage\":\"fi\",\"potentialAction\":[{\"@type\":\"ReadAction\",\"target\":[\"https:\/\/www.almamedia.fi\/mainostajat\/markkinoinnin-palvelut\/verkkokauppa-yritykselle\/\"]}]},{\"@type\":\"ImageObject\",\"inLanguage\":\"fi\",\"@id\":\"https:\/\/www.almamedia.fi\/mainostajat\/markkinoinnin-palvelut\/verkkokauppa-yritykselle\/#primaryimage\",\"url\":\"https:\/\/www.almamedia.fi\/mainostajat\/wp-content\/uploads\/sites\/6\/3_puhelinta_referenssi_neulanen.jpg.webp\",\"contentUrl\":\"https:\/\/www.almamedia.fi\/mainostajat\/wp-content\/uploads\/sites\/6\/3_puhelinta_referenssi_neulanen.jpg.webp\",\"width\":800,\"height\":615},{\"@type\":\"BreadcrumbList\",\"@id\":\"https:\/\/www.almamedia.fi\/mainostajat\/markkinoinnin-palvelut\/verkkokauppa-yritykselle\/#breadcrumb\",\"itemListElement\":[{\"@type\":\"ListItem\",\"position\":1,\"name\":\"Etusivu\",\"item\":\"https:\/\/www.almamedia.fi\/mainostajat\/\"},{\"@type\":\"ListItem\",\"position\":2,\"name\":\"Markkinointipalvelut\",\"item\":\"https:\/\/www.almamedia.fi\/mainostajat\/markkinoinnin-palvelut\/\"},{\"@type\":\"ListItem\",\"position\":3,\"name\":\"Verkkokauppa yritykselle\"}]},{\"@type\":\"WebSite\",\"@id\":\"https:\/\/www.almamedia.fi\/mainostajat\/#website\",\"url\":\"https:\/\/www.almamedia.fi\/mainostajat\/\",\"name\":\"Alma Media - mainostajat\",\"description\":\"\",\"publisher\":{\"@id\":\"https:\/\/www.almamedia.fi\/mainostajat\/#organization\"},\"potentialAction\":[{\"@type\":\"SearchAction\",\"target\":{\"@type\":\"EntryPoint\",\"urlTemplate\":\"https:\/\/www.almamedia.fi\/mainostajat\/?s={search_term_string}\"},\"query-input\":{\"@type\":\"PropertyValueSpecification\",\"valueRequired\":true,\"valueName\":\"search_term_string\"}}],\"inLanguage\":\"fi\"},{\"@type\":\"Organization\",\"@id\":\"https:\/\/www.almamedia.fi\/mainostajat\/#organization\",\"name\":\"Alma Media - mainostajat\",\"url\":\"https:\/\/www.almamedia.fi\/mainostajat\/\",\"logo\":{\"@type\":\"ImageObject\",\"inLanguage\":\"fi\",\"@id\":\"https:\/\/www.almamedia.fi\/mainostajat\/#\/schema\/logo\/image\/\",\"url\":\"https:\/\/www.almamedia.fi\/mainostajat\/wp-content\/uploads\/sites\/6\/alma-media-logo-valkoinen.svg\",\"contentUrl\":\"https:\/\/www.almamedia.fi\/mainostajat\/wp-content\/uploads\/sites\/6\/alma-media-logo-valkoinen.svg\",\"width\":49,\"height\":50,\"caption\":\"Alma Media - mainostajat\"},\"image\":{\"@id\":\"https:\/\/www.almamedia.fi\/mainostajat\/#\/schema\/logo\/image\/\"}}]}<\/script>\n<!-- \/ Yoast SEO plugin. -->","yoast_head_json":{"title":"Verkkokauppa ja kotisivut kaiken kokoisille yrityksille - Alma Media - mainostajat","description":"Hakukoneoptimoitu verkkokauppa yritykselle, joka haluaa myynnin kasvuun. Meilt\u00e4 laadukkaat ratkaisut yli 20 vuoden kokemuksella!","robots":{"index":"index","follow":"follow","max-snippet":"max-snippet:-1","max-image-preview":"max-image-preview:large","max-video-preview":"max-video-preview:-1"},"canonical":"https:\/\/www.almamedia.fi\/mainostajat\/markkinoinnin-palvelut\/verkkokauppa-yritykselle\/","og_locale":"fi_FI","og_type":"article","og_title":"Verkkokauppa ja kotisivut kaiken kokoisille yrityksille - Alma Media - mainostajat","og_description":"Hakukoneoptimoitu verkkokauppa yritykselle, joka haluaa myynnin kasvuun. Meilt\u00e4 laadukkaat ratkaisut yli 20 vuoden kokemuksella!","og_url":"https:\/\/www.almamedia.fi\/mainostajat\/markkinoinnin-palvelut\/verkkokauppa-yritykselle\/","og_site_name":"Alma Media - mainostajat","article_modified_time":"2025-05-13T13:46:09+00:00","og_image":[{"width":800,"height":615,"url":"https:\/\/www.almamedia.fi\/mainostajat\/wp-content\/uploads\/sites\/4\/3_puhelinta_referenssi_neulanen.jpg.webp","type":"image\/webp"}],"twitter_card":"summary_large_image","twitter_misc":{"Arvioitu lukuaika":"2 minuuttia"},"schema":{"@context":"https:\/\/schema.org","@graph":[{"@type":"WebPage","@id":"https:\/\/www.almamedia.fi\/mainostajat\/markkinoinnin-palvelut\/verkkokauppa-yritykselle\/","url":"https:\/\/www.almamedia.fi\/mainostajat\/markkinoinnin-palvelut\/verkkokauppa-yritykselle\/","name":"Verkkokauppa ja kotisivut kaiken kokoisille yrityksille - Alma Media - mainostajat","isPartOf":{"@id":"https:\/\/www.almamedia.fi\/mainostajat\/#website"},"primaryImageOfPage":{"@id":"https:\/\/www.almamedia.fi\/mainostajat\/markkinoinnin-palvelut\/verkkokauppa-yritykselle\/#primaryimage"},"image":{"@id":"https:\/\/www.almamedia.fi\/mainostajat\/markkinoinnin-palvelut\/verkkokauppa-yritykselle\/#primaryimage"},"thumbnailUrl":"https:\/\/www.almamedia.fi\/mainostajat\/wp-content\/uploads\/sites\/6\/3_puhelinta_referenssi_neulanen.jpg.webp","datePublished":"2025-05-13T13:37:43+00:00","dateModified":"2025-05-13T13:46:09+00:00","description":"Hakukoneoptimoitu verkkokauppa yritykselle, joka haluaa myynnin kasvuun. Meilt\u00e4 laadukkaat ratkaisut yli 20 vuoden kokemuksella!","breadcrumb":{"@id":"https:\/\/www.almamedia.fi\/mainostajat\/markkinoinnin-palvelut\/verkkokauppa-yritykselle\/#breadcrumb"},"inLanguage":"fi","potentialAction":[{"@type":"ReadAction","target":["https:\/\/www.almamedia.fi\/mainostajat\/markkinoinnin-palvelut\/verkkokauppa-yritykselle\/"]}]},{"@type":"ImageObject","inLanguage":"fi","@id":"https:\/\/www.almamedia.fi\/mainostajat\/markkinoinnin-palvelut\/verkkokauppa-yritykselle\/#primaryimage","url":"https:\/\/www.almamedia.fi\/mainostajat\/wp-content\/uploads\/sites\/6\/3_puhelinta_referenssi_neulanen.jpg.webp","contentUrl":"https:\/\/www.almamedia.fi\/mainostajat\/wp-content\/uploads\/sites\/6\/3_puhelinta_referenssi_neulanen.jpg.webp","width":800,"height":615},{"@type":"BreadcrumbList","@id":"https:\/\/www.almamedia.fi\/mainostajat\/markkinoinnin-palvelut\/verkkokauppa-yritykselle\/#breadcrumb","itemListElement":[{"@type":"ListItem","position":1,"name":"Etusivu","item":"https:\/\/www.almamedia.fi\/mainostajat\/"},{"@type":"ListItem","position":2,"name":"Markkinointipalvelut","item":"https:\/\/www.almamedia.fi\/mainostajat\/markkinoinnin-palvelut\/"},{"@type":"ListItem","position":3,"name":"Verkkokauppa yritykselle"}]},{"@type":"WebSite","@id":"https:\/\/www.almamedia.fi\/mainostajat\/#website","url":"https:\/\/www.almamedia.fi\/mainostajat\/","name":"Alma Media - mainostajat","description":"","publisher":{"@id":"https:\/\/www.almamedia.fi\/mainostajat\/#organization"},"potentialAction":[{"@type":"SearchAction","target":{"@type":"EntryPoint","urlTemplate":"https:\/\/www.almamedia.fi\/mainostajat\/?s={search_term_string}"},"query-input":{"@type":"PropertyValueSpecification","valueRequired":true,"valueName":"search_term_string"}}],"inLanguage":"fi"},{"@type":"Organization","@id":"https:\/\/www.almamedia.fi\/mainostajat\/#organization","name":"Alma Media - mainostajat","url":"https:\/\/www.almamedia.fi\/mainostajat\/","logo":{"@type":"ImageObject","inLanguage":"fi","@id":"https:\/\/www.almamedia.fi\/mainostajat\/#\/schema\/logo\/image\/","url":"https:\/\/www.almamedia.fi\/mainostajat\/wp-content\/uploads\/sites\/6\/alma-media-logo-valkoinen.svg","contentUrl":"https:\/\/www.almamedia.fi\/mainostajat\/wp-content\/uploads\/sites\/6\/alma-media-logo-valkoinen.svg","width":49,"height":50,"caption":"Alma Media - mainostajat"},"image":{"@id":"https:\/\/www.almamedia.fi\/mainostajat\/#\/schema\/logo\/image\/"}}]}},"lang":"fi","translations":{"fi":89283},"pll_sync_post":[],"_links":{"self":[{"href":"https:\/\/www.almamedia.fi\/mainostajat\/wp-json\/wp\/v2\/pages\/89283","targetHints":{"allow":["GET"]}}],"collection":[{"href":"https:\/\/www.almamedia.fi\/mainostajat\/wp-json\/wp\/v2\/pages"}],"about":[{"href":"https:\/\/www.almamedia.fi\/mainostajat\/wp-json\/wp\/v2\/types\/page"}],"author":[{"embeddable":true,"href":"https:\/\/www.almamedia.fi\/mainostajat\/wp-json\/wp\/v2\/users\/105"}],"replies":[{"embeddable":true,"href":"https:\/\/www.almamedia.fi\/mainostajat\/wp-json\/wp\/v2\/comments?post=89283"}],"version-history":[{"count":0,"href":"https:\/\/www.almamedia.fi\/mainostajat\/wp-json\/wp\/v2\/pages\/89283\/revisions"}],"up":[{"embeddable":true,"href":"https:\/\/www.almamedia.fi\/mainostajat\/wp-json\/wp\/v2\/pages\/3570"}],"wp:featuredmedia":[{"embeddable":true,"href":"https:\/\/www.almamedia.fi\/mainostajat\/wp-json\/wp\/v2\/media\/89274"}],"wp:attachment":[{"href":"https:\/\/www.almamedia.fi\/mainostajat\/wp-json\/wp\/v2\/media?parent=89283"}],"curies":[{"name":"wp","href":"https:\/\/api.w.org\/{rel}","templated":true}]}}