{"id":88431,"date":"2025-05-06T15:59:15","date_gmt":"2025-05-06T12:59:15","guid":{"rendered":"https:\/\/www.almamedia.fi\/mainostajat\/?page_id=88431"},"modified":"2025-06-24T16:15:23","modified_gmt":"2025-06-24T13:15:23","slug":"alma-verkosto","status":"publish","type":"page","link":"https:\/\/www.almamedia.fi\/mainostajat\/mediat-ja-palvelut\/alma-verkosto\/","title":{"rendered":"Alma-verkosto"},"content":{"rendered":"\n<div style=\"max-width:1000px;margin-left:auto;margin-right:auto\" class=\"wp-block-netello-max-width-container\">\n<p class=\"has-text-align-center has-medium-font-size\"><strong>Alma-verkosto on laadukas ja turvallinen mediaymp\u00e4rist\u00f6. <\/strong><\/p>\n\n\n\n<p class=\"has-text-align-center has-medium-font-size\">Alman digiverkoston muodostavat tunnetut suomalaiset uutismediat, kuluttajapalvelut, p\u00e4\u00e4tt\u00e4j\u00e4mediat ja markkinapaikat.<\/p>\n<\/div>\n\n\n\n<div style=\"height:100px\" aria-hidden=\"true\" class=\"wp-block-spacer\"><\/div>\n\n\n\n<div class=\"wp-block-columns is-layout-flex wp-container-core-columns-is-layout-9d6595d7 wp-block-columns-is-layout-flex\">\n<div class=\"wp-block-column is-layout-flow wp-block-column-is-layout-flow\" style=\"flex-basis:50%\">\n<h2 class=\"wp-block-heading\">Tehokkaat ja tulokselliset ratkaisut\u200b<\/h2>\n\n\n\n<p class=\"has-text-align-\">Alma-verkosto tavoittaa <strong>monipuoliset yleis\u00f6t, niin kuluttajat kun p\u00e4\u00e4tt\u00e4j\u00e4tkin<\/strong>.\u200b<\/p>\n\n\n\n<p>Rakennamme tarpeisiisi sopivan kokonaisuuden <strong>tehokkaista ja toimivista digimainonnan ratkaisuista<\/strong>.\u200b<\/p>\n\n\n\n<p>Voit hy\u00f6dynt\u00e4\u00e4 monipuolisia ja kattavia <strong>kohdentamisen<\/strong> mahdollisuuksia\u200b.<\/p>\n\n\n\n<p>Tehokasta <strong>toistoa<\/strong> mainonnalle \u2013 keskim\u00e4\u00e4rin <strong>75 sivulatausta viikossa <\/strong>\u200bper k\u00e4ytt\u00e4j\u00e4.<\/p>\n\n\n\n<p class=\"has-text-align-\">Monipuolinen ja l\u00e4pin\u00e4kyv\u00e4 <strong>raportointi<\/strong> toteutuneista kampanjoista \u2013 <strong>tuloksellista <\/strong><strong>kampanjointia, tied\u00e4t kenet tavoitat<\/strong><\/p>\n\n\n\n<p class=\"has-text-align-right\"><em><sup>L\u00e4hde: FIAM 1-5\/2023 ka.\u200b<\/sup><\/em><\/p>\n<\/div>\n\n\n\n<div class=\"wp-block-column is-layout-flow wp-block-column-is-layout-flow\" style=\"flex-basis:50%\">\n<div style=\"height:20px\" aria-hidden=\"true\" class=\"wp-block-spacer\"><\/div>\n\n\n\n<div class=\"wp-block-netello-container align-center\"><div class=\"wrapper\">\n<h4 class=\"wp-block-heading\">Miksi hy\u00f6dynt\u00e4\u00e4 Alma-verkostoa?<\/h4>\n\n\n\n<ol class=\"wp-block-list\">\n<li>Alman digiverkosto tavoittaa viikoittain 3,2 miljoonaa suomalaista<\/li>\n\n\n\n<li>K\u00e4sitt\u00e4\u00e4 lukuisia uutismedioita, markkinapaikkoja, p\u00e4\u00e4tt\u00e4j\u00e4medioita ja kuluttajapalveluita<\/li>\n\n\n\n<li>Monipuoliset mainonnan ratkaisut ja kohdennusmahdollisuudet<\/li>\n<\/ol>\n\n\n\n<p class=\"has-text-align-right\"><sub><em>L\u00e4hde: Mind Kuluttaja tammi-kes\u00e4 2024<\/em><\/sub><\/p>\n<\/div><\/div>\n<\/div>\n<\/div>\n\n\n\n<div style=\"height:57px\" aria-hidden=\"true\" class=\"wp-block-spacer\"><\/div>\n\n\n\n<div class=\"wp-block-columns is-layout-flex wp-container-core-columns-is-layout-9d6595d7 wp-block-columns-is-layout-flex\">\n<div class=\"wp-block-column is-layout-flow wp-block-column-is-layout-flow\" style=\"flex-basis:33.33%\">\n<div style=\"height:150px\" aria-hidden=\"true\" class=\"wp-block-spacer\"><\/div>\n\n\n\n<p>Tarkempaa tietoa yksitt\u00e4isist\u00e4 medioista ja mediakohtaisesta n\u00e4kyvyydest\u00e4 l\u00f6yd\u00e4t alla olevista linkeist\u00e4:<\/p>\n\n\n\n<div class=\"wp-block-group netello-linkit\"><div class=\"wp-block-group__inner-container is-layout-constrained wp-block-group-is-layout-constrained\">\n<p><a href=\"https:\/\/www.almamedia.fi\/mainostajat\/mediat-ja-palvelut\/kuluttajamediat\/\"><strong>Valtakunnalliset kuluttajamediat<\/strong><\/a><\/p>\n\n\n\n<p class=\"has-text-align-\"><a href=\"https:\/\/www.almamedia.fi\/mainostajat\/mediat-ja-palvelut\/businessmediat\/\"><strong>Talous- ja ammattilaismediat<\/strong><\/a><\/p>\n\n\n\n<p><a href=\"https:\/\/www.almamedia.fi\/mainostajat\/autoilu-ja-liikkuminen\/\"><strong>Autoilun ja liikkumisen palvelut<\/strong><\/a><\/p>\n\n\n\n<p><a href=\"https:\/\/www.almamedia.fi\/mainostajat\/alma-asuminen\/\"><strong>Asumisen palvelut<\/strong><\/a><br><span style=\"background-color:initial;font-size:inherit;font-family:inherit;text-transform:inherit;white-space:inherit;word-spacing:normal;caret-color:auto;\"><\/span><\/p>\n<\/div><\/div>\n<\/div>\n\n\n\n<div class=\"wp-block-column is-layout-flow wp-block-column-is-layout-flow\" style=\"flex-basis:66.66%\">\n<h4 class=\"wp-block-heading has-text-align-center\"><strong>Alma-verkostoon kuuluvat mediat ja palvelut:<\/strong><\/h4>\n\n\n\n<div style=\"height:57px\" aria-hidden=\"true\" class=\"wp-block-spacer\"><\/div>\n\n\n\n\n\n\n<div  class=\"alma-spacer\">\n    <div class=\"spacer\" style=\"height: 0px;\"><\/div>    \n<\/div>\n\n\n\n\n\n\n\n<figure class=\"wp-block-image size-full\"><img decoding=\"async\" src=\"https:\/\/www.almamedia.fi\/mainostajat\/wp-content\/uploads\/sites\/6\/alma-verkosto-1-1.svg\" alt=\"\" class=\"wp-image-88453\"\/><\/figure>\n<\/div>\n<\/div>\n","protected":false},"excerpt":{"rendered":"<p>Tehokkaat ja tulokselliset ratkaisut\u200b Alma-verkosto tavoittaa monipuoliset yleis\u00f6t, niin kuluttajat kun p\u00e4\u00e4tt\u00e4j\u00e4tkin.\u200b Rakennamme tarpeisiisi sopivan [&hellip;]<\/p>\n","protected":false},"author":7,"featured_media":88443,"parent":3473,"menu_order":0,"comment_status":"closed","ping_status":"closed","template":"","meta":{"_acf_changed":false,"footnotes":""},"class_list":["post-88431","page","type-page","status-publish","has-post-thumbnail","hentry"],"acf":[],"yoast_head":"<!-- This site is optimized with the Yoast SEO plugin v26.9 - https:\/\/yoast.com\/product\/yoast-seo-wordpress\/ -->\n<title>Alma-verkosto - Alma Media - mainostajat<\/title>\n<meta name=\"robots\" content=\"index, follow, max-snippet:-1, max-image-preview:large, max-video-preview:-1\" \/>\n<link rel=\"canonical\" href=\"https:\/\/www.almamedia.fi\/mainostajat\/mediat-ja-palvelut\/alma-verkosto\/\" \/>\n<meta property=\"og:locale\" content=\"fi_FI\" \/>\n<meta property=\"og:type\" content=\"article\" \/>\n<meta property=\"og:title\" content=\"Alma-verkosto - Alma Media - mainostajat\" \/>\n<meta property=\"og:description\" content=\"Tehokkaat ja tulokselliset ratkaisut\u200b Alma-verkosto tavoittaa monipuoliset yleis\u00f6t, niin kuluttajat kun p\u00e4\u00e4tt\u00e4j\u00e4tkin.\u200b Rakennamme tarpeisiisi sopivan [&hellip;]\" \/>\n<meta property=\"og:url\" content=\"https:\/\/www.almamedia.fi\/mainostajat\/mediat-ja-palvelut\/alma-verkosto\/\" \/>\n<meta property=\"og:site_name\" content=\"Alma Media - mainostajat\" \/>\n<meta property=\"article:modified_time\" content=\"2025-06-24T13:15:23+00:00\" \/>\n<meta property=\"og:image\" content=\"https:\/\/www.almamedia.fi\/mainostajat\/wp-content\/uploads\/sites\/6\/shutterstock_269946434-scaled.jpg\" \/>\n\t<meta property=\"og:image:width\" content=\"2048\" \/>\n\t<meta property=\"og:image:height\" content=\"1365\" \/>\n\t<meta property=\"og:image:type\" content=\"image\/jpeg\" \/>\n<meta name=\"twitter:card\" content=\"summary_large_image\" \/>\n<meta name=\"twitter:label1\" content=\"Arvioitu lukuaika\" \/>\n\t<meta name=\"twitter:data1\" content=\"2 minuuttia\" \/>\n<script type=\"application\/ld+json\" class=\"yoast-schema-graph\">{\"@context\":\"https:\/\/schema.org\",\"@graph\":[{\"@type\":\"WebPage\",\"@id\":\"https:\/\/www.almamedia.fi\/mainostajat\/mediat-ja-palvelut\/alma-verkosto\/\",\"url\":\"https:\/\/www.almamedia.fi\/mainostajat\/mediat-ja-palvelut\/alma-verkosto\/\",\"name\":\"Alma-verkosto - Alma Media - mainostajat\",\"isPartOf\":{\"@id\":\"https:\/\/www.almamedia.fi\/mainostajat\/#website\"},\"primaryImageOfPage\":{\"@id\":\"https:\/\/www.almamedia.fi\/mainostajat\/mediat-ja-palvelut\/alma-verkosto\/#primaryimage\"},\"image\":{\"@id\":\"https:\/\/www.almamedia.fi\/mainostajat\/mediat-ja-palvelut\/alma-verkosto\/#primaryimage\"},\"thumbnailUrl\":\"https:\/\/www.almamedia.fi\/mainostajat\/wp-content\/uploads\/sites\/6\/shutterstock_269946434-scaled.jpg\",\"datePublished\":\"2025-05-06T12:59:15+00:00\",\"dateModified\":\"2025-06-24T13:15:23+00:00\",\"breadcrumb\":{\"@id\":\"https:\/\/www.almamedia.fi\/mainostajat\/mediat-ja-palvelut\/alma-verkosto\/#breadcrumb\"},\"inLanguage\":\"fi\",\"potentialAction\":[{\"@type\":\"ReadAction\",\"target\":[\"https:\/\/www.almamedia.fi\/mainostajat\/mediat-ja-palvelut\/alma-verkosto\/\"]}]},{\"@type\":\"ImageObject\",\"inLanguage\":\"fi\",\"@id\":\"https:\/\/www.almamedia.fi\/mainostajat\/mediat-ja-palvelut\/alma-verkosto\/#primaryimage\",\"url\":\"https:\/\/www.almamedia.fi\/mainostajat\/wp-content\/uploads\/sites\/6\/shutterstock_269946434-scaled.jpg\",\"contentUrl\":\"https:\/\/www.almamedia.fi\/mainostajat\/wp-content\/uploads\/sites\/6\/shutterstock_269946434-scaled.jpg\",\"width\":2048,\"height\":1365},{\"@type\":\"BreadcrumbList\",\"@id\":\"https:\/\/www.almamedia.fi\/mainostajat\/mediat-ja-palvelut\/alma-verkosto\/#breadcrumb\",\"itemListElement\":[{\"@type\":\"ListItem\",\"position\":1,\"name\":\"Etusivu\",\"item\":\"https:\/\/www.almamedia.fi\/mainostajat\/\"},{\"@type\":\"ListItem\",\"position\":2,\"name\":\"Mediat ja palvelut\",\"item\":\"https:\/\/www.almamedia.fi\/mainostajat\/mediat-ja-palvelut\/\"},{\"@type\":\"ListItem\",\"position\":3,\"name\":\"Alma-verkosto\"}]},{\"@type\":\"WebSite\",\"@id\":\"https:\/\/www.almamedia.fi\/mainostajat\/#website\",\"url\":\"https:\/\/www.almamedia.fi\/mainostajat\/\",\"name\":\"Alma Media - mainostajat\",\"description\":\"\",\"publisher\":{\"@id\":\"https:\/\/www.almamedia.fi\/mainostajat\/#organization\"},\"potentialAction\":[{\"@type\":\"SearchAction\",\"target\":{\"@type\":\"EntryPoint\",\"urlTemplate\":\"https:\/\/www.almamedia.fi\/mainostajat\/?s={search_term_string}\"},\"query-input\":{\"@type\":\"PropertyValueSpecification\",\"valueRequired\":true,\"valueName\":\"search_term_string\"}}],\"inLanguage\":\"fi\"},{\"@type\":\"Organization\",\"@id\":\"https:\/\/www.almamedia.fi\/mainostajat\/#organization\",\"name\":\"Alma Media - mainostajat\",\"url\":\"https:\/\/www.almamedia.fi\/mainostajat\/\",\"logo\":{\"@type\":\"ImageObject\",\"inLanguage\":\"fi\",\"@id\":\"https:\/\/www.almamedia.fi\/mainostajat\/#\/schema\/logo\/image\/\",\"url\":\"https:\/\/www.almamedia.fi\/mainostajat\/wp-content\/uploads\/sites\/6\/alma-media-logo-valkoinen.svg\",\"contentUrl\":\"https:\/\/www.almamedia.fi\/mainostajat\/wp-content\/uploads\/sites\/6\/alma-media-logo-valkoinen.svg\",\"width\":49,\"height\":50,\"caption\":\"Alma Media - mainostajat\"},\"image\":{\"@id\":\"https:\/\/www.almamedia.fi\/mainostajat\/#\/schema\/logo\/image\/\"}}]}<\/script>\n<!-- \/ Yoast SEO plugin. -->","yoast_head_json":{"title":"Alma-verkosto - Alma Media - mainostajat","robots":{"index":"index","follow":"follow","max-snippet":"max-snippet:-1","max-image-preview":"max-image-preview:large","max-video-preview":"max-video-preview:-1"},"canonical":"https:\/\/www.almamedia.fi\/mainostajat\/mediat-ja-palvelut\/alma-verkosto\/","og_locale":"fi_FI","og_type":"article","og_title":"Alma-verkosto - Alma Media - mainostajat","og_description":"Tehokkaat ja tulokselliset ratkaisut\u200b Alma-verkosto tavoittaa monipuoliset yleis\u00f6t, niin kuluttajat kun p\u00e4\u00e4tt\u00e4j\u00e4tkin.\u200b Rakennamme tarpeisiisi sopivan [&hellip;]","og_url":"https:\/\/www.almamedia.fi\/mainostajat\/mediat-ja-palvelut\/alma-verkosto\/","og_site_name":"Alma Media - mainostajat","article_modified_time":"2025-06-24T13:15:23+00:00","og_image":[{"width":2048,"height":1365,"url":"https:\/\/www.almamedia.fi\/mainostajat\/wp-content\/uploads\/sites\/6\/shutterstock_269946434-scaled.jpg","type":"image\/jpeg"}],"twitter_card":"summary_large_image","twitter_misc":{"Arvioitu lukuaika":"2 minuuttia"},"schema":{"@context":"https:\/\/schema.org","@graph":[{"@type":"WebPage","@id":"https:\/\/www.almamedia.fi\/mainostajat\/mediat-ja-palvelut\/alma-verkosto\/","url":"https:\/\/www.almamedia.fi\/mainostajat\/mediat-ja-palvelut\/alma-verkosto\/","name":"Alma-verkosto - Alma Media - mainostajat","isPartOf":{"@id":"https:\/\/www.almamedia.fi\/mainostajat\/#website"},"primaryImageOfPage":{"@id":"https:\/\/www.almamedia.fi\/mainostajat\/mediat-ja-palvelut\/alma-verkosto\/#primaryimage"},"image":{"@id":"https:\/\/www.almamedia.fi\/mainostajat\/mediat-ja-palvelut\/alma-verkosto\/#primaryimage"},"thumbnailUrl":"https:\/\/www.almamedia.fi\/mainostajat\/wp-content\/uploads\/sites\/6\/shutterstock_269946434-scaled.jpg","datePublished":"2025-05-06T12:59:15+00:00","dateModified":"2025-06-24T13:15:23+00:00","breadcrumb":{"@id":"https:\/\/www.almamedia.fi\/mainostajat\/mediat-ja-palvelut\/alma-verkosto\/#breadcrumb"},"inLanguage":"fi","potentialAction":[{"@type":"ReadAction","target":["https:\/\/www.almamedia.fi\/mainostajat\/mediat-ja-palvelut\/alma-verkosto\/"]}]},{"@type":"ImageObject","inLanguage":"fi","@id":"https:\/\/www.almamedia.fi\/mainostajat\/mediat-ja-palvelut\/alma-verkosto\/#primaryimage","url":"https:\/\/www.almamedia.fi\/mainostajat\/wp-content\/uploads\/sites\/6\/shutterstock_269946434-scaled.jpg","contentUrl":"https:\/\/www.almamedia.fi\/mainostajat\/wp-content\/uploads\/sites\/6\/shutterstock_269946434-scaled.jpg","width":2048,"height":1365},{"@type":"BreadcrumbList","@id":"https:\/\/www.almamedia.fi\/mainostajat\/mediat-ja-palvelut\/alma-verkosto\/#breadcrumb","itemListElement":[{"@type":"ListItem","position":1,"name":"Etusivu","item":"https:\/\/www.almamedia.fi\/mainostajat\/"},{"@type":"ListItem","position":2,"name":"Mediat ja palvelut","item":"https:\/\/www.almamedia.fi\/mainostajat\/mediat-ja-palvelut\/"},{"@type":"ListItem","position":3,"name":"Alma-verkosto"}]},{"@type":"WebSite","@id":"https:\/\/www.almamedia.fi\/mainostajat\/#website","url":"https:\/\/www.almamedia.fi\/mainostajat\/","name":"Alma Media - mainostajat","description":"","publisher":{"@id":"https:\/\/www.almamedia.fi\/mainostajat\/#organization"},"potentialAction":[{"@type":"SearchAction","target":{"@type":"EntryPoint","urlTemplate":"https:\/\/www.almamedia.fi\/mainostajat\/?s={search_term_string}"},"query-input":{"@type":"PropertyValueSpecification","valueRequired":true,"valueName":"search_term_string"}}],"inLanguage":"fi"},{"@type":"Organization","@id":"https:\/\/www.almamedia.fi\/mainostajat\/#organization","name":"Alma Media - mainostajat","url":"https:\/\/www.almamedia.fi\/mainostajat\/","logo":{"@type":"ImageObject","inLanguage":"fi","@id":"https:\/\/www.almamedia.fi\/mainostajat\/#\/schema\/logo\/image\/","url":"https:\/\/www.almamedia.fi\/mainostajat\/wp-content\/uploads\/sites\/6\/alma-media-logo-valkoinen.svg","contentUrl":"https:\/\/www.almamedia.fi\/mainostajat\/wp-content\/uploads\/sites\/6\/alma-media-logo-valkoinen.svg","width":49,"height":50,"caption":"Alma Media - mainostajat"},"image":{"@id":"https:\/\/www.almamedia.fi\/mainostajat\/#\/schema\/logo\/image\/"}}]}},"lang":"fi","translations":{"fi":88431,"en":90828},"pll_sync_post":[],"_links":{"self":[{"href":"https:\/\/www.almamedia.fi\/mainostajat\/wp-json\/wp\/v2\/pages\/88431","targetHints":{"allow":["GET"]}}],"collection":[{"href":"https:\/\/www.almamedia.fi\/mainostajat\/wp-json\/wp\/v2\/pages"}],"about":[{"href":"https:\/\/www.almamedia.fi\/mainostajat\/wp-json\/wp\/v2\/types\/page"}],"author":[{"embeddable":true,"href":"https:\/\/www.almamedia.fi\/mainostajat\/wp-json\/wp\/v2\/users\/7"}],"replies":[{"embeddable":true,"href":"https:\/\/www.almamedia.fi\/mainostajat\/wp-json\/wp\/v2\/comments?post=88431"}],"version-history":[{"count":0,"href":"https:\/\/www.almamedia.fi\/mainostajat\/wp-json\/wp\/v2\/pages\/88431\/revisions"}],"up":[{"embeddable":true,"href":"https:\/\/www.almamedia.fi\/mainostajat\/wp-json\/wp\/v2\/pages\/3473"}],"wp:featuredmedia":[{"embeddable":true,"href":"https:\/\/www.almamedia.fi\/mainostajat\/wp-json\/wp\/v2\/media\/88443"}],"wp:attachment":[{"href":"https:\/\/www.almamedia.fi\/mainostajat\/wp-json\/wp\/v2\/media?parent=88431"}],"curies":[{"name":"wp","href":"https:\/\/api.w.org\/{rel}","templated":true}]}}