{"id":88348,"date":"2025-05-06T14:01:57","date_gmt":"2025-05-06T11:01:57","guid":{"rendered":"https:\/\/www.almamedia.fi\/mainostajat\/?page_id=88348"},"modified":"2025-05-06T14:01:57","modified_gmt":"2025-05-06T11:01:57","slug":"mainonnan-tekninen-laatu","status":"publish","type":"page","link":"https:\/\/www.almamedia.fi\/mainostajat\/mainosratkaisut\/mainonnan-tekninen-laatu\/","title":{"rendered":"Toimivan mainosaineiston rakennuspalikat"},"content":{"rendered":"\n<figure class=\"wp-block-image size-full\"><img decoding=\"async\" width=\"1500\" height=\"369\" src=\"https:\/\/www.almamedia.fi\/mainostajat\/wp-content\/uploads\/sites\/6\/main_laatu-1500x370.tmb-width-1500.jpg\" alt=\"\" class=\"wp-image-88377\" srcset=\"https:\/\/www.almamedia.fi\/mainostajat\/wp-content\/uploads\/sites\/6\/main_laatu-1500x370.tmb-width-1500.jpg 1500w, https:\/\/www.almamedia.fi\/mainostajat\/wp-content\/uploads\/sites\/6\/main_laatu-1500x370.tmb-width-1500-380x93.jpg 380w, https:\/\/www.almamedia.fi\/mainostajat\/wp-content\/uploads\/sites\/6\/main_laatu-1500x370.tmb-width-1500-1024x252.jpg 1024w, https:\/\/www.almamedia.fi\/mainostajat\/wp-content\/uploads\/sites\/6\/main_laatu-1500x370.tmb-width-1500-768x189.jpg 768w\" sizes=\"(max-width: 1500px) 100vw, 1500px\" \/><\/figure>\n\n\n\n<h1 class=\"wp-block-heading has-text-align-\" id=\"toimivan-mainosaineiston-rakennuspalikat\">Toimivan mainosaineiston rakennuspalikat<\/h1>\n\n\n\n<div class=\"wp-block-columns is-layout-flex wp-container-core-columns-is-layout-9d6595d7 wp-block-columns-is-layout-flex\">\n<div class=\"wp-block-column is-layout-flow wp-block-column-is-layout-flow\" style=\"flex-basis:66.66%\">\n<p class=\"has-text-align-\">Mainonnan tavoitteiden saavuttamisen kannalta merkitt\u00e4v\u00e4ss\u00e4 roolissa ovat paitsi oikeat valinnat median ja luovien toteutusten suhteen, my\u00f6s sen varmistaminen, ett\u00e4 mainonta toimii teknisesti parhaalla mahdollisella tavalla. <\/p>\n\n\n\n<p class=\"has-text-align-\">Kampanjan onnistumiseen vaikuttaa merkitt\u00e4v\u00e4sti my\u00f6s kuluttajalle mainoksesta syntyv\u00e4 k\u00e4ytt\u00f6kokemus, mik\u00e4 on syyt\u00e4 ottaa huomioon mainosaineistojen teknisi\u00e4 toteutuksia suunniteltaessa. <\/p>\n\n\n\n<h4 class=\"wp-block-heading has-text-align-\" id=\"ohjeita-mainosaineiston-tekniseen-optimointiin\">Ohjeita mainosaineiston tekniseen optimointiin <\/h4>\n\n\n\n<ul class=\"wp-block-list\">\n<li>Muista, ett\u00e4 aineistoa ladattaessa sen kokoon vaikuttavat muutkin elementit kuin vain kuvat, kuten animaatiot, scriptit, fontit, l\u00e4htev\u00e4t kutsut ym.<\/li>\n\n\n\n<li><span style=\"text-decoration:underline;\">Optimoi ja kiinnit\u00e4 huomiota seuraaviin kohtiin: <\/span>\n<ul class=\"wp-block-list\">\n<li>Kuvan fyysiset mitat ja paino suhteessa mainosaineiston mittoihin. Esimerkiksi 300&#215;300-boksi ei tarvitse taustakuvaksi 600&#215;600-kuvaelementti\u00e4.<\/li>\n\n\n\n<li>K\u00e4ytett\u00e4v\u00e4t scriptit ja kirjastot. Ladataan vain tarpeelliset ja k\u00e4ytt\u00f6\u00f6n tulevat kirjastot. Joskus mainokset saattavat ladata kokonaisia javascript-kirjastoja, joita ei mainoksessa edes hy\u00f6dynnet\u00e4. T\u00e4m\u00e4 lis\u00e4\u00e4 aineistolle turhaa painoa ja hidastaa sen latautumista.<\/li>\n\n\n\n<li>Animaatioiden pituudet. Mit\u00e4 pidempi animaatio, sit\u00e4 painavampi aineisto. Pohdi kriittisesti, mit\u00e4 lis\u00e4arvoa animaatio tuo mainosviestin v\u00e4litt\u00e4misess\u00e4. Esimerkiksi, onko tarpeen, ett\u00e4 auto ajaa sis\u00e4\u00e4n ja ulos mainoksesta, vai riitt\u00e4isik\u00f6 yksi vaihe luomaan toivotun vaikutelman?<\/li>\n\n\n\n<li>Tarkista, kuinka monta leikkausta fontista oikeasti tarvitaan. \u00c4l\u00e4 lataa turhaan bold- ja italic-versioita fontista, jos niit\u00e4 ei k\u00e4ytet\u00e4 aineistossa.<\/li>\n\n\n\n<li>Kiinnit\u00e4 huomiota, kuinka monta kutsua mainos l\u00e4hett\u00e4\u00e4 noutaessaan eri elementtej\u00e4.\n<ul class=\"wp-block-list\">\n<li>Kuvat, tekstit, tyylit, mittapikselit, fontit luovat lis\u00e4\u00e4 kutsuja, jotka taas vaikuttavat mainosaineistojen latautumisnopeuteen. Jokainen ulkoiselle palvelimelle l\u00e4hetetty kutsu lis\u00e4\u00e4 latautumisaikaa. Ulkoisten kutsujen m\u00e4\u00e4r\u00e4 tulisi minimoida. <\/li>\n\n\n\n<li>My\u00f6s mittapikselit ja mittaustagit lasketaan mukaan aineistojen kokonaispainoon. Useimmat mittausj\u00e4rjestelm\u00e4t luovat mittaustoimintoja suorittaessaan monia kutsuja ja suorittavat erin\u00e4isi\u00e4 scriptej\u00e4. Siksi onkin hyv\u00e4 pohtia kriittisesti, mit\u00e4 aineistosta on tarpeen mitata.<\/li>\n<\/ul>\n<\/li>\n<\/ul>\n<\/li>\n\n\n\n<li>Lataa mainoksen elementit aina suojatun https-protokollan yli. <\/li>\n\n\n\n<li>Hy\u00f6dynn\u00e4 polite loadia ja tarjoa k\u00e4ytt\u00e4j\u00e4lle n\u00e4ht\u00e4v\u00e4\u00e4 mahdollisimman pian, vaikka osaa elementeist\u00e4 vasta ladattaisiin. Ensilatauksen tulisi olla mahdollisimman kevyt. K\u00e4ytt\u00e4j\u00e4 ei j\u00e4\u00e4 odottamaan mainoksen latautumista, ja tyhj\u00e4 valkoinen mainostila luo huonon k\u00e4ytt\u00f6kokemuksen.<\/li>\n\n\n\n<li>Hyv\u00e4 ty\u00f6kalu aineistojen tarkastamiseen ja yll\u00e4mainittujen kohtien optimoimiseen on esimerkiksi Chrome-selaimen Developer Tools -ty\u00f6kalu. <\/li>\n<\/ul>\n<\/div>\n\n\n\n<div class=\"wp-block-column is-layout-flow wp-block-column-is-layout-flow\" style=\"flex-basis:33.33%\"><div  class=\"article-tile-minor\">\n    \n   <div class=\"article-tile-minor-content\"><h4>Viisi vinkki\u00e4:<\/h4>\n<ol>\n<li>Teknisell\u00e4 toimivuudella on t\u00e4rke\u00e4 rooli mainonnan tavoitteiden saavuttamisen kannalta<\/li>\n<li>Aineistoa ladattaessa sen kokoon vaikuttavat muutkin elementit kuin vain kuvat<\/li>\n<li>K\u00e4ytt\u00e4j\u00e4lle kannattaa tarjota n\u00e4ht\u00e4v\u00e4\u00e4 mahdollisimman pian<\/li>\n<li>Mainonnan viewabilitya tarkastelemalla voidaan parantaa kampanjan n\u00e4kymist\u00e4 sivuston k\u00e4ytt\u00e4jille<\/li>\n<li>Oikein rakennettu aineisto on avainasemassa<\/li>\n<\/ol>\n<p>&nbsp;<\/p>\n<\/div>    \n<\/div>\n\n\n\n<\/div>\n<\/div>\n\n\n\n<h4 class=\"wp-block-heading has-text-align-\" id=\"viewabilitya-parantamalla-kohti-tuloksellisempaa-mainontaa\">Viewabilitya parantamalla kohti tuloksellisempaa mainontaa <br><\/h4>\n\n\n\n<div class=\"wp-block-columns is-layout-flex wp-container-core-columns-is-layout-9d6595d7 wp-block-columns-is-layout-flex\">\n<div class=\"wp-block-column is-layout-flow wp-block-column-is-layout-flow\" style=\"flex-basis:66.66%\">\n<p class=\"has-text-align-\"><strong><\/strong>Mainonnan viewability on mittari, jonka avulla voidaan tarkastella mainonnan n\u00e4kymist\u00e4 k\u00e4ytt\u00e4jille sivustolla, eli miss\u00e4 vaiheessa kampanjan mainosn\u00e4ytt\u00f6 lasketaan toteutuneeksi. Mainosaineistojen teknisell\u00e4 optimoinnilla my\u00f6s mainostaja voi parantaa kampanjansa toimivuutta sek\u00e4 mainontansa viewabilitya. <strong><\/strong><\/p>\n\n\n\n<p class=\"has-text-align-\">K\u00e4sitteen tarkka m\u00e4\u00e4ritelm\u00e4 vaihtelee ja eri j\u00e4rjestelm\u00e4t mittaavatkin sit\u00e4 eri tavoilla. Siksi 100 %:n viewabilityyn ei voidakaan p\u00e4\u00e4st\u00e4, vaan alan eri toimijat m\u00e4\u00e4rittelev\u00e4t yhteisesti hyv\u00e4ksytyt rajat sille, miten viewability-arvo lasketaan ja mik\u00e4 katsotaan hyv\u00e4ksi viewability-lukemaksi. <\/p>\n\n\n\n<p class=\"has-text-align-\">Digitaalisen mainonnan j\u00e4rjest\u00f6 IAB (Interactive Advertising Bureau) m\u00e4\u00e4rittelee viewabilityn seuraavasti: <\/p>\n\n\n\n<figure class=\"wp-block-image size-large\"><img decoding=\"async\" src=\"https:\/\/www.almamedia.fi\/wp-content\/uploads\/2021\/04\/main_laatu_pikselit_570x356.jpg\" alt=\"\" class=\"wp-image-6654\"\/><\/figure>\n\n\n\n<p class=\"has-text-align-\"><strong><\/strong>Hyv\u00e4ksi viewability-arvoksi IAB m\u00e4\u00e4rittelee desktop-mainonnassa 70 % ja mobiilimainonnassa 50 %. <\/p>\n\n\n\n<p class=\"has-text-align-\">Lue aiheesta lis\u00e4\u00e4 <a target=\"_blank\" rel=\"noopener noreferrer\" href=\"https:\/\/www.iab.fi\/digimainonnan-abc\/oppaat-ja-ohjeistukset\/viewability-opas.html\">IAB:n Viewability-oppaasta<\/a>. <\/p>\n\n\n\n<p class=\"has-text-align-\">Medialla on mahdollisuus vaikuttaa sivustojensa mainospaikkojen viewabilityyn esimerkiksi mainospaikkojen m\u00e4\u00e4r\u00e4n ja sijoittelun sek\u00e4 jakeluteknologian avulla, mutta my\u00f6s mainostajalla on merkitt\u00e4v\u00e4 rooli oman kampanjansa aineistojen viewability-arvojen parantamisen osalta. <\/p>\n\n\n\n<h4 class=\"wp-block-heading has-text-align-\" id=\"mainostaja-voi-vaikuttaa-oman-kampanjansa-viewability-arvoihin-kiinnittamalla-aineiston-osalta-huomiota-seuraaviin-seikkoihin\">Mainostaja voi vaikuttaa oman kampanjansa viewability-arvoihin kiinnitt\u00e4m\u00e4ll\u00e4 aineiston osalta huomiota seuraaviin seikkoihin:<\/h4>\n\n\n\n<ul class=\"wp-block-list\">\n<li>Aineiston paino<\/li>\n\n\n\n<li>Ensilatauksen paino<\/li>\n\n\n\n<li>Ladattavien resurssien m\u00e4\u00e4r\u00e4<\/li>\n\n\n\n<li>Seurantapikseleiden m\u00e4\u00e4r\u00e4<\/li>\n\n\n\n<li>Mainosaineiston luova toteutus<\/li>\n<\/ul>\n\n\n\n<h4 class=\"wp-block-heading has-text-align-\" id=\"avainasemassa-on-oikein-rakennettu-aineisto\">Avainasemassa on oikein rakennettu aineisto:<\/h4>\n\n\n\n<figure class=\"wp-block-image size-full\"><img decoding=\"async\" src=\"https:\/\/www.almamedia.fi\/wp-content\/uploads\/2021\/04\/main_laatugraafit_570x269.jpg\" alt=\"\" class=\"wp-image-6656\"\/><\/figure>\n<\/div>\n<\/div>\n","protected":false},"excerpt":{"rendered":"<p>Toimivan mainosaineiston rakennuspalikat Mainonnan tavoitteiden saavuttamisen kannalta merkitt\u00e4v\u00e4ss\u00e4 roolissa ovat paitsi oikeat valinnat median ja [&hellip;]<\/p>\n","protected":false},"author":7,"featured_media":88377,"parent":3592,"menu_order":0,"comment_status":"closed","ping_status":"closed","template":"","meta":{"_acf_changed":false,"footnotes":""},"class_list":["post-88348","page","type-page","status-publish","has-post-thumbnail","hentry"],"acf":[],"yoast_head":"<!-- This site is optimized with the Yoast SEO plugin v26.9 - https:\/\/yoast.com\/product\/yoast-seo-wordpress\/ -->\n<title>Toimivan mainosaineiston rakennuspalikat - Alma Media - mainostajat<\/title>\n<meta name=\"robots\" content=\"index, follow, max-snippet:-1, max-image-preview:large, max-video-preview:-1\" \/>\n<link rel=\"canonical\" href=\"https:\/\/www.almamedia.fi\/mainostajat\/mainosratkaisut\/mainonnan-tekninen-laatu\/\" \/>\n<meta property=\"og:locale\" content=\"fi_FI\" \/>\n<meta property=\"og:type\" content=\"article\" \/>\n<meta property=\"og:title\" content=\"Toimivan mainosaineiston rakennuspalikat - Alma Media - mainostajat\" \/>\n<meta property=\"og:description\" content=\"Toimivan mainosaineiston rakennuspalikat Mainonnan tavoitteiden saavuttamisen kannalta merkitt\u00e4v\u00e4ss\u00e4 roolissa ovat paitsi oikeat valinnat median ja [&hellip;]\" \/>\n<meta property=\"og:url\" content=\"https:\/\/www.almamedia.fi\/mainostajat\/mainosratkaisut\/mainonnan-tekninen-laatu\/\" \/>\n<meta property=\"og:site_name\" content=\"Alma Media - mainostajat\" \/>\n<meta property=\"og:image\" content=\"https:\/\/www.almamedia.fi\/mainostajat\/wp-content\/uploads\/sites\/4\/main_laatu-1500x370.tmb-width-1500.jpg\" \/>\n\t<meta property=\"og:image:width\" content=\"1500\" \/>\n\t<meta property=\"og:image:height\" content=\"369\" \/>\n\t<meta property=\"og:image:type\" content=\"image\/jpeg\" \/>\n<meta name=\"twitter:card\" content=\"summary_large_image\" \/>\n<meta name=\"twitter:label1\" content=\"Arvioitu lukuaika\" \/>\n\t<meta name=\"twitter:data1\" content=\"4 minuuttia\" \/>\n<script type=\"application\/ld+json\" class=\"yoast-schema-graph\">{\"@context\":\"https:\/\/schema.org\",\"@graph\":[{\"@type\":\"WebPage\",\"@id\":\"https:\/\/www.almamedia.fi\/mainostajat\/mainosratkaisut\/mainonnan-tekninen-laatu\/\",\"url\":\"https:\/\/www.almamedia.fi\/mainostajat\/mainosratkaisut\/mainonnan-tekninen-laatu\/\",\"name\":\"Toimivan mainosaineiston rakennuspalikat - Alma Media - mainostajat\",\"isPartOf\":{\"@id\":\"https:\/\/www.almamedia.fi\/mainostajat\/#website\"},\"primaryImageOfPage\":{\"@id\":\"https:\/\/www.almamedia.fi\/mainostajat\/mainosratkaisut\/mainonnan-tekninen-laatu\/#primaryimage\"},\"image\":{\"@id\":\"https:\/\/www.almamedia.fi\/mainostajat\/mainosratkaisut\/mainonnan-tekninen-laatu\/#primaryimage\"},\"thumbnailUrl\":\"https:\/\/www.almamedia.fi\/mainostajat\/wp-content\/uploads\/sites\/6\/main_laatu-1500x370.tmb-width-1500.jpg\",\"datePublished\":\"2025-05-06T11:01:57+00:00\",\"breadcrumb\":{\"@id\":\"https:\/\/www.almamedia.fi\/mainostajat\/mainosratkaisut\/mainonnan-tekninen-laatu\/#breadcrumb\"},\"inLanguage\":\"fi\",\"potentialAction\":[{\"@type\":\"ReadAction\",\"target\":[\"https:\/\/www.almamedia.fi\/mainostajat\/mainosratkaisut\/mainonnan-tekninen-laatu\/\"]}]},{\"@type\":\"ImageObject\",\"inLanguage\":\"fi\",\"@id\":\"https:\/\/www.almamedia.fi\/mainostajat\/mainosratkaisut\/mainonnan-tekninen-laatu\/#primaryimage\",\"url\":\"https:\/\/www.almamedia.fi\/mainostajat\/wp-content\/uploads\/sites\/6\/main_laatu-1500x370.tmb-width-1500.jpg\",\"contentUrl\":\"https:\/\/www.almamedia.fi\/mainostajat\/wp-content\/uploads\/sites\/6\/main_laatu-1500x370.tmb-width-1500.jpg\",\"width\":1500,\"height\":369},{\"@type\":\"BreadcrumbList\",\"@id\":\"https:\/\/www.almamedia.fi\/mainostajat\/mainosratkaisut\/mainonnan-tekninen-laatu\/#breadcrumb\",\"itemListElement\":[{\"@type\":\"ListItem\",\"position\":1,\"name\":\"Etusivu\",\"item\":\"https:\/\/www.almamedia.fi\/mainostajat\/\"},{\"@type\":\"ListItem\",\"position\":2,\"name\":\"Mainosratkaisut\",\"item\":\"https:\/\/www.almamedia.fi\/mainostajat\/mainosratkaisut\/\"},{\"@type\":\"ListItem\",\"position\":3,\"name\":\"Toimivan mainosaineiston rakennuspalikat\"}]},{\"@type\":\"WebSite\",\"@id\":\"https:\/\/www.almamedia.fi\/mainostajat\/#website\",\"url\":\"https:\/\/www.almamedia.fi\/mainostajat\/\",\"name\":\"Alma Media - mainostajat\",\"description\":\"\",\"publisher\":{\"@id\":\"https:\/\/www.almamedia.fi\/mainostajat\/#organization\"},\"potentialAction\":[{\"@type\":\"SearchAction\",\"target\":{\"@type\":\"EntryPoint\",\"urlTemplate\":\"https:\/\/www.almamedia.fi\/mainostajat\/?s={search_term_string}\"},\"query-input\":{\"@type\":\"PropertyValueSpecification\",\"valueRequired\":true,\"valueName\":\"search_term_string\"}}],\"inLanguage\":\"fi\"},{\"@type\":\"Organization\",\"@id\":\"https:\/\/www.almamedia.fi\/mainostajat\/#organization\",\"name\":\"Alma Media - mainostajat\",\"url\":\"https:\/\/www.almamedia.fi\/mainostajat\/\",\"logo\":{\"@type\":\"ImageObject\",\"inLanguage\":\"fi\",\"@id\":\"https:\/\/www.almamedia.fi\/mainostajat\/#\/schema\/logo\/image\/\",\"url\":\"https:\/\/www.almamedia.fi\/mainostajat\/wp-content\/uploads\/sites\/6\/alma-media-logo-valkoinen.svg\",\"contentUrl\":\"https:\/\/www.almamedia.fi\/mainostajat\/wp-content\/uploads\/sites\/6\/alma-media-logo-valkoinen.svg\",\"width\":49,\"height\":50,\"caption\":\"Alma Media - mainostajat\"},\"image\":{\"@id\":\"https:\/\/www.almamedia.fi\/mainostajat\/#\/schema\/logo\/image\/\"}}]}<\/script>\n<!-- \/ Yoast SEO plugin. -->","yoast_head_json":{"title":"Toimivan mainosaineiston rakennuspalikat - Alma Media - mainostajat","robots":{"index":"index","follow":"follow","max-snippet":"max-snippet:-1","max-image-preview":"max-image-preview:large","max-video-preview":"max-video-preview:-1"},"canonical":"https:\/\/www.almamedia.fi\/mainostajat\/mainosratkaisut\/mainonnan-tekninen-laatu\/","og_locale":"fi_FI","og_type":"article","og_title":"Toimivan mainosaineiston rakennuspalikat - Alma Media - mainostajat","og_description":"Toimivan mainosaineiston rakennuspalikat Mainonnan tavoitteiden saavuttamisen kannalta merkitt\u00e4v\u00e4ss\u00e4 roolissa ovat paitsi oikeat valinnat median ja [&hellip;]","og_url":"https:\/\/www.almamedia.fi\/mainostajat\/mainosratkaisut\/mainonnan-tekninen-laatu\/","og_site_name":"Alma Media - mainostajat","og_image":[{"width":1500,"height":369,"url":"https:\/\/www.almamedia.fi\/mainostajat\/wp-content\/uploads\/sites\/4\/main_laatu-1500x370.tmb-width-1500.jpg","type":"image\/jpeg"}],"twitter_card":"summary_large_image","twitter_misc":{"Arvioitu lukuaika":"4 minuuttia"},"schema":{"@context":"https:\/\/schema.org","@graph":[{"@type":"WebPage","@id":"https:\/\/www.almamedia.fi\/mainostajat\/mainosratkaisut\/mainonnan-tekninen-laatu\/","url":"https:\/\/www.almamedia.fi\/mainostajat\/mainosratkaisut\/mainonnan-tekninen-laatu\/","name":"Toimivan mainosaineiston rakennuspalikat - Alma Media - mainostajat","isPartOf":{"@id":"https:\/\/www.almamedia.fi\/mainostajat\/#website"},"primaryImageOfPage":{"@id":"https:\/\/www.almamedia.fi\/mainostajat\/mainosratkaisut\/mainonnan-tekninen-laatu\/#primaryimage"},"image":{"@id":"https:\/\/www.almamedia.fi\/mainostajat\/mainosratkaisut\/mainonnan-tekninen-laatu\/#primaryimage"},"thumbnailUrl":"https:\/\/www.almamedia.fi\/mainostajat\/wp-content\/uploads\/sites\/6\/main_laatu-1500x370.tmb-width-1500.jpg","datePublished":"2025-05-06T11:01:57+00:00","breadcrumb":{"@id":"https:\/\/www.almamedia.fi\/mainostajat\/mainosratkaisut\/mainonnan-tekninen-laatu\/#breadcrumb"},"inLanguage":"fi","potentialAction":[{"@type":"ReadAction","target":["https:\/\/www.almamedia.fi\/mainostajat\/mainosratkaisut\/mainonnan-tekninen-laatu\/"]}]},{"@type":"ImageObject","inLanguage":"fi","@id":"https:\/\/www.almamedia.fi\/mainostajat\/mainosratkaisut\/mainonnan-tekninen-laatu\/#primaryimage","url":"https:\/\/www.almamedia.fi\/mainostajat\/wp-content\/uploads\/sites\/6\/main_laatu-1500x370.tmb-width-1500.jpg","contentUrl":"https:\/\/www.almamedia.fi\/mainostajat\/wp-content\/uploads\/sites\/6\/main_laatu-1500x370.tmb-width-1500.jpg","width":1500,"height":369},{"@type":"BreadcrumbList","@id":"https:\/\/www.almamedia.fi\/mainostajat\/mainosratkaisut\/mainonnan-tekninen-laatu\/#breadcrumb","itemListElement":[{"@type":"ListItem","position":1,"name":"Etusivu","item":"https:\/\/www.almamedia.fi\/mainostajat\/"},{"@type":"ListItem","position":2,"name":"Mainosratkaisut","item":"https:\/\/www.almamedia.fi\/mainostajat\/mainosratkaisut\/"},{"@type":"ListItem","position":3,"name":"Toimivan mainosaineiston rakennuspalikat"}]},{"@type":"WebSite","@id":"https:\/\/www.almamedia.fi\/mainostajat\/#website","url":"https:\/\/www.almamedia.fi\/mainostajat\/","name":"Alma Media - mainostajat","description":"","publisher":{"@id":"https:\/\/www.almamedia.fi\/mainostajat\/#organization"},"potentialAction":[{"@type":"SearchAction","target":{"@type":"EntryPoint","urlTemplate":"https:\/\/www.almamedia.fi\/mainostajat\/?s={search_term_string}"},"query-input":{"@type":"PropertyValueSpecification","valueRequired":true,"valueName":"search_term_string"}}],"inLanguage":"fi"},{"@type":"Organization","@id":"https:\/\/www.almamedia.fi\/mainostajat\/#organization","name":"Alma Media - mainostajat","url":"https:\/\/www.almamedia.fi\/mainostajat\/","logo":{"@type":"ImageObject","inLanguage":"fi","@id":"https:\/\/www.almamedia.fi\/mainostajat\/#\/schema\/logo\/image\/","url":"https:\/\/www.almamedia.fi\/mainostajat\/wp-content\/uploads\/sites\/6\/alma-media-logo-valkoinen.svg","contentUrl":"https:\/\/www.almamedia.fi\/mainostajat\/wp-content\/uploads\/sites\/6\/alma-media-logo-valkoinen.svg","width":49,"height":50,"caption":"Alma Media - mainostajat"},"image":{"@id":"https:\/\/www.almamedia.fi\/mainostajat\/#\/schema\/logo\/image\/"}}]}},"lang":"fi","translations":{"fi":88348,"en":91126},"pll_sync_post":[],"_links":{"self":[{"href":"https:\/\/www.almamedia.fi\/mainostajat\/wp-json\/wp\/v2\/pages\/88348","targetHints":{"allow":["GET"]}}],"collection":[{"href":"https:\/\/www.almamedia.fi\/mainostajat\/wp-json\/wp\/v2\/pages"}],"about":[{"href":"https:\/\/www.almamedia.fi\/mainostajat\/wp-json\/wp\/v2\/types\/page"}],"author":[{"embeddable":true,"href":"https:\/\/www.almamedia.fi\/mainostajat\/wp-json\/wp\/v2\/users\/7"}],"replies":[{"embeddable":true,"href":"https:\/\/www.almamedia.fi\/mainostajat\/wp-json\/wp\/v2\/comments?post=88348"}],"version-history":[{"count":0,"href":"https:\/\/www.almamedia.fi\/mainostajat\/wp-json\/wp\/v2\/pages\/88348\/revisions"}],"up":[{"embeddable":true,"href":"https:\/\/www.almamedia.fi\/mainostajat\/wp-json\/wp\/v2\/pages\/3592"}],"wp:featuredmedia":[{"embeddable":true,"href":"https:\/\/www.almamedia.fi\/mainostajat\/wp-json\/wp\/v2\/media\/88377"}],"wp:attachment":[{"href":"https:\/\/www.almamedia.fi\/mainostajat\/wp-json\/wp\/v2\/media?parent=88348"}],"curies":[{"name":"wp","href":"https:\/\/api.w.org\/{rel}","templated":true}]}}