{"id":87968,"date":"2025-05-05T12:48:07","date_gmt":"2025-05-05T09:48:07","guid":{"rendered":"https:\/\/www.almamedia.fi\/mainostajat\/?page_id=87968"},"modified":"2026-02-27T10:57:03","modified_gmt":"2026-02-27T08:57:03","slug":"vastuullisuus","status":"publish","type":"page","link":"https:\/\/www.almamedia.fi\/mainostajat\/vastuullisuus\/","title":{"rendered":"Vastuullisuus"},"content":{"rendered":"\n<style>\n.has-opacity-04 .numero-wrapper { opacity: 0.4; }\n.has-opacity-065 .numero-wrapper { opacity: 0.65; }\n.has-pb-0 > .wrapper { padding-bottom: 0; }\n.has-pb-0 .wp-block-image { margin-bottom: 0; }\n<\/style>\n\n\n<div  class=\"kuva-ja-teksti-vierekkain has-font-size-s has-header-size-m has-full-width has-no-bg\">\n    <div class=\"wrapper\">\n        <div class=\"vasen\">\n            <span class=\"netello-line netello-line-animated hide-mobile\"><\/span>\n            <div class=\"sisalto-wrapper\">\n                                                    <h2 class=\"otsikko hide-mobile\">\n                                                    Vastuullisuus on Alman liiketoiminnan ytimess\u00e4                                            <\/h2>\n                                                    <div class=\"sisalto\">\n                        <p><strong>Edist\u00e4mme positiivisia vaikutuksia yhteiskunnassa ja v\u00e4henn\u00e4mme toimintamme ymp\u00e4rist\u00f6vaikutuksia.<\/strong><\/p>\n<p>Meille vastuullisuus ei ole vain velvollisuus. Se on tapa toimia, vaikuttaa ja tehd\u00e4 parempia valintoja. Kun rakennat kampanjaasi Alma Median kanavissa, toimit kotimaisessa ja luotettavassa mediaymp\u00e4rist\u00f6ss\u00e4. Autamme sinua viestim\u00e4\u00e4n tehokkaasti ja samalla v\u00e4hent\u00e4m\u00e4\u00e4n ymp\u00e4rist\u00f6vaikutuksia.<\/p>\n                    <\/div>\n                                            <\/div>\n        <\/div>\n                    <div class=\"oikea\">\n                <div class=\"hide-desktop\">\n                    <span class=\"netello-line netello-line-animated\"><\/span>\n                                                                <h2 class=\"otsikko\">\n                                                            Vastuullisuus on Alman liiketoiminnan ytimess\u00e4                                                        <\/h2>\n                                    <\/div>\n                <div class=\"oikea-inner netello-image-animated\">\n                                            <div class=\"image-fade-overlay\"><\/div>\n                        <img decoding=\"async\" class=\"animated-image\" src=\"https:\/\/www.almamedia.fi\/mainostajat\/wp-content\/uploads\/sites\/6\/hiilimittari-nostokuva.jpeg\" alt=\"alma vastuullisuus ja hiilimittari\" \/>\n                                    <\/div>\n            <\/div>\n            <\/div>\n<\/div>\n\n\n\n<div style=\"height:3rem\" aria-hidden=\"true\" class=\"wp-block-spacer\"><\/div>\n\n\n\n<div class=\"wp-block-netello-container align-left\"><div class=\"wrapper\">\n<div class=\"wp-block-columns is-layout-flex wp-container-core-columns-is-layout-9d6595d7 wp-block-columns-is-layout-flex\">\n<div class=\"wp-block-column is-layout-flow wp-block-column-is-layout-flow\">\n<div  class=\"numero-animoitu has-text-align-center has-top-line has-full-width-top-line has-number-color-white has-font-size-m has-line-color-purple has-text-size-m\">\n\n    \n    <div class=\"numero-wrapper\">\n                    <span class=\"netello-line netello-line-animated\"><\/span>\n                \n                    <span class=\"netello-number-counter \" data-target=\"100\">0<\/span>\n        \n        <span>%<\/span>    <\/div>\n\n    <div class=\"alateksti\"><p>Henkil\u00f6st\u00f6st\u00e4 on suorittanut Code of Conduct \u2013 valmennuksen<\/p>\n<\/div>\n<\/div>\n\n\n\n<\/div>\n\n\n\n<div class=\"wp-block-column is-layout-flow wp-block-column-is-layout-flow\">\n<div  class=\"numero-animoitu has-text-align-center has-top-line has-full-width-top-line has-number-color-white has-font-size-m has-line-color-purple has-text-size-m\">\n\n    \n    <div class=\"numero-wrapper\">\n                    <span class=\"netello-line netello-line-animated\"><\/span>\n                \n                    <span class=\"netello-number-counter \" data-target=\"52\">0<\/span>\n        \n        <span>%<\/span>    <\/div>\n\n    <div class=\"alateksti\"><p>V\u00e4henem\u00e4 vuoteen 2030 \u2028menness\u00e4 (oman toiminnan kasvihuonekaasup\u00e4\u00e4st\u00f6t \u2028Scope 1 ja 2)<\/p>\n<\/div>\n<\/div>\n\n\n\n<\/div>\n<\/div>\n\n\n\n<div class=\"wp-block-columns is-layout-flex wp-container-core-columns-is-layout-9d6595d7 wp-block-columns-is-layout-flex\">\n<div class=\"wp-block-column is-layout-flow wp-block-column-is-layout-flow\">\n<div  class=\"numero-animoitu has-text-align-center has-top-line has-full-width-top-line has-number-color-white has-font-size-m has-line-color-purple has-text-size-m\">\n\n    \n    <div class=\"numero-wrapper\">\n                    <span class=\"netello-line netello-line-animated\"><\/span>\n                \n                    <span class=\"netello-number-counter \" data-target=\"14\">0<\/span>\n        \n        <span>%<\/span>    <\/div>\n\n    <div class=\"alateksti\"><p>V\u00e4henem\u00e4 vuoteen 2030 menness\u00e4 (alihankintaketjun kasvihuonekaasup\u00e4\u00e4st\u00f6t Scope 3)<\/p>\n<\/div>\n<\/div>\n\n\n\n<\/div>\n\n\n\n<div class=\"wp-block-column is-layout-flow wp-block-column-is-layout-flow\">\n<div  class=\"numero-animoitu has-text-align-center has-top-line has-full-width-top-line has-number-color-white has-font-size-m has-line-color-purple has-text-size-m\">\n\n    \n    <div class=\"numero-wrapper\">\n                    <span class=\"netello-line netello-line-animated\"><\/span>\n                \n                    <span class=\"netello-number-counter \" data-target=\"0\">0<\/span>\n        \n        <span>kpl<\/span>    <\/div>\n\n    <div class=\"alateksti\"><p>vakavia tietoturvaloukkauksia<\/p>\n<\/div>\n<\/div>\n\n\n\n<\/div>\n<\/div>\n<\/div><\/div>\n\n\n\n<div style=\"height:4rem\" aria-hidden=\"true\" class=\"wp-block-spacer\"><\/div>\n\n\n<div  class=\"kuva-ja-teksti-vierekkain has-font-size-s has-header-size-m has-full-width has-no-bg\">\n    <div class=\"wrapper\">\n        <div class=\"vasen\">\n            <span class=\"netello-line netello-line-animated hide-mobile\"><\/span>\n            <div class=\"sisalto-wrapper\">\n                                                    <h2 class=\"otsikko hide-mobile\">\n                                                    Luomme uutta liikevaihtoa vastuullisuudesta                                            <\/h2>\n                                                    <div class=\"sisalto\">\n                        <p>V\u00e4hemm\u00e4n p\u00e4\u00e4st\u00f6j\u00e4, enemm\u00e4n vaikutusta.<\/p>\n<p>Muutos tapahtuu tekem\u00e4ll\u00e4. Haluamme vaikuttaa positiivisesti koko toimialan kehitykseen<\/p>\n<ul>\n<li>Alma Media on puolittanut oman toimintansa aiheuttamat kasvihuonekaasup\u00e4\u00e4st\u00f6t viimeisen seitsem\u00e4n vuoden aikana ja kirist\u00e4nyt entisest\u00e4\u00e4n ymp\u00e4rist\u00f6tavoitteitaan.<\/li>\n<li>Alma Media oli kolmas mediayhti\u00f6 maailmassa julkistaessaan hyv\u00e4ksytyt tieteeseen perustuvat ilmastotavoitteet vuonna 2018.<\/li>\n<li>Alma Median synnytt\u00e4mist\u00e4 kasvihuonekaasuista vain nelj\u00e4 prosenttia syntyy yrityksen omasta toiminnasta ja 96 prosenttia alihankintaketjussa.<\/li>\n<\/ul>\n                    <\/div>\n                                            <\/div>\n        <\/div>\n                    <div class=\"oikea\">\n                <div class=\"hide-desktop\">\n                    <span class=\"netello-line netello-line-animated\"><\/span>\n                                                                <h2 class=\"otsikko\">\n                                                            Luomme uutta liikevaihtoa vastuullisuudesta                                                        <\/h2>\n                                    <\/div>\n                <div class=\"oikea-inner netello-image-animated\">\n                                            <div class=\"image-fade-overlay\"><\/div>\n                        <img decoding=\"async\" class=\"animated-image\" src=\"https:\/\/www.almamedia.fi\/mainostajat\/wp-content\/uploads\/sites\/6\/shutterstock_1776870875-scaled.jpg\" alt=\"\" \/>\n                                    <\/div>\n            <\/div>\n            <\/div>\n<\/div>\n\n\n\n<div style=\"height:3rem\" aria-hidden=\"true\" class=\"wp-block-spacer\"><\/div>\n\n\n\n\n\n<div style=\"height:4rem\" aria-hidden=\"true\" class=\"wp-block-spacer\"><\/div>\n\n\n\n\n\n<div style=\"height:3rem\" aria-hidden=\"true\" class=\"wp-block-spacer\"><\/div>\n\n\n\n\n\n<div style=\"height:5rem\" aria-hidden=\"true\" class=\"wp-block-spacer\"><\/div>\n\n\n\n\n\n<div style=\"height:64px\" aria-hidden=\"true\" class=\"wp-block-spacer\"><\/div>\n\n\n\n\n\n<div style=\"height:1rem\" aria-hidden=\"true\" class=\"wp-block-spacer\"><\/div>\n\n\n\n\n\n<div aria-hidden=\"true\" class=\"wp-block-netello-valike\"><div class=\"valike-desktop\" style=\"height:100px\"><\/div><div class=\"valike-mobile\" style=\"height:60px\"><\/div><\/div>\n\n\n\n\n\n\n\n<div style=\"height:3rem\" aria-hidden=\"true\" class=\"wp-block-spacer\"><\/div>\n\n\n\n\n<div  class=\"kuva-ja-teksti-vierekkain has-font-size-s has-header-size-m has-full-width has-no-bg\">\n    <div class=\"wrapper\">\n        <div class=\"vasen\">\n            <span class=\"netello-line netello-line-animated hide-mobile\"><\/span>\n            <div class=\"sisalto-wrapper\">\n                                                    <h2 class=\"otsikko hide-mobile\">\n                                                    <a href=\"https:\/\/www.almamedia.fi\/mainostajat\/brand-safety-almalla\/\">\n                                                    Alma Brand Safety                                                    <\/a>\n                                            <\/h2>\n                                                    <div class=\"sisalto\">\n                        <p class=\"isompi-teksti\"><strong>Luotettava ja kotimainen ymp\u00e4rist\u00f6 br\u00e4ndillesi<\/strong><\/p>\n<p>Br\u00e4nditurvallisuus tarkoittaa meille sit\u00e4, ett\u00e4 viestisi n\u00e4kyy aina luotettavassa ja asiayhteyteen sopivassa ymp\u00e4rist\u00f6ss\u00e4. K\u00e4yt\u00e4mme toimituksellisesti tuotettuja ja laadukkaita sis\u00e4lt\u00f6j\u00e4, koneoppimista ja estolistoja varmistaaksemme, ett\u00e4 mainontasi ei n\u00e4y sopimattoman sis\u00e4ll\u00f6n yhteydess\u00e4. Sitoudumme vastuulliseen journalismiin ja tarjoamme mainostajille l\u00e4pin\u00e4kyv\u00e4n ja turvallisen mediaymp\u00e4rist\u00f6n.<\/p>\n<p>Alma on my\u00f6s sitoutunut noudattamaan IAB Europen Transparency &amp; Consent Framework v2.0 s\u00e4\u00e4nn\u00f6st\u00f6\u00e4, josta voit lukea lis\u00e4\u00e4 <a href=\"https:\/\/www.almamedia.fi\/mainostajat\/transparency-and-consent-framework\/\">t\u00e4\u00e4ll\u00e4<\/a>.<\/p>\n                    <\/div>\n                                            <\/div>\n        <\/div>\n                    <div class=\"oikea\">\n                <div class=\"hide-desktop\">\n                    <span class=\"netello-line netello-line-animated\"><\/span>\n                                                                <h2 class=\"otsikko\">\n                                                        <a href=\"https:\/\/www.almamedia.fi\/mainostajat\/brand-safety-almalla\/\">\n                                                                Alma Brand Safety                                                            <\/a>\n                                                <\/h2>\n                                    <\/div>\n                <div class=\"oikea-inner netello-image-animated\">\n                                            <div class=\"image-fade-overlay\"><\/div>\n                        <img decoding=\"async\" class=\"animated-image\" src=\"https:\/\/www.almamedia.fi\/mainostajat\/wp-content\/uploads\/sites\/6\/shutterstock_2377349495-scaled.jpg\" alt=\"\" \/>\n                                    <\/div>\n            <\/div>\n            <\/div>\n<\/div>\n\n\n\n<p class=\"has-text-align-center netello-linkit\"><\/p>\n","protected":false},"excerpt":{"rendered":"<p>Mainosaineiston jakeluun k\u00e4ytett\u00e4v\u00e4t teknologiat, sis\u00e4lt\u00e4en dataliikenteen ja teknologiat Kuluttajan k\u00e4ytt\u00e4m\u00e4\u00e4n mediaan ja sen jakeluun liittyv\u00e4t [&hellip;]<\/p>\n","protected":false},"author":105,"featured_media":89418,"parent":0,"menu_order":0,"comment_status":"closed","ping_status":"closed","template":"","meta":{"_acf_changed":false,"footnotes":""},"class_list":["post-87968","page","type-page","status-publish","has-post-thumbnail","hentry"],"acf":[],"yoast_head":"<!-- This site is optimized with the Yoast SEO plugin v26.9 - https:\/\/yoast.com\/product\/yoast-seo-wordpress\/ -->\n<title>Vastuullisuus on Alman liiketoiminnan ytimess\u00e4 - Alma Media - mainostajat<\/title>\n<meta name=\"description\" content=\"Vastuullisuus on Alman liiketoiminnan ytimess\u00e4\" \/>\n<meta name=\"robots\" content=\"index, follow, max-snippet:-1, max-image-preview:large, max-video-preview:-1\" \/>\n<link rel=\"canonical\" href=\"https:\/\/www.almamedia.fi\/mainostajat\/vastuullisuus\/\" \/>\n<meta property=\"og:locale\" content=\"fi_FI\" \/>\n<meta property=\"og:type\" content=\"article\" \/>\n<meta property=\"og:title\" content=\"Vastuullisuus on Alman liiketoiminnan ytimess\u00e4 - Alma Media - mainostajat\" \/>\n<meta property=\"og:description\" content=\"Vastuullisuus on Alman liiketoiminnan ytimess\u00e4\" \/>\n<meta property=\"og:url\" content=\"https:\/\/www.almamedia.fi\/mainostajat\/vastuullisuus\/\" \/>\n<meta property=\"og:site_name\" content=\"Alma Media - mainostajat\" \/>\n<meta property=\"article:modified_time\" content=\"2026-02-27T08:57:03+00:00\" \/>\n<meta property=\"og:image\" content=\"https:\/\/www.almamedia.fi\/mainostajat\/wp-content\/uploads\/sites\/6\/tavoita-kotimaan-matkailusta-kiinnostuneet-1.jpg\" \/>\n\t<meta property=\"og:image:width\" content=\"900\" \/>\n\t<meta property=\"og:image:height\" content=\"500\" \/>\n\t<meta property=\"og:image:type\" content=\"image\/jpeg\" \/>\n<meta name=\"twitter:card\" content=\"summary_large_image\" \/>\n<meta name=\"twitter:label1\" content=\"Arvioitu lukuaika\" \/>\n\t<meta name=\"twitter:data1\" content=\"3 minuuttia\" \/>\n<script type=\"application\/ld+json\" class=\"yoast-schema-graph\">{\"@context\":\"https:\/\/schema.org\",\"@graph\":[{\"@type\":\"WebPage\",\"@id\":\"https:\/\/www.almamedia.fi\/mainostajat\/vastuullisuus\/\",\"url\":\"https:\/\/www.almamedia.fi\/mainostajat\/vastuullisuus\/\",\"name\":\"Vastuullisuus on Alman liiketoiminnan ytimess\u00e4 - Alma Media - mainostajat\",\"isPartOf\":{\"@id\":\"https:\/\/www.almamedia.fi\/mainostajat\/#website\"},\"primaryImageOfPage\":{\"@id\":\"https:\/\/www.almamedia.fi\/mainostajat\/vastuullisuus\/#primaryimage\"},\"image\":{\"@id\":\"https:\/\/www.almamedia.fi\/mainostajat\/vastuullisuus\/#primaryimage\"},\"thumbnailUrl\":\"https:\/\/www.almamedia.fi\/mainostajat\/wp-content\/uploads\/sites\/6\/tavoita-kotimaan-matkailusta-kiinnostuneet-1.jpg\",\"datePublished\":\"2025-05-05T09:48:07+00:00\",\"dateModified\":\"2026-02-27T08:57:03+00:00\",\"description\":\"Vastuullisuus on Alman liiketoiminnan ytimess\u00e4\",\"breadcrumb\":{\"@id\":\"https:\/\/www.almamedia.fi\/mainostajat\/vastuullisuus\/#breadcrumb\"},\"inLanguage\":\"fi\",\"potentialAction\":[{\"@type\":\"ReadAction\",\"target\":[\"https:\/\/www.almamedia.fi\/mainostajat\/vastuullisuus\/\"]}]},{\"@type\":\"ImageObject\",\"inLanguage\":\"fi\",\"@id\":\"https:\/\/www.almamedia.fi\/mainostajat\/vastuullisuus\/#primaryimage\",\"url\":\"https:\/\/www.almamedia.fi\/mainostajat\/wp-content\/uploads\/sites\/6\/tavoita-kotimaan-matkailusta-kiinnostuneet-1.jpg\",\"contentUrl\":\"https:\/\/www.almamedia.fi\/mainostajat\/wp-content\/uploads\/sites\/6\/tavoita-kotimaan-matkailusta-kiinnostuneet-1.jpg\",\"width\":900,\"height\":500,\"caption\":\"Tavoita kotimaan matkailusta kiinnostuneet\"},{\"@type\":\"BreadcrumbList\",\"@id\":\"https:\/\/www.almamedia.fi\/mainostajat\/vastuullisuus\/#breadcrumb\",\"itemListElement\":[{\"@type\":\"ListItem\",\"position\":1,\"name\":\"Etusivu\",\"item\":\"https:\/\/www.almamedia.fi\/mainostajat\/\"},{\"@type\":\"ListItem\",\"position\":2,\"name\":\"Vastuullisuus\"}]},{\"@type\":\"WebSite\",\"@id\":\"https:\/\/www.almamedia.fi\/mainostajat\/#website\",\"url\":\"https:\/\/www.almamedia.fi\/mainostajat\/\",\"name\":\"Alma Media - mainostajat\",\"description\":\"\",\"publisher\":{\"@id\":\"https:\/\/www.almamedia.fi\/mainostajat\/#organization\"},\"potentialAction\":[{\"@type\":\"SearchAction\",\"target\":{\"@type\":\"EntryPoint\",\"urlTemplate\":\"https:\/\/www.almamedia.fi\/mainostajat\/?s={search_term_string}\"},\"query-input\":{\"@type\":\"PropertyValueSpecification\",\"valueRequired\":true,\"valueName\":\"search_term_string\"}}],\"inLanguage\":\"fi\"},{\"@type\":\"Organization\",\"@id\":\"https:\/\/www.almamedia.fi\/mainostajat\/#organization\",\"name\":\"Alma Media - mainostajat\",\"url\":\"https:\/\/www.almamedia.fi\/mainostajat\/\",\"logo\":{\"@type\":\"ImageObject\",\"inLanguage\":\"fi\",\"@id\":\"https:\/\/www.almamedia.fi\/mainostajat\/#\/schema\/logo\/image\/\",\"url\":\"https:\/\/www.almamedia.fi\/mainostajat\/wp-content\/uploads\/sites\/6\/alma-media-logo-valkoinen.svg\",\"contentUrl\":\"https:\/\/www.almamedia.fi\/mainostajat\/wp-content\/uploads\/sites\/6\/alma-media-logo-valkoinen.svg\",\"width\":49,\"height\":50,\"caption\":\"Alma Media - mainostajat\"},\"image\":{\"@id\":\"https:\/\/www.almamedia.fi\/mainostajat\/#\/schema\/logo\/image\/\"}}]}<\/script>\n<!-- \/ Yoast SEO plugin. -->","yoast_head_json":{"title":"Vastuullisuus on Alman liiketoiminnan ytimess\u00e4 - Alma Media - mainostajat","description":"Vastuullisuus on Alman liiketoiminnan ytimess\u00e4","robots":{"index":"index","follow":"follow","max-snippet":"max-snippet:-1","max-image-preview":"max-image-preview:large","max-video-preview":"max-video-preview:-1"},"canonical":"https:\/\/www.almamedia.fi\/mainostajat\/vastuullisuus\/","og_locale":"fi_FI","og_type":"article","og_title":"Vastuullisuus on Alman liiketoiminnan ytimess\u00e4 - Alma Media - mainostajat","og_description":"Vastuullisuus on Alman liiketoiminnan ytimess\u00e4","og_url":"https:\/\/www.almamedia.fi\/mainostajat\/vastuullisuus\/","og_site_name":"Alma Media - mainostajat","article_modified_time":"2026-02-27T08:57:03+00:00","og_image":[{"width":900,"height":500,"url":"https:\/\/www.almamedia.fi\/mainostajat\/wp-content\/uploads\/sites\/6\/tavoita-kotimaan-matkailusta-kiinnostuneet-1.jpg","type":"image\/jpeg"}],"twitter_card":"summary_large_image","twitter_misc":{"Arvioitu lukuaika":"3 minuuttia"},"schema":{"@context":"https:\/\/schema.org","@graph":[{"@type":"WebPage","@id":"https:\/\/www.almamedia.fi\/mainostajat\/vastuullisuus\/","url":"https:\/\/www.almamedia.fi\/mainostajat\/vastuullisuus\/","name":"Vastuullisuus on Alman liiketoiminnan ytimess\u00e4 - Alma Media - mainostajat","isPartOf":{"@id":"https:\/\/www.almamedia.fi\/mainostajat\/#website"},"primaryImageOfPage":{"@id":"https:\/\/www.almamedia.fi\/mainostajat\/vastuullisuus\/#primaryimage"},"image":{"@id":"https:\/\/www.almamedia.fi\/mainostajat\/vastuullisuus\/#primaryimage"},"thumbnailUrl":"https:\/\/www.almamedia.fi\/mainostajat\/wp-content\/uploads\/sites\/6\/tavoita-kotimaan-matkailusta-kiinnostuneet-1.jpg","datePublished":"2025-05-05T09:48:07+00:00","dateModified":"2026-02-27T08:57:03+00:00","description":"Vastuullisuus on Alman liiketoiminnan ytimess\u00e4","breadcrumb":{"@id":"https:\/\/www.almamedia.fi\/mainostajat\/vastuullisuus\/#breadcrumb"},"inLanguage":"fi","potentialAction":[{"@type":"ReadAction","target":["https:\/\/www.almamedia.fi\/mainostajat\/vastuullisuus\/"]}]},{"@type":"ImageObject","inLanguage":"fi","@id":"https:\/\/www.almamedia.fi\/mainostajat\/vastuullisuus\/#primaryimage","url":"https:\/\/www.almamedia.fi\/mainostajat\/wp-content\/uploads\/sites\/6\/tavoita-kotimaan-matkailusta-kiinnostuneet-1.jpg","contentUrl":"https:\/\/www.almamedia.fi\/mainostajat\/wp-content\/uploads\/sites\/6\/tavoita-kotimaan-matkailusta-kiinnostuneet-1.jpg","width":900,"height":500,"caption":"Tavoita kotimaan matkailusta kiinnostuneet"},{"@type":"BreadcrumbList","@id":"https:\/\/www.almamedia.fi\/mainostajat\/vastuullisuus\/#breadcrumb","itemListElement":[{"@type":"ListItem","position":1,"name":"Etusivu","item":"https:\/\/www.almamedia.fi\/mainostajat\/"},{"@type":"ListItem","position":2,"name":"Vastuullisuus"}]},{"@type":"WebSite","@id":"https:\/\/www.almamedia.fi\/mainostajat\/#website","url":"https:\/\/www.almamedia.fi\/mainostajat\/","name":"Alma Media - mainostajat","description":"","publisher":{"@id":"https:\/\/www.almamedia.fi\/mainostajat\/#organization"},"potentialAction":[{"@type":"SearchAction","target":{"@type":"EntryPoint","urlTemplate":"https:\/\/www.almamedia.fi\/mainostajat\/?s={search_term_string}"},"query-input":{"@type":"PropertyValueSpecification","valueRequired":true,"valueName":"search_term_string"}}],"inLanguage":"fi"},{"@type":"Organization","@id":"https:\/\/www.almamedia.fi\/mainostajat\/#organization","name":"Alma Media - mainostajat","url":"https:\/\/www.almamedia.fi\/mainostajat\/","logo":{"@type":"ImageObject","inLanguage":"fi","@id":"https:\/\/www.almamedia.fi\/mainostajat\/#\/schema\/logo\/image\/","url":"https:\/\/www.almamedia.fi\/mainostajat\/wp-content\/uploads\/sites\/6\/alma-media-logo-valkoinen.svg","contentUrl":"https:\/\/www.almamedia.fi\/mainostajat\/wp-content\/uploads\/sites\/6\/alma-media-logo-valkoinen.svg","width":49,"height":50,"caption":"Alma Media - mainostajat"},"image":{"@id":"https:\/\/www.almamedia.fi\/mainostajat\/#\/schema\/logo\/image\/"}}]}},"lang":"fi","translations":{"fi":87968},"pll_sync_post":[],"_links":{"self":[{"href":"https:\/\/www.almamedia.fi\/mainostajat\/wp-json\/wp\/v2\/pages\/87968","targetHints":{"allow":["GET"]}}],"collection":[{"href":"https:\/\/www.almamedia.fi\/mainostajat\/wp-json\/wp\/v2\/pages"}],"about":[{"href":"https:\/\/www.almamedia.fi\/mainostajat\/wp-json\/wp\/v2\/types\/page"}],"author":[{"embeddable":true,"href":"https:\/\/www.almamedia.fi\/mainostajat\/wp-json\/wp\/v2\/users\/105"}],"replies":[{"embeddable":true,"href":"https:\/\/www.almamedia.fi\/mainostajat\/wp-json\/wp\/v2\/comments?post=87968"}],"version-history":[{"count":3,"href":"https:\/\/www.almamedia.fi\/mainostajat\/wp-json\/wp\/v2\/pages\/87968\/revisions"}],"predecessor-version":[{"id":93283,"href":"https:\/\/www.almamedia.fi\/mainostajat\/wp-json\/wp\/v2\/pages\/87968\/revisions\/93283"}],"wp:featuredmedia":[{"embeddable":true,"href":"https:\/\/www.almamedia.fi\/mainostajat\/wp-json\/wp\/v2\/media\/89418"}],"wp:attachment":[{"href":"https:\/\/www.almamedia.fi\/mainostajat\/wp-json\/wp\/v2\/media?parent=87968"}],"curies":[{"name":"wp","href":"https:\/\/api.w.org\/{rel}","templated":true}]}}