{"id":87945,"date":"2025-05-02T16:07:50","date_gmt":"2025-05-02T13:07:50","guid":{"rendered":"https:\/\/www.almamedia.fi\/mainostajat\/?page_id=87945"},"modified":"2025-05-02T16:07:50","modified_gmt":"2025-05-02T13:07:50","slug":"transparency-and-consent-framework","status":"publish","type":"page","link":"https:\/\/www.almamedia.fi\/mainostajat\/transparency-and-consent-framework\/","title":{"rendered":"Transparency and Consent Framework"},"content":{"rendered":"\n<figure class=\"wp-block-image\"><img decoding=\"async\" src=\"https:\/\/www.almamedia.fi\/wp-content\/uploads\/2022\/05\/TCF2-1.png\" alt=\"\" class=\"wp-image-52208\"\/><\/figure>\n\n\n\n<p>Alma on sitoutunut noudattamaan IAB Europen Transparency &amp; Consent Framework v2.0 s\u00e4\u00e4nn\u00f6st\u00f6\u00e4\u00a0 osana suostumuksenhallintaa. Tavoitteena on varmistaa, ett\u00e4 digitaalisen mainonnan osapuolet voivat t\u00e4ytt\u00e4\u00e4 velvoitteensa henkil\u00f6tietojen k\u00e4sittelyst\u00e4\u00a0 voimassa olevan tietosuojas\u00e4\u00e4ntelyn mukaisesti. Alma Median mediat siirtyv\u00e4t standardin uuden version mukaiseen suostumustenhallintaan viimeist\u00e4\u00e4n 15.8.2020.<\/p>\n\n\n\n<p>TCF v.2.0:n mukana tulee uudistuksia, jotka tekev\u00e4t digimainontaan liittyv\u00e4n datan ker\u00e4\u00e4misest\u00e4 ja hy\u00f6dynt\u00e4misest\u00e4 l\u00e4pin\u00e4kyv\u00e4mp\u00e4\u00e4 ja hallittavampaa. Uudessa versiossa lis\u00e4t\u00e4\u00e4n kuluttajan mahdollisuuksia vaikuttaa paremmin tietojen ker\u00e4\u00e4miseen ja hy\u00f6dynt\u00e4miseen. Julkaisijalle uusi, parannettu versio standardista tuo mm. selke\u00e4mm\u00e4t pelis\u00e4\u00e4nn\u00f6t datan hy\u00f6dynt\u00e4miselle teknologiakumppaneiden toimesta. Tarkempi kuvaus uudesta versiosta l\u00f6ytyy IAB Europen sivuilta.<\/p>\n\n\n\n<p>TCF eli Transparency and Consent Framework on ensisijaisen t\u00e4rke\u00e4 kaikille digitaalisen mainonnan toimijoille, jotta kuluttajan tietosuoja toteutuu. Framework mahdollistaa, ett\u00e4 ohjelmallisesti ostettua ja datan avulla kohdennettua mainontaa voidaan n\u00e4ytt\u00e4\u00e4 tai mitata, sis\u00e4lt\u00f6\u00e4 personoida ja mainosprofiileja muodostaa vain sellaisille k\u00e4ytt\u00e4jille, jotka ovat siihen suostumuksensa antaneet. K\u00e4ytt\u00e4j\u00e4n suostumus mainonnan kohdentamiseen v\u00e4litet\u00e4\u00e4n ohjelmallisen ostamisen jakeluketjussa eteenp\u00e4in Alman hyv\u00e4ksymille kumppaneille.&nbsp;&nbsp;<\/p>\n\n\n\n<h4 class=\"wp-block-heading\" id=\"alman-hyvaksymat-yhteistyokumppanit\"><strong>Alman hyv\u00e4ksym\u00e4t yhteisty\u00f6kumppanit&nbsp;&nbsp;<\/strong><\/h4>\n\n\n\n<p>Alma hyv\u00e4ksyy Frameworkin kautta yhteisty\u00f6kumppaninsa sek\u00e4 datan k\u00e4ytt\u00f6tarkoitukset osana tietosuojak\u00e4yt\u00e4nt\u00f6j\u00e4\u00e4n. Yleisimmin Suomessa k\u00e4yt\u00f6ss\u00e4 olevat DSP:t ja mainonnanjakeluj\u00e4rjestelm\u00e4t ovat hyv\u00e4ksyttyjen kumppaneiden listalla.&nbsp;<\/p>\n\n\n\n<p>Hyv\u00e4ksyttyjen kumppanien lista:&nbsp;<\/p>\n\n\n\n<p><strong>ID&nbsp; &nbsp; &nbsp; &nbsp; &nbsp; &nbsp;Vendor&nbsp;<\/strong><\/p>\n\n\n\n<p>11&nbsp; &nbsp; &nbsp; &nbsp; &nbsp;Quantcast International Limited&nbsp;<br>16&nbsp; &nbsp; &nbsp; &nbsp; &nbsp;RTB House S.A.&nbsp;<br>21&nbsp; &nbsp; &nbsp; &nbsp; &nbsp;The Trade Desk&nbsp;<br>25&nbsp; &nbsp; &nbsp; &nbsp; &nbsp;Verizon Media EMEA Limited&nbsp;<br>30&nbsp; &nbsp; &nbsp; &nbsp; &nbsp;BidTheatre AB&nbsp;<br>32&nbsp; &nbsp; &nbsp; &nbsp; &nbsp;Xandr, Inc.&nbsp;<br>50&nbsp; &nbsp; &nbsp; &nbsp; &nbsp;Adform&nbsp;<br>52&nbsp; &nbsp; &nbsp; &nbsp; &nbsp;The Rubicon Project, Inc.&nbsp;&nbsp;<br>68&nbsp; &nbsp; &nbsp; &nbsp; &nbsp;Sizmek by Amazon&nbsp;<br>79&nbsp; &nbsp; &nbsp; &nbsp; &nbsp;MediaMath, Inc.&nbsp;<br>91&nbsp; &nbsp; &nbsp; &nbsp; &nbsp;Criteo SA&nbsp;<br>115&nbsp; &nbsp; &nbsp; &nbsp; smartclip Europe GmbH&nbsp;<br>126&nbsp; &nbsp; &nbsp; &nbsp; DoubleVerify Inc.&nbsp;<br>130&nbsp; &nbsp; &nbsp; &nbsp; NextRoll, Inc.&nbsp;<br>152&nbsp; &nbsp; &nbsp; &nbsp; Meetrics GmbH&nbsp;<br>209&nbsp; &nbsp; &nbsp; &nbsp; Delta Projects AB&nbsp;<br>217&nbsp; &nbsp; &nbsp; &nbsp; 2KDirect, Inc. (dba iPromote)&nbsp;<br>264&nbsp; &nbsp; &nbsp; &nbsp; Adobe Advertising Cloud&nbsp;<br>273&nbsp; &nbsp; &nbsp; &nbsp; Bannerflow AB&nbsp;<br>278&nbsp; &nbsp; &nbsp; &nbsp; Integral Ad Science, Inc.&nbsp;<br>315&nbsp; &nbsp; &nbsp; &nbsp; Celtra, Inc.<br>415&nbsp;&nbsp;&nbsp;&nbsp;&nbsp;&nbsp;&nbsp; Seenthis<br>506&nbsp;&nbsp;&nbsp;&nbsp;&nbsp;&nbsp; Salesforce&nbsp;<br>772&nbsp; &nbsp; &nbsp; &nbsp; Oracle Data Cloud \u2013 Moat&nbsp;<br>729&nbsp;&nbsp;&nbsp;&nbsp;&nbsp;&nbsp;&nbsp; Cavai<br>755&nbsp; &nbsp; &nbsp; &nbsp; Google Advertising Products&nbsp;<br>Alman k\u00e4ytt\u00e4m\u00e4 suostumustenhallintaty\u00f6kalu on IAB:n validoima ja rekister\u00f6ity TCF:n CMP listalle ID-numerolla 84.&nbsp;<\/p>\n\n\n\n<p>Jos k\u00e4ytt\u00e4m\u00e4si mainonnan teknologiakumppani ei ole hyv\u00e4ksyttyjen listalla, pyyd\u00e4mme olemaan yhteydess\u00e4&nbsp;<a target=\"_blank\" rel=\"noreferrer noopener\" href=\"&#x6d;&#x61;&#105;&#108;t&#x6f;&#x3a;&#x70;&#114;og&#x72;&#x61;&#109;&#109;a&#x74;&#x69;&#x63;&#64;al&#x6d;&#x61;&#109;&#101;d&#x69;&#x61;&#x2e;&#102;i\">p&#114;&#x6f;&#x67;r&#97;&#x6d;&#x6d;a&#116;&#x69;&#x63;&#64;&#97;&#x6c;&#x6d;a&#109;&#x65;&#x64;i&#97;&#46;&#x66;&#x69;<br><\/a><\/p>\n\n\n\n<h4 class=\"wp-block-heading\" id=\"vastuullinen-alma-media\">Vastuullinen Alma Media&nbsp;<\/h4>\n\n\n\n<p>Alma Media pyrkii kaikessa toiminnassaan vastuullisuuteen tarjoten mainostajalle turvallisen ja luotettavan mainosymp\u00e4rist\u00f6n tehd\u00e4 vastuullista markkinointia.&nbsp;<a href=\"https:\/\/www.almamedia.fi\/vastuullisuus\/vastuullisuus-almassa\" target=\"_blank\" rel=\"noreferrer noopener\">Tutustu yritysvastuumme osa-alueisiin ja tavoitteisiin.<\/a><\/p>\n","protected":false},"excerpt":{"rendered":"<p>Alma on sitoutunut noudattamaan IAB Europen Transparency &amp; Consent Framework v2.0 s\u00e4\u00e4nn\u00f6st\u00f6\u00e4\u00a0 osana suostumuksenhallintaa. Tavoitteena [&hellip;]<\/p>\n","protected":false},"author":7,"featured_media":87946,"parent":0,"menu_order":0,"comment_status":"closed","ping_status":"closed","template":"","meta":{"_acf_changed":false,"footnotes":""},"class_list":["post-87945","page","type-page","status-publish","has-post-thumbnail","hentry"],"acf":[],"yoast_head":"<!-- This site is optimized with the Yoast SEO plugin v26.9 - https:\/\/yoast.com\/product\/yoast-seo-wordpress\/ -->\n<title>Transparency and Consent Framework - Alma Media - mainostajat<\/title>\n<meta name=\"robots\" content=\"index, follow, max-snippet:-1, max-image-preview:large, max-video-preview:-1\" \/>\n<link rel=\"canonical\" href=\"https:\/\/www.almamedia.fi\/mainostajat\/transparency-and-consent-framework\/\" \/>\n<meta property=\"og:locale\" content=\"fi_FI\" \/>\n<meta property=\"og:type\" content=\"article\" \/>\n<meta property=\"og:title\" content=\"Transparency and Consent Framework - Alma Media - mainostajat\" \/>\n<meta property=\"og:description\" content=\"Alma on sitoutunut noudattamaan IAB Europen Transparency &amp; Consent Framework v2.0 s\u00e4\u00e4nn\u00f6st\u00f6\u00e4\u00a0 osana suostumuksenhallintaa. Tavoitteena [&hellip;]\" \/>\n<meta property=\"og:url\" content=\"https:\/\/www.almamedia.fi\/mainostajat\/transparency-and-consent-framework\/\" \/>\n<meta property=\"og:site_name\" content=\"Alma Media - mainostajat\" \/>\n<meta property=\"og:image\" content=\"https:\/\/www.almamedia.fi\/mainostajat\/wp-content\/uploads\/sites\/4\/tulospohjainen_1500x400.tmb-width-1500.jpg\" \/>\n\t<meta property=\"og:image:width\" content=\"1500\" \/>\n\t<meta property=\"og:image:height\" content=\"400\" \/>\n\t<meta property=\"og:image:type\" content=\"image\/jpeg\" \/>\n<meta name=\"twitter:card\" content=\"summary_large_image\" \/>\n<meta name=\"twitter:label1\" content=\"Arvioitu lukuaika\" \/>\n\t<meta name=\"twitter:data1\" content=\"3 minuuttia\" \/>\n<script type=\"application\/ld+json\" class=\"yoast-schema-graph\">{\"@context\":\"https:\/\/schema.org\",\"@graph\":[{\"@type\":\"WebPage\",\"@id\":\"https:\/\/www.almamedia.fi\/mainostajat\/transparency-and-consent-framework\/\",\"url\":\"https:\/\/www.almamedia.fi\/mainostajat\/transparency-and-consent-framework\/\",\"name\":\"Transparency and Consent Framework - Alma Media - mainostajat\",\"isPartOf\":{\"@id\":\"https:\/\/www.almamedia.fi\/mainostajat\/#website\"},\"primaryImageOfPage\":{\"@id\":\"https:\/\/www.almamedia.fi\/mainostajat\/transparency-and-consent-framework\/#primaryimage\"},\"image\":{\"@id\":\"https:\/\/www.almamedia.fi\/mainostajat\/transparency-and-consent-framework\/#primaryimage\"},\"thumbnailUrl\":\"https:\/\/www.almamedia.fi\/mainostajat\/wp-content\/uploads\/sites\/6\/tulospohjainen_1500x400.tmb-width-1500.jpg\",\"datePublished\":\"2025-05-02T13:07:50+00:00\",\"breadcrumb\":{\"@id\":\"https:\/\/www.almamedia.fi\/mainostajat\/transparency-and-consent-framework\/#breadcrumb\"},\"inLanguage\":\"fi\",\"potentialAction\":[{\"@type\":\"ReadAction\",\"target\":[\"https:\/\/www.almamedia.fi\/mainostajat\/transparency-and-consent-framework\/\"]}]},{\"@type\":\"ImageObject\",\"inLanguage\":\"fi\",\"@id\":\"https:\/\/www.almamedia.fi\/mainostajat\/transparency-and-consent-framework\/#primaryimage\",\"url\":\"https:\/\/www.almamedia.fi\/mainostajat\/wp-content\/uploads\/sites\/6\/tulospohjainen_1500x400.tmb-width-1500.jpg\",\"contentUrl\":\"https:\/\/www.almamedia.fi\/mainostajat\/wp-content\/uploads\/sites\/6\/tulospohjainen_1500x400.tmb-width-1500.jpg\",\"width\":1500,\"height\":400},{\"@type\":\"BreadcrumbList\",\"@id\":\"https:\/\/www.almamedia.fi\/mainostajat\/transparency-and-consent-framework\/#breadcrumb\",\"itemListElement\":[{\"@type\":\"ListItem\",\"position\":1,\"name\":\"Etusivu\",\"item\":\"https:\/\/www.almamedia.fi\/mainostajat\/\"},{\"@type\":\"ListItem\",\"position\":2,\"name\":\"Transparency and Consent Framework\"}]},{\"@type\":\"WebSite\",\"@id\":\"https:\/\/www.almamedia.fi\/mainostajat\/#website\",\"url\":\"https:\/\/www.almamedia.fi\/mainostajat\/\",\"name\":\"Alma Media - mainostajat\",\"description\":\"\",\"publisher\":{\"@id\":\"https:\/\/www.almamedia.fi\/mainostajat\/#organization\"},\"potentialAction\":[{\"@type\":\"SearchAction\",\"target\":{\"@type\":\"EntryPoint\",\"urlTemplate\":\"https:\/\/www.almamedia.fi\/mainostajat\/?s={search_term_string}\"},\"query-input\":{\"@type\":\"PropertyValueSpecification\",\"valueRequired\":true,\"valueName\":\"search_term_string\"}}],\"inLanguage\":\"fi\"},{\"@type\":\"Organization\",\"@id\":\"https:\/\/www.almamedia.fi\/mainostajat\/#organization\",\"name\":\"Alma Media - mainostajat\",\"url\":\"https:\/\/www.almamedia.fi\/mainostajat\/\",\"logo\":{\"@type\":\"ImageObject\",\"inLanguage\":\"fi\",\"@id\":\"https:\/\/www.almamedia.fi\/mainostajat\/#\/schema\/logo\/image\/\",\"url\":\"https:\/\/www.almamedia.fi\/mainostajat\/wp-content\/uploads\/sites\/6\/alma-media-logo-valkoinen.svg\",\"contentUrl\":\"https:\/\/www.almamedia.fi\/mainostajat\/wp-content\/uploads\/sites\/6\/alma-media-logo-valkoinen.svg\",\"width\":49,\"height\":50,\"caption\":\"Alma Media - mainostajat\"},\"image\":{\"@id\":\"https:\/\/www.almamedia.fi\/mainostajat\/#\/schema\/logo\/image\/\"}}]}<\/script>\n<!-- \/ Yoast SEO plugin. -->","yoast_head_json":{"title":"Transparency and Consent Framework - Alma Media - mainostajat","robots":{"index":"index","follow":"follow","max-snippet":"max-snippet:-1","max-image-preview":"max-image-preview:large","max-video-preview":"max-video-preview:-1"},"canonical":"https:\/\/www.almamedia.fi\/mainostajat\/transparency-and-consent-framework\/","og_locale":"fi_FI","og_type":"article","og_title":"Transparency and Consent Framework - Alma Media - mainostajat","og_description":"Alma on sitoutunut noudattamaan IAB Europen Transparency &amp; Consent Framework v2.0 s\u00e4\u00e4nn\u00f6st\u00f6\u00e4\u00a0 osana suostumuksenhallintaa. Tavoitteena [&hellip;]","og_url":"https:\/\/www.almamedia.fi\/mainostajat\/transparency-and-consent-framework\/","og_site_name":"Alma Media - mainostajat","og_image":[{"width":1500,"height":400,"url":"https:\/\/www.almamedia.fi\/mainostajat\/wp-content\/uploads\/sites\/4\/tulospohjainen_1500x400.tmb-width-1500.jpg","type":"image\/jpeg"}],"twitter_card":"summary_large_image","twitter_misc":{"Arvioitu lukuaika":"3 minuuttia"},"schema":{"@context":"https:\/\/schema.org","@graph":[{"@type":"WebPage","@id":"https:\/\/www.almamedia.fi\/mainostajat\/transparency-and-consent-framework\/","url":"https:\/\/www.almamedia.fi\/mainostajat\/transparency-and-consent-framework\/","name":"Transparency and Consent Framework - Alma Media - mainostajat","isPartOf":{"@id":"https:\/\/www.almamedia.fi\/mainostajat\/#website"},"primaryImageOfPage":{"@id":"https:\/\/www.almamedia.fi\/mainostajat\/transparency-and-consent-framework\/#primaryimage"},"image":{"@id":"https:\/\/www.almamedia.fi\/mainostajat\/transparency-and-consent-framework\/#primaryimage"},"thumbnailUrl":"https:\/\/www.almamedia.fi\/mainostajat\/wp-content\/uploads\/sites\/6\/tulospohjainen_1500x400.tmb-width-1500.jpg","datePublished":"2025-05-02T13:07:50+00:00","breadcrumb":{"@id":"https:\/\/www.almamedia.fi\/mainostajat\/transparency-and-consent-framework\/#breadcrumb"},"inLanguage":"fi","potentialAction":[{"@type":"ReadAction","target":["https:\/\/www.almamedia.fi\/mainostajat\/transparency-and-consent-framework\/"]}]},{"@type":"ImageObject","inLanguage":"fi","@id":"https:\/\/www.almamedia.fi\/mainostajat\/transparency-and-consent-framework\/#primaryimage","url":"https:\/\/www.almamedia.fi\/mainostajat\/wp-content\/uploads\/sites\/6\/tulospohjainen_1500x400.tmb-width-1500.jpg","contentUrl":"https:\/\/www.almamedia.fi\/mainostajat\/wp-content\/uploads\/sites\/6\/tulospohjainen_1500x400.tmb-width-1500.jpg","width":1500,"height":400},{"@type":"BreadcrumbList","@id":"https:\/\/www.almamedia.fi\/mainostajat\/transparency-and-consent-framework\/#breadcrumb","itemListElement":[{"@type":"ListItem","position":1,"name":"Etusivu","item":"https:\/\/www.almamedia.fi\/mainostajat\/"},{"@type":"ListItem","position":2,"name":"Transparency and Consent Framework"}]},{"@type":"WebSite","@id":"https:\/\/www.almamedia.fi\/mainostajat\/#website","url":"https:\/\/www.almamedia.fi\/mainostajat\/","name":"Alma Media - mainostajat","description":"","publisher":{"@id":"https:\/\/www.almamedia.fi\/mainostajat\/#organization"},"potentialAction":[{"@type":"SearchAction","target":{"@type":"EntryPoint","urlTemplate":"https:\/\/www.almamedia.fi\/mainostajat\/?s={search_term_string}"},"query-input":{"@type":"PropertyValueSpecification","valueRequired":true,"valueName":"search_term_string"}}],"inLanguage":"fi"},{"@type":"Organization","@id":"https:\/\/www.almamedia.fi\/mainostajat\/#organization","name":"Alma Media - mainostajat","url":"https:\/\/www.almamedia.fi\/mainostajat\/","logo":{"@type":"ImageObject","inLanguage":"fi","@id":"https:\/\/www.almamedia.fi\/mainostajat\/#\/schema\/logo\/image\/","url":"https:\/\/www.almamedia.fi\/mainostajat\/wp-content\/uploads\/sites\/6\/alma-media-logo-valkoinen.svg","contentUrl":"https:\/\/www.almamedia.fi\/mainostajat\/wp-content\/uploads\/sites\/6\/alma-media-logo-valkoinen.svg","width":49,"height":50,"caption":"Alma Media - mainostajat"},"image":{"@id":"https:\/\/www.almamedia.fi\/mainostajat\/#\/schema\/logo\/image\/"}}]}},"lang":"fi","translations":{"fi":87945,"en":88168},"pll_sync_post":[],"_links":{"self":[{"href":"https:\/\/www.almamedia.fi\/mainostajat\/wp-json\/wp\/v2\/pages\/87945","targetHints":{"allow":["GET"]}}],"collection":[{"href":"https:\/\/www.almamedia.fi\/mainostajat\/wp-json\/wp\/v2\/pages"}],"about":[{"href":"https:\/\/www.almamedia.fi\/mainostajat\/wp-json\/wp\/v2\/types\/page"}],"author":[{"embeddable":true,"href":"https:\/\/www.almamedia.fi\/mainostajat\/wp-json\/wp\/v2\/users\/7"}],"replies":[{"embeddable":true,"href":"https:\/\/www.almamedia.fi\/mainostajat\/wp-json\/wp\/v2\/comments?post=87945"}],"version-history":[{"count":0,"href":"https:\/\/www.almamedia.fi\/mainostajat\/wp-json\/wp\/v2\/pages\/87945\/revisions"}],"wp:featuredmedia":[{"embeddable":true,"href":"https:\/\/www.almamedia.fi\/mainostajat\/wp-json\/wp\/v2\/media\/87946"}],"wp:attachment":[{"href":"https:\/\/www.almamedia.fi\/mainostajat\/wp-json\/wp\/v2\/media?parent=87945"}],"curies":[{"name":"wp","href":"https:\/\/api.w.org\/{rel}","templated":true}]}}