{"id":87684,"date":"2025-05-02T11:23:13","date_gmt":"2025-05-02T08:23:13","guid":{"rendered":"https:\/\/www.almamedia.fi\/mainostajat\/?page_id=87684"},"modified":"2025-05-22T13:50:11","modified_gmt":"2025-05-22T10:50:11","slug":"il-palat","status":"publish","type":"page","link":"https:\/\/www.almamedia.fi\/mainostajat\/mainosratkaisut\/il-palat\/","title":{"rendered":"IL-palat"},"content":{"rendered":"\n<div style=\"height:10rem\" aria-hidden=\"true\" class=\"wp-block-spacer\"><\/div>\n\n\n\n<div class=\"wp-block-netello-taustakuvalaatikko taustakuvalaatikko image-position-bottom-right kapeampi-2\"><div class=\"taustakuvalaatikko-image-wrapper\"><img decoding=\"async\" src=\"https:\/\/www.almamedia.fi\/mainostajat\/wp-content\/uploads\/sites\/6\/strategiapilvi-lila-oikea.png\" alt=\"\" class=\"taustakuvalaatikko-image\"\/><\/div><div class=\"taustakuvalaatikko-content\">\n<div style=\"height:2rem\" aria-hidden=\"true\" class=\"wp-block-spacer\"><\/div>\n\n\n\n<p class=\"has-text-align-center has-large-font-size\"><strong>IL-paloissa on uusi koukuttava mainospaikka, joka tuo sosiaalisesta mediasta tutut lyhytvideot kotimaiseen ja luotettavaan mediaymp\u00e4rist\u00f6\u00f6n. Suomen johtavan digimedian Iltalehden IL-palat -uutisvirralla on miljoonayleis\u00f6 joka viikko.<\/strong><\/p>\n\n\n\n<p class=\"has-text-align-center has-medium-font-size\"><strong>Sama tuttu formaatti kuin Reels, TikTok ja Stories, mutta luotettavassa kotimaisessa mediaymp\u00e4rist\u00f6ss\u00e4.<\/strong><\/p>\n\n\n\n<div style=\"height:14rem\" aria-hidden=\"true\" class=\"wp-block-spacer\"><\/div>\n<\/div><\/div>\n\n\n\n<div class=\"wp-block-columns is-layout-flex wp-container-core-columns-is-layout-9d6595d7 wp-block-columns-is-layout-flex\">\n<div class=\"wp-block-column is-layout-flow wp-block-column-is-layout-flow\" style=\"flex-basis:75%\">\n<div  class=\"viiva-erotin has-color-light has-width-normal\" >\n\n    <div class=\"netello-line netello-line-animated\"><\/div>\n\n<\/div>\n\n\n\n\n\n\n<h2 class=\"wp-block-heading\">Ainutlaatuinen mainospaikka, IL Videopala, yhdist\u00e4\u00e4 somen vetovoiman perinteisen median uskottavuuteen<\/h2>\n\n\n\n<p><strong>Tavoittaa laajasti suomalaiset<\/strong><br>IL-paloilla yli miljoona k\u00e4ytt\u00e4j\u00e4\u00e4 viikossa. Sivun\u00e4ytt\u00f6j\u00e4 on 5,1 miljoonaa viikossa. <em>(l\u00e4hde: GA vko 4 2025)<\/em><\/p>\n\n\n\n<p><strong>Turvallinen, kotimainen ja luotettava mainosymp\u00e4rist\u00f6<\/strong><br>Mainoksesi esiintyy laadukkaassa ja vastuullisessa mediaymp\u00e4rist\u00f6ss\u00e4 journalistisen uutisvirran keskell\u00e4, ei satunnaisten somesis\u00e4lt\u00f6jen v\u00e4liss\u00e4.<\/p>\n\n\n\n<p><strong>Somesta tuttu lyhytvideoiden mainosformaatti, suuri vaikuttavuus ostovoimaisessa kohderyhm\u00e4ss\u00e4<br><\/strong>Hy\u00f6dynn\u00e4 jo olemassa olevia mainosmateriaalejasi ja tuo ne tehokkaaseen mediaymp\u00e4rist\u00f6\u00f6n miss\u00e4 kohdistat mainoksesi tarkasti haluamallesi kohderyhm\u00e4lle.<\/p>\n<\/div>\n\n\n\n<div class=\"wp-block-column is-layout-flow wp-block-column-is-layout-flow\" style=\"flex-basis:25%\">\n<figure class=\"wp-block-image size-full is-resized\"><img decoding=\"async\" src=\"https:\/\/almamedia.demo2.netello.com\/wp-content\/uploads\/Alma_ILpalat_450x800-1.gif\" alt=\"\" class=\"wp-image-90316\" style=\"width:546px;height:auto\"\/><\/figure>\n<\/div>\n<\/div>\n\n\n\n<div style=\"height:10rem\" aria-hidden=\"true\" class=\"wp-block-spacer\"><\/div>\n\n\n\n<div class=\"wp-block-netello-taustakuvalaatikko taustakuvalaatikko image-position-top-left mt-n5\"><div class=\"taustakuvalaatikko-image-wrapper\"><img decoding=\"async\" src=\"https:\/\/www.almamedia.fi\/mainostajat\/wp-content\/uploads\/sites\/6\/strategiapilvi-vasen-crop.png\" alt=\"\" class=\"taustakuvalaatikko-image\"\/><\/div><div class=\"taustakuvalaatikko-content\">\n<div style=\"height:2rem\" aria-hidden=\"true\" class=\"wp-block-spacer\"><\/div>\n\n\n\n<div  class=\"linkkilaatikot-viivalla col-2 has-line-color-white has-font-size-m\">\n\n    \n        <div class=\"linkkilaatikko-viivalla\">\n            <div class=\"netello-line netello-line-animated\"><\/div>\n            \n                                    <h3 class=\"otsikko \"><span class=\"teksti\">Miksi valita IL Videopala, mainospaikka IL-paloissa?<\/span><\/h3>\n                                                <div class=\"sisalto\">\n                      <ul class=\"wp-block-list\">\n<li>Kattava tavoittavuus kaiken ik\u00e4isiss\u00e4 suomalaisissa<\/li>\n<li>Luotettava ymp\u00e4rist\u00f6 uutisvirrassa<\/li>\n<li>Seuraajat ostovoimaisia suomalaisia<\/li>\n<\/ul>\n                <\/div>\n                \n                    <\/div>\n\n    \n        <div class=\"linkkilaatikko-viivalla\">\n            <div class=\"netello-line netello-line-animated\"><\/div>\n            \n                                    <h3 class=\"otsikko \"><span class=\"teksti\">Hy\u00f6dyt mainostajalle:<\/span><\/h3>\n                                                <div class=\"sisalto\">\n                      <ul class=\"wp-block-list\">\n<li>Korkea sitoutuminen ja nopea huomio<\/li>\n<li>Monipuoliset kohdennusmahdollisuudet<\/li>\n<li>Helppo k\u00e4ytt\u00f6\u00f6notto: Voit hy\u00f6dynt\u00e4\u00e4 olemassa olevia somevideoitasi sellaisenaan IL-paloissa, mik\u00e4 tekee kampanjoiden toteuttamisesta vaivatonta, tai voit tilata meilt\u00e4 my\u00f6s koko videotuotannon, kysy lis\u00e4\u00e4 Brand Studiosta<\/li>\n<\/ul>\n                <\/div>\n                \n                    <\/div>\n\n    \n<\/div>\n\n\n<\/div><\/div>\n\n\n\n<div style=\"height:83px\" aria-hidden=\"true\" class=\"wp-block-spacer\"><\/div>\n\n\n\n<div class=\"wp-block-netello-container align-left\"><div class=\"wrapper\">\n<p class=\"has-medium-font-size\"><em>\u201dIL-palojen suosio kertoo sen nerokkuudesta; nopea, k\u00e4ytt\u00e4j\u00e4yst\u00e4v\u00e4llinen ja koukuttava tapa kuluttaa uutisia.<br>Iskulauseemme on \u2019Kiinnostavimmat nopeasti\u2019 ja se todellakin pit\u00e4\u00e4 paikkaansa.\u201d<\/em><\/p>\n\n\n\n<p><strong>\u2013 Jenni Smith, Tuottaja, IL-palat<\/strong><\/p>\n<\/div><\/div>\n\n\n\n<div style=\"height:93px\" aria-hidden=\"true\" class=\"wp-block-spacer\"><\/div>\n\n\n\n<div class=\"wp-block-columns is-layout-flex wp-container-core-columns-is-layout-9d6595d7 wp-block-columns-is-layout-flex\">\n<div class=\"wp-block-column is-layout-flow wp-block-column-is-layout-flow\" style=\"flex-basis:75%\">\n<div  class=\"viiva-erotin has-color-light has-width-normal\" >\n\n    <div class=\"netello-line netello-line-animated\"><\/div>\n\n<\/div>\n\n\n\n\n\n\n<h2 class=\"wp-block-heading\">IL-palat on Iltalehden uusi, innovatiivinen tapa kuluttaa uutisia<\/h2>\n\n\n\n<p>IL-palat uutisvirrassa nostetaan esiin kiinnostavimpia videoita ja kuvia, tiivistet\u00e4\u00e4n suurten uutisaiheiden keskeiset kohdat sek\u00e4 tuodaan esille uusia n\u00e4k\u00f6kulmia ja mielenkiintoisia yksityiskohtia. Sis\u00e4lt\u00f6\u00e4 tuotetaan kulutettavaksi puhelimella helposti ja nopeasti selaten, kuten k\u00e4ytt\u00e4j\u00e4t ovat tottuneet selailemaan sis\u00e4lt\u00f6j\u00e4 somekanavissa. Kuluttaessaan IL-paloja lukija on aidosti uppoutunut aiheeseen. Sis\u00e4lt\u00f6 koetaan henkil\u00f6kohtaisemmaksi, kun toimittaja kertoo&nbsp;<strong>\u201djuuri sinulle\u201d<\/strong>.<\/p>\n<\/div>\n\n\n\n<div class=\"wp-block-column is-layout-flow wp-block-column-is-layout-flow\" style=\"flex-basis:25%\">\n<figure class=\"wp-block-video\"><video height=\"576\" style=\"aspect-ratio: 720 \/ 576;\" width=\"720\" autoplay loop muted src=\"https:\/\/almamedia.demo2.netello.com\/wp-content\/uploads\/Palat-Videokooste-11-1.mp4\" playsinline><\/video><\/figure>\n\n\n\n<p class=\"has-text-align-center\"><sup>IL-palat videokooste<\/sup><\/p>\n<\/div>\n<\/div>\n\n\n\n<div class=\"wp-block-netello-taustakuvalaatikko taustakuvalaatikko image-position-bottom-right kapeampi-2\"><div class=\"taustakuvalaatikko-image-wrapper\"><img decoding=\"async\" src=\"https:\/\/www.almamedia.fi\/mainostajat\/wp-content\/uploads\/sites\/6\/strategiapilvi-lila-oikea.png\" alt=\"\" class=\"taustakuvalaatikko-image\"\/><\/div><div class=\"taustakuvalaatikko-content\">\n<div style=\"height:2rem\" aria-hidden=\"true\" class=\"wp-block-spacer\"><\/div>\n\n\n\n<h2 class=\"wp-block-heading has-text-align-center has-large-font-size\">N\u00e4in IL Videopala, mainospaikka IL-paloissa toimii:<\/h2>\n\n\n\n<p class=\"has-text-align-center has-medium-font-size\">Lyhytvideomainoksesi n\u00e4kyv\u00e4t Iltalehden IL-palojen uutisvirrassa pystyvideoina, jotka k\u00e4ynnistyv\u00e4t automaattisesti k\u00e4ytt\u00e4j\u00e4n selatessa sis\u00e4lt\u00f6\u00e4. Mainokset sulautuvat saumattomasti muun sis\u00e4ll\u00f6n joukkoon, tarjoten k\u00e4ytt\u00e4jille luontevan ja miellytt\u00e4v\u00e4n kokemuksen.<\/p>\n\n\n\n<p class=\"has-text-align-center has-medium-font-size\"><strong>Vinkki!<\/strong>&nbsp;Pid\u00e4 videosi ytimekk\u00e4\u00e4n\u00e4 ja tuo t\u00e4rkein viestisi sek\u00e4 br\u00e4ndisi esille heti alussa.<br>Ensimm\u00e4iset sekunnit ovat kriittisi\u00e4 katsojan huomion vangitsemiseksi.<\/p>\n\n\n\n<div style=\"height:14rem\" aria-hidden=\"true\" class=\"wp-block-spacer\"><\/div>\n<\/div><\/div>\n\n\n\n<div class=\"wp-block-netello-container align-left\"><div class=\"wrapper\">\n<h3 class=\"wp-block-heading\">Kenelle sopii?<\/h3>\n\n\n\n<p class=\"has-medium-font-size\">Tee mainontaa IL-paloissa erityisesti silloin, kun haluat hy\u00f6dynt\u00e4\u00e4 somekanavista tuttua videomainontaa luotettavassa kotimaisessa mediaymp\u00e4rist\u00f6ss\u00e4, ja erottua uutisvirran v\u00e4list\u00e4 br\u00e4ndill\u00e4si.<\/p>\n\n\n\n<p><strong><br><a href=\"https:\/\/www.almamedia.fi\/mainostajat\/mediamyynnin-yhteystiedot\/\">Ota yhteytt\u00e4&nbsp;\u203a<\/a><\/strong><\/p>\n<\/div><\/div>\n\n\n\n<p><\/p>\n","protected":false},"excerpt":{"rendered":"<p>Ainutlaatuinen mainospaikka, IL Videopala, yhdist\u00e4\u00e4 somen vetovoiman perinteisen median uskottavuuteen Tavoittaa laajasti suomalaisetIL-paloilla yli miljoona [&hellip;]<\/p>\n","protected":false},"author":105,"featured_media":87576,"parent":3592,"menu_order":0,"comment_status":"closed","ping_status":"closed","template":"","meta":{"_acf_changed":false,"footnotes":""},"class_list":["post-87684","page","type-page","status-publish","has-post-thumbnail","hentry"],"acf":[],"yoast_head":"<!-- This site is optimized with the Yoast SEO plugin v26.9 - https:\/\/yoast.com\/product\/yoast-seo-wordpress\/ -->\n<title>IL-palat - Alma Media - mainostajat<\/title>\n<meta name=\"description\" content=\"Mainostaja, Iltalehden IL-paloissa on Suomen paras mainospaikka somevideollesi.\" \/>\n<meta name=\"robots\" content=\"index, follow, max-snippet:-1, max-image-preview:large, max-video-preview:-1\" \/>\n<link rel=\"canonical\" href=\"https:\/\/www.almamedia.fi\/mainostajat\/mainosratkaisut\/il-palat\/\" \/>\n<meta property=\"og:locale\" content=\"fi_FI\" \/>\n<meta property=\"og:type\" content=\"article\" \/>\n<meta property=\"og:title\" content=\"IL-palat - Alma Media - mainostajat\" \/>\n<meta property=\"og:description\" content=\"Mainostaja, Iltalehden IL-paloissa on Suomen paras mainospaikka somevideollesi.\" \/>\n<meta property=\"og:url\" content=\"https:\/\/www.almamedia.fi\/mainostajat\/mainosratkaisut\/il-palat\/\" \/>\n<meta property=\"og:site_name\" content=\"Alma Media - mainostajat\" \/>\n<meta property=\"article:modified_time\" content=\"2025-05-22T10:50:11+00:00\" \/>\n<meta property=\"og:image\" content=\"https:\/\/www.almamedia.fi\/mainostajat\/wp-content\/uploads\/sites\/4\/b2b-pienikoko.png\" \/>\n\t<meta property=\"og:image:width\" content=\"770\" \/>\n\t<meta property=\"og:image:height\" content=\"310\" \/>\n\t<meta property=\"og:image:type\" content=\"image\/png\" \/>\n<meta name=\"twitter:card\" content=\"summary_large_image\" \/>\n<meta name=\"twitter:label1\" content=\"Arvioitu lukuaika\" \/>\n\t<meta name=\"twitter:data1\" content=\"3 minuuttia\" \/>\n<script type=\"application\/ld+json\" class=\"yoast-schema-graph\">{\"@context\":\"https:\/\/schema.org\",\"@graph\":[{\"@type\":\"WebPage\",\"@id\":\"https:\/\/www.almamedia.fi\/mainostajat\/mainosratkaisut\/il-palat\/\",\"url\":\"https:\/\/www.almamedia.fi\/mainostajat\/mainosratkaisut\/il-palat\/\",\"name\":\"IL-palat - Alma Media - mainostajat\",\"isPartOf\":{\"@id\":\"https:\/\/www.almamedia.fi\/mainostajat\/#website\"},\"primaryImageOfPage\":{\"@id\":\"https:\/\/www.almamedia.fi\/mainostajat\/mainosratkaisut\/il-palat\/#primaryimage\"},\"image\":{\"@id\":\"https:\/\/www.almamedia.fi\/mainostajat\/mainosratkaisut\/il-palat\/#primaryimage\"},\"thumbnailUrl\":\"https:\/\/www.almamedia.fi\/mainostajat\/wp-content\/uploads\/sites\/6\/b2b-pienikoko.png\",\"datePublished\":\"2025-05-02T08:23:13+00:00\",\"dateModified\":\"2025-05-22T10:50:11+00:00\",\"description\":\"Mainostaja, Iltalehden IL-paloissa on Suomen paras mainospaikka somevideollesi.\",\"breadcrumb\":{\"@id\":\"https:\/\/www.almamedia.fi\/mainostajat\/mainosratkaisut\/il-palat\/#breadcrumb\"},\"inLanguage\":\"fi\",\"potentialAction\":[{\"@type\":\"ReadAction\",\"target\":[\"https:\/\/www.almamedia.fi\/mainostajat\/mainosratkaisut\/il-palat\/\"]}]},{\"@type\":\"ImageObject\",\"inLanguage\":\"fi\",\"@id\":\"https:\/\/www.almamedia.fi\/mainostajat\/mainosratkaisut\/il-palat\/#primaryimage\",\"url\":\"https:\/\/www.almamedia.fi\/mainostajat\/wp-content\/uploads\/sites\/6\/b2b-pienikoko.png\",\"contentUrl\":\"https:\/\/www.almamedia.fi\/mainostajat\/wp-content\/uploads\/sites\/6\/b2b-pienikoko.png\",\"width\":770,\"height\":310},{\"@type\":\"BreadcrumbList\",\"@id\":\"https:\/\/www.almamedia.fi\/mainostajat\/mainosratkaisut\/il-palat\/#breadcrumb\",\"itemListElement\":[{\"@type\":\"ListItem\",\"position\":1,\"name\":\"Etusivu\",\"item\":\"https:\/\/www.almamedia.fi\/mainostajat\/\"},{\"@type\":\"ListItem\",\"position\":2,\"name\":\"Mainosratkaisut\",\"item\":\"https:\/\/www.almamedia.fi\/mainostajat\/mainosratkaisut\/\"},{\"@type\":\"ListItem\",\"position\":3,\"name\":\"IL-palat\"}]},{\"@type\":\"WebSite\",\"@id\":\"https:\/\/www.almamedia.fi\/mainostajat\/#website\",\"url\":\"https:\/\/www.almamedia.fi\/mainostajat\/\",\"name\":\"Alma Media - mainostajat\",\"description\":\"\",\"publisher\":{\"@id\":\"https:\/\/www.almamedia.fi\/mainostajat\/#organization\"},\"potentialAction\":[{\"@type\":\"SearchAction\",\"target\":{\"@type\":\"EntryPoint\",\"urlTemplate\":\"https:\/\/www.almamedia.fi\/mainostajat\/?s={search_term_string}\"},\"query-input\":{\"@type\":\"PropertyValueSpecification\",\"valueRequired\":true,\"valueName\":\"search_term_string\"}}],\"inLanguage\":\"fi\"},{\"@type\":\"Organization\",\"@id\":\"https:\/\/www.almamedia.fi\/mainostajat\/#organization\",\"name\":\"Alma Media - mainostajat\",\"url\":\"https:\/\/www.almamedia.fi\/mainostajat\/\",\"logo\":{\"@type\":\"ImageObject\",\"inLanguage\":\"fi\",\"@id\":\"https:\/\/www.almamedia.fi\/mainostajat\/#\/schema\/logo\/image\/\",\"url\":\"https:\/\/www.almamedia.fi\/mainostajat\/wp-content\/uploads\/sites\/6\/alma-media-logo-valkoinen.svg\",\"contentUrl\":\"https:\/\/www.almamedia.fi\/mainostajat\/wp-content\/uploads\/sites\/6\/alma-media-logo-valkoinen.svg\",\"width\":49,\"height\":50,\"caption\":\"Alma Media - mainostajat\"},\"image\":{\"@id\":\"https:\/\/www.almamedia.fi\/mainostajat\/#\/schema\/logo\/image\/\"}}]}<\/script>\n<!-- \/ Yoast SEO plugin. -->","yoast_head_json":{"title":"IL-palat - Alma Media - mainostajat","description":"Mainostaja, Iltalehden IL-paloissa on Suomen paras mainospaikka somevideollesi.","robots":{"index":"index","follow":"follow","max-snippet":"max-snippet:-1","max-image-preview":"max-image-preview:large","max-video-preview":"max-video-preview:-1"},"canonical":"https:\/\/www.almamedia.fi\/mainostajat\/mainosratkaisut\/il-palat\/","og_locale":"fi_FI","og_type":"article","og_title":"IL-palat - Alma Media - mainostajat","og_description":"Mainostaja, Iltalehden IL-paloissa on Suomen paras mainospaikka somevideollesi.","og_url":"https:\/\/www.almamedia.fi\/mainostajat\/mainosratkaisut\/il-palat\/","og_site_name":"Alma Media - mainostajat","article_modified_time":"2025-05-22T10:50:11+00:00","og_image":[{"width":770,"height":310,"url":"https:\/\/www.almamedia.fi\/mainostajat\/wp-content\/uploads\/sites\/4\/b2b-pienikoko.png","type":"image\/png"}],"twitter_card":"summary_large_image","twitter_misc":{"Arvioitu lukuaika":"3 minuuttia"},"schema":{"@context":"https:\/\/schema.org","@graph":[{"@type":"WebPage","@id":"https:\/\/www.almamedia.fi\/mainostajat\/mainosratkaisut\/il-palat\/","url":"https:\/\/www.almamedia.fi\/mainostajat\/mainosratkaisut\/il-palat\/","name":"IL-palat - Alma Media - mainostajat","isPartOf":{"@id":"https:\/\/www.almamedia.fi\/mainostajat\/#website"},"primaryImageOfPage":{"@id":"https:\/\/www.almamedia.fi\/mainostajat\/mainosratkaisut\/il-palat\/#primaryimage"},"image":{"@id":"https:\/\/www.almamedia.fi\/mainostajat\/mainosratkaisut\/il-palat\/#primaryimage"},"thumbnailUrl":"https:\/\/www.almamedia.fi\/mainostajat\/wp-content\/uploads\/sites\/6\/b2b-pienikoko.png","datePublished":"2025-05-02T08:23:13+00:00","dateModified":"2025-05-22T10:50:11+00:00","description":"Mainostaja, Iltalehden IL-paloissa on Suomen paras mainospaikka somevideollesi.","breadcrumb":{"@id":"https:\/\/www.almamedia.fi\/mainostajat\/mainosratkaisut\/il-palat\/#breadcrumb"},"inLanguage":"fi","potentialAction":[{"@type":"ReadAction","target":["https:\/\/www.almamedia.fi\/mainostajat\/mainosratkaisut\/il-palat\/"]}]},{"@type":"ImageObject","inLanguage":"fi","@id":"https:\/\/www.almamedia.fi\/mainostajat\/mainosratkaisut\/il-palat\/#primaryimage","url":"https:\/\/www.almamedia.fi\/mainostajat\/wp-content\/uploads\/sites\/6\/b2b-pienikoko.png","contentUrl":"https:\/\/www.almamedia.fi\/mainostajat\/wp-content\/uploads\/sites\/6\/b2b-pienikoko.png","width":770,"height":310},{"@type":"BreadcrumbList","@id":"https:\/\/www.almamedia.fi\/mainostajat\/mainosratkaisut\/il-palat\/#breadcrumb","itemListElement":[{"@type":"ListItem","position":1,"name":"Etusivu","item":"https:\/\/www.almamedia.fi\/mainostajat\/"},{"@type":"ListItem","position":2,"name":"Mainosratkaisut","item":"https:\/\/www.almamedia.fi\/mainostajat\/mainosratkaisut\/"},{"@type":"ListItem","position":3,"name":"IL-palat"}]},{"@type":"WebSite","@id":"https:\/\/www.almamedia.fi\/mainostajat\/#website","url":"https:\/\/www.almamedia.fi\/mainostajat\/","name":"Alma Media - mainostajat","description":"","publisher":{"@id":"https:\/\/www.almamedia.fi\/mainostajat\/#organization"},"potentialAction":[{"@type":"SearchAction","target":{"@type":"EntryPoint","urlTemplate":"https:\/\/www.almamedia.fi\/mainostajat\/?s={search_term_string}"},"query-input":{"@type":"PropertyValueSpecification","valueRequired":true,"valueName":"search_term_string"}}],"inLanguage":"fi"},{"@type":"Organization","@id":"https:\/\/www.almamedia.fi\/mainostajat\/#organization","name":"Alma Media - mainostajat","url":"https:\/\/www.almamedia.fi\/mainostajat\/","logo":{"@type":"ImageObject","inLanguage":"fi","@id":"https:\/\/www.almamedia.fi\/mainostajat\/#\/schema\/logo\/image\/","url":"https:\/\/www.almamedia.fi\/mainostajat\/wp-content\/uploads\/sites\/6\/alma-media-logo-valkoinen.svg","contentUrl":"https:\/\/www.almamedia.fi\/mainostajat\/wp-content\/uploads\/sites\/6\/alma-media-logo-valkoinen.svg","width":49,"height":50,"caption":"Alma Media - mainostajat"},"image":{"@id":"https:\/\/www.almamedia.fi\/mainostajat\/#\/schema\/logo\/image\/"}}]}},"lang":"fi","translations":{"fi":87684,"en":91124},"pll_sync_post":[],"_links":{"self":[{"href":"https:\/\/www.almamedia.fi\/mainostajat\/wp-json\/wp\/v2\/pages\/87684","targetHints":{"allow":["GET"]}}],"collection":[{"href":"https:\/\/www.almamedia.fi\/mainostajat\/wp-json\/wp\/v2\/pages"}],"about":[{"href":"https:\/\/www.almamedia.fi\/mainostajat\/wp-json\/wp\/v2\/types\/page"}],"author":[{"embeddable":true,"href":"https:\/\/www.almamedia.fi\/mainostajat\/wp-json\/wp\/v2\/users\/105"}],"replies":[{"embeddable":true,"href":"https:\/\/www.almamedia.fi\/mainostajat\/wp-json\/wp\/v2\/comments?post=87684"}],"version-history":[{"count":0,"href":"https:\/\/www.almamedia.fi\/mainostajat\/wp-json\/wp\/v2\/pages\/87684\/revisions"}],"up":[{"embeddable":true,"href":"https:\/\/www.almamedia.fi\/mainostajat\/wp-json\/wp\/v2\/pages\/3592"}],"wp:featuredmedia":[{"embeddable":true,"href":"https:\/\/www.almamedia.fi\/mainostajat\/wp-json\/wp\/v2\/media\/87576"}],"wp:attachment":[{"href":"https:\/\/www.almamedia.fi\/mainostajat\/wp-json\/wp\/v2\/media?parent=87684"}],"curies":[{"name":"wp","href":"https:\/\/api.w.org\/{rel}","templated":true}]}}