{"id":87620,"date":"2025-04-30T14:59:17","date_gmt":"2025-04-30T11:59:17","guid":{"rendered":"https:\/\/www.almamedia.fi\/mainostajat\/?page_id=87620"},"modified":"2026-02-10T15:51:38","modified_gmt":"2026-02-10T13:51:38","slug":"supersivu","status":"publish","type":"page","link":"https:\/\/www.almamedia.fi\/mainostajat\/mainosratkaisut\/supersivu\/","title":{"rendered":"Supersivu"},"content":{"rendered":"\n<div style=\"height:121px\" aria-hidden=\"true\" class=\"wp-block-spacer\"><\/div>\n\n\n\n<div data-aos=\"fade-up\" class=\"wp-block-netello-animation kapeampi-2\"><div class=\"wrapper\">\n<h2 class=\"wp-block-heading has-text-align-center has-large-font-size\">Iso mainospinta. Jakamaton huomio. Tutkitusti superhyv\u00e4 huomioarvo.<\/h2>\n\n\n\n<p class=\"has-text-align-center has-medium-font-size\">Tutustu Supersivuun \u2013 n\u00e4ytt\u00e4v\u00e4\u00e4n br\u00e4ndimainonnan ratkaisuun, joka tarjoaa&nbsp;<strong>n\u00e4kyvyytt\u00e4 suurella mainospinnalla<\/strong>. Se on suunniteltu erottumaan digitaalisessa ymp\u00e4rist\u00f6ss\u00e4 ja vangitsee kohderyhm\u00e4si katseen.&nbsp;<\/p>\n\n\n\n<p class=\"has-text-align-center has-medium-font-size\">Supersivulla saat&nbsp;<strong>jakamattoman huomion<\/strong>&nbsp;br\u00e4ndillesi.&nbsp;<\/p>\n<\/div><\/div>\n\n\n\n<div style=\"height:163px\" aria-hidden=\"true\" class=\"wp-block-spacer\"><\/div>\n\n\n\n<div class=\"wp-block-columns is-layout-flex wp-container-core-columns-is-layout-9d6595d7 wp-block-columns-is-layout-flex\">\n<div class=\"wp-block-column is-layout-flow wp-block-column-is-layout-flow\">\n<h2 class=\"wp-block-heading has-large-font-size\">Supersivuilla on tutkitusti korkea huomioarvo<\/h2>\n\n\n\n<p>Alma Businessmedioissa 2025 tutkittujen Supersivujen huomioarvojen keskiarvo on <strong>65%<\/strong>.<\/p>\n\n\n\n<p>Kaikki tutkitut Supersivu-kampanjat: huomioarvojen keskiarvo 62 %.<\/p>\n\n\n\n<p>Vertailun vuoksi, muiden tutkittujen mainosmuotojen huomioarvojen ka. on 43 % (aikav\u00e4lill\u00e4 2024\u20132025).<\/p>\n\n\n\n<p class=\"has-small-font-size\">L\u00e4hde: EXIT-tutkimukset, Digitalist<\/p>\n<\/div>\n\n\n\n<div class=\"wp-block-column is-layout-flow wp-block-column-is-layout-flow\">\n<div  class=\"numero-animoitu has-text-align-right has-top-line has-number-color-green has-font-size-l has-line-color-light has-text-size-m\">\n\n    \n    <div class=\"numero-wrapper\">\n                    <span class=\"netello-line netello-line-animated\"><\/span>\n                \n                    <span class=\"netello-number-counter \" data-target=\"65\">0<\/span>\n        \n        <span>%<\/span>    <\/div>\n\n    <div class=\"alateksti\"><p>HUOMIOARVOJEN KESKIARVO<br \/>\nALMA BUSINESSMEDIAT<\/p>\n<\/div>\n<\/div>\n\n\n\n\n\n\n<div style=\"height:3rem\" aria-hidden=\"true\" class=\"wp-block-spacer\"><\/div>\n<\/div>\n<\/div>\n\n\n\n<div style=\"height:107px\" aria-hidden=\"true\" class=\"wp-block-spacer\"><\/div>\n\n\n<div  class=\"kuva-ja-teksti-vierekkain has-font-size-s has-header-size-m has-full-width has-no-bg has-video\">\n    <div class=\"wrapper\">\n        <div class=\"vasen\">\n            <span class=\"netello-line netello-line-animated hide-mobile\"><\/span>\n            <div class=\"sisalto-wrapper\">\n                                    <p class=\"ylateksti hide-mobile\">\n                        SUPERSIVU                    <\/p>\n                                                    <h2 class=\"otsikko hide-mobile\">\n                                                    Kiinnit\u00e4 huomio n\u00e4ytt\u00e4v\u00e4sti                                            <\/h2>\n                                                    <div class=\"sisalto\">\n                        <h4 class=\"wp-block-heading has-text-align-left\"><strong>Tee vaikutus suurella mainospinnalla<\/strong><\/h4>\n<p class=\"has-text-align-left\">Suuri koko mahdollistaa\u00a0<strong>n\u00e4ytt\u00e4v\u00e4t ja mieleenpainuvat<\/strong> toteutukset. Hy\u00f6dynn\u00e4 kuvan lis\u00e4ksi entist\u00e4 monipuolisempia aineistovaihtoehtoja luodaksesi n\u00e4ytt\u00e4v\u00e4n mainoksen, joka tekee vaikutuksen. Uudistettu tekninen toteutus my\u00f6s takaa mainonnan nopean latautumisen.<\/p>\n<h4 class=\"wp-block-heading\"><strong>Kun haluat tehd\u00e4 n\u00e4ytt\u00e4v\u00e4\u00e4 br\u00e4ndimainontaa<\/strong><\/h4>\n<p>Supersivu sopii tarpeisiisi erityisesti silloin, kun tavoitteenasi on\u00a0<strong>huomion her\u00e4tt\u00e4minen<\/strong>, yrityksesi\u00a0<strong>br\u00e4ndin rakentaminen<\/strong>\u00a0tai potentiaalisten asiakkaidesi\u00a0<strong>kiinnostuksen her\u00e4tt\u00e4minen.<\/strong><\/p>\n<h4 class=\"wp-block-heading\"><strong>Tavoita haluamasi yleis\u00f6 Alman kanavissa<\/strong><\/h4>\n<p>Tavoita yleis\u00f6si aina laadukkaassa mediaymp\u00e4rist\u00f6ss\u00e4. Voit my\u00f6s hy\u00f6dynt\u00e4\u00e4 Alman\u00a0monipuolisia kohdentamisen vaihtoehtoja, mink\u00e4 ansiosta kampanjasi tavoittaa\u00a0<strong>juuri oikean, valitsemasi yleis\u00f6n<\/strong>.<\/p>\n                    <\/div>\n                                            <\/div>\n        <\/div>\n                    <div class=\"oikea\">\n                <div class=\"hide-desktop\">\n                    <span class=\"netello-line netello-line-animated\"><\/span>\n                                            <p class=\"ylateksti\">\n                            SUPERSIVU                        <\/p>\n                                                                <h2 class=\"otsikko\">\n                                                            Kiinnit\u00e4 huomio n\u00e4ytt\u00e4v\u00e4sti                                                        <\/h2>\n                                    <\/div>\n                <div class=\"oikea-inner netello-image-animated\">\n                                                                                                                            <!-- Debug info -->\n                            <!-- Video URL: https:\/\/www.almamedia.fi\/mainostajat\/wp-content\/uploads\/sites\/6\/Tuote-malli_Supersivu_isompi.mp4 -->\n                            <!-- MIME Type: video\/mp4 -->\n                            <!-- Settings: video_has_autoplay -->\n                            \n                            <div class=\"video-container direct-video\">\n                                <div class=\"video-wrapper\">\n                                                                        <video \n                                        playsinline preload=\"metadata\" autoplay muted loop data-autoplay=\"true\" \n                                        src=\"https:\/\/www.almamedia.fi\/mainostajat\/wp-content\/uploads\/sites\/6\/Tuote-malli_Supersivu_isompi.mp4\"\n                                        type=\"video\/mp4\"\n                                        style=\"width:100%; height:100%;\"\n                                    >\n                                        <p>Your browser does not support the video tag. You can <a href=\"https:\/\/www.almamedia.fi\/mainostajat\/wp-content\/uploads\/sites\/6\/Tuote-malli_Supersivu_isompi.mp4\">download the video<\/a> instead.<\/p>\n                                    <\/video>\n                                <\/div>\n                            <\/div>\n                                                            <\/div>\n            <\/div>\n            <\/div>\n<\/div>\n\n\n\n<div style=\"height:104px\" aria-hidden=\"true\" class=\"wp-block-spacer\"><\/div>\n\n\n\n<div data-aos=\"fade-up\" id=\"Artikkelit-block_6b7f9dc39d19d9fa05cd461b40246497\" class=\"isot-artikkeli-nostot has-box-size-l  has-wide-style\">\n\n            <div class=\"ylaosa\">\n                            <h2 class=\"isot-artikkeli-nostot-otsikko\">\n                    TUTUSTU ASIAKKAIDEMME ONNISTUMISIIN                <\/h2>\n                        <div class=\"arrows-wrapper\"><\/div>\n        <\/div>\n    \n    \n    \n        <div class=\"isot-artikkeli-nostot-wrapper isot-artikkeli-nostot-karuselli has-box-size-l\">\n            \n<div>\n    <div class=\"uutislaatikko\">\n        <div class=\"uutiskuva\">\n                            <img decoding=\"async\" src=\"https:\/\/www.almamedia.fi\/mainostajat\/wp-content\/uploads\/sites\/6\/kia-all-new-ev6-gtline-my25-wolf-grey-outdoor-static-digital-1920x1080-003-1024x576.jpg\" alt=\"\" class=\"uutiskuva__kuva\">\n                    <\/div>\n        <div class=\"uutisteksti\">\n            <!--<p class=\"pvm\">13.6.2025<\/p>-->\n            <h3>Kampanja ylitti kaikki keskiarvot Alma Supersivulla<\/h3>\n\n            \n            <div class=\"ote\">\n                            <\/div>\n\n        <\/div>\n                <a class=\"laatikkolinkki\" \n           href=\"https:\/\/www.almamedia.fi\/mainostajat\/caset\/kampanja-ylitti-kaikki-keskiarvot-alma-supersivulla\/\"\n           aria-label=\"Lue artikkeli: Kampanja ylitti kaikki keskiarvot Alma Supersivulla\"\n        ><\/a>\n    <\/div>\n<\/div>\n\n<div>\n    <div class=\"uutislaatikko\">\n        <div class=\"uutiskuva\">\n                            <img decoding=\"async\" src=\"https:\/\/www.almamedia.fi\/mainostajat\/wp-content\/uploads\/sites\/6\/lentokone-2-1024x376.png\" alt=\"\" class=\"uutiskuva__kuva\">\n                    <\/div>\n        <div class=\"uutisteksti\">\n            <!--<p class=\"pvm\">15.11.2024<\/p>-->\n            <h3>Uusi visuaalinen ilme valloitti yleis\u00f6n \u2013 N\u00e4in Finnair onnistui Supersivulla taktisessa mainoskampanjassaan<\/h3>\n\n            \n            <div class=\"ote\">\n                <p>Uusi visuaalinen ilme valloitti yleis\u00f6n \u2013 N\u00e4in Finnair onnistui Supersivulla taktisessa mainoskampanjassaan Mit\u00e4 ajattelet ensimm\u00e4isen\u00e4, [&hellip;]<\/p>\n            <\/div>\n\n        <\/div>\n                <a class=\"laatikkolinkki\" \n           href=\"https:\/\/www.almamedia.fi\/mainostajat\/caset\/uusi-visuaalinen-ilme-valloitti-yleison-nain-finnair-onnistui-supersivulla-taktisessa-mainoskampanjassaan\/\"\n           aria-label=\"Lue artikkeli: Uusi visuaalinen ilme valloitti yleis\u00f6n \u2013 N\u00e4in Finnair onnistui Supersivulla taktisessa mainoskampanjassaan\"\n        ><\/a>\n    <\/div>\n<\/div>\n\n<div>\n    <div class=\"uutislaatikko\">\n        <div class=\"uutiskuva\">\n                            <img decoding=\"async\" src=\"https:\/\/www.almamedia.fi\/mainostajat\/wp-content\/uploads\/sites\/6\/shutterstock_1175380015-scaled-1-1024x684.jpg\" alt=\"\" class=\"uutiskuva__kuva\">\n                    <\/div>\n        <div class=\"uutisteksti\">\n            <!--<p class=\"pvm\">9.1.2024<\/p>-->\n            <h3>Kamux luotti mainosratkaisuiden tehokaksikkoon<\/h3>\n\n            \n            <div class=\"ote\">\n                <p>Kamux luotti mainosratkaisuiden tehokaksikkoon Supersivu + Digikokosivu olivat nappivalinta Kamuxille. Niiden ansiosta kampanja sai suurta [&hellip;]<\/p>\n            <\/div>\n\n        <\/div>\n                <a class=\"laatikkolinkki\" \n           href=\"https:\/\/www.almamedia.fi\/mainostajat\/caset\/kamux-luotti-mainosratkaisuiden-tehokaksikkoon\/\"\n           aria-label=\"Lue artikkeli: Kamux luotti mainosratkaisuiden tehokaksikkoon\"\n        ><\/a>\n    <\/div>\n<\/div>\n        <\/div>\n\n    \n<\/div>\n\n\n\n\n\n<div style=\"height:104px\" aria-hidden=\"true\" class=\"wp-block-spacer\"><\/div>\n\n\n\n<div class=\"wp-block-netello-container align-left\"><div class=\"wrapper\">\n<h2 class=\"wp-block-heading has-medium-font-size\">SINUA PALVELEVAT HENKIL\u00d6KOHTAISESTI OMA ALMA-TIIMISI<\/h2>\n\n\n\n<p>Almalla saat k\u00e4ytt\u00f6\u00f6si asiantuntevan asiakastiimin, joka auttaa l\u00f6yt\u00e4m\u00e4\u00e4n oikeat ratkaisut.&nbsp;<\/p>\n\n\n\n<p>Meid\u00e4n kanssamme saat muutakin kuin mainostilaa, saat aidon markkinoinnin kumppanin.<\/p>\n\n\n\n<p><strong><br><a href=\"https:\/\/www.almamedia.fi\/mainostajat\/mediamyynnin-yhteystiedot\/\">Ota yhteytt\u00e4&nbsp;\u203a<\/a><\/strong><\/p>\n<\/div><\/div>\n\n\n\n<p><\/p>\n","protected":false},"excerpt":{"rendered":"<p>Supersivuilla on tutkitusti korkea huomioarvo Alma Businessmedioissa 2025 tutkittujen Supersivujen huomioarvojen keskiarvo on 65%. Kaikki [&hellip;]<\/p>\n","protected":false},"author":105,"featured_media":89823,"parent":3592,"menu_order":0,"comment_status":"closed","ping_status":"closed","template":"","meta":{"_acf_changed":false,"footnotes":""},"class_list":["post-87620","page","type-page","status-publish","has-post-thumbnail","hentry"],"acf":[],"yoast_head":"<!-- This site is optimized with the Yoast SEO plugin v26.9 - https:\/\/yoast.com\/product\/yoast-seo-wordpress\/ -->\n<title>Supersivu on n\u00e4ytt\u00e4v\u00e4 tapa mainostaa - Alma Media<\/title>\n<meta name=\"description\" content=\"Tutustu Supersivuun \u2013 n\u00e4ytt\u00e4v\u00e4\u00e4n br\u00e4ndimainonnan ratkaisuun, joka tarjoaa n\u00e4kyvyytt\u00e4 suurella mainospinnalla.\" \/>\n<meta name=\"robots\" content=\"index, follow, max-snippet:-1, max-image-preview:large, max-video-preview:-1\" \/>\n<link rel=\"canonical\" href=\"https:\/\/www.almamedia.fi\/mainostajat\/mainosratkaisut\/supersivu\/\" \/>\n<meta property=\"og:locale\" content=\"fi_FI\" \/>\n<meta property=\"og:type\" content=\"article\" \/>\n<meta property=\"og:title\" content=\"Supersivu on n\u00e4ytt\u00e4v\u00e4 tapa mainostaa - Alma Media\" \/>\n<meta property=\"og:description\" content=\"Tutustu Supersivuun \u2013 n\u00e4ytt\u00e4v\u00e4\u00e4n br\u00e4ndimainonnan ratkaisuun, joka tarjoaa n\u00e4kyvyytt\u00e4 suurella mainospinnalla.\" \/>\n<meta property=\"og:url\" content=\"https:\/\/www.almamedia.fi\/mainostajat\/mainosratkaisut\/supersivu\/\" \/>\n<meta property=\"og:site_name\" content=\"Alma Media - mainostajat\" \/>\n<meta property=\"article:modified_time\" content=\"2026-02-10T13:51:38+00:00\" \/>\n<meta property=\"og:image\" content=\"https:\/\/www.almamedia.fi\/mainostajat\/wp-content\/uploads\/sites\/6\/shutterstock_2383547851-e1747389658955.jpg\" \/>\n\t<meta property=\"og:image:width\" content=\"351\" \/>\n\t<meta property=\"og:image:height\" content=\"449\" \/>\n\t<meta property=\"og:image:type\" content=\"image\/jpeg\" \/>\n<meta name=\"twitter:card\" content=\"summary_large_image\" \/>\n<meta name=\"twitter:label1\" content=\"Arvioitu lukuaika\" \/>\n\t<meta name=\"twitter:data1\" content=\"1 minuutti\" \/>\n<script type=\"application\/ld+json\" class=\"yoast-schema-graph\">{\"@context\":\"https:\/\/schema.org\",\"@graph\":[{\"@type\":\"WebPage\",\"@id\":\"https:\/\/www.almamedia.fi\/mainostajat\/mainosratkaisut\/supersivu\/\",\"url\":\"https:\/\/www.almamedia.fi\/mainostajat\/mainosratkaisut\/supersivu\/\",\"name\":\"Supersivu on n\u00e4ytt\u00e4v\u00e4 tapa mainostaa - Alma Media\",\"isPartOf\":{\"@id\":\"https:\/\/www.almamedia.fi\/mainostajat\/#website\"},\"primaryImageOfPage\":{\"@id\":\"https:\/\/www.almamedia.fi\/mainostajat\/mainosratkaisut\/supersivu\/#primaryimage\"},\"image\":{\"@id\":\"https:\/\/www.almamedia.fi\/mainostajat\/mainosratkaisut\/supersivu\/#primaryimage\"},\"thumbnailUrl\":\"https:\/\/www.almamedia.fi\/mainostajat\/wp-content\/uploads\/sites\/6\/shutterstock_2383547851-e1747389658955.jpg\",\"datePublished\":\"2025-04-30T11:59:17+00:00\",\"dateModified\":\"2026-02-10T13:51:38+00:00\",\"description\":\"Tutustu Supersivuun \u2013 n\u00e4ytt\u00e4v\u00e4\u00e4n br\u00e4ndimainonnan ratkaisuun, joka tarjoaa n\u00e4kyvyytt\u00e4 suurella mainospinnalla.\",\"breadcrumb\":{\"@id\":\"https:\/\/www.almamedia.fi\/mainostajat\/mainosratkaisut\/supersivu\/#breadcrumb\"},\"inLanguage\":\"fi\",\"potentialAction\":[{\"@type\":\"ReadAction\",\"target\":[\"https:\/\/www.almamedia.fi\/mainostajat\/mainosratkaisut\/supersivu\/\"]}]},{\"@type\":\"ImageObject\",\"inLanguage\":\"fi\",\"@id\":\"https:\/\/www.almamedia.fi\/mainostajat\/mainosratkaisut\/supersivu\/#primaryimage\",\"url\":\"https:\/\/www.almamedia.fi\/mainostajat\/wp-content\/uploads\/sites\/6\/shutterstock_2383547851-e1747389658955.jpg\",\"contentUrl\":\"https:\/\/www.almamedia.fi\/mainostajat\/wp-content\/uploads\/sites\/6\/shutterstock_2383547851-e1747389658955.jpg\",\"width\":351,\"height\":449},{\"@type\":\"BreadcrumbList\",\"@id\":\"https:\/\/www.almamedia.fi\/mainostajat\/mainosratkaisut\/supersivu\/#breadcrumb\",\"itemListElement\":[{\"@type\":\"ListItem\",\"position\":1,\"name\":\"Etusivu\",\"item\":\"https:\/\/www.almamedia.fi\/mainostajat\/\"},{\"@type\":\"ListItem\",\"position\":2,\"name\":\"Mainosratkaisut\",\"item\":\"https:\/\/www.almamedia.fi\/mainostajat\/mainosratkaisut\/\"},{\"@type\":\"ListItem\",\"position\":3,\"name\":\"Supersivu\"}]},{\"@type\":\"WebSite\",\"@id\":\"https:\/\/www.almamedia.fi\/mainostajat\/#website\",\"url\":\"https:\/\/www.almamedia.fi\/mainostajat\/\",\"name\":\"Alma Media - mainostajat\",\"description\":\"\",\"publisher\":{\"@id\":\"https:\/\/www.almamedia.fi\/mainostajat\/#organization\"},\"potentialAction\":[{\"@type\":\"SearchAction\",\"target\":{\"@type\":\"EntryPoint\",\"urlTemplate\":\"https:\/\/www.almamedia.fi\/mainostajat\/?s={search_term_string}\"},\"query-input\":{\"@type\":\"PropertyValueSpecification\",\"valueRequired\":true,\"valueName\":\"search_term_string\"}}],\"inLanguage\":\"fi\"},{\"@type\":\"Organization\",\"@id\":\"https:\/\/www.almamedia.fi\/mainostajat\/#organization\",\"name\":\"Alma Media - mainostajat\",\"url\":\"https:\/\/www.almamedia.fi\/mainostajat\/\",\"logo\":{\"@type\":\"ImageObject\",\"inLanguage\":\"fi\",\"@id\":\"https:\/\/www.almamedia.fi\/mainostajat\/#\/schema\/logo\/image\/\",\"url\":\"https:\/\/www.almamedia.fi\/mainostajat\/wp-content\/uploads\/sites\/6\/alma-media-logo-valkoinen.svg\",\"contentUrl\":\"https:\/\/www.almamedia.fi\/mainostajat\/wp-content\/uploads\/sites\/6\/alma-media-logo-valkoinen.svg\",\"width\":49,\"height\":50,\"caption\":\"Alma Media - mainostajat\"},\"image\":{\"@id\":\"https:\/\/www.almamedia.fi\/mainostajat\/#\/schema\/logo\/image\/\"}}]}<\/script>\n<!-- \/ Yoast SEO plugin. -->","yoast_head_json":{"title":"Supersivu on n\u00e4ytt\u00e4v\u00e4 tapa mainostaa - Alma Media","description":"Tutustu Supersivuun \u2013 n\u00e4ytt\u00e4v\u00e4\u00e4n br\u00e4ndimainonnan ratkaisuun, joka tarjoaa n\u00e4kyvyytt\u00e4 suurella mainospinnalla.","robots":{"index":"index","follow":"follow","max-snippet":"max-snippet:-1","max-image-preview":"max-image-preview:large","max-video-preview":"max-video-preview:-1"},"canonical":"https:\/\/www.almamedia.fi\/mainostajat\/mainosratkaisut\/supersivu\/","og_locale":"fi_FI","og_type":"article","og_title":"Supersivu on n\u00e4ytt\u00e4v\u00e4 tapa mainostaa - Alma Media","og_description":"Tutustu Supersivuun \u2013 n\u00e4ytt\u00e4v\u00e4\u00e4n br\u00e4ndimainonnan ratkaisuun, joka tarjoaa n\u00e4kyvyytt\u00e4 suurella mainospinnalla.","og_url":"https:\/\/www.almamedia.fi\/mainostajat\/mainosratkaisut\/supersivu\/","og_site_name":"Alma Media - mainostajat","article_modified_time":"2026-02-10T13:51:38+00:00","og_image":[{"width":351,"height":449,"url":"https:\/\/www.almamedia.fi\/mainostajat\/wp-content\/uploads\/sites\/6\/shutterstock_2383547851-e1747389658955.jpg","type":"image\/jpeg"}],"twitter_card":"summary_large_image","twitter_misc":{"Arvioitu lukuaika":"1 minuutti"},"schema":{"@context":"https:\/\/schema.org","@graph":[{"@type":"WebPage","@id":"https:\/\/www.almamedia.fi\/mainostajat\/mainosratkaisut\/supersivu\/","url":"https:\/\/www.almamedia.fi\/mainostajat\/mainosratkaisut\/supersivu\/","name":"Supersivu on n\u00e4ytt\u00e4v\u00e4 tapa mainostaa - Alma Media","isPartOf":{"@id":"https:\/\/www.almamedia.fi\/mainostajat\/#website"},"primaryImageOfPage":{"@id":"https:\/\/www.almamedia.fi\/mainostajat\/mainosratkaisut\/supersivu\/#primaryimage"},"image":{"@id":"https:\/\/www.almamedia.fi\/mainostajat\/mainosratkaisut\/supersivu\/#primaryimage"},"thumbnailUrl":"https:\/\/www.almamedia.fi\/mainostajat\/wp-content\/uploads\/sites\/6\/shutterstock_2383547851-e1747389658955.jpg","datePublished":"2025-04-30T11:59:17+00:00","dateModified":"2026-02-10T13:51:38+00:00","description":"Tutustu Supersivuun \u2013 n\u00e4ytt\u00e4v\u00e4\u00e4n br\u00e4ndimainonnan ratkaisuun, joka tarjoaa n\u00e4kyvyytt\u00e4 suurella mainospinnalla.","breadcrumb":{"@id":"https:\/\/www.almamedia.fi\/mainostajat\/mainosratkaisut\/supersivu\/#breadcrumb"},"inLanguage":"fi","potentialAction":[{"@type":"ReadAction","target":["https:\/\/www.almamedia.fi\/mainostajat\/mainosratkaisut\/supersivu\/"]}]},{"@type":"ImageObject","inLanguage":"fi","@id":"https:\/\/www.almamedia.fi\/mainostajat\/mainosratkaisut\/supersivu\/#primaryimage","url":"https:\/\/www.almamedia.fi\/mainostajat\/wp-content\/uploads\/sites\/6\/shutterstock_2383547851-e1747389658955.jpg","contentUrl":"https:\/\/www.almamedia.fi\/mainostajat\/wp-content\/uploads\/sites\/6\/shutterstock_2383547851-e1747389658955.jpg","width":351,"height":449},{"@type":"BreadcrumbList","@id":"https:\/\/www.almamedia.fi\/mainostajat\/mainosratkaisut\/supersivu\/#breadcrumb","itemListElement":[{"@type":"ListItem","position":1,"name":"Etusivu","item":"https:\/\/www.almamedia.fi\/mainostajat\/"},{"@type":"ListItem","position":2,"name":"Mainosratkaisut","item":"https:\/\/www.almamedia.fi\/mainostajat\/mainosratkaisut\/"},{"@type":"ListItem","position":3,"name":"Supersivu"}]},{"@type":"WebSite","@id":"https:\/\/www.almamedia.fi\/mainostajat\/#website","url":"https:\/\/www.almamedia.fi\/mainostajat\/","name":"Alma Media - mainostajat","description":"","publisher":{"@id":"https:\/\/www.almamedia.fi\/mainostajat\/#organization"},"potentialAction":[{"@type":"SearchAction","target":{"@type":"EntryPoint","urlTemplate":"https:\/\/www.almamedia.fi\/mainostajat\/?s={search_term_string}"},"query-input":{"@type":"PropertyValueSpecification","valueRequired":true,"valueName":"search_term_string"}}],"inLanguage":"fi"},{"@type":"Organization","@id":"https:\/\/www.almamedia.fi\/mainostajat\/#organization","name":"Alma Media - mainostajat","url":"https:\/\/www.almamedia.fi\/mainostajat\/","logo":{"@type":"ImageObject","inLanguage":"fi","@id":"https:\/\/www.almamedia.fi\/mainostajat\/#\/schema\/logo\/image\/","url":"https:\/\/www.almamedia.fi\/mainostajat\/wp-content\/uploads\/sites\/6\/alma-media-logo-valkoinen.svg","contentUrl":"https:\/\/www.almamedia.fi\/mainostajat\/wp-content\/uploads\/sites\/6\/alma-media-logo-valkoinen.svg","width":49,"height":50,"caption":"Alma Media - mainostajat"},"image":{"@id":"https:\/\/www.almamedia.fi\/mainostajat\/#\/schema\/logo\/image\/"}}]}},"lang":"fi","translations":{"fi":87620},"pll_sync_post":[],"_links":{"self":[{"href":"https:\/\/www.almamedia.fi\/mainostajat\/wp-json\/wp\/v2\/pages\/87620","targetHints":{"allow":["GET"]}}],"collection":[{"href":"https:\/\/www.almamedia.fi\/mainostajat\/wp-json\/wp\/v2\/pages"}],"about":[{"href":"https:\/\/www.almamedia.fi\/mainostajat\/wp-json\/wp\/v2\/types\/page"}],"author":[{"embeddable":true,"href":"https:\/\/www.almamedia.fi\/mainostajat\/wp-json\/wp\/v2\/users\/105"}],"replies":[{"embeddable":true,"href":"https:\/\/www.almamedia.fi\/mainostajat\/wp-json\/wp\/v2\/comments?post=87620"}],"version-history":[{"count":5,"href":"https:\/\/www.almamedia.fi\/mainostajat\/wp-json\/wp\/v2\/pages\/87620\/revisions"}],"predecessor-version":[{"id":93143,"href":"https:\/\/www.almamedia.fi\/mainostajat\/wp-json\/wp\/v2\/pages\/87620\/revisions\/93143"}],"up":[{"embeddable":true,"href":"https:\/\/www.almamedia.fi\/mainostajat\/wp-json\/wp\/v2\/pages\/3592"}],"wp:featuredmedia":[{"embeddable":true,"href":"https:\/\/www.almamedia.fi\/mainostajat\/wp-json\/wp\/v2\/media\/89823"}],"wp:attachment":[{"href":"https:\/\/www.almamedia.fi\/mainostajat\/wp-json\/wp\/v2\/media?parent=87620"}],"curies":[{"name":"wp","href":"https:\/\/api.w.org\/{rel}","templated":true}]}}