{"id":86968,"date":"2025-04-23T14:39:22","date_gmt":"2025-04-23T11:39:22","guid":{"rendered":"https:\/\/www.almamedia.fi\/mainostajat\/?page_id=86968"},"modified":"2026-02-20T10:52:42","modified_gmt":"2026-02-20T08:52:42","slug":"videomainonnan-aineisto-ohjeet","status":"publish","type":"page","link":"https:\/\/www.almamedia.fi\/mainostajat\/aineisto-ohjeet\/videomainonnan-aineisto-ohjeet\/","title":{"rendered":"Videomainonnan aineisto-ohjeet"},"content":{"rendered":"\n<style>\n.netello-line {\nbackground: #ffffff4d;\n}\n<\/style>\n\n\n\n<div style=\"height:4rem\" aria-hidden=\"true\" class=\"wp-block-spacer\"><\/div>\n\n\n\n<div style=\"--right-column-max-width:500px;--left-column-max-width:500px\" class=\"wp-block-netello-kaksi-palstaa\"><div class=\"wrapper\">\n<div class=\"wp-block-columns is-layout-flex wp-container-core-columns-is-layout-9d6595d7 wp-block-columns-is-layout-flex\">\n<div class=\"wp-block-column is-layout-flow wp-block-column-is-layout-flow\">\n<p class=\"has-medium-font-size\">Alta l\u00f6yd\u00e4t Alma Median videomainonnan kootut aineisto-ohjeet. N\u00e4ill\u00e4 ohjeilla p\u00e4\u00e4set alkuun videomainoksesi suunnittelussa.<\/p>\n\n\n\n<p class=\"has-medium-font-size\">Jos sinulla her\u00e4\u00e4 kysymyksi\u00e4 tai tarvitset apua aineiston toimituksessa, ota yhteytt\u00e4 mainostajien asiakaspalveluun osoitteessa:&nbsp;<em><a href=\"&#109;&#x61;&#105;&#x6c;&#116;&#x6f;:&#x6d;e&#x64;i&#97;&#x6d;&#97;&#x69;&#110;&#x6f;&#110;&#x74;a&#x40;a&#x6c;m&#97;&#x6d;&#101;&#x64;&#105;&#x61;&#46;&#x66;i\">&#x6d;&#x65;&#100;i&#x61;&#x6d;&#97;&#105;n&#x6f;&#x6e;&#116;&#97;&#64;&#x61;&#x6c;&#109;am&#x65;&#x64;&#105;a&#x2e;&#x66;&#105;<\/a><\/em><\/p>\n\n\n\n<p class=\"netello-linkit has-medium-font-size\"><a href=\"\/aineisto-ohjeet\/ohjeet-aineiston-toimittamiseen\/\">Ohjeet aineiston toimittamiseen<\/a><\/p>\n<\/div>\n\n\n\n<div class=\"wp-block-column is-layout-flow wp-block-column-is-layout-flow\">\n<div class=\"wp-block-group column-inner\"><div class=\"wp-block-group__inner-container is-layout-flow wp-block-group-is-layout-flow\">\n<div class=\"wp-block-netello-laatikko-viivalla laatikko-viivalla line-vaalea netello-linkit\"><div class=\"netello-line netello-line-animated\"><\/div>\n<p class=\"has-medium-font-size\"><strong><strong><strong>Hypp\u00e4\u00e4 osioon<\/strong><\/strong><\/strong><\/p>\n\n\n\n<p><a href=\"#Instream\">Instream<\/a><br><a href=\"#Outstream\">Outstream<\/a><\/p>\n<\/div>\n<\/div><\/div>\n<\/div>\n<\/div>\n<\/div><\/div>\n\n\n\n<div style=\"height:9rem\" aria-hidden=\"true\" class=\"wp-block-spacer\"><\/div>\n\n\n\n<div id=\"Instream\" class=\"wp-block-group\"><div class=\"wp-block-group__inner-container is-layout-constrained wp-block-group-is-layout-constrained\"><div  class=\"anchor-link\">\n    <a id=\"Instream\" class=\"ankkurilinkki\"><\/a>\n<\/div>\n\n\n\n<div><span class=\"netello-line netello-line-animated\"><\/span><\/div>\n\n\n\n<h2 class=\"wp-block-heading\">Instream<\/h2>\n\n\n\n<p>Tiedostomuodot:&nbsp;<strong>MP4&nbsp;<\/strong>tai<strong>&nbsp;webm<\/strong><\/p>\n\n\n\n<figure class=\"wp-block-table\"><table class=\"has-fixed-layout\"><thead><tr><th>Mainosmuoto<\/th><th>Resoluutio<\/th><th>Kuvasuhde<\/th><th>Kesto<\/th><\/tr><\/thead><tbody><tr><td>IL UUTISVIDEO\u200b, vaaka<\/td><td>640\u00d7360 px TAI 1920&#215;1080 px<\/td><td>16:9<\/td><td>max. 20 s<\/td><\/tr><tr><td>IL UUTISVIDEO\u200b, pysty<\/td><td>360\u00d7640 px&nbsp;<strong>TAI<\/strong>&nbsp;1080\u00d71920 px<\/td><td>9:16<\/td><td>max. 20 s<\/td><\/tr><tr><td>IL VIDEOPALA\u200b<\/td><td>360\u00d7640 px&nbsp;<strong>TAI&nbsp;<\/strong>1080\u00d71920 px<\/td><td>9:16<\/td><td>max. 15 s<\/td><\/tr><\/tbody><\/table><\/figure>\n\n\n<div  class=\"haitari \">\n\n                    <div class=\"item \" id=\"instream-videomainoksen-tekniset-ohjeet-block_a46ff81cd65daa229ecddbcb79efd76c-1\">\n                <a href=\"#instream-videomainoksen-tekniset-ohjeet-block_a46ff81cd65daa229ecddbcb79efd76c-1\">\n                    <h3 class=\"accordion-title \">Instream-videomainoksen tekniset ohjeet<\/h3>\n                <\/a>\n                <div class=\"accordion-content\" >\n                    <h4 class=\"wp-block-heading\">Instream-videomainonta<\/h4>\n<p>Videoaineiston voi toimittaa valmiina VAST-aineistona tai videotiedostona. Aineistojen mukana tulee toimittaa my\u00f6s URL-osoite, johon mainoksen klikkaukset ohjataan.<\/p>\n<p>&nbsp;<\/p>\n<p><strong>Huom.\u00a0<\/strong>Google Chromen p\u00e4ivitys rajoittaa raskaiden mainosaineistojen n\u00e4kymist\u00e4.\u00a0<a href=\"https:\/\/www.almamedia.fi\/2020\/10\/12\/google-chromen-paivitys-rajoittaa-raskaiden-mainosaineistojen-nakymista\/\">Lis\u00e4tietoja aiheesta<\/a>.<\/p>\n<h4 class=\"wp-block-heading\">VAST:<\/h4>\n<h4 class=\"wp-block-heading\">Video:<\/h4>\n<ul class=\"wp-block-list\">\n<li>VAST 4.0 (tai aiemmat versiot)<\/li>\n<li>Formaatti: MP4, webm<\/li>\n<li>Codec: H.264<\/li>\n<li>Bitrate: 750 \u2013 6000 kbit\/s<\/li>\n<li>Framerate: 24, 25, 30 FPS<\/li>\n<li>Moov-osa tiedoston alkuun (Fast Start \/ Progressive download)<\/li>\n<li>Tiedostokoko: max. 4 MB<\/li>\n<\/ul>\n<h4 class=\"wp-block-heading\">Audio:<\/h4>\n<ul class=\"wp-block-list\">\n<li>Codec: AAC-LC<\/li>\n<li>Channels: Stereo<\/li>\n<li>Data rate: 384 kbit\/s<\/li>\n<li>Sample rate: 48 kHz<\/li>\n<li>\u00c4\u00e4nentasot: -23 LUFS (EBU R128 -standardi)<\/li>\n<\/ul>\n<h4 class=\"wp-block-heading\">VPAID<\/h4>\n<p>VPAID 2.0 (application\/JavaScript) yhteensopiva tagi<br \/>\nhttps:\/\/www.iab.com\/guidelines\/digital-video-player-ad-interface-definition-vpaid-2-0\/<\/p>\n<p><!-- wp:video {\"id\":87504} --><\/p>\n<figure class=\"wp-block-video\"><video src=\"https:\/\/www.almamedia.fi\/mainostajat\/wp-content\/uploads\/sites\/6\/2023-09-20-09-28-03-1-small-1.mp4\" autoplay=\"autoplay\" loop=\"loop\" muted=\"\" width=\"300\" height=\"150\"><\/video><\/figure>\n<p><!-- \/wp:video --><\/p>\n                <\/div>\n            <\/div>\n        \n<\/div>\n\n\n\n<div style=\"height:9rem\" aria-hidden=\"true\" class=\"wp-block-spacer\"><\/div>\n<\/div><\/div>\n\n\n\n<div id=\"Outstream\" class=\"wp-block-group\"><div class=\"wp-block-group__inner-container is-layout-constrained wp-block-group-is-layout-constrained\"><div  class=\"anchor-link\">\n    <a id=\"Outstream\" class=\"ankkurilinkki\"><\/a>\n<\/div>\n\n\n\n<div><span class=\"netello-line netello-line-animated\"><\/span><\/div>\n\n\n\n<h2 class=\"wp-block-heading\">Outstream<\/h2>\n\n\n\n<ul class=\"wp-block-list\">\n<li><strong>Tiedostomuoto:<\/strong>&nbsp;MP4<\/li>\n\n\n\n<li><strong>Tiedostokoko:<\/strong> max. 4 MB<\/li>\n\n\n\n<li><strong>Maksimipituus:<\/strong> Kampanjavideo max 30s. (suositus 5\u201315 s) ja Artikkelivideo max 10s.&nbsp;<\/li>\n\n\n\n<li>Mukaan klikkiosoite!<\/li>\n<\/ul>\n\n\n\n<figure class=\"wp-block-table\"><table class=\"has-fixed-layout\"><thead><tr><th>Mainosmuoto<\/th><th>Kuvasuhde<\/th><\/tr><\/thead><tbody><tr><td>ALMA KAMPANJAVIDEO, vaaka<\/td><td>16:9<\/td><\/tr><tr><td>ALMA ARTIKKELIVIDEO, vaaka<\/td><td>16:9<\/td><\/tr><tr><td>ALMA KAMPANJAVIDEO, neli\u00f6<\/td><td>1:1<\/td><\/tr><tr><td>ALMA ARTIKKELIVIDEO, neli\u00f6<\/td><td>1:1<\/td><\/tr><tr><td>ALMA KAMPANJAVIDEO, pysty<\/td><td>9:16<\/td><\/tr><tr><td>ALMA ARTIKKELIVIDEO, pysty<\/td><td>9:16<\/td><\/tr><\/tbody><\/table><\/figure>\n\n\n<div  class=\"haitari \">\n\n                    <div class=\"item \" id=\"outstream-videomainoksen-tekniset-ohjeet-block_178d8c75b095f748b9d7344d6a0c2df9-1\">\n                <a href=\"#outstream-videomainoksen-tekniset-ohjeet-block_178d8c75b095f748b9d7344d6a0c2df9-1\">\n                    <h3 class=\"accordion-title \">Outstream-videomainoksen tekniset ohjeet<\/h3>\n                <\/a>\n                <div class=\"accordion-content\" >\n                    <h4>Outstream-videomainos<\/h4>\n<p>Outstream-mainokset n\u00e4kyv\u00e4t artikkeleiden yhteydess\u00e4 desktopissa ja mobiilissa. Video k\u00e4ynnistyy automaattisesti ilman \u00e4\u00e4ni\u00e4, kun mainos tulee k\u00e4ytt\u00e4j\u00e4n ruudulle, ja pys\u00e4htyy, jos k\u00e4vij\u00e4 siirtyy muualle. Videon viimeinen ruutu j\u00e4\u00e4 mainospaikalle n\u00e4kyviin.<\/p>\n<p>&nbsp;<\/p>\n<p>Eri pikselikoot skaalautuvat oikeaan kokoon, kun kuvasuhde on oikea.<\/p>\n<h4>Tekniset ohjeet:<\/h4>\n<ul class=\"wp-block-list\">\n<li>VAST 4.0<\/li>\n<li>Format: MP4<\/li>\n<li>Video bitrate: 750 \u2013 8000 kbit\/s<\/li>\n<li>Audio bitrate: 384 kbit\/s<\/li>\n<li>Stereo audio 44.1 kHz tai 48kHz<\/li>\n<li>\u00c4\u00e4nentasot: EBU R128 -standardin mukaisesti -23 LUFS<\/li>\n<li>Framerate: 24, 25, 30 FPS<\/li>\n<li>Kesto: max. 30 s<\/li>\n<li>Tiedostokoko: max. 4 MB<\/li>\n<\/ul>\n                <\/div>\n            <\/div>\n        \n<\/div>\n\n\n\n<div style=\"height:9rem\" aria-hidden=\"true\" class=\"wp-block-spacer\"><\/div>\n<\/div><\/div>\n","protected":false},"excerpt":{"rendered":"<p>Instream Tiedostomuodot:&nbsp;MP4&nbsp;tai&nbsp;webm Mainosmuoto Resoluutio Kuvasuhde Kesto IL UUTISVIDEO\u200b, vaaka 640\u00d7360 px TAI 1920&#215;1080 px 16:9 [&hellip;]<\/p>\n","protected":false},"author":116,"featured_media":3504,"parent":84369,"menu_order":0,"comment_status":"closed","ping_status":"closed","template":"","meta":{"_acf_changed":false,"footnotes":""},"class_list":["post-86968","page","type-page","status-publish","has-post-thumbnail","hentry"],"acf":[],"yoast_head":"<!-- This site is optimized with the Yoast SEO plugin v26.9 - https:\/\/yoast.com\/product\/yoast-seo-wordpress\/ -->\n<title>Videomainonnan aineisto-ohjeet - Alma Media<\/title>\n<meta name=\"description\" content=\"Alta l\u00f6yd\u00e4t Alma Median videomainonnan kootut aineisto-ohjeet. N\u00e4ill\u00e4 ohjeilla p\u00e4\u00e4set alkuun videomainoksesi suunnittelussa.\" \/>\n<meta name=\"robots\" content=\"index, follow, max-snippet:-1, max-image-preview:large, max-video-preview:-1\" \/>\n<link rel=\"canonical\" href=\"https:\/\/www.almamedia.fi\/mainostajat\/aineisto-ohjeet\/videomainonnan-aineisto-ohjeet\/\" \/>\n<meta property=\"og:locale\" content=\"fi_FI\" \/>\n<meta property=\"og:type\" content=\"article\" \/>\n<meta property=\"og:title\" content=\"Videomainonnan aineisto-ohjeet - Alma Media\" \/>\n<meta property=\"og:description\" content=\"Alta l\u00f6yd\u00e4t Alma Median videomainonnan kootut aineisto-ohjeet. N\u00e4ill\u00e4 ohjeilla p\u00e4\u00e4set alkuun videomainoksesi suunnittelussa.\" \/>\n<meta property=\"og:url\" content=\"https:\/\/www.almamedia.fi\/mainostajat\/aineisto-ohjeet\/videomainonnan-aineisto-ohjeet\/\" \/>\n<meta property=\"og:site_name\" content=\"Alma Media - mainostajat\" \/>\n<meta property=\"article:modified_time\" content=\"2026-02-20T08:52:42+00:00\" \/>\n<meta property=\"og:image\" content=\"https:\/\/www.almamedia.fi\/mainostajat\/wp-content\/uploads\/sites\/6\/bannerkuva-markkinointipalvelut.jpg\" \/>\n\t<meta property=\"og:image:width\" content=\"600\" \/>\n\t<meta property=\"og:image:height\" content=\"337\" \/>\n\t<meta property=\"og:image:type\" content=\"image\/jpeg\" \/>\n<meta name=\"twitter:card\" content=\"summary_large_image\" \/>\n<meta name=\"twitter:label1\" content=\"Arvioitu lukuaika\" \/>\n\t<meta name=\"twitter:data1\" content=\"1 minuutti\" \/>\n<script type=\"application\/ld+json\" class=\"yoast-schema-graph\">{\"@context\":\"https:\/\/schema.org\",\"@graph\":[{\"@type\":\"WebPage\",\"@id\":\"https:\/\/www.almamedia.fi\/mainostajat\/aineisto-ohjeet\/videomainonnan-aineisto-ohjeet\/\",\"url\":\"https:\/\/www.almamedia.fi\/mainostajat\/aineisto-ohjeet\/videomainonnan-aineisto-ohjeet\/\",\"name\":\"Videomainonnan aineisto-ohjeet - Alma Media\",\"isPartOf\":{\"@id\":\"https:\/\/www.almamedia.fi\/mainostajat\/#website\"},\"primaryImageOfPage\":{\"@id\":\"https:\/\/www.almamedia.fi\/mainostajat\/aineisto-ohjeet\/videomainonnan-aineisto-ohjeet\/#primaryimage\"},\"image\":{\"@id\":\"https:\/\/www.almamedia.fi\/mainostajat\/aineisto-ohjeet\/videomainonnan-aineisto-ohjeet\/#primaryimage\"},\"thumbnailUrl\":\"https:\/\/www.almamedia.fi\/mainostajat\/wp-content\/uploads\/sites\/6\/bannerkuva-markkinointipalvelut.jpg\",\"datePublished\":\"2025-04-23T11:39:22+00:00\",\"dateModified\":\"2026-02-20T08:52:42+00:00\",\"description\":\"Alta l\u00f6yd\u00e4t Alma Median videomainonnan kootut aineisto-ohjeet. N\u00e4ill\u00e4 ohjeilla p\u00e4\u00e4set alkuun videomainoksesi suunnittelussa.\",\"breadcrumb\":{\"@id\":\"https:\/\/www.almamedia.fi\/mainostajat\/aineisto-ohjeet\/videomainonnan-aineisto-ohjeet\/#breadcrumb\"},\"inLanguage\":\"fi\",\"potentialAction\":[{\"@type\":\"ReadAction\",\"target\":[\"https:\/\/www.almamedia.fi\/mainostajat\/aineisto-ohjeet\/videomainonnan-aineisto-ohjeet\/\"]}]},{\"@type\":\"ImageObject\",\"inLanguage\":\"fi\",\"@id\":\"https:\/\/www.almamedia.fi\/mainostajat\/aineisto-ohjeet\/videomainonnan-aineisto-ohjeet\/#primaryimage\",\"url\":\"https:\/\/www.almamedia.fi\/mainostajat\/wp-content\/uploads\/sites\/6\/bannerkuva-markkinointipalvelut.jpg\",\"contentUrl\":\"https:\/\/www.almamedia.fi\/mainostajat\/wp-content\/uploads\/sites\/6\/bannerkuva-markkinointipalvelut.jpg\",\"width\":600,\"height\":337},{\"@type\":\"BreadcrumbList\",\"@id\":\"https:\/\/www.almamedia.fi\/mainostajat\/aineisto-ohjeet\/videomainonnan-aineisto-ohjeet\/#breadcrumb\",\"itemListElement\":[{\"@type\":\"ListItem\",\"position\":1,\"name\":\"Etusivu\",\"item\":\"https:\/\/www.almamedia.fi\/mainostajat\/\"},{\"@type\":\"ListItem\",\"position\":2,\"name\":\"Aineisto-ohjeet\",\"item\":\"https:\/\/www.almamedia.fi\/mainostajat\/aineisto-ohjeet\/\"},{\"@type\":\"ListItem\",\"position\":3,\"name\":\"Videomainonnan aineisto-ohjeet\"}]},{\"@type\":\"WebSite\",\"@id\":\"https:\/\/www.almamedia.fi\/mainostajat\/#website\",\"url\":\"https:\/\/www.almamedia.fi\/mainostajat\/\",\"name\":\"Alma Media - mainostajat\",\"description\":\"\",\"publisher\":{\"@id\":\"https:\/\/www.almamedia.fi\/mainostajat\/#organization\"},\"potentialAction\":[{\"@type\":\"SearchAction\",\"target\":{\"@type\":\"EntryPoint\",\"urlTemplate\":\"https:\/\/www.almamedia.fi\/mainostajat\/?s={search_term_string}\"},\"query-input\":{\"@type\":\"PropertyValueSpecification\",\"valueRequired\":true,\"valueName\":\"search_term_string\"}}],\"inLanguage\":\"fi\"},{\"@type\":\"Organization\",\"@id\":\"https:\/\/www.almamedia.fi\/mainostajat\/#organization\",\"name\":\"Alma Media - mainostajat\",\"url\":\"https:\/\/www.almamedia.fi\/mainostajat\/\",\"logo\":{\"@type\":\"ImageObject\",\"inLanguage\":\"fi\",\"@id\":\"https:\/\/www.almamedia.fi\/mainostajat\/#\/schema\/logo\/image\/\",\"url\":\"https:\/\/www.almamedia.fi\/mainostajat\/wp-content\/uploads\/sites\/6\/alma-media-logo-valkoinen.svg\",\"contentUrl\":\"https:\/\/www.almamedia.fi\/mainostajat\/wp-content\/uploads\/sites\/6\/alma-media-logo-valkoinen.svg\",\"width\":49,\"height\":50,\"caption\":\"Alma Media - mainostajat\"},\"image\":{\"@id\":\"https:\/\/www.almamedia.fi\/mainostajat\/#\/schema\/logo\/image\/\"}}]}<\/script>\n<!-- \/ Yoast SEO plugin. -->","yoast_head_json":{"title":"Videomainonnan aineisto-ohjeet - Alma Media","description":"Alta l\u00f6yd\u00e4t Alma Median videomainonnan kootut aineisto-ohjeet. N\u00e4ill\u00e4 ohjeilla p\u00e4\u00e4set alkuun videomainoksesi suunnittelussa.","robots":{"index":"index","follow":"follow","max-snippet":"max-snippet:-1","max-image-preview":"max-image-preview:large","max-video-preview":"max-video-preview:-1"},"canonical":"https:\/\/www.almamedia.fi\/mainostajat\/aineisto-ohjeet\/videomainonnan-aineisto-ohjeet\/","og_locale":"fi_FI","og_type":"article","og_title":"Videomainonnan aineisto-ohjeet - Alma Media","og_description":"Alta l\u00f6yd\u00e4t Alma Median videomainonnan kootut aineisto-ohjeet. N\u00e4ill\u00e4 ohjeilla p\u00e4\u00e4set alkuun videomainoksesi suunnittelussa.","og_url":"https:\/\/www.almamedia.fi\/mainostajat\/aineisto-ohjeet\/videomainonnan-aineisto-ohjeet\/","og_site_name":"Alma Media - mainostajat","article_modified_time":"2026-02-20T08:52:42+00:00","og_image":[{"width":600,"height":337,"url":"https:\/\/www.almamedia.fi\/mainostajat\/wp-content\/uploads\/sites\/6\/bannerkuva-markkinointipalvelut.jpg","type":"image\/jpeg"}],"twitter_card":"summary_large_image","twitter_misc":{"Arvioitu lukuaika":"1 minuutti"},"schema":{"@context":"https:\/\/schema.org","@graph":[{"@type":"WebPage","@id":"https:\/\/www.almamedia.fi\/mainostajat\/aineisto-ohjeet\/videomainonnan-aineisto-ohjeet\/","url":"https:\/\/www.almamedia.fi\/mainostajat\/aineisto-ohjeet\/videomainonnan-aineisto-ohjeet\/","name":"Videomainonnan aineisto-ohjeet - Alma Media","isPartOf":{"@id":"https:\/\/www.almamedia.fi\/mainostajat\/#website"},"primaryImageOfPage":{"@id":"https:\/\/www.almamedia.fi\/mainostajat\/aineisto-ohjeet\/videomainonnan-aineisto-ohjeet\/#primaryimage"},"image":{"@id":"https:\/\/www.almamedia.fi\/mainostajat\/aineisto-ohjeet\/videomainonnan-aineisto-ohjeet\/#primaryimage"},"thumbnailUrl":"https:\/\/www.almamedia.fi\/mainostajat\/wp-content\/uploads\/sites\/6\/bannerkuva-markkinointipalvelut.jpg","datePublished":"2025-04-23T11:39:22+00:00","dateModified":"2026-02-20T08:52:42+00:00","description":"Alta l\u00f6yd\u00e4t Alma Median videomainonnan kootut aineisto-ohjeet. N\u00e4ill\u00e4 ohjeilla p\u00e4\u00e4set alkuun videomainoksesi suunnittelussa.","breadcrumb":{"@id":"https:\/\/www.almamedia.fi\/mainostajat\/aineisto-ohjeet\/videomainonnan-aineisto-ohjeet\/#breadcrumb"},"inLanguage":"fi","potentialAction":[{"@type":"ReadAction","target":["https:\/\/www.almamedia.fi\/mainostajat\/aineisto-ohjeet\/videomainonnan-aineisto-ohjeet\/"]}]},{"@type":"ImageObject","inLanguage":"fi","@id":"https:\/\/www.almamedia.fi\/mainostajat\/aineisto-ohjeet\/videomainonnan-aineisto-ohjeet\/#primaryimage","url":"https:\/\/www.almamedia.fi\/mainostajat\/wp-content\/uploads\/sites\/6\/bannerkuva-markkinointipalvelut.jpg","contentUrl":"https:\/\/www.almamedia.fi\/mainostajat\/wp-content\/uploads\/sites\/6\/bannerkuva-markkinointipalvelut.jpg","width":600,"height":337},{"@type":"BreadcrumbList","@id":"https:\/\/www.almamedia.fi\/mainostajat\/aineisto-ohjeet\/videomainonnan-aineisto-ohjeet\/#breadcrumb","itemListElement":[{"@type":"ListItem","position":1,"name":"Etusivu","item":"https:\/\/www.almamedia.fi\/mainostajat\/"},{"@type":"ListItem","position":2,"name":"Aineisto-ohjeet","item":"https:\/\/www.almamedia.fi\/mainostajat\/aineisto-ohjeet\/"},{"@type":"ListItem","position":3,"name":"Videomainonnan aineisto-ohjeet"}]},{"@type":"WebSite","@id":"https:\/\/www.almamedia.fi\/mainostajat\/#website","url":"https:\/\/www.almamedia.fi\/mainostajat\/","name":"Alma Media - mainostajat","description":"","publisher":{"@id":"https:\/\/www.almamedia.fi\/mainostajat\/#organization"},"potentialAction":[{"@type":"SearchAction","target":{"@type":"EntryPoint","urlTemplate":"https:\/\/www.almamedia.fi\/mainostajat\/?s={search_term_string}"},"query-input":{"@type":"PropertyValueSpecification","valueRequired":true,"valueName":"search_term_string"}}],"inLanguage":"fi"},{"@type":"Organization","@id":"https:\/\/www.almamedia.fi\/mainostajat\/#organization","name":"Alma Media - mainostajat","url":"https:\/\/www.almamedia.fi\/mainostajat\/","logo":{"@type":"ImageObject","inLanguage":"fi","@id":"https:\/\/www.almamedia.fi\/mainostajat\/#\/schema\/logo\/image\/","url":"https:\/\/www.almamedia.fi\/mainostajat\/wp-content\/uploads\/sites\/6\/alma-media-logo-valkoinen.svg","contentUrl":"https:\/\/www.almamedia.fi\/mainostajat\/wp-content\/uploads\/sites\/6\/alma-media-logo-valkoinen.svg","width":49,"height":50,"caption":"Alma Media - mainostajat"},"image":{"@id":"https:\/\/www.almamedia.fi\/mainostajat\/#\/schema\/logo\/image\/"}}]}},"lang":"fi","translations":{"fi":86968,"en":90655},"pll_sync_post":[],"_links":{"self":[{"href":"https:\/\/www.almamedia.fi\/mainostajat\/wp-json\/wp\/v2\/pages\/86968","targetHints":{"allow":["GET"]}}],"collection":[{"href":"https:\/\/www.almamedia.fi\/mainostajat\/wp-json\/wp\/v2\/pages"}],"about":[{"href":"https:\/\/www.almamedia.fi\/mainostajat\/wp-json\/wp\/v2\/types\/page"}],"author":[{"embeddable":true,"href":"https:\/\/www.almamedia.fi\/mainostajat\/wp-json\/wp\/v2\/users\/116"}],"replies":[{"embeddable":true,"href":"https:\/\/www.almamedia.fi\/mainostajat\/wp-json\/wp\/v2\/comments?post=86968"}],"version-history":[{"count":1,"href":"https:\/\/www.almamedia.fi\/mainostajat\/wp-json\/wp\/v2\/pages\/86968\/revisions"}],"predecessor-version":[{"id":93259,"href":"https:\/\/www.almamedia.fi\/mainostajat\/wp-json\/wp\/v2\/pages\/86968\/revisions\/93259"}],"up":[{"embeddable":true,"href":"https:\/\/www.almamedia.fi\/mainostajat\/wp-json\/wp\/v2\/pages\/84369"}],"wp:featuredmedia":[{"embeddable":true,"href":"https:\/\/www.almamedia.fi\/mainostajat\/wp-json\/wp\/v2\/media\/3504"}],"wp:attachment":[{"href":"https:\/\/www.almamedia.fi\/mainostajat\/wp-json\/wp\/v2\/media?parent=86968"}],"curies":[{"name":"wp","href":"https:\/\/api.w.org\/{rel}","templated":true}]}}