{"id":86131,"date":"2025-04-08T15:26:06","date_gmt":"2025-04-08T12:26:06","guid":{"rendered":"https:\/\/www.almamedia.fi\/mainostajat\/?page_id=86131"},"modified":"2025-04-08T17:24:31","modified_gmt":"2025-04-08T14:24:31","slug":"caset","status":"publish","type":"page","link":"https:\/\/www.almamedia.fi\/mainostajat\/caset\/","title":{"rendered":"Caset"},"content":{"rendered":"\n<h1 class=\"wp-block-heading\">CASET<\/h1>\n\n\n\n<div data-aos=\"fade-up\" id=\"Artikkelit-block_de40784ad054483fbad1af778568bf04\" class=\"isot-artikkeli-nostot  \">\n\n    \n    \n        <div class=\"category-filter-top\">\n            <!--\n             <div class=\"netello-line netello-line-animated\"><\/div>\n             -->\n            <!--\n            <h3>Suodata<\/h3>\n            -->\n        <\/div>\n        <div class=\"category-filter\">\n            <button class=\"active\" data-category=\"\">Kaikki<\/button>\n            <button data-category=\"autoilu-ja-liikkuminen\">Autoilu ja liikkuminen<\/button><button data-category=\"brandimainonta\">Br\u00e4ndimainonta<\/button><button data-category=\"display-mainonta\">Display-mainonta<\/button><button data-category=\"jatkuva-mainonta\">Jatkuva mainonta<\/button><button data-category=\"kohdentaminen\">Kohdentaminen<\/button><button data-category=\"kumppanisisallot\">Kumppanisis\u00e4ll\u00f6t<\/button><button data-category=\"loydettavyys\">L\u00f6ydett\u00e4vyys<\/button><button data-category=\"mainostajalle\">Mainostajalle<\/button><button data-category=\"sisaltomarkkinointi\">Sis\u00e4lt\u00f6markkinointi<\/button><button data-category=\"sivusto\">Sivusto<\/button><button data-category=\"supersivu\">Supersivu<\/button><button data-category=\"vaalimainonta\">Vaalimainonta<\/button>        <\/div>\n\n    \n    \n        <div id=\"posts-container\" class=\"posts-grid\" data-post-type=\"caset\">\n            \n<article id=\"post-93487\" class=\"grid-item post-93487 caset type-caset status-publish has-post-thumbnail hentry casekategoriat-brandimainonta casekategoriat-sisaltomarkkinointi\">\n    <div class=\"grid-item-inner\">\n\n        <div class=\"post-thumbnail\">\n                            <img decoding=\"async\" src=\"https:\/\/www.almamedia.fi\/mainostajat\/wp-content\/uploads\/sites\/6\/srentola2-1024x683.png\" alt=\"\" class=\"uutiskuva__kuva\">\n                    <\/div>\n\n\n        <div class=\"post-content\">\n            <header class=\"entry-header\">\n                <h3 class=\"entry-title\">S\u00e4hk\u00f6ty\u00f6 Rentola rakentaa kasvua jatkuvalla digimainonnalla<\/h3>\n                <p class=\"pvm\">18.3.2026<\/p>\n                            <\/header>\n\n            <div class=\"entry-summary\">\n                            <\/div>\n\n            <!--\n            <footer class=\"entry-footer\">\n                <a href=\"https:\/\/www.almamedia.fi\/mainostajat\/caset\/sahkotyo-rentola-rakentaa-kasvua-jatkuvalla-digimainonnalla\/\" class=\"read-more\">Read More<\/a>\n            <\/footer>\n            -->\n        <\/div>\n    <\/div>\n    <a class=\"laatikkolinkki\" \n       href=\"https:\/\/www.almamedia.fi\/mainostajat\/caset\/sahkotyo-rentola-rakentaa-kasvua-jatkuvalla-digimainonnalla\/\"\n       aria-label=\"Lue artikkeli: S\u00e4hk\u00f6ty\u00f6 Rentola rakentaa kasvua jatkuvalla digimainonnalla\"\n    ><\/a>\n<\/article> \n<article id=\"post-93320\" class=\"grid-item post-93320 caset type-caset status-publish has-post-thumbnail hentry casekategoriat-brandimainonta casekategoriat-sisaltomarkkinointi\">\n    <div class=\"grid-item-inner\">\n\n        <div class=\"post-thumbnail\">\n                            <img decoding=\"async\" src=\"https:\/\/www.almamedia.fi\/mainostajat\/wp-content\/uploads\/sites\/6\/phoenixcontact4-1024x682.jpg\" alt=\"\" class=\"uutiskuva__kuva\">\n                    <\/div>\n\n\n        <div class=\"post-content\">\n            <header class=\"entry-header\">\n                <h3 class=\"entry-title\">Ennenn\u00e4kem\u00e4t\u00f6nt\u00e4 B2B-mainontaa ja mitattavia tuloksia<\/h3>\n                <p class=\"pvm\">4.3.2026<\/p>\n                            <\/header>\n\n            <div class=\"entry-summary\">\n                            <\/div>\n\n            <!--\n            <footer class=\"entry-footer\">\n                <a href=\"https:\/\/www.almamedia.fi\/mainostajat\/caset\/ennennakematonta-b2b-mainontaa-ja-mitattavia-tuloksia\/\" class=\"read-more\">Read More<\/a>\n            <\/footer>\n            -->\n        <\/div>\n    <\/div>\n    <a class=\"laatikkolinkki\" \n       href=\"https:\/\/www.almamedia.fi\/mainostajat\/caset\/ennennakematonta-b2b-mainontaa-ja-mitattavia-tuloksia\/\"\n       aria-label=\"Lue artikkeli: Ennenn\u00e4kem\u00e4t\u00f6nt\u00e4 B2B-mainontaa ja mitattavia tuloksia\"\n    ><\/a>\n<\/article> \n<article id=\"post-93164\" class=\"grid-item post-93164 caset type-caset status-publish has-post-thumbnail hentry casekategoriat-display-mainonta casekategoriat-sisaltomarkkinointi\">\n    <div class=\"grid-item-inner\">\n\n        <div class=\"post-thumbnail\">\n                            <img decoding=\"async\" src=\"https:\/\/www.almamedia.fi\/mainostajat\/wp-content\/uploads\/sites\/6\/jatskiauto6.png\" alt=\"\" class=\"uutiskuva__kuva\">\n                    <\/div>\n\n\n        <div class=\"post-content\">\n            <header class=\"entry-header\">\n                <h3 class=\"entry-title\">J\u00e4tskiauto l\u00f6ysi uuden, tehokkaan reitin kuluttajien pariin<\/h3>\n                <p class=\"pvm\">12.2.2026<\/p>\n                            <\/header>\n\n            <div class=\"entry-summary\">\n                            <\/div>\n\n            <!--\n            <footer class=\"entry-footer\">\n                <a href=\"https:\/\/www.almamedia.fi\/mainostajat\/caset\/jatskiauto-loysi-uuden-tehokkaan-reitin-kuluttajien-pariin\/\" class=\"read-more\">Read More<\/a>\n            <\/footer>\n            -->\n        <\/div>\n    <\/div>\n    <a class=\"laatikkolinkki\" \n       href=\"https:\/\/www.almamedia.fi\/mainostajat\/caset\/jatskiauto-loysi-uuden-tehokkaan-reitin-kuluttajien-pariin\/\"\n       aria-label=\"Lue artikkeli: J\u00e4tskiauto l\u00f6ysi uuden, tehokkaan reitin kuluttajien pariin\"\n    ><\/a>\n<\/article> \n<article id=\"post-93015\" class=\"grid-item post-93015 caset type-caset status-publish has-post-thumbnail hentry casekategoriat-display-mainonta casekategoriat-kumppanisisallot casekategoriat-sisaltomarkkinointi\">\n    <div class=\"grid-item-inner\">\n\n        <div class=\"post-thumbnail\">\n                            <img decoding=\"async\" src=\"https:\/\/www.almamedia.fi\/mainostajat\/wp-content\/uploads\/sites\/6\/oras1.jpg\" alt=\"\" class=\"uutiskuva__kuva\">\n                    <\/div>\n\n\n        <div class=\"post-content\">\n            <header class=\"entry-header\">\n                <h3 class=\"entry-title\">Natiivikampanja hotellip\u00e4\u00e4tt\u00e4jille her\u00e4tti huomion ja toi liidej\u00e4<\/h3>\n                <p class=\"pvm\">30.1.2026<\/p>\n                            <\/header>\n\n            <div class=\"entry-summary\">\n                            <\/div>\n\n            <!--\n            <footer class=\"entry-footer\">\n                <a href=\"https:\/\/www.almamedia.fi\/mainostajat\/caset\/natiivikampanja-hotellipaattajille-heratti-huomion-ja-toi-liideja\/\" class=\"read-more\">Read More<\/a>\n            <\/footer>\n            -->\n        <\/div>\n    <\/div>\n    <a class=\"laatikkolinkki\" \n       href=\"https:\/\/www.almamedia.fi\/mainostajat\/caset\/natiivikampanja-hotellipaattajille-heratti-huomion-ja-toi-liideja\/\"\n       aria-label=\"Lue artikkeli: Natiivikampanja hotellip\u00e4\u00e4tt\u00e4jille her\u00e4tti huomion ja toi liidej\u00e4\"\n    ><\/a>\n<\/article> \n<article id=\"post-92650\" class=\"grid-item post-92650 caset type-caset status-publish has-post-thumbnail hentry casekategoriat-display-mainonta casekategoriat-sisaltomarkkinointi\">\n    <div class=\"grid-item-inner\">\n\n        <div class=\"post-thumbnail\">\n                            <img decoding=\"async\" src=\"https:\/\/www.almamedia.fi\/mainostajat\/wp-content\/uploads\/sites\/6\/43633_fazerina_juustokakku_nosto-1024x502.jpg\" alt=\"\" class=\"uutiskuva__kuva\">\n                    <\/div>\n\n\n        <div class=\"post-content\">\n            <header class=\"entry-header\">\n                <h3 class=\"entry-title\">Valio toteutti kolme sis\u00e4lt\u00f6natiivia, jotka sitouttivat kuluttajia yli odotusten\u00a0<\/h3>\n                <p class=\"pvm\">25.11.2025<\/p>\n                            <\/header>\n\n            <div class=\"entry-summary\">\n                            <\/div>\n\n            <!--\n            <footer class=\"entry-footer\">\n                <a href=\"https:\/\/www.almamedia.fi\/mainostajat\/caset\/valio-toteutti-kolme-sisaltonatiivia-jotka-sitouttivat-kuluttajia-yli-odotusten\/\" class=\"read-more\">Read More<\/a>\n            <\/footer>\n            -->\n        <\/div>\n    <\/div>\n    <a class=\"laatikkolinkki\" \n       href=\"https:\/\/www.almamedia.fi\/mainostajat\/caset\/valio-toteutti-kolme-sisaltonatiivia-jotka-sitouttivat-kuluttajia-yli-odotusten\/\"\n       aria-label=\"Lue artikkeli: Valio toteutti kolme sis\u00e4lt\u00f6natiivia, jotka sitouttivat kuluttajia yli odotusten\u00a0\"\n    ><\/a>\n<\/article> \n<article id=\"post-92121\" class=\"grid-item post-92121 caset type-caset status-publish has-post-thumbnail hentry casekategoriat-display-mainonta casekategoriat-sisaltomarkkinointi\">\n    <div class=\"grid-item-inner\">\n\n        <div class=\"post-thumbnail\">\n                            <img decoding=\"async\" src=\"https:\/\/www.almamedia.fi\/mainostajat\/wp-content\/uploads\/sites\/6\/2025_Jarvikyla_WEB_010-1024x683.jpg\" alt=\"\" class=\"uutiskuva__kuva\">\n                    <\/div>\n\n\n        <div class=\"post-content\">\n            <header class=\"entry-header\">\n                <h3 class=\"entry-title\">Testiryhm\u00e4 toi J\u00e4rvikyl\u00e4n salaattisekoitukset kuluttajien arkeen \u2013 myynti kasvoi merkitt\u00e4v\u00e4sti<\/h3>\n                <p class=\"pvm\">26.9.2025<\/p>\n                            <\/header>\n\n            <div class=\"entry-summary\">\n                            <\/div>\n\n            <!--\n            <footer class=\"entry-footer\">\n                <a href=\"https:\/\/www.almamedia.fi\/mainostajat\/caset\/testiryhma-toi-jarvikylan-salaattisekoitukset-kuluttajien-arkeen-myynti-kasvoi-merkittavasti\/\" class=\"read-more\">Read More<\/a>\n            <\/footer>\n            -->\n        <\/div>\n    <\/div>\n    <a class=\"laatikkolinkki\" \n       href=\"https:\/\/www.almamedia.fi\/mainostajat\/caset\/testiryhma-toi-jarvikylan-salaattisekoitukset-kuluttajien-arkeen-myynti-kasvoi-merkittavasti\/\"\n       aria-label=\"Lue artikkeli: Testiryhm\u00e4 toi J\u00e4rvikyl\u00e4n salaattisekoitukset kuluttajien arkeen \u2013 myynti kasvoi merkitt\u00e4v\u00e4sti\"\n    ><\/a>\n<\/article> \n<article id=\"post-91828\" class=\"grid-item post-91828 caset type-caset status-publish has-post-thumbnail hentry casekategoriat-display-mainonta casekategoriat-sisaltomarkkinointi\">\n    <div class=\"grid-item-inner\">\n\n        <div class=\"post-thumbnail\">\n                            <img decoding=\"async\" src=\"https:\/\/www.almamedia.fi\/mainostajat\/wp-content\/uploads\/sites\/6\/Pyha-Ski-Resort-Jaakko-Posti-002-1024x683.jpg\" alt=\"\" class=\"uutiskuva__kuva\">\n                    <\/div>\n\n\n        <div class=\"post-content\">\n            <header class=\"entry-header\">\n                <h3 class=\"entry-title\">Pyh\u00e4 valitsi p\u00e4\u00e4tt\u00e4j\u00e4mediat ja Ruka luotti sis\u00e4lt\u00f6\u00f6n \u2013 molemmat onnistuivat<\/h3>\n                <p class=\"pvm\">29.8.2025<\/p>\n                            <\/header>\n\n            <div class=\"entry-summary\">\n                            <\/div>\n\n            <!--\n            <footer class=\"entry-footer\">\n                <a href=\"https:\/\/www.almamedia.fi\/mainostajat\/caset\/pyha-valitsi-paattajamediat-ja-ruka-luotti-sisaltoon-molemmat-onnistuivat\/\" class=\"read-more\">Read More<\/a>\n            <\/footer>\n            -->\n        <\/div>\n    <\/div>\n    <a class=\"laatikkolinkki\" \n       href=\"https:\/\/www.almamedia.fi\/mainostajat\/caset\/pyha-valitsi-paattajamediat-ja-ruka-luotti-sisaltoon-molemmat-onnistuivat\/\"\n       aria-label=\"Lue artikkeli: Pyh\u00e4 valitsi p\u00e4\u00e4tt\u00e4j\u00e4mediat ja Ruka luotti sis\u00e4lt\u00f6\u00f6n \u2013 molemmat onnistuivat\"\n    ><\/a>\n<\/article> \n<article id=\"post-91292\" class=\"grid-item post-91292 caset type-caset status-publish has-post-thumbnail hentry casekategoriat-display-mainonta casekategoriat-supersivu\">\n    <div class=\"grid-item-inner\">\n\n        <div class=\"post-thumbnail\">\n                            <img decoding=\"async\" src=\"https:\/\/www.almamedia.fi\/mainostajat\/wp-content\/uploads\/sites\/6\/kia-all-new-ev6-gtline-my25-wolf-grey-outdoor-static-digital-1920x1080-003-1024x576.jpg\" alt=\"\" class=\"uutiskuva__kuva\">\n                    <\/div>\n\n\n        <div class=\"post-content\">\n            <header class=\"entry-header\">\n                <h3 class=\"entry-title\">Kampanja ylitti kaikki keskiarvot Alma Supersivulla<\/h3>\n                <p class=\"pvm\">13.6.2025<\/p>\n                            <\/header>\n\n            <div class=\"entry-summary\">\n                            <\/div>\n\n            <!--\n            <footer class=\"entry-footer\">\n                <a href=\"https:\/\/www.almamedia.fi\/mainostajat\/caset\/kampanja-ylitti-kaikki-keskiarvot-alma-supersivulla\/\" class=\"read-more\">Read More<\/a>\n            <\/footer>\n            -->\n        <\/div>\n    <\/div>\n    <a class=\"laatikkolinkki\" \n       href=\"https:\/\/www.almamedia.fi\/mainostajat\/caset\/kampanja-ylitti-kaikki-keskiarvot-alma-supersivulla\/\"\n       aria-label=\"Lue artikkeli: Kampanja ylitti kaikki keskiarvot Alma Supersivulla\"\n    ><\/a>\n<\/article> \n<article id=\"post-90825\" class=\"grid-item post-90825 caset type-caset status-publish has-post-thumbnail hentry casekategoriat-mainostajalle\">\n    <div class=\"grid-item-inner\">\n\n        <div class=\"post-thumbnail\">\n                            <img decoding=\"async\" src=\"https:\/\/www.almamedia.fi\/mainostajat\/wp-content\/uploads\/sites\/6\/Baltic_Princess_2024_8-1-scaled-1-1024x545.jpg\" alt=\"\" class=\"uutiskuva__kuva\">\n                    <\/div>\n\n\n        <div class=\"post-content\">\n            <header class=\"entry-header\">\n                <h3 class=\"entry-title\">Tallink Silja Linen Black Week -kampanja loisti: myynti kasvoi ja kohderyhm\u00e4 tavoitettiin<\/h3>\n                <p class=\"pvm\">27.5.2025<\/p>\n                            <\/header>\n\n            <div class=\"entry-summary\">\n                Tallink Silja Linen Black Week -kampanja loisti: myynti kasvoi ja kohderyhm\u00e4 tavoitettiin It\u00e4meren aalloilla matkustajia [&hellip;]            <\/div>\n\n            <!--\n            <footer class=\"entry-footer\">\n                <a href=\"https:\/\/www.almamedia.fi\/mainostajat\/caset\/tallink-silja-linen-black-week-kampanja-loisti-myynti-kasvoi-ja-kohderyhma-tavoitettiin\/\" class=\"read-more\">Read More<\/a>\n            <\/footer>\n            -->\n        <\/div>\n    <\/div>\n    <a class=\"laatikkolinkki\" \n       href=\"https:\/\/www.almamedia.fi\/mainostajat\/caset\/tallink-silja-linen-black-week-kampanja-loisti-myynti-kasvoi-ja-kohderyhma-tavoitettiin\/\"\n       aria-label=\"Lue artikkeli: Tallink Silja Linen Black Week -kampanja loisti: myynti kasvoi ja kohderyhm\u00e4 tavoitettiin\"\n    ><\/a>\n<\/article>         <\/div>\n\n                    <div class=\"load-more-container\">\n                <button id=\"load-more\" class=\"load-more-button nappi-1\">Lataa lis\u00e4\u00e4<\/button>\n            <\/div>\n        \n    \n<\/div>\n\n\n","protected":false},"excerpt":{"rendered":"<p>CASET<\/p>\n","protected":false},"author":105,"featured_media":0,"parent":0,"menu_order":0,"comment_status":"closed","ping_status":"closed","template":"","meta":{"_acf_changed":false,"footnotes":""},"class_list":["post-86131","page","type-page","status-publish","hentry"],"acf":[],"yoast_head":"<!-- This site is optimized with the Yoast SEO plugin v26.9 - https:\/\/yoast.com\/product\/yoast-seo-wordpress\/ -->\n<title>Caset - Alma Media - mainostajat<\/title>\n<meta name=\"robots\" content=\"index, follow, max-snippet:-1, max-image-preview:large, max-video-preview:-1\" \/>\n<link rel=\"canonical\" href=\"https:\/\/www.almamedia.fi\/mainostajat\/caset\/\" \/>\n<meta property=\"og:locale\" content=\"fi_FI\" \/>\n<meta property=\"og:type\" content=\"article\" \/>\n<meta property=\"og:title\" content=\"Caset - Alma Media - mainostajat\" \/>\n<meta property=\"og:description\" content=\"CASET\" \/>\n<meta property=\"og:url\" content=\"https:\/\/www.almamedia.fi\/mainostajat\/caset\/\" \/>\n<meta property=\"og:site_name\" content=\"Alma Media - mainostajat\" \/>\n<meta property=\"article:modified_time\" content=\"2025-04-08T14:24:31+00:00\" \/>\n<meta name=\"twitter:card\" content=\"summary_large_image\" \/>\n<meta name=\"twitter:label1\" content=\"Arvioitu lukuaika\" \/>\n\t<meta name=\"twitter:data1\" content=\"1 minuutti\" \/>\n<script type=\"application\/ld+json\" class=\"yoast-schema-graph\">{\"@context\":\"https:\/\/schema.org\",\"@graph\":[{\"@type\":\"WebPage\",\"@id\":\"https:\/\/www.almamedia.fi\/mainostajat\/caset\/\",\"url\":\"https:\/\/www.almamedia.fi\/mainostajat\/caset\/\",\"name\":\"Caset - Alma Media - mainostajat\",\"isPartOf\":{\"@id\":\"https:\/\/www.almamedia.fi\/mainostajat\/#website\"},\"datePublished\":\"2025-04-08T12:26:06+00:00\",\"dateModified\":\"2025-04-08T14:24:31+00:00\",\"breadcrumb\":{\"@id\":\"https:\/\/www.almamedia.fi\/mainostajat\/caset\/#breadcrumb\"},\"inLanguage\":\"fi\",\"potentialAction\":[{\"@type\":\"ReadAction\",\"target\":[\"https:\/\/www.almamedia.fi\/mainostajat\/caset\/\"]}]},{\"@type\":\"BreadcrumbList\",\"@id\":\"https:\/\/www.almamedia.fi\/mainostajat\/caset\/#breadcrumb\",\"itemListElement\":[{\"@type\":\"ListItem\",\"position\":1,\"name\":\"Etusivu\",\"item\":\"https:\/\/www.almamedia.fi\/mainostajat\/\"},{\"@type\":\"ListItem\",\"position\":2,\"name\":\"Caset\"}]},{\"@type\":\"WebSite\",\"@id\":\"https:\/\/www.almamedia.fi\/mainostajat\/#website\",\"url\":\"https:\/\/www.almamedia.fi\/mainostajat\/\",\"name\":\"Alma Media - mainostajat\",\"description\":\"\",\"publisher\":{\"@id\":\"https:\/\/www.almamedia.fi\/mainostajat\/#organization\"},\"potentialAction\":[{\"@type\":\"SearchAction\",\"target\":{\"@type\":\"EntryPoint\",\"urlTemplate\":\"https:\/\/www.almamedia.fi\/mainostajat\/?s={search_term_string}\"},\"query-input\":{\"@type\":\"PropertyValueSpecification\",\"valueRequired\":true,\"valueName\":\"search_term_string\"}}],\"inLanguage\":\"fi\"},{\"@type\":\"Organization\",\"@id\":\"https:\/\/www.almamedia.fi\/mainostajat\/#organization\",\"name\":\"Alma Media - mainostajat\",\"url\":\"https:\/\/www.almamedia.fi\/mainostajat\/\",\"logo\":{\"@type\":\"ImageObject\",\"inLanguage\":\"fi\",\"@id\":\"https:\/\/www.almamedia.fi\/mainostajat\/#\/schema\/logo\/image\/\",\"url\":\"https:\/\/www.almamedia.fi\/mainostajat\/wp-content\/uploads\/sites\/6\/alma-media-logo-valkoinen.svg\",\"contentUrl\":\"https:\/\/www.almamedia.fi\/mainostajat\/wp-content\/uploads\/sites\/6\/alma-media-logo-valkoinen.svg\",\"width\":49,\"height\":50,\"caption\":\"Alma Media - mainostajat\"},\"image\":{\"@id\":\"https:\/\/www.almamedia.fi\/mainostajat\/#\/schema\/logo\/image\/\"}}]}<\/script>\n<!-- \/ Yoast SEO plugin. -->","yoast_head_json":{"title":"Caset - Alma Media - mainostajat","robots":{"index":"index","follow":"follow","max-snippet":"max-snippet:-1","max-image-preview":"max-image-preview:large","max-video-preview":"max-video-preview:-1"},"canonical":"https:\/\/www.almamedia.fi\/mainostajat\/caset\/","og_locale":"fi_FI","og_type":"article","og_title":"Caset - Alma Media - mainostajat","og_description":"CASET","og_url":"https:\/\/www.almamedia.fi\/mainostajat\/caset\/","og_site_name":"Alma Media - mainostajat","article_modified_time":"2025-04-08T14:24:31+00:00","twitter_card":"summary_large_image","twitter_misc":{"Arvioitu lukuaika":"1 minuutti"},"schema":{"@context":"https:\/\/schema.org","@graph":[{"@type":"WebPage","@id":"https:\/\/www.almamedia.fi\/mainostajat\/caset\/","url":"https:\/\/www.almamedia.fi\/mainostajat\/caset\/","name":"Caset - Alma Media - mainostajat","isPartOf":{"@id":"https:\/\/www.almamedia.fi\/mainostajat\/#website"},"datePublished":"2025-04-08T12:26:06+00:00","dateModified":"2025-04-08T14:24:31+00:00","breadcrumb":{"@id":"https:\/\/www.almamedia.fi\/mainostajat\/caset\/#breadcrumb"},"inLanguage":"fi","potentialAction":[{"@type":"ReadAction","target":["https:\/\/www.almamedia.fi\/mainostajat\/caset\/"]}]},{"@type":"BreadcrumbList","@id":"https:\/\/www.almamedia.fi\/mainostajat\/caset\/#breadcrumb","itemListElement":[{"@type":"ListItem","position":1,"name":"Etusivu","item":"https:\/\/www.almamedia.fi\/mainostajat\/"},{"@type":"ListItem","position":2,"name":"Caset"}]},{"@type":"WebSite","@id":"https:\/\/www.almamedia.fi\/mainostajat\/#website","url":"https:\/\/www.almamedia.fi\/mainostajat\/","name":"Alma Media - mainostajat","description":"","publisher":{"@id":"https:\/\/www.almamedia.fi\/mainostajat\/#organization"},"potentialAction":[{"@type":"SearchAction","target":{"@type":"EntryPoint","urlTemplate":"https:\/\/www.almamedia.fi\/mainostajat\/?s={search_term_string}"},"query-input":{"@type":"PropertyValueSpecification","valueRequired":true,"valueName":"search_term_string"}}],"inLanguage":"fi"},{"@type":"Organization","@id":"https:\/\/www.almamedia.fi\/mainostajat\/#organization","name":"Alma Media - mainostajat","url":"https:\/\/www.almamedia.fi\/mainostajat\/","logo":{"@type":"ImageObject","inLanguage":"fi","@id":"https:\/\/www.almamedia.fi\/mainostajat\/#\/schema\/logo\/image\/","url":"https:\/\/www.almamedia.fi\/mainostajat\/wp-content\/uploads\/sites\/6\/alma-media-logo-valkoinen.svg","contentUrl":"https:\/\/www.almamedia.fi\/mainostajat\/wp-content\/uploads\/sites\/6\/alma-media-logo-valkoinen.svg","width":49,"height":50,"caption":"Alma Media - mainostajat"},"image":{"@id":"https:\/\/www.almamedia.fi\/mainostajat\/#\/schema\/logo\/image\/"}}]}},"lang":"fi","translations":{"fi":86131},"pll_sync_post":[],"_links":{"self":[{"href":"https:\/\/www.almamedia.fi\/mainostajat\/wp-json\/wp\/v2\/pages\/86131","targetHints":{"allow":["GET"]}}],"collection":[{"href":"https:\/\/www.almamedia.fi\/mainostajat\/wp-json\/wp\/v2\/pages"}],"about":[{"href":"https:\/\/www.almamedia.fi\/mainostajat\/wp-json\/wp\/v2\/types\/page"}],"author":[{"embeddable":true,"href":"https:\/\/www.almamedia.fi\/mainostajat\/wp-json\/wp\/v2\/users\/105"}],"replies":[{"embeddable":true,"href":"https:\/\/www.almamedia.fi\/mainostajat\/wp-json\/wp\/v2\/comments?post=86131"}],"version-history":[{"count":0,"href":"https:\/\/www.almamedia.fi\/mainostajat\/wp-json\/wp\/v2\/pages\/86131\/revisions"}],"wp:attachment":[{"href":"https:\/\/www.almamedia.fi\/mainostajat\/wp-json\/wp\/v2\/media?parent=86131"}],"curies":[{"name":"wp","href":"https:\/\/api.w.org\/{rel}","templated":true}]}}