{"id":85976,"date":"2025-04-08T13:32:47","date_gmt":"2025-04-08T10:32:47","guid":{"rendered":"https:\/\/www.almamedia.fi\/mainostajat\/?page_id=85976"},"modified":"2026-02-05T14:50:25","modified_gmt":"2026-02-05T12:50:25","slug":"ampparit","status":"publish","type":"page","link":"https:\/\/www.almamedia.fi\/mainostajat\/mediat-ja-palvelut\/kuluttajamediat\/ampparit\/","title":{"rendered":"Ampparit"},"content":{"rendered":"\n    <div  class=\"alma-iframe\">\n\n        <div class=\"iframe-content\"><script src=\"https:\/\/cdnjs.cloudflare.com\/ajax\/libs\/Chart.js\/2.5.0\/Chart.min.js\"><\/script><\/div>\n    <\/div>\n\n\n\n\n\n\n\n<div style=\"height:128px\" aria-hidden=\"true\" class=\"wp-block-spacer\"><\/div>\n\n\n\n<div class=\"wp-block-columns is-layout-flex wp-container-core-columns-is-layout-9d6595d7 wp-block-columns-is-layout-flex\">\n<div class=\"wp-block-column is-vertically-aligned-bottom is-layout-flow wp-block-column-is-layout-flow\" style=\"flex-basis:56%\">\n<h2 class=\"wp-block-heading\">Ampparit on ilmainen uutispalvelu, joka on hereill\u00e4 kellon ymp\u00e4ri<\/h2>\n\n\n\n<p class=\"has-text-align-left has-medium-font-size\"><a href=\"https:\/\/www.ampparit.com\/\">Ampparit<\/a> on ilmainen uutispalvelu, joka on hereill\u00e4 kellon ymp\u00e4ri. L\u00e4hes 300 kotimaista uutisl\u00e4hdett\u00e4 takaavat sen, ett\u00e4 Amppareissa k\u00e4ytt\u00e4j\u00e4 saa tiet\u00e4\u00e4 heti, kun jotakin tapahtuu.&nbsp;<\/p>\n\n\n\n<p class=\"has-text-align-left\">Suosituinta sis\u00e4lt\u00f6\u00e4 ovat kotimaan uutiset, talous, IT, viihde sek\u00e4 urheilu \u2013 erityisesti j\u00e4\u00e4kiekko, palloilulajit,&nbsp;autourheilu ja suuret urheilutapahtumat tuovat piikin palvelun k\u00e4vij\u00e4m\u00e4\u00e4riin. Urheilutapahtumat n\u00e4kyv\u00e4t my\u00f6s v\u00e4litt\u00f6m\u00e4sti ohjelmien tauolla second screen -k\u00e4yt\u00f6ss\u00e4.&nbsp;Uutisten lis\u00e4ksi Ampparit sis\u00e4lt\u00e4\u00e4 s\u00e4\u00e4ennusteet yli 1000 paikkakunnalle ymp\u00e4ri maailmaa sek\u00e4 TV-ohjelmatiedot yli 50 kanavalle.<\/p>\n<\/div>\n\n\n\n<div class=\"wp-block-column is-layout-flow wp-block-column-is-layout-flow\" style=\"flex-basis:44%\">\n<div  class=\"numero-animoitu has-text-align-right has-top-line has-number-color-green has-font-size-l has-line-color-light has-text-size-m\">\n\n    \n    <div class=\"numero-wrapper\">\n                    <span class=\"netello-line netello-line-animated\"><\/span>\n                \n                    <span class=\"netello-number-counter \" data-target=\"243000\">0<\/span>\n        \n            <\/div>\n\n    <div class=\"alateksti\"><p>K\u00c4YTT\u00c4J\u00c4\u00c4 JOKA VIIKKO.<\/p>\n<\/div>\n<\/div>\n\n\n\n\n\n\n<p class=\"has-text-align-right\"><em><sup>L\u00e4hde: Mind Kuluttaja tammi-kes\u00e4 2024<\/sup><\/em><\/p>\n<\/div>\n<\/div>\n\n\n\n<div style=\"height:11rem\" aria-hidden=\"true\" class=\"wp-block-spacer\"><\/div>\n\n\n\n<div style=\"--right-column-max-width:600px;--left-column-max-width:600px\" class=\"wp-block-netello-kaksi-palstaa\"><div class=\"wrapper\">\n<div class=\"wp-block-columns is-layout-flex wp-container-core-columns-is-layout-9d6595d7 wp-block-columns-is-layout-flex\">\n<div class=\"wp-block-column is-layout-flow wp-block-column-is-layout-flow\"><\/div>\n\n\n\n<div class=\"wp-block-column is-layout-flow wp-block-column-is-layout-flow\">\n<div class=\"wp-block-group column-inner\"><div class=\"wp-block-group__inner-container is-layout-flow wp-block-group-is-layout-flow\">\n<div class=\"wp-block-netello-laatikko-viivalla laatikko-viivalla line-vaalea netello-linkit\"><div class=\"netello-line netello-line-animated\"><\/div>\n<p><a href=\"https:\/\/www.almamedia.fi\/mainostajat\/mainonnan-hinnat\/\">Hinnat ja mainosratkaisut<\/a><\/p>\n\n\n\n<p><a href=\"https:\/\/www.almamedia.fi\/mainostajat\/aineisto-ohjeet\/\">Aineisto-ohjeet<\/a><\/p>\n\n\n\n<p><a href=\"https:\/\/www.almamedia.fi\/mainostajat\/aineisto-ohjeet\/printtimainonnan-aineisto-ohjeet\/#Alma-Median-julkaisuaikataulut\">Julkaisuaikataulut<\/a><\/p>\n\n\n\n<p><a href=\"https:\/\/www.ampparit.com\/\">Ampparit.com<\/a><\/p>\n<\/div>\n<\/div><\/div>\n<\/div>\n<\/div>\n<\/div><\/div>\n\n\n\n<p class=\"has-text-align-right has-small-font-size\"><\/p>\n\n\n\n<div style=\"height:8rem\" aria-hidden=\"true\" class=\"wp-block-spacer\"><\/div>\n\n\n\n<h2 class=\"wp-block-heading has-text-align-center\">Ampparin yleis\u00f6<\/h2>\n\n\n\n<div class=\"wp-block-columns is-layout-flex wp-container-core-columns-is-layout-9d6595d7 wp-block-columns-is-layout-flex\">\n<div class=\"wp-block-column is-layout-flow wp-block-column-is-layout-flow\" style=\"flex-basis:30%\">\n    <div  class=\"alma-iframe\">\n\n        <div class=\"iframe-content\"><canvas id=\"sukupuolijakauma\" style=\"width:100%;max-width:400px\"><\/canvas><\/div>\n    <\/div>\n\n\n\n\n<\/div>\n\n\n\n<div class=\"wp-block-column is-layout-flow wp-block-column-is-layout-flow\" style=\"flex-basis:70%\">\n    <div  class=\"alma-iframe\">\n\n        <div class=\"iframe-content\"><canvas id=\"ammatti\" style=\"width:100%;max-width:800px\"><\/canvas><\/div>\n    <\/div>\n\n\n\n\n<\/div>\n<\/div>\n\n\n\n<div class=\"wp-block-columns is-layout-flex wp-container-core-columns-is-layout-9d6595d7 wp-block-columns-is-layout-flex\">\n<div class=\"wp-block-column is-layout-flow wp-block-column-is-layout-flow\">\n    <div  class=\"alma-iframe\">\n\n        <div class=\"iframe-content\"><canvas id=\"ika\" style=\"width:100%;max-width:600px\"><\/canvas><\/div>\n    <\/div>\n\n\n\n\n<\/div>\n\n\n\n<div class=\"wp-block-column is-layout-flow wp-block-column-is-layout-flow\">\n    <div  class=\"alma-iframe\">\n\n        <div class=\"iframe-content\"><canvas id=\"bruttotulot\" style=\"width:100%;max-width:600px\"><\/canvas><\/div>\n    <\/div>\n\n\n\n\n<\/div>\n<\/div>\n\n\n\n<div style=\"height:85px\" aria-hidden=\"true\" class=\"wp-block-spacer\"><\/div>\n\n\n\n    <div  class=\"alma-iframe\">\n\n        <div class=\"iframe-content\"><script>\r\n \r\nfunction splitArray(arrayx) {\r\n    let array1 = [];\r\n    let array2 = [];\r\n    let chartType = 'doughnut';\r\n    let chartColors = [\r\n        \"rgba(40, 183, 143, 1)\",\r\n        \"rgba(40, 183, 143, 0.7)\",\r\n        \"rgba(255, 255, 255, 0.9)\"  \/\/ Changed to white\r\n    ];\r\n    let legenda = {display: true};\r\n    \r\n    for (i = 0; i < arrayx.length; i++) {\r\n        if (i == 0 || i % 2 == 0) { \r\n            array1.push(arrayx[i]) \r\n        } else { \r\n            array2.push(arrayx[i] * 100) \r\n        }\r\n    }\r\n    \r\n    if (arrayx.length > 6) {\r\n        chartType = 'horizontalBar';\r\n        chartColors = [\r\n            \"rgba(40, 183, 143, 1)\",\r\n            \"rgba(40, 183, 143, 0.92)\",\r\n            \"rgba(40, 183, 143, 0.84)\",\r\n            \"rgba(40, 183, 143, 0.76)\",\r\n            \"rgba(40, 183, 143, 0.68)\",\r\n            \"rgba(40, 183, 143, 0.60)\",\r\n            \"rgba(40, 183, 143, 0.52)\",\r\n            \"rgba(40, 183, 143, 0.44)\",\r\n            \"rgba(40, 183, 143, 0.36)\",\r\n            \"rgba(40, 183, 143, 0.28)\",\r\n            \"rgba(40, 183, 143, 0.20)\",\r\n            \"rgba(40, 183, 143, 0.12)\"\r\n        ];\r\n        legenda = {display: false};\r\n    }\r\n    \r\n    return {\r\n        'barNames': array1,\r\n        'barValues': array2,\r\n        'type': chartType,\r\n        'color': chartColors,\r\n        'legend' : legenda\r\n    }\r\n}\r\n\r\n\r\nfunction createChartInfo(chartData) {\r\n    let finalObject = {\r\n        type: chartData.type,\r\n        data: {\r\n            labels: chartData.barNames,\r\n            datasets: [{\r\n                backgroundColor: chartData.color,\r\n                data: chartData.barValues,\r\n                borderColor: '#9F248F',  \/\/ Updated magenta border color\r\n                borderWidth: 1\r\n            }]\r\n        },\r\n        options: {\r\n            legend: chartData.legend,\r\n            title: {\r\n                display: true,\r\n                text: chartData.title,\r\n                fontSize: 18,\r\n                fontColor: 'white'\r\n            },\r\n            tooltips: {\r\n                titleFontColor: 'white',\r\n                bodyFontColor: 'white'\r\n            }\r\n        }\r\n    }\r\n    \r\n    if (chartData.type === 'horizontalBar') {\r\n        finalObject.options.scales = {\r\n            xAxes: [{\r\n                ticks: {\r\n                    beginAtZero: true,\r\n                    fontColor: 'white'\r\n                },\r\n                gridLines: {\r\n                    color: 'rgba(255, 255, 255, 0.2)'\r\n                }\r\n            }],\r\n            yAxes: [{\r\n                ticks: {\r\n                    fontColor: 'white'\r\n                },\r\n                gridLines: {\r\n                    color: 'rgba(255, 255, 255, 0.2)'\r\n                }\r\n            }]\r\n        }\r\n    } else if (chartData.type === 'bar') {\r\n        finalObject.options.scales = {\r\n            yAxes: [{\r\n                ticks: {\r\n                    beginAtZero: true,\r\n                    fontColor: 'white'\r\n                },\r\n                gridLines: {\r\n                    color: 'rgba(255, 255, 255, 0.2)'\r\n                }\r\n            }],\r\n            xAxes: [{\r\n                ticks: {\r\n                    fontColor: 'white'\r\n                },\r\n                gridLines: {\r\n                    color: 'rgba(255, 255, 255, 0.2)'\r\n                }\r\n            }]\r\n        }\r\n    } else {\r\n        finalObject.options.legend.labels = {\r\n            fontColor: 'white'\r\n        }\r\n    }\r\n    \r\n    return finalObject;\r\n}\r\n\r\n\/\/ Lis\u00e4\u00e4 tiedot t\u00e4h\u00e4n\r\nlet sukupuolijakauma = splitArray(['Naiset', '0.17', 'Miehet', '0.83']);\r\nlet ika = splitArray(['15-24 vuotta', '0.18', '15-24 vuotta (v\u00e4est\u00f6)', '0.15', '25-34 vuotta', '0.18', '25-34 vuotta (v\u00e4est\u00f6)', '0.16', '35-44 vuotta', '0.23', '35-44 vuotta (v\u00e4est\u00f6)', '0.16', '45-54 vuotta', '0.16', '45-54 vuotta (v\u00e4est\u00f6)', '0.16', '55-64 vuotta', '0.15', '55-64 vuotta (v\u00e4est\u00f6)', '0.18', '65-74 vuotta', '0.11', '65-74 vuotta (v\u00e4est\u00f6)', '0.18']);\r\nlet bruttotulot = splitArray(['Alle 20.000 euroa\/v', '0.09', 'Alle 20.000 euroa\/v (v\u00e4est\u00f6)', '0.12', '20.001 - 35.000 euroa\/v', '0.12', '20.001 - 35.000 euroa\/v (v\u00e4est\u00f6)', '0.14', '35.001 - 50.000 euroa\/v', '0.15', '35.001 - 50.000 euroa\/v (v\u00e4est\u00f6)', '0.16', '50.001 - 85.000 euroa\/v', '0.21', '50.001 - 85.000 euroa\/v (v\u00e4est\u00f6)', '0.24', '85.001 - 100.000 euroa\/v', '0.16', '85.001 - 100.000 euroa\/v (v\u00e4est\u00f6)', '0.09', 'Yli 100.000 euroa\/v', '0.1', 'Yli 100.000 euroa\/v (v\u00e4est\u00f6)', '0.08']);\r\nlet ammatti = splitArray(['Johtavassa asemassa oleva', '0.09', 'Johtavassa asemassa oleva (v\u00e4est\u00f6)', '0.04', 'Ylempi toimihenkil\u00f6', '0.18', 'Ylempi toimihenkil\u00f6 (v\u00e4est\u00f6)', '0.14', 'Alempi toimihenkil\u00f6', '0.12', 'Alempi toimihenkil\u00f6 (v\u00e4est\u00f6)', '0.14', 'Ty\u00f6ntekij\u00e4', '0.12', 'Ty\u00f6ntekij\u00e4 (v\u00e4est\u00f6)', '0.1', 'Maatalousyritt\u00e4j\u00e4', '0', 'Maatalousyritt\u00e4j\u00e4 (v\u00e4est\u00f6)', '0', 'Muu yksin\u00e4isyritt\u00e4j\u00e4', '0.01', 'Muu yksin\u00e4isyritt\u00e4j\u00e4 (v\u00e4est\u00f6)', '0.02', 'El\u00e4kel\u00e4inen', '0.18', 'El\u00e4kel\u00e4inen (v\u00e4est\u00f6)', '0.24', 'Opiskelija, koululainen', '0.11', 'Opiskelija, koululainen (v\u00e4est\u00f6)', '0.12', 'Koti\u00e4iti, -is\u00e4', '0.01', 'Koti\u00e4iti, -is\u00e4 (v\u00e4est\u00f6)', '0.02', 'Ty\u00f6t\u00f6n', '0.06', 'Ty\u00f6t\u00f6n (v\u00e4est\u00f6)', '0.07', 'Muu', '0.12', 'Muu (v\u00e4est\u00f6)', '0.11']);\r\nlet Kuntatyyppi = splitArray(['Suur-Helsinki', '0.14', 'Suur-Helsinki (v\u00e4est\u00f6)', '0.2', 'Turku\/Tampere', '0.08', 'Turku\/Tampere (v\u00e4est\u00f6)', '0.08', 'Oulu', '0.04', 'Oulu (v\u00e4est\u00f6)', '0.04', '70 000 - 150 000 asukkaan kaupunki', '0.16', '70 000 - 150 000 asukkaan kaupunki (v\u00e4est\u00f6)', '0.13', '30 000 - 70 000 asukkaan kaupunki\/kunta', '0.22', '30 000 - 70 000 asukkaan kaupunki\/kunta (v\u00e4est\u00f6)', '0.21', 'Alle 30 000 asukkaan kaupunki', '0.13', 'Alle 30 000 asukkaan kaupunki (v\u00e4est\u00f6)', '0.16', 'Maalaiskunta', '0.24', 'Maalaiskunta (v\u00e4est\u00f6)', '0.17']);\r\nlet lapsi = splitArray(['On alle 19 v. lapsia', '0.39', 'On alle 19 v. lapsia (v\u00e4est\u00f6)', '0.36', 'P\u00e4ivitt\u00e4isostop\u00e4\u00e4tt\u00e4j\u00e4t', '0.92', 'P\u00e4ivitt\u00e4isostop\u00e4\u00e4tt\u00e4j\u00e4t (v\u00e4est\u00f6)', '0.93']);\r\nsukupuolijakauma.title = 'Sukupuolijakauma (%)';\r\nika.title = 'Ik\u00e4 (%)';\r\nbruttotulot.title = 'Bruttotulot (%)';\r\nammatti.title = 'Oma ammatti (%)';\r\nKuntatyyppi.title = 'Kuntatyyppi (%)';\r\nlapsi.title = 'Lapsiperheet ja p\u00e4ivitt\u00e4istavaraostop\u00e4\u00e4tt\u00e4j\u00e4t (%)';\r\nnew Chart('sukupuolijakauma', createChartInfo(sukupuolijakauma));\r\nnew Chart('ika', createChartInfo(ika));\r\nnew Chart('bruttotulot', createChartInfo(bruttotulot));\r\nnew Chart('ammatti', createChartInfo(ammatti));\r\nnew Chart('Kuntatyyppi', createChartInfo(Kuntatyyppi));\r\nnew Chart('lapsi', createChartInfo(lapsi));\r\n\r\n<\/script><\/div>\n    <\/div>\n\n\n\n\n","protected":false},"excerpt":{"rendered":"<p>Ampparit on ilmainen uutispalvelu, joka on hereill\u00e4 kellon ymp\u00e4ri Ampparit on ilmainen uutispalvelu, joka on [&hellip;]<\/p>\n","protected":false},"author":105,"featured_media":87086,"parent":83734,"menu_order":0,"comment_status":"closed","ping_status":"closed","template":"","meta":{"_acf_changed":false,"footnotes":""},"class_list":["post-85976","page","type-page","status-publish","has-post-thumbnail","hentry"],"acf":[],"yoast_head":"<!-- This site is optimized with the Yoast SEO plugin v26.9 - https:\/\/yoast.com\/product\/yoast-seo-wordpress\/ -->\n<title>Ampparit.com mainostajalle - Alma Media<\/title>\n<meta name=\"description\" content=\"Ampparit on ilmainen uutispalvelu, joka on hereill\u00e4 kellon ymp\u00e4ri. L\u00e4hes 300 kotimaista uutisl\u00e4hdett\u00e4 takaavat sen, ett\u00e4 Amppareissa k\u00e4ytt\u00e4j\u00e4 saa tiet\u00e4\u00e4 heti, kun jotakin tapahtuu.\" \/>\n<meta name=\"robots\" content=\"index, follow, max-snippet:-1, max-image-preview:large, max-video-preview:-1\" \/>\n<link rel=\"canonical\" href=\"https:\/\/www.almamedia.fi\/mainostajat\/mediat-ja-palvelut\/kuluttajamediat\/ampparit\/\" \/>\n<meta property=\"og:locale\" content=\"fi_FI\" \/>\n<meta property=\"og:type\" content=\"article\" \/>\n<meta property=\"og:title\" content=\"Ampparit.com mainostajalle - Alma Media\" \/>\n<meta property=\"og:description\" content=\"Ampparit on ilmainen uutispalvelu, joka on hereill\u00e4 kellon ymp\u00e4ri. L\u00e4hes 300 kotimaista uutisl\u00e4hdett\u00e4 takaavat sen, ett\u00e4 Amppareissa k\u00e4ytt\u00e4j\u00e4 saa tiet\u00e4\u00e4 heti, kun jotakin tapahtuu.\" \/>\n<meta property=\"og:url\" content=\"https:\/\/www.almamedia.fi\/mainostajat\/mediat-ja-palvelut\/kuluttajamediat\/ampparit\/\" \/>\n<meta property=\"og:site_name\" content=\"Alma Media - mainostajat\" \/>\n<meta property=\"article:modified_time\" content=\"2026-02-05T12:50:25+00:00\" \/>\n<meta property=\"og:image\" content=\"https:\/\/www.almamedia.fi\/mainostajat\/wp-content\/uploads\/sites\/6\/ampparit.jpg\" \/>\n\t<meta property=\"og:image:width\" content=\"1500\" \/>\n\t<meta property=\"og:image:height\" content=\"1000\" \/>\n\t<meta property=\"og:image:type\" content=\"image\/jpeg\" \/>\n<meta name=\"twitter:card\" content=\"summary_large_image\" \/>\n<meta name=\"twitter:label1\" content=\"Arvioitu lukuaika\" \/>\n\t<meta name=\"twitter:data1\" content=\"1 minuutti\" \/>\n<script type=\"application\/ld+json\" class=\"yoast-schema-graph\">{\"@context\":\"https:\/\/schema.org\",\"@graph\":[{\"@type\":\"WebPage\",\"@id\":\"https:\/\/www.almamedia.fi\/mainostajat\/mediat-ja-palvelut\/kuluttajamediat\/ampparit\/\",\"url\":\"https:\/\/www.almamedia.fi\/mainostajat\/mediat-ja-palvelut\/kuluttajamediat\/ampparit\/\",\"name\":\"Ampparit.com mainostajalle - Alma Media\",\"isPartOf\":{\"@id\":\"https:\/\/www.almamedia.fi\/mainostajat\/#website\"},\"primaryImageOfPage\":{\"@id\":\"https:\/\/www.almamedia.fi\/mainostajat\/mediat-ja-palvelut\/kuluttajamediat\/ampparit\/#primaryimage\"},\"image\":{\"@id\":\"https:\/\/www.almamedia.fi\/mainostajat\/mediat-ja-palvelut\/kuluttajamediat\/ampparit\/#primaryimage\"},\"thumbnailUrl\":\"https:\/\/www.almamedia.fi\/mainostajat\/wp-content\/uploads\/sites\/6\/ampparit.jpg\",\"datePublished\":\"2025-04-08T10:32:47+00:00\",\"dateModified\":\"2026-02-05T12:50:25+00:00\",\"description\":\"Ampparit on ilmainen uutispalvelu, joka on hereill\u00e4 kellon ymp\u00e4ri. L\u00e4hes 300 kotimaista uutisl\u00e4hdett\u00e4 takaavat sen, ett\u00e4 Amppareissa k\u00e4ytt\u00e4j\u00e4 saa tiet\u00e4\u00e4 heti, kun jotakin tapahtuu.\",\"breadcrumb\":{\"@id\":\"https:\/\/www.almamedia.fi\/mainostajat\/mediat-ja-palvelut\/kuluttajamediat\/ampparit\/#breadcrumb\"},\"inLanguage\":\"fi\",\"potentialAction\":[{\"@type\":\"ReadAction\",\"target\":[\"https:\/\/www.almamedia.fi\/mainostajat\/mediat-ja-palvelut\/kuluttajamediat\/ampparit\/\"]}]},{\"@type\":\"ImageObject\",\"inLanguage\":\"fi\",\"@id\":\"https:\/\/www.almamedia.fi\/mainostajat\/mediat-ja-palvelut\/kuluttajamediat\/ampparit\/#primaryimage\",\"url\":\"https:\/\/www.almamedia.fi\/mainostajat\/wp-content\/uploads\/sites\/6\/ampparit.jpg\",\"contentUrl\":\"https:\/\/www.almamedia.fi\/mainostajat\/wp-content\/uploads\/sites\/6\/ampparit.jpg\",\"width\":1500,\"height\":1000},{\"@type\":\"BreadcrumbList\",\"@id\":\"https:\/\/www.almamedia.fi\/mainostajat\/mediat-ja-palvelut\/kuluttajamediat\/ampparit\/#breadcrumb\",\"itemListElement\":[{\"@type\":\"ListItem\",\"position\":1,\"name\":\"Etusivu\",\"item\":\"https:\/\/www.almamedia.fi\/mainostajat\/\"},{\"@type\":\"ListItem\",\"position\":2,\"name\":\"Mediat ja palvelut\",\"item\":\"https:\/\/www.almamedia.fi\/mainostajat\/mediat-ja-palvelut\/\"},{\"@type\":\"ListItem\",\"position\":3,\"name\":\"Kuluttajamediat\",\"item\":\"https:\/\/www.almamedia.fi\/mainostajat\/mediat-ja-palvelut\/kuluttajamediat\/\"},{\"@type\":\"ListItem\",\"position\":4,\"name\":\"Ampparit\"}]},{\"@type\":\"WebSite\",\"@id\":\"https:\/\/www.almamedia.fi\/mainostajat\/#website\",\"url\":\"https:\/\/www.almamedia.fi\/mainostajat\/\",\"name\":\"Alma Media - mainostajat\",\"description\":\"\",\"publisher\":{\"@id\":\"https:\/\/www.almamedia.fi\/mainostajat\/#organization\"},\"potentialAction\":[{\"@type\":\"SearchAction\",\"target\":{\"@type\":\"EntryPoint\",\"urlTemplate\":\"https:\/\/www.almamedia.fi\/mainostajat\/?s={search_term_string}\"},\"query-input\":{\"@type\":\"PropertyValueSpecification\",\"valueRequired\":true,\"valueName\":\"search_term_string\"}}],\"inLanguage\":\"fi\"},{\"@type\":\"Organization\",\"@id\":\"https:\/\/www.almamedia.fi\/mainostajat\/#organization\",\"name\":\"Alma Media - mainostajat\",\"url\":\"https:\/\/www.almamedia.fi\/mainostajat\/\",\"logo\":{\"@type\":\"ImageObject\",\"inLanguage\":\"fi\",\"@id\":\"https:\/\/www.almamedia.fi\/mainostajat\/#\/schema\/logo\/image\/\",\"url\":\"https:\/\/www.almamedia.fi\/mainostajat\/wp-content\/uploads\/sites\/6\/alma-media-logo-valkoinen.svg\",\"contentUrl\":\"https:\/\/www.almamedia.fi\/mainostajat\/wp-content\/uploads\/sites\/6\/alma-media-logo-valkoinen.svg\",\"width\":49,\"height\":50,\"caption\":\"Alma Media - mainostajat\"},\"image\":{\"@id\":\"https:\/\/www.almamedia.fi\/mainostajat\/#\/schema\/logo\/image\/\"}}]}<\/script>\n<!-- \/ Yoast SEO plugin. -->","yoast_head_json":{"title":"Ampparit.com mainostajalle - Alma Media","description":"Ampparit on ilmainen uutispalvelu, joka on hereill\u00e4 kellon ymp\u00e4ri. L\u00e4hes 300 kotimaista uutisl\u00e4hdett\u00e4 takaavat sen, ett\u00e4 Amppareissa k\u00e4ytt\u00e4j\u00e4 saa tiet\u00e4\u00e4 heti, kun jotakin tapahtuu.","robots":{"index":"index","follow":"follow","max-snippet":"max-snippet:-1","max-image-preview":"max-image-preview:large","max-video-preview":"max-video-preview:-1"},"canonical":"https:\/\/www.almamedia.fi\/mainostajat\/mediat-ja-palvelut\/kuluttajamediat\/ampparit\/","og_locale":"fi_FI","og_type":"article","og_title":"Ampparit.com mainostajalle - Alma Media","og_description":"Ampparit on ilmainen uutispalvelu, joka on hereill\u00e4 kellon ymp\u00e4ri. L\u00e4hes 300 kotimaista uutisl\u00e4hdett\u00e4 takaavat sen, ett\u00e4 Amppareissa k\u00e4ytt\u00e4j\u00e4 saa tiet\u00e4\u00e4 heti, kun jotakin tapahtuu.","og_url":"https:\/\/www.almamedia.fi\/mainostajat\/mediat-ja-palvelut\/kuluttajamediat\/ampparit\/","og_site_name":"Alma Media - mainostajat","article_modified_time":"2026-02-05T12:50:25+00:00","og_image":[{"width":1500,"height":1000,"url":"https:\/\/www.almamedia.fi\/mainostajat\/wp-content\/uploads\/sites\/6\/ampparit.jpg","type":"image\/jpeg"}],"twitter_card":"summary_large_image","twitter_misc":{"Arvioitu lukuaika":"1 minuutti"},"schema":{"@context":"https:\/\/schema.org","@graph":[{"@type":"WebPage","@id":"https:\/\/www.almamedia.fi\/mainostajat\/mediat-ja-palvelut\/kuluttajamediat\/ampparit\/","url":"https:\/\/www.almamedia.fi\/mainostajat\/mediat-ja-palvelut\/kuluttajamediat\/ampparit\/","name":"Ampparit.com mainostajalle - Alma Media","isPartOf":{"@id":"https:\/\/www.almamedia.fi\/mainostajat\/#website"},"primaryImageOfPage":{"@id":"https:\/\/www.almamedia.fi\/mainostajat\/mediat-ja-palvelut\/kuluttajamediat\/ampparit\/#primaryimage"},"image":{"@id":"https:\/\/www.almamedia.fi\/mainostajat\/mediat-ja-palvelut\/kuluttajamediat\/ampparit\/#primaryimage"},"thumbnailUrl":"https:\/\/www.almamedia.fi\/mainostajat\/wp-content\/uploads\/sites\/6\/ampparit.jpg","datePublished":"2025-04-08T10:32:47+00:00","dateModified":"2026-02-05T12:50:25+00:00","description":"Ampparit on ilmainen uutispalvelu, joka on hereill\u00e4 kellon ymp\u00e4ri. L\u00e4hes 300 kotimaista uutisl\u00e4hdett\u00e4 takaavat sen, ett\u00e4 Amppareissa k\u00e4ytt\u00e4j\u00e4 saa tiet\u00e4\u00e4 heti, kun jotakin tapahtuu.","breadcrumb":{"@id":"https:\/\/www.almamedia.fi\/mainostajat\/mediat-ja-palvelut\/kuluttajamediat\/ampparit\/#breadcrumb"},"inLanguage":"fi","potentialAction":[{"@type":"ReadAction","target":["https:\/\/www.almamedia.fi\/mainostajat\/mediat-ja-palvelut\/kuluttajamediat\/ampparit\/"]}]},{"@type":"ImageObject","inLanguage":"fi","@id":"https:\/\/www.almamedia.fi\/mainostajat\/mediat-ja-palvelut\/kuluttajamediat\/ampparit\/#primaryimage","url":"https:\/\/www.almamedia.fi\/mainostajat\/wp-content\/uploads\/sites\/6\/ampparit.jpg","contentUrl":"https:\/\/www.almamedia.fi\/mainostajat\/wp-content\/uploads\/sites\/6\/ampparit.jpg","width":1500,"height":1000},{"@type":"BreadcrumbList","@id":"https:\/\/www.almamedia.fi\/mainostajat\/mediat-ja-palvelut\/kuluttajamediat\/ampparit\/#breadcrumb","itemListElement":[{"@type":"ListItem","position":1,"name":"Etusivu","item":"https:\/\/www.almamedia.fi\/mainostajat\/"},{"@type":"ListItem","position":2,"name":"Mediat ja palvelut","item":"https:\/\/www.almamedia.fi\/mainostajat\/mediat-ja-palvelut\/"},{"@type":"ListItem","position":3,"name":"Kuluttajamediat","item":"https:\/\/www.almamedia.fi\/mainostajat\/mediat-ja-palvelut\/kuluttajamediat\/"},{"@type":"ListItem","position":4,"name":"Ampparit"}]},{"@type":"WebSite","@id":"https:\/\/www.almamedia.fi\/mainostajat\/#website","url":"https:\/\/www.almamedia.fi\/mainostajat\/","name":"Alma Media - mainostajat","description":"","publisher":{"@id":"https:\/\/www.almamedia.fi\/mainostajat\/#organization"},"potentialAction":[{"@type":"SearchAction","target":{"@type":"EntryPoint","urlTemplate":"https:\/\/www.almamedia.fi\/mainostajat\/?s={search_term_string}"},"query-input":{"@type":"PropertyValueSpecification","valueRequired":true,"valueName":"search_term_string"}}],"inLanguage":"fi"},{"@type":"Organization","@id":"https:\/\/www.almamedia.fi\/mainostajat\/#organization","name":"Alma Media - mainostajat","url":"https:\/\/www.almamedia.fi\/mainostajat\/","logo":{"@type":"ImageObject","inLanguage":"fi","@id":"https:\/\/www.almamedia.fi\/mainostajat\/#\/schema\/logo\/image\/","url":"https:\/\/www.almamedia.fi\/mainostajat\/wp-content\/uploads\/sites\/6\/alma-media-logo-valkoinen.svg","contentUrl":"https:\/\/www.almamedia.fi\/mainostajat\/wp-content\/uploads\/sites\/6\/alma-media-logo-valkoinen.svg","width":49,"height":50,"caption":"Alma Media - mainostajat"},"image":{"@id":"https:\/\/www.almamedia.fi\/mainostajat\/#\/schema\/logo\/image\/"}}]}},"lang":"fi","translations":{"fi":85976,"en":90409},"pll_sync_post":[],"_links":{"self":[{"href":"https:\/\/www.almamedia.fi\/mainostajat\/wp-json\/wp\/v2\/pages\/85976","targetHints":{"allow":["GET"]}}],"collection":[{"href":"https:\/\/www.almamedia.fi\/mainostajat\/wp-json\/wp\/v2\/pages"}],"about":[{"href":"https:\/\/www.almamedia.fi\/mainostajat\/wp-json\/wp\/v2\/types\/page"}],"author":[{"embeddable":true,"href":"https:\/\/www.almamedia.fi\/mainostajat\/wp-json\/wp\/v2\/users\/105"}],"replies":[{"embeddable":true,"href":"https:\/\/www.almamedia.fi\/mainostajat\/wp-json\/wp\/v2\/comments?post=85976"}],"version-history":[{"count":0,"href":"https:\/\/www.almamedia.fi\/mainostajat\/wp-json\/wp\/v2\/pages\/85976\/revisions"}],"up":[{"embeddable":true,"href":"https:\/\/www.almamedia.fi\/mainostajat\/wp-json\/wp\/v2\/pages\/83734"}],"wp:featuredmedia":[{"embeddable":true,"href":"https:\/\/www.almamedia.fi\/mainostajat\/wp-json\/wp\/v2\/media\/87086"}],"wp:attachment":[{"href":"https:\/\/www.almamedia.fi\/mainostajat\/wp-json\/wp\/v2\/media?parent=85976"}],"curies":[{"name":"wp","href":"https:\/\/api.w.org\/{rel}","templated":true}]}}