{"id":84371,"date":"2025-04-08T10:25:07","date_gmt":"2025-04-08T07:25:07","guid":{"rendered":"https:\/\/www.almamedia.fi\/mainostajat\/?page_id=84371"},"modified":"2025-10-06T09:37:33","modified_gmt":"2025-10-06T06:37:33","slug":"celtra-ratkaisut","status":"publish","type":"page","link":"https:\/\/www.almamedia.fi\/mainostajat\/mainosratkaisut\/celtra-ratkaisut\/","title":{"rendered":"Alma Visuals"},"content":{"rendered":"\n<div style=\"height:8rem\" aria-hidden=\"true\" class=\"wp-block-spacer\"><\/div>\n\n\n\n<div class=\"wp-block-netello-taustakuvalaatikko taustakuvalaatikko image-position-bottom-left mt-n5\"><div class=\"taustakuvalaatikko-image-wrapper\"><img decoding=\"async\" src=\"https:\/\/www.almamedia.fi\/mainostajat\/wp-content\/uploads\/sites\/6\/strategiapilvi-vasen-crop.png\" alt=\"\" class=\"taustakuvalaatikko-image\"\/><\/div><div class=\"taustakuvalaatikko-content\">\n<div style=\"height:2rem\" aria-hidden=\"true\" class=\"wp-block-spacer\"><\/div>\n\n\n\n<p class=\"has-text-align-center has-large-font-size\"><strong>N\u00e4ytt\u00e4v\u00e4t kampanjatoteutukset kiinnitt\u00e4v\u00e4t&nbsp;k\u00e4ytt\u00e4j\u00e4n huomion&nbsp;ja niiden parissa k\u00e4ytet\u00e4\u00e4n tavanomaista mainontaa&nbsp;enemm\u00e4n aikaa.<\/strong><\/p>\n\n\n\n<p class=\"has-text-align-center has-medium-font-size\">Alma Visualsin avulla voidaan toteuttaa t\u00e4ysin uudenlaisia kampanjaratkaisuja tai rikastaa perusmainosmuotoja uusilla elementeill\u00e4. Alma Visuals&nbsp;on helppok\u00e4ytt\u00f6inen ty\u00f6kalu, jolla luovat tuotannot syntyv\u00e4t ketter\u00e4sti.&nbsp;<strong>Koodaamista ei tarvita!&nbsp;<\/strong><\/p>\n\n\n\n<p class=\"has-text-align-center has-medium-font-size\">Alma Visualsissa luovuudelle ei ole m\u00e4\u00e4riteltyj\u00e4 raameja, vaan ty\u00f6kalulla pystyt\u00e4\u00e4n vastaamaan vaativimpiinkin tarpeisiin.&nbsp;<\/p>\n<\/div><\/div>\n\n\n\n<div style=\"height:10rem\" aria-hidden=\"true\" class=\"wp-block-spacer\"><\/div>\n\n\n\n<div class=\"wp-block-netello-container align-center\"><div class=\"wrapper\">\n<div class=\"wp-block-columns is-layout-flex wp-container-core-columns-is-layout-9d6595d7 wp-block-columns-is-layout-flex\">\n<div class=\"wp-block-column is-vertically-aligned-center is-layout-flow wp-block-column-is-layout-flow\" style=\"flex-basis:74%\">\n<div  class=\"linkkilaatikot-kuvakkeella col-3\">\n\n    \n        <div>\n            <div class=\"linkkilaatikko  text-center has-icon-size-l \">\n\n                <div class=\"ylaosa \">\n                                          <div class=\"kuva\">\n                          <img decoding=\"async\" src=\"https:\/\/www.almamedia.fi\/mainostajat\/wp-content\/uploads\/sites\/6\/ikoni-data.png\" alt=\"\">\n                      <\/div>\n                                        <div class=\"sisalto\">\n                                                                    <\/div>\n                <\/div>\n\n                                                            <div class=\"tekstisisalto\"><p style=\"text-align: center\">Liikkuva kuva mainonnassa\u00a0kiinnitt\u00e4\u00e4 k\u00e4ytt\u00e4j\u00e4n huomion 1.3x paremmin\u00a0kuin staattinen aineisto.<\/p>\n<\/div>\n                                                        \n\n                \n            <\/div>\n        <\/div>\n    \n        <div>\n            <div class=\"linkkilaatikko  text-center has-icon-size-l \">\n\n                <div class=\"ylaosa \">\n                                          <div class=\"kuva\">\n                          <img decoding=\"async\" src=\"https:\/\/www.almamedia.fi\/mainostajat\/wp-content\/uploads\/sites\/6\/ikoni-konteksti.png\" alt=\"\">\n                      <\/div>\n                                        <div class=\"sisalto\">\n                                                                    <\/div>\n                <\/div>\n\n                                                            <div class=\"tekstisisalto\"><p>Vuorovaikutteiset ja aktivoivat elementit mainoksessa\u00a0sitouttavat k\u00e4ytt\u00e4ji\u00e4 3x tehokkaammin\u00a0kuin mainonta, jossa ei ole aktivointia.<\/p>\n<\/div>\n                                                        \n\n                \n            <\/div>\n        <\/div>\n    \n        <div>\n            <div class=\"linkkilaatikko  text-center has-icon-size-l \">\n\n                <div class=\"ylaosa \">\n                                          <div class=\"kuva\">\n                          <img decoding=\"async\" src=\"https:\/\/www.almamedia.fi\/mainostajat\/wp-content\/uploads\/sites\/6\/ikoni-mainosratkaisut.png\" alt=\"\">\n                      <\/div>\n                                        <div class=\"sisalto\">\n                                                                    <\/div>\n                <\/div>\n\n                                                            <div class=\"tekstisisalto\"><p>Mobiililaitteen koko ruutua hy\u00f6dynt\u00e4m\u00e4ll\u00e4 jakamaton\u00a0<strong>huomioarvo\u00a0<\/strong>ja\u00a0<strong>lukijoiden koukuttaminen<\/strong>\u00a0erilaisilla efekteill\u00e4.<\/p>\n<\/div>\n                                                        \n\n                \n            <\/div>\n        <\/div>\n    \n<\/div>\n\n\n<\/div>\n\n\n\n<div class=\"wp-block-column is-vertically-aligned-center is-layout-flow wp-block-column-is-layout-flow\" style=\"flex-basis:26%\">\n<h2 class=\"wp-block-heading\">Miksi hy\u00f6dynt\u00e4\u00e4 Alma Visualsia?<\/h2>\n\n\n\n<ol class=\"wp-block-list\">\n<li>Vaikuttavat rich media -toteutukset helposti<\/li>\n\n\n\n<li>Helppok\u00e4ytt\u00f6inen hallinnointity\u00f6kalu kampanjan optimoimiseen sen aikana<\/li>\n\n\n\n<li>Jatkuvasti uusia, yh\u00e4 kehittyneempi\u00e4 mainosmuotoja ja komponentteja luoviin toteutuksiin<\/li>\n<\/ol>\n\n\n\n<p><a href=\"https:\/\/www.almamedia.fi\/mainostajat\/kohdentaminen\/\" target=\"_blank\" rel=\"noreferrer noopener\">Tutustu kohdentamiseen ja kohderyhmiin \u203a<\/a>&nbsp;tai&nbsp;<a href=\"https:\/\/www.almamedia.fi\/mainostajat\/mediamyynnin-yhteystiedot\/\" target=\"_blank\" rel=\"noreferrer noopener\">kysy lis\u00e4\u00e4 mediamyyj\u00e4lt\u00e4si \u203a<\/a><\/p>\n<\/div>\n<\/div>\n<\/div><\/div>\n\n\n\n<p class=\"has-text-align-right\"><em><sup>L\u00e4hde: Alma videotutkimus 2019<\/sup><\/em><\/p>\n\n\n\n<div style=\"height:10rem\" aria-hidden=\"true\" class=\"wp-block-spacer\"><\/div>\n\n\n\n<div  class=\"linkkilaatikot-viivalla col-4 has-line-color-green has-font-size-s\">\n\n    \n        <div class=\"linkkilaatikko-viivalla\">\n            <div class=\"netello-line netello-line-animated\"><\/div>\n            \n                                    <h3 class=\"otsikko \"><span class=\"teksti\">Tietoisuus<\/span><\/h3>\n                                                <div class=\"sisalto\">\n                      <p>Mainonta tuo br\u00e4ndin, tuotteen tai palvelun asiakkaan tietoisuuteen ja lis\u00e4\u00e4 sen tunnettuutta. Usein puhutaan br\u00e4ndimainonnasta.<\/p>\n<h5>Vaikuttavat mainokset, toiston merkitys.<\/h5>\n                <\/div>\n                \n                    <\/div>\n\n    \n        <div class=\"linkkilaatikko-viivalla\">\n            <div class=\"netello-line netello-line-animated\"><\/div>\n            \n                                    <h3 class=\"otsikko \"><span class=\"teksti\">Harkinta<\/span><\/h3>\n                                                <div class=\"sisalto\">\n                      <p>Mainonta voi syvent\u00e4\u00e4 viesti\u00e4 ja vahvistaa yleist\u00e4 br\u00e4ndimielikuvaa. Voidaan viesti\u00e4 eri ominaisuuksista, hy\u00f6dyist\u00e4 ja eduista, sek\u00e4 ohjata sis\u00e4ll\u00f6n pariin.<\/p>\n<h5>Br\u00e4ndi- ja taktisen mainonnan yhdistelm\u00e4.<\/h5>\n                <\/div>\n                \n                    <\/div>\n\n    \n        <div class=\"linkkilaatikko-viivalla\">\n            <div class=\"netello-line netello-line-animated\"><\/div>\n            \n                                    <h3 class=\"otsikko \"><span class=\"teksti\">P\u00e4\u00e4t\u00f6s<\/span><\/h3>\n                                                <div class=\"sisalto\">\n                      <p>Asiakas ohjataan ostoon, joko verkossa tai yhteydenotto-lomakkeen kautta, tai vierailemaan myym\u00e4l\u00e4ss\u00e4.<\/p>\n<h5>Ohjaa toimintaan, kannustaa klikkaamaan.<\/h5>\n                <\/div>\n                \n                    <\/div>\n\n    \n        <div class=\"linkkilaatikko-viivalla\">\n            <div class=\"netello-line netello-line-animated\"><\/div>\n            \n                                    <h3 class=\"otsikko \"><span class=\"teksti\">Sitoutuminen<\/span><\/h3>\n                                                <div class=\"sisalto\">\n                      <p>Mainonta muistuttaa olemassa olevia asiakkaita br\u00e4ndist\u00e4 ja sitouttaa, johtaen asiakkuuden jatkumiseen ja lis\u00e4ostoihin.<\/p>\n<h5>Yll\u00e4pit\u00e4\u00e4 mielenkiintoa jatkuvalla n\u00e4kyvyydell\u00e4.<\/h5>\n<p>&nbsp;<\/p>\n                <\/div>\n                \n                    <\/div>\n\n    \n<\/div>\n\n\n\n\n\n<div class=\"wp-block-columns is-layout-flex wp-container-core-columns-is-layout-9d6595d7 wp-block-columns-is-layout-flex\">\n<div class=\"wp-block-column is-layout-flow wp-block-column-is-layout-flow\"><\/div>\n<\/div>\n\n\n\n<div style=\"height:100px\" aria-hidden=\"true\" class=\"wp-block-spacer\"><\/div>\n\n\n\n<h2 class=\"wp-block-heading has-text-align-center kapeampi-3\"><a href=\"https:\/\/www.almamedia.fi\/mainostajat\/mediamyynnin-yhteystiedot\/\"><strong>Omaa kampanjaratkaisuasi varten kysy lis\u00e4\u00e4&nbsp;mediamyynnist\u00e4<\/strong><\/a><\/h2>\n\n\n\n<div style=\"height:8rem\" aria-hidden=\"true\" class=\"wp-block-spacer\"><\/div>\n\n\n<div  class=\"kuva-ja-teksti-vierekkain has-font-size-s has-header-size-m has-full-width has-no-bg\">\n    <div class=\"wrapper\">\n        <div class=\"vasen\">\n            <span class=\"netello-line netello-line-animated hide-mobile\"><\/span>\n            <div class=\"sisalto-wrapper\">\n                                                    <h2 class=\"otsikko hide-mobile\">\n                                                    <a href=\"https:\/\/www.almamedia.fi\/brandstudio\/\">\n                                                    Brand Studio                                                    <\/a>\n                                            <\/h2>\n                                                    <div class=\"sisalto\">\n                        <p>Tarinat sitouttavat, erottavat ja rakentavat br\u00e4ndej\u00e4.<br \/>\nBrand Studio yhdist\u00e4\u00e4 luovan konseptoinnin, asiakasymm\u00e4rryksen ja datavetoisen jakelun, jotta saat viestisi vaikuttavasti esille.<\/p>\n<ul>\n<li>Artikkelit, videot, podcastit ja visuaaliset sis\u00e4ll\u00f6t, jotka puhuttelevat<\/li>\n<li>Sis\u00e4lt\u00f6markkinointi, joka tavoittaa ja sitouttaa yleis\u00f6t<\/li>\n<li>Br\u00e4ndin tunnettuuden ja asiantuntijuuden rakentaminen<\/li>\n<\/ul>\n                    <\/div>\n                                            <\/div>\n        <\/div>\n                    <div class=\"oikea\">\n                <div class=\"hide-desktop\">\n                    <span class=\"netello-line netello-line-animated\"><\/span>\n                                                                <h2 class=\"otsikko\">\n                                                        <a href=\"https:\/\/www.almamedia.fi\/brandstudio\/\">\n                                                                Brand Studio                                                            <\/a>\n                                                <\/h2>\n                                    <\/div>\n                <div class=\"oikea-inner netello-image-animated\">\n                                            <div class=\"image-fade-overlay\"><\/div>\n                        <img decoding=\"async\" class=\"animated-image\" src=\"https:\/\/www.almamedia.fi\/mainostajat\/wp-content\/uploads\/sites\/6\/nosto-brandstudio.jpg\" alt=\"\" \/>\n                                    <\/div>\n            <\/div>\n            <\/div>\n<\/div>\n\n\n\n<div style=\"height:7rem\" aria-hidden=\"true\" class=\"wp-block-spacer\"><\/div>\n\n\n\n<p class=\"has-text-align-center kapeampi-3 has-medium-font-size\"><strong>Alma Markkinointipalvelut tarjoavat kaikki ty\u00f6kalut, joita tarvitset vaikuttavaan ja tulokselliseen markkinointiin. Tavoita, sitouta ja kasvata. Koska Alma tuntee kaikki, meid\u00e4n kanssamme se on mahdollista.<\/strong><\/p>\n\n\n\n<div style=\"height:4rem\" aria-hidden=\"true\" class=\"wp-block-spacer\"><\/div>\n","protected":false},"excerpt":{"rendered":"<p>L\u00e4hde: Alma videotutkimus 2019 Omaa kampanjaratkaisuasi varten kysy lis\u00e4\u00e4&nbsp;mediamyynnist\u00e4 Alma Markkinointipalvelut tarjoavat kaikki ty\u00f6kalut, joita [&hellip;]<\/p>\n","protected":false},"author":105,"featured_media":87972,"parent":3592,"menu_order":0,"comment_status":"closed","ping_status":"closed","template":"","meta":{"_acf_changed":false,"footnotes":""},"class_list":["post-84371","page","type-page","status-publish","has-post-thumbnail","hentry"],"acf":[],"yoast_head":"<!-- This site is optimized with the Yoast SEO plugin v26.9 - https:\/\/yoast.com\/product\/yoast-seo-wordpress\/ -->\n<title>Alma Visuals-ratkaisut - Alma Media - mainostajat<\/title>\n<meta name=\"description\" content=\"N\u00e4ytt\u00e4v\u00e4t kampanjatoteutukset kiinnitt\u00e4v\u00e4t k\u00e4ytt\u00e4j\u00e4n huomion ja niiden parissa k\u00e4ytt\u00e4v\u00e4t tavanomaista mainontaa enemm\u00e4n aikaa. Alma Visualsin avulla voidaan toteuttaa t\u00e4ysin uudenlaisia.\" \/>\n<meta name=\"robots\" content=\"index, follow, max-snippet:-1, max-image-preview:large, max-video-preview:-1\" \/>\n<link rel=\"canonical\" href=\"https:\/\/www.almamedia.fi\/mainostajat\/mainosratkaisut\/celtra-ratkaisut\/\" \/>\n<meta property=\"og:locale\" content=\"fi_FI\" \/>\n<meta property=\"og:type\" content=\"article\" \/>\n<meta property=\"og:title\" content=\"Alma Visuals-ratkaisut - Alma Media - mainostajat\" \/>\n<meta property=\"og:description\" content=\"N\u00e4ytt\u00e4v\u00e4t kampanjatoteutukset kiinnitt\u00e4v\u00e4t k\u00e4ytt\u00e4j\u00e4n huomion ja niiden parissa k\u00e4ytt\u00e4v\u00e4t tavanomaista mainontaa enemm\u00e4n aikaa. Alma Visualsin avulla voidaan toteuttaa t\u00e4ysin uudenlaisia.\" \/>\n<meta property=\"og:url\" content=\"https:\/\/www.almamedia.fi\/mainostajat\/mainosratkaisut\/celtra-ratkaisut\/\" \/>\n<meta property=\"og:site_name\" content=\"Alma Media - mainostajat\" \/>\n<meta property=\"article:modified_time\" content=\"2025-10-06T06:37:33+00:00\" \/>\n<meta property=\"og:image\" content=\"https:\/\/www.almamedia.fi\/mainostajat\/wp-content\/uploads\/sites\/6\/hiilimittari-nostokuva.jpeg\" \/>\n\t<meta property=\"og:image:width\" content=\"788\" \/>\n\t<meta property=\"og:image:height\" content=\"667\" \/>\n\t<meta property=\"og:image:type\" content=\"image\/jpeg\" \/>\n<meta name=\"twitter:card\" content=\"summary_large_image\" \/>\n<meta name=\"twitter:label1\" content=\"Arvioitu lukuaika\" \/>\n\t<meta name=\"twitter:data1\" content=\"2 minuuttia\" \/>\n<script type=\"application\/ld+json\" class=\"yoast-schema-graph\">{\"@context\":\"https:\/\/schema.org\",\"@graph\":[{\"@type\":\"WebPage\",\"@id\":\"https:\/\/www.almamedia.fi\/mainostajat\/mainosratkaisut\/celtra-ratkaisut\/\",\"url\":\"https:\/\/www.almamedia.fi\/mainostajat\/mainosratkaisut\/celtra-ratkaisut\/\",\"name\":\"Alma Visuals-ratkaisut - Alma Media - mainostajat\",\"isPartOf\":{\"@id\":\"https:\/\/www.almamedia.fi\/mainostajat\/#website\"},\"primaryImageOfPage\":{\"@id\":\"https:\/\/www.almamedia.fi\/mainostajat\/mainosratkaisut\/celtra-ratkaisut\/#primaryimage\"},\"image\":{\"@id\":\"https:\/\/www.almamedia.fi\/mainostajat\/mainosratkaisut\/celtra-ratkaisut\/#primaryimage\"},\"thumbnailUrl\":\"https:\/\/www.almamedia.fi\/mainostajat\/wp-content\/uploads\/sites\/6\/hiilimittari-nostokuva.jpeg\",\"datePublished\":\"2025-04-08T07:25:07+00:00\",\"dateModified\":\"2025-10-06T06:37:33+00:00\",\"description\":\"N\u00e4ytt\u00e4v\u00e4t kampanjatoteutukset kiinnitt\u00e4v\u00e4t k\u00e4ytt\u00e4j\u00e4n huomion ja niiden parissa k\u00e4ytt\u00e4v\u00e4t tavanomaista mainontaa enemm\u00e4n aikaa. Alma Visualsin avulla voidaan toteuttaa t\u00e4ysin uudenlaisia.\",\"breadcrumb\":{\"@id\":\"https:\/\/www.almamedia.fi\/mainostajat\/mainosratkaisut\/celtra-ratkaisut\/#breadcrumb\"},\"inLanguage\":\"fi\",\"potentialAction\":[{\"@type\":\"ReadAction\",\"target\":[\"https:\/\/www.almamedia.fi\/mainostajat\/mainosratkaisut\/celtra-ratkaisut\/\"]}]},{\"@type\":\"ImageObject\",\"inLanguage\":\"fi\",\"@id\":\"https:\/\/www.almamedia.fi\/mainostajat\/mainosratkaisut\/celtra-ratkaisut\/#primaryimage\",\"url\":\"https:\/\/www.almamedia.fi\/mainostajat\/wp-content\/uploads\/sites\/6\/hiilimittari-nostokuva.jpeg\",\"contentUrl\":\"https:\/\/www.almamedia.fi\/mainostajat\/wp-content\/uploads\/sites\/6\/hiilimittari-nostokuva.jpeg\",\"width\":788,\"height\":667,\"caption\":\"alma vastuullisuus ja hiilimittari\"},{\"@type\":\"BreadcrumbList\",\"@id\":\"https:\/\/www.almamedia.fi\/mainostajat\/mainosratkaisut\/celtra-ratkaisut\/#breadcrumb\",\"itemListElement\":[{\"@type\":\"ListItem\",\"position\":1,\"name\":\"Etusivu\",\"item\":\"https:\/\/www.almamedia.fi\/mainostajat\/\"},{\"@type\":\"ListItem\",\"position\":2,\"name\":\"Mainosratkaisut\",\"item\":\"https:\/\/www.almamedia.fi\/mainostajat\/mainosratkaisut\/\"},{\"@type\":\"ListItem\",\"position\":3,\"name\":\"Alma Visuals\"}]},{\"@type\":\"WebSite\",\"@id\":\"https:\/\/www.almamedia.fi\/mainostajat\/#website\",\"url\":\"https:\/\/www.almamedia.fi\/mainostajat\/\",\"name\":\"Alma Media - mainostajat\",\"description\":\"\",\"publisher\":{\"@id\":\"https:\/\/www.almamedia.fi\/mainostajat\/#organization\"},\"potentialAction\":[{\"@type\":\"SearchAction\",\"target\":{\"@type\":\"EntryPoint\",\"urlTemplate\":\"https:\/\/www.almamedia.fi\/mainostajat\/?s={search_term_string}\"},\"query-input\":{\"@type\":\"PropertyValueSpecification\",\"valueRequired\":true,\"valueName\":\"search_term_string\"}}],\"inLanguage\":\"fi\"},{\"@type\":\"Organization\",\"@id\":\"https:\/\/www.almamedia.fi\/mainostajat\/#organization\",\"name\":\"Alma Media - mainostajat\",\"url\":\"https:\/\/www.almamedia.fi\/mainostajat\/\",\"logo\":{\"@type\":\"ImageObject\",\"inLanguage\":\"fi\",\"@id\":\"https:\/\/www.almamedia.fi\/mainostajat\/#\/schema\/logo\/image\/\",\"url\":\"https:\/\/www.almamedia.fi\/mainostajat\/wp-content\/uploads\/sites\/6\/alma-media-logo-valkoinen.svg\",\"contentUrl\":\"https:\/\/www.almamedia.fi\/mainostajat\/wp-content\/uploads\/sites\/6\/alma-media-logo-valkoinen.svg\",\"width\":49,\"height\":50,\"caption\":\"Alma Media - mainostajat\"},\"image\":{\"@id\":\"https:\/\/www.almamedia.fi\/mainostajat\/#\/schema\/logo\/image\/\"}}]}<\/script>\n<!-- \/ Yoast SEO plugin. -->","yoast_head_json":{"title":"Alma Visuals-ratkaisut - Alma Media - mainostajat","description":"N\u00e4ytt\u00e4v\u00e4t kampanjatoteutukset kiinnitt\u00e4v\u00e4t k\u00e4ytt\u00e4j\u00e4n huomion ja niiden parissa k\u00e4ytt\u00e4v\u00e4t tavanomaista mainontaa enemm\u00e4n aikaa. Alma Visualsin avulla voidaan toteuttaa t\u00e4ysin uudenlaisia.","robots":{"index":"index","follow":"follow","max-snippet":"max-snippet:-1","max-image-preview":"max-image-preview:large","max-video-preview":"max-video-preview:-1"},"canonical":"https:\/\/www.almamedia.fi\/mainostajat\/mainosratkaisut\/celtra-ratkaisut\/","og_locale":"fi_FI","og_type":"article","og_title":"Alma Visuals-ratkaisut - Alma Media - mainostajat","og_description":"N\u00e4ytt\u00e4v\u00e4t kampanjatoteutukset kiinnitt\u00e4v\u00e4t k\u00e4ytt\u00e4j\u00e4n huomion ja niiden parissa k\u00e4ytt\u00e4v\u00e4t tavanomaista mainontaa enemm\u00e4n aikaa. Alma Visualsin avulla voidaan toteuttaa t\u00e4ysin uudenlaisia.","og_url":"https:\/\/www.almamedia.fi\/mainostajat\/mainosratkaisut\/celtra-ratkaisut\/","og_site_name":"Alma Media - mainostajat","article_modified_time":"2025-10-06T06:37:33+00:00","og_image":[{"width":788,"height":667,"url":"https:\/\/www.almamedia.fi\/mainostajat\/wp-content\/uploads\/sites\/6\/hiilimittari-nostokuva.jpeg","type":"image\/jpeg"}],"twitter_card":"summary_large_image","twitter_misc":{"Arvioitu lukuaika":"2 minuuttia"},"schema":{"@context":"https:\/\/schema.org","@graph":[{"@type":"WebPage","@id":"https:\/\/www.almamedia.fi\/mainostajat\/mainosratkaisut\/celtra-ratkaisut\/","url":"https:\/\/www.almamedia.fi\/mainostajat\/mainosratkaisut\/celtra-ratkaisut\/","name":"Alma Visuals-ratkaisut - Alma Media - mainostajat","isPartOf":{"@id":"https:\/\/www.almamedia.fi\/mainostajat\/#website"},"primaryImageOfPage":{"@id":"https:\/\/www.almamedia.fi\/mainostajat\/mainosratkaisut\/celtra-ratkaisut\/#primaryimage"},"image":{"@id":"https:\/\/www.almamedia.fi\/mainostajat\/mainosratkaisut\/celtra-ratkaisut\/#primaryimage"},"thumbnailUrl":"https:\/\/www.almamedia.fi\/mainostajat\/wp-content\/uploads\/sites\/6\/hiilimittari-nostokuva.jpeg","datePublished":"2025-04-08T07:25:07+00:00","dateModified":"2025-10-06T06:37:33+00:00","description":"N\u00e4ytt\u00e4v\u00e4t kampanjatoteutukset kiinnitt\u00e4v\u00e4t k\u00e4ytt\u00e4j\u00e4n huomion ja niiden parissa k\u00e4ytt\u00e4v\u00e4t tavanomaista mainontaa enemm\u00e4n aikaa. Alma Visualsin avulla voidaan toteuttaa t\u00e4ysin uudenlaisia.","breadcrumb":{"@id":"https:\/\/www.almamedia.fi\/mainostajat\/mainosratkaisut\/celtra-ratkaisut\/#breadcrumb"},"inLanguage":"fi","potentialAction":[{"@type":"ReadAction","target":["https:\/\/www.almamedia.fi\/mainostajat\/mainosratkaisut\/celtra-ratkaisut\/"]}]},{"@type":"ImageObject","inLanguage":"fi","@id":"https:\/\/www.almamedia.fi\/mainostajat\/mainosratkaisut\/celtra-ratkaisut\/#primaryimage","url":"https:\/\/www.almamedia.fi\/mainostajat\/wp-content\/uploads\/sites\/6\/hiilimittari-nostokuva.jpeg","contentUrl":"https:\/\/www.almamedia.fi\/mainostajat\/wp-content\/uploads\/sites\/6\/hiilimittari-nostokuva.jpeg","width":788,"height":667,"caption":"alma vastuullisuus ja hiilimittari"},{"@type":"BreadcrumbList","@id":"https:\/\/www.almamedia.fi\/mainostajat\/mainosratkaisut\/celtra-ratkaisut\/#breadcrumb","itemListElement":[{"@type":"ListItem","position":1,"name":"Etusivu","item":"https:\/\/www.almamedia.fi\/mainostajat\/"},{"@type":"ListItem","position":2,"name":"Mainosratkaisut","item":"https:\/\/www.almamedia.fi\/mainostajat\/mainosratkaisut\/"},{"@type":"ListItem","position":3,"name":"Alma Visuals"}]},{"@type":"WebSite","@id":"https:\/\/www.almamedia.fi\/mainostajat\/#website","url":"https:\/\/www.almamedia.fi\/mainostajat\/","name":"Alma Media - mainostajat","description":"","publisher":{"@id":"https:\/\/www.almamedia.fi\/mainostajat\/#organization"},"potentialAction":[{"@type":"SearchAction","target":{"@type":"EntryPoint","urlTemplate":"https:\/\/www.almamedia.fi\/mainostajat\/?s={search_term_string}"},"query-input":{"@type":"PropertyValueSpecification","valueRequired":true,"valueName":"search_term_string"}}],"inLanguage":"fi"},{"@type":"Organization","@id":"https:\/\/www.almamedia.fi\/mainostajat\/#organization","name":"Alma Media - mainostajat","url":"https:\/\/www.almamedia.fi\/mainostajat\/","logo":{"@type":"ImageObject","inLanguage":"fi","@id":"https:\/\/www.almamedia.fi\/mainostajat\/#\/schema\/logo\/image\/","url":"https:\/\/www.almamedia.fi\/mainostajat\/wp-content\/uploads\/sites\/6\/alma-media-logo-valkoinen.svg","contentUrl":"https:\/\/www.almamedia.fi\/mainostajat\/wp-content\/uploads\/sites\/6\/alma-media-logo-valkoinen.svg","width":49,"height":50,"caption":"Alma Media - mainostajat"},"image":{"@id":"https:\/\/www.almamedia.fi\/mainostajat\/#\/schema\/logo\/image\/"}}]}},"lang":"fi","translations":{"fi":84371,"en":91070},"pll_sync_post":[],"_links":{"self":[{"href":"https:\/\/www.almamedia.fi\/mainostajat\/wp-json\/wp\/v2\/pages\/84371","targetHints":{"allow":["GET"]}}],"collection":[{"href":"https:\/\/www.almamedia.fi\/mainostajat\/wp-json\/wp\/v2\/pages"}],"about":[{"href":"https:\/\/www.almamedia.fi\/mainostajat\/wp-json\/wp\/v2\/types\/page"}],"author":[{"embeddable":true,"href":"https:\/\/www.almamedia.fi\/mainostajat\/wp-json\/wp\/v2\/users\/105"}],"replies":[{"embeddable":true,"href":"https:\/\/www.almamedia.fi\/mainostajat\/wp-json\/wp\/v2\/comments?post=84371"}],"version-history":[{"count":0,"href":"https:\/\/www.almamedia.fi\/mainostajat\/wp-json\/wp\/v2\/pages\/84371\/revisions"}],"up":[{"embeddable":true,"href":"https:\/\/www.almamedia.fi\/mainostajat\/wp-json\/wp\/v2\/pages\/3592"}],"wp:featuredmedia":[{"embeddable":true,"href":"https:\/\/www.almamedia.fi\/mainostajat\/wp-json\/wp\/v2\/media\/87972"}],"wp:attachment":[{"href":"https:\/\/www.almamedia.fi\/mainostajat\/wp-json\/wp\/v2\/media?parent=84371"}],"curies":[{"name":"wp","href":"https:\/\/api.w.org\/{rel}","templated":true}]}}