{"id":84369,"date":"2025-04-08T10:24:35","date_gmt":"2025-04-08T07:24:35","guid":{"rendered":"https:\/\/www.almamedia.fi\/mainostajat\/?page_id=84369"},"modified":"2026-03-03T14:18:20","modified_gmt":"2026-03-03T12:18:20","slug":"aineisto-ohjeet","status":"publish","type":"page","link":"https:\/\/www.almamedia.fi\/mainostajat\/aineisto-ohjeet\/","title":{"rendered":"Aineisto-ohjeet"},"content":{"rendered":"\n<div style=\"height:100px\" aria-hidden=\"true\" class=\"wp-block-spacer\"><\/div>\n\n\n\n<p class=\"has-text-align-center kapeampi-3 has-medium-font-size\"><\/p>\n\n\n\n<div style=\"--right-column-max-width:500px;--left-column-max-width:850px\" class=\"wp-block-netello-kaksi-palstaa\"><div class=\"wrapper\">\n<div class=\"wp-block-columns is-layout-flex wp-container-core-columns-is-layout-9d6595d7 wp-block-columns-is-layout-flex\">\n<div class=\"wp-block-column is-layout-flow wp-block-column-is-layout-flow\" style=\"flex-basis:70%\">\n<div class=\"wp-block-group column-inner-left has-medium-font-size\"><div class=\"wp-block-group__inner-container is-layout-flow wp-block-group-is-layout-flow\">\n<div class=\"wp-block-group kapea\"><div class=\"wp-block-group__inner-container is-layout-constrained wp-block-group-is-layout-constrained\">\n<h2 class=\"wp-block-heading\" data-aos=\"fade-up\">Alta l\u00f6yd\u00e4t linkit Alman medioiden ja palveluiden mainosratkaisujen aineisto-ohjeisiin.<\/h2>\n\n\n\n<br><p class=\"wp-block-heading\" data-aos=\"fade-up\">Katso my\u00f6s <a href=\"https:\/\/www.almamedia.fi\/mainostajat\/aineisto-ohjeet\/ohjeet-aineiston-toimittamiseen\/\">ohjeet aineiston toimittamiseen.<\/a><\/h2>\n<\/div><\/div>\n\n\n\n<p class=\"has-medium-font-size\"><\/p>\n<\/div><\/div>\n<\/div>\n\n\n\n<div class=\"wp-block-column is-layout-flow wp-block-column-is-layout-flow\" style=\"flex-basis:30%\">\n<div class=\"wp-block-group column-inner\"><div class=\"wp-block-group__inner-container is-layout-constrained wp-block-group-is-layout-constrained\">\n<div class=\"wp-block-netello-laatikko-viivalla laatikko-viivalla line-vaalea netello-linkit\"><div class=\"netello-line netello-line-animated\"><\/div>\n<p class=\"has-medium-font-size\"><strong>Hypp\u00e4\u00e4 osioon<\/strong><\/p>\n\n\n\n<p><a href=\"#Display-mainonta\">Display-mainonta<\/a><br><a href=\"#Sisaltomarkkinointi\">Sis\u00e4lt\u00f6markkinointi<\/a><br><a href=\"#Videomainonta\">Videomainonta<\/a><br><a href=\"#Printtimainonta\">Printtimainonta<\/a><br><a href=\"#Julkaisuaikataulut\">Julkaisuaikataulut<\/a><\/p>\n<\/div>\n<\/div><\/div>\n<\/div>\n<\/div>\n<\/div><\/div>\n\n\n\n<p class=\"has-text-align-center kapeampi-3 has-medium-font-size\"><\/p>\n\n\n\n<div style=\"height:100px\" aria-hidden=\"true\" class=\"wp-block-spacer\"><\/div>\n\n\n<div  class=\"anchor-link\">\n    <a id=\"Display-mainonta\" class=\"ankkurilinkki\"><\/a>\n<\/div>\n\n\n<div  class=\"kuva-ja-teksti-vierekkain has-font-size-s has-header-size-m has-full-width has-no-bg\">\n    <div class=\"wrapper\">\n        <div class=\"vasen\">\n            <span class=\"netello-line netello-line-animated hide-mobile\"><\/span>\n            <div class=\"sisalto-wrapper\">\n                                                    <h2 class=\"otsikko hide-mobile\">\n                                                    <a href=\"https:\/\/www.almamedia.fi\/mainostajat\/aineisto-ohjeet\/display-mainonnan-aineisto-ohjeet\/\">\n                                                    Display-mainonta                                                    <\/a>\n                                            <\/h2>\n                                                    <div class=\"sisalto\">\n                        <p>Tutustu Alman display- ja bannerimainosten koottuihin aineisto-ohjeisiin.<\/p>\n<p>N\u00e4ill\u00e4 tiedoilla p\u00e4\u00e4set alkuun digitaalisen mainoksesi suunnittelussa.<\/p>\n                    <\/div>\n                                            <\/div>\n        <\/div>\n                    <div class=\"oikea\">\n                <div class=\"hide-desktop\">\n                    <span class=\"netello-line netello-line-animated\"><\/span>\n                                                                <h2 class=\"otsikko\">\n                                                        <a href=\"https:\/\/www.almamedia.fi\/mainostajat\/aineisto-ohjeet\/display-mainonnan-aineisto-ohjeet\/\">\n                                                                Display-mainonta                                                            <\/a>\n                                                <\/h2>\n                                    <\/div>\n                <div class=\"oikea-inner netello-image-animated\">\n                                            <div class=\"image-fade-overlay\"><\/div>\n                        <img decoding=\"async\" class=\"animated-image\" src=\"https:\/\/www.almamedia.fi\/mainostajat\/wp-content\/uploads\/sites\/6\/nosto-netello.jpg\" alt=\"\" \/>\n                                    <\/div>\n            <\/div>\n            <\/div>\n<\/div>\n\n\n\n<div style=\"height:100px\" aria-hidden=\"true\" class=\"wp-block-spacer\"><\/div>\n\n\n<div  class=\"anchor-link\">\n    <a id=\"Sisaltomarkkinointi\" class=\"ankkurilinkki\"><\/a>\n<\/div>\n\n\n<div  class=\"kuva-ja-teksti-vierekkain has-font-size-s has-header-size-m has-full-width has-bg-green\">\n    <div class=\"wrapper\">\n        <div class=\"vasen\">\n            <span class=\"netello-line netello-line-animated hide-mobile\"><\/span>\n            <div class=\"sisalto-wrapper\">\n                                                    <h2 class=\"otsikko hide-mobile\">\n                                                    <a href=\"https:\/\/www.almamedia.fi\/mainostajat\/aineisto-ohjeet\/sisaltomarkkinoinnin-aineisto-ohjeet\/\">\n                                                    Sis\u00e4lt\u00f6markkinointi                                                    <\/a>\n                                            <\/h2>\n                                                    <div class=\"sisalto\">\n                        <p>Sis\u00e4lt\u00f6markkinointia voit tehd\u00e4 l\u00e4hes jokaisessa Alma Median mediassa: Businessmedioiden Kumppanisis\u00e4ll\u00f6iss\u00e4, Iltalehden sis\u00e4lt\u00f6markkinointiartikkelilla sek\u00e4 asumisen ja liikkumisen markkinapaikkojen sis\u00e4lt\u00f6markkinointiartikkeleilla.<\/p>\n<p>N\u00e4it\u00e4 ohjeita noudattamalla luot helposti julkaisuvalmiin ja laadukkaan sis\u00e4ll\u00f6n.<\/p>\n                    <\/div>\n                                            <\/div>\n        <\/div>\n                    <div class=\"oikea\">\n                <div class=\"hide-desktop\">\n                    <span class=\"netello-line netello-line-animated\"><\/span>\n                                                                <h2 class=\"otsikko\">\n                                                        <a href=\"https:\/\/www.almamedia.fi\/mainostajat\/aineisto-ohjeet\/sisaltomarkkinoinnin-aineisto-ohjeet\/\">\n                                                                Sis\u00e4lt\u00f6markkinointi                                                            <\/a>\n                                                <\/h2>\n                                    <\/div>\n                <div class=\"oikea-inner netello-image-animated\">\n                                            <div class=\"image-fade-overlay\"><\/div>\n                        <img decoding=\"async\" class=\"animated-image\" src=\"https:\/\/www.almamedia.fi\/mainostajat\/wp-content\/uploads\/sites\/6\/sima.png\" alt=\"\" \/>\n                                    <\/div>\n            <\/div>\n            <\/div>\n<\/div>\n\n\n\n<div style=\"height:100px\" aria-hidden=\"true\" class=\"wp-block-spacer\"><\/div>\n\n\n<div  class=\"anchor-link\">\n    <a id=\"Videomainonta\" class=\"ankkurilinkki\"><\/a>\n<\/div>\n\n\n<div  class=\"kuva-ja-teksti-vierekkain has-font-size-s has-header-size-m has-full-width has-no-bg\">\n    <div class=\"wrapper\">\n        <div class=\"vasen\">\n            <span class=\"netello-line netello-line-animated hide-mobile\"><\/span>\n            <div class=\"sisalto-wrapper\">\n                                                    <h2 class=\"otsikko hide-mobile\">\n                                                    <a href=\"https:\/\/www.almamedia.fi\/mainostajat\/aineisto-ohjeet\/videomainonnan-aineisto-ohjeet\/\">\n                                                    Videomainonta                                                    <\/a>\n                                            <\/h2>\n                                                    <div class=\"sisalto\">\n                        <p>T\u00e4\u00e4lt\u00e4 l\u00f6yd\u00e4t Alma Median videomainonnan kootut aineisto-ohjeet.<\/p>\n<p>N\u00e4ill\u00e4 ohjeilla p\u00e4\u00e4set alkuun n\u00e4ytt\u00e4v\u00e4n videomainoksesi suunnittelussa.<\/p>\n                    <\/div>\n                                            <\/div>\n        <\/div>\n                    <div class=\"oikea\">\n                <div class=\"hide-desktop\">\n                    <span class=\"netello-line netello-line-animated\"><\/span>\n                                                                <h2 class=\"otsikko\">\n                                                        <a href=\"https:\/\/www.almamedia.fi\/mainostajat\/aineisto-ohjeet\/videomainonnan-aineisto-ohjeet\/\">\n                                                                Videomainonta                                                            <\/a>\n                                                <\/h2>\n                                    <\/div>\n                <div class=\"oikea-inner netello-image-animated\">\n                                            <div class=\"image-fade-overlay\"><\/div>\n                        <img decoding=\"async\" class=\"animated-image\" src=\"https:\/\/www.almamedia.fi\/mainostajat\/wp-content\/uploads\/sites\/6\/Hero-3840x2160_Shutterstock-2134285131-1.png\" alt=\"\" \/>\n                                    <\/div>\n            <\/div>\n            <\/div>\n<\/div>\n\n\n\n<div style=\"height:100px\" aria-hidden=\"true\" class=\"wp-block-spacer\"><\/div>\n\n\n<div  class=\"anchor-link\">\n    <a id=\"Printtimainonta\" class=\"ankkurilinkki\"><\/a>\n<\/div>\n\n\n<div  class=\"kuva-ja-teksti-vierekkain has-font-size-s has-header-size-m has-full-width has-bg-green\">\n    <div class=\"wrapper\">\n        <div class=\"vasen\">\n            <span class=\"netello-line netello-line-animated hide-mobile\"><\/span>\n            <div class=\"sisalto-wrapper\">\n                                                    <h2 class=\"otsikko hide-mobile\">\n                                                    <a href=\"https:\/\/www.almamedia.fi\/mainostajat\/aineisto-ohjeet\/printtimainonnan-aineisto-ohjeet\/\">\n                                                    Printtimainonta                                                    <\/a>\n                                            <\/h2>\n                                                    <div class=\"sisalto\">\n                        <p>T\u00e4\u00e4lt\u00e4 l\u00f6yd\u00e4t Alma Median monikanavaisten mainosten, printtimainosten ja liiteratkaisujen kootut aineisto-ohjeet.<\/p>\n<p>N\u00e4ill\u00e4 ohjeilla p\u00e4\u00e4set alkuun painetun mainoksesi suunnittelussa.<\/p>\n                    <\/div>\n                                            <\/div>\n        <\/div>\n                    <div class=\"oikea\">\n                <div class=\"hide-desktop\">\n                    <span class=\"netello-line netello-line-animated\"><\/span>\n                                                                <h2 class=\"otsikko\">\n                                                        <a href=\"https:\/\/www.almamedia.fi\/mainostajat\/aineisto-ohjeet\/printtimainonnan-aineisto-ohjeet\/\">\n                                                                Printtimainonta                                                            <\/a>\n                                                <\/h2>\n                                    <\/div>\n                <div class=\"oikea-inner netello-image-animated\">\n                                            <div class=\"image-fade-overlay\"><\/div>\n                        <img decoding=\"async\" class=\"animated-image\" src=\"https:\/\/www.almamedia.fi\/mainostajat\/wp-content\/uploads\/sites\/6\/Monikanavainen-etusivu_KL2-1.png\" alt=\"\" \/>\n                                    <\/div>\n            <\/div>\n            <\/div>\n<\/div>\n\n\n<div  class=\"anchor-link\">\n    <a id=\"\" class=\"ankkurilinkki\"><\/a>\n<\/div>\n\n\n<div  class=\"anchor-link\">\n    <a id=\"Julkaisuaikataulut\" class=\"ankkurilinkki\"><\/a>\n<\/div>\n\n\n\n<h2 class=\"wp-block-heading has-text-align-left\">Printin julkaisuaikataulut<\/h2>\n\n\n\n<div class=\"wp-block-columns is-layout-flex wp-container-core-columns-is-layout-9d6595d7 wp-block-columns-is-layout-flex\">\n<div class=\"wp-block-column is-layout-flow wp-block-column-is-layout-flow\" style=\"flex-basis:4rem\"><\/div>\n\n\n\n<div class=\"wp-block-column is-layout-flow wp-block-column-is-layout-flow\">\n<div  class=\"linkkilaatikot-viivalla col-2 has-line-color-green has-font-size-m\">\n\n    \n        <div class=\"linkkilaatikko-viivalla\">\n            <div class=\"netello-line netello-line-animated\"><\/div>\n            \n                                                <div class=\"sisalto\">\n                      <div class=\"netello-linkit\">\n<p class=\"has-text-align-center\" style=\"text-align: left;\"><a class=\"netello-linkki\" href=\"https:\/\/www.almamedia.fi\/mainostajat\/aineisto-ohjeet\/printtimainonnan-aineisto-ohjeet\/#julkaisuaikataulut\">Iltalehti ja IL erikoislehdet<\/a><\/p>\n<p class=\"has-text-align-center\" style=\"text-align: left;\"><a class=\"netello-linkki\" href=\"https:\/\/www.almamedia.fi\/mainostajat\/aineisto-ohjeet\/printtimainonnan-aineisto-ohjeet\/#mikrobitti\">Mikrobitti<\/a><\/p>\n<\/div>\n                <\/div>\n                \n                    <\/div>\n\n    \n        <div class=\"linkkilaatikko-viivalla\">\n            <div class=\"netello-line netello-line-animated\"><\/div>\n            \n                                                <div class=\"sisalto\">\n                      <div class=\"netello-linkit\">\n<p><a class=\"netello-linkki\" href=\"https:\/\/www.almamedia.fi\/mainostajat\/aineisto-ohjeet\/printtimainonnan-aineisto-ohjeet\/#kauppalehti\">Kauppalehti<\/a><\/p>\n<p><a class=\"netello-linkki\" href=\"https:\/\/www.almamedia.fi\/mainostajat\/aineisto-ohjeet\/printtimainonnan-aineisto-ohjeet\/#tivi\">TIVI<\/a><\/p>\n<p><a class=\"netello-linkki\" href=\"https:\/\/www.almamedia.fi\/mainostajat\/aineisto-ohjeet\/printtimainonnan-aineisto-ohjeet\/#tekniikkatalous\">Tekniikka&amp;Talous<\/a><\/p>\n<p><a class=\"netello-linkki\" href=\"https:\/\/www.almamedia.fi\/mainostajat\/aineisto-ohjeet\/printtimainonnan-aineisto-ohjeet\/#arvopaperi\">Arvopaperi<\/a><\/p>\n<p><a class=\"netello-linkki\" href=\"https:\/\/www.almamedia.fi\/mainostajat\/aineisto-ohjeet\/printtimainonnan-aineisto-ohjeet\/#talouselama\">Talousel\u00e4m\u00e4<\/a><\/p>\n<\/div>\n                <\/div>\n                \n                    <\/div>\n\n    \n<\/div>\n\n\n<\/div>\n<\/div>\n\n\n\n<div style=\"height:7rem\" aria-hidden=\"true\" class=\"wp-block-spacer\"><\/div>\n\n\n\n<p class=\"has-text-align-center kapeampi-3 has-medium-font-size\">Jos sinulla her\u00e4\u00e4 kysymyksi\u00e4 tai tarvitset apua aineiston toimituksessa, ota yhteytt\u00e4 mainostajien asiakaspalveluun osoitteessa:\u00a0<em><a href=\"&#x6d;&#x61;&#x69;&#108;&#116;&#111;:m&#x65;&#x64;&#x69;&#x61;&#109;&#97;in&#x6f;&#x6e;&#x74;&#x61;&#64;&#97;lm&#x61;&#x6d;&#x65;&#x64;&#105;&#97;&#46;fi\">mediamainonta(@)almamedia.fi<\/a><\/em><\/p>\n\n\n\n<div style=\"height:4rem\" aria-hidden=\"true\" class=\"wp-block-spacer\"><\/div>\n","protected":false},"excerpt":{"rendered":"<p>Printin julkaisuaikataulut Jos sinulla her\u00e4\u00e4 kysymyksi\u00e4 tai tarvitset apua aineiston toimituksessa, ota yhteytt\u00e4 mainostajien asiakaspalveluun [&hellip;]<\/p>\n","protected":false},"author":105,"featured_media":87406,"parent":0,"menu_order":0,"comment_status":"closed","ping_status":"closed","template":"","meta":{"_acf_changed":false,"footnotes":""},"class_list":["post-84369","page","type-page","status-publish","has-post-thumbnail","hentry"],"acf":[],"yoast_head":"<!-- This site is optimized with the Yoast SEO plugin v26.9 - https:\/\/yoast.com\/product\/yoast-seo-wordpress\/ -->\n<title>Aineisto-ohjeet - Alma Media - mainostajat<\/title>\n<meta name=\"description\" content=\"Alta l\u00f6yd\u00e4t linkit Alman medioiden ja palveluiden mainosratkaisujen aineisto-ohjeisiin.\" \/>\n<meta name=\"robots\" content=\"index, follow, max-snippet:-1, max-image-preview:large, max-video-preview:-1\" \/>\n<link rel=\"canonical\" href=\"https:\/\/www.almamedia.fi\/mainostajat\/aineisto-ohjeet\/\" \/>\n<meta property=\"og:locale\" content=\"fi_FI\" \/>\n<meta property=\"og:type\" content=\"article\" \/>\n<meta property=\"og:title\" content=\"Aineisto-ohjeet - Alma Media - mainostajat\" \/>\n<meta property=\"og:description\" content=\"Alta l\u00f6yd\u00e4t linkit Alman medioiden ja palveluiden mainosratkaisujen aineisto-ohjeisiin.\" \/>\n<meta property=\"og:url\" content=\"https:\/\/www.almamedia.fi\/mainostajat\/aineisto-ohjeet\/\" \/>\n<meta property=\"og:site_name\" content=\"Alma Media - mainostajat\" \/>\n<meta property=\"article:modified_time\" content=\"2026-03-03T12:18:20+00:00\" \/>\n<meta property=\"og:image\" content=\"https:\/\/www.almamedia.fi\/mainostajat\/wp-content\/uploads\/sites\/6\/shutterstock_2175663757-scaled.jpg\" \/>\n\t<meta property=\"og:image:width\" content=\"2048\" \/>\n\t<meta property=\"og:image:height\" content=\"1365\" \/>\n\t<meta property=\"og:image:type\" content=\"image\/jpeg\" \/>\n<meta name=\"twitter:card\" content=\"summary_large_image\" \/>\n<meta name=\"twitter:label1\" content=\"Arvioitu lukuaika\" \/>\n\t<meta name=\"twitter:data1\" content=\"1 minuutti\" \/>\n<script type=\"application\/ld+json\" class=\"yoast-schema-graph\">{\"@context\":\"https:\/\/schema.org\",\"@graph\":[{\"@type\":\"WebPage\",\"@id\":\"https:\/\/www.almamedia.fi\/mainostajat\/aineisto-ohjeet\/\",\"url\":\"https:\/\/www.almamedia.fi\/mainostajat\/aineisto-ohjeet\/\",\"name\":\"Aineisto-ohjeet - Alma Media - mainostajat\",\"isPartOf\":{\"@id\":\"https:\/\/www.almamedia.fi\/mainostajat\/#website\"},\"primaryImageOfPage\":{\"@id\":\"https:\/\/www.almamedia.fi\/mainostajat\/aineisto-ohjeet\/#primaryimage\"},\"image\":{\"@id\":\"https:\/\/www.almamedia.fi\/mainostajat\/aineisto-ohjeet\/#primaryimage\"},\"thumbnailUrl\":\"https:\/\/www.almamedia.fi\/mainostajat\/wp-content\/uploads\/sites\/6\/shutterstock_2175663757-scaled.jpg\",\"datePublished\":\"2025-04-08T07:24:35+00:00\",\"dateModified\":\"2026-03-03T12:18:20+00:00\",\"description\":\"Alta l\u00f6yd\u00e4t linkit Alman medioiden ja palveluiden mainosratkaisujen aineisto-ohjeisiin.\",\"breadcrumb\":{\"@id\":\"https:\/\/www.almamedia.fi\/mainostajat\/aineisto-ohjeet\/#breadcrumb\"},\"inLanguage\":\"fi\",\"potentialAction\":[{\"@type\":\"ReadAction\",\"target\":[\"https:\/\/www.almamedia.fi\/mainostajat\/aineisto-ohjeet\/\"]}]},{\"@type\":\"ImageObject\",\"inLanguage\":\"fi\",\"@id\":\"https:\/\/www.almamedia.fi\/mainostajat\/aineisto-ohjeet\/#primaryimage\",\"url\":\"https:\/\/www.almamedia.fi\/mainostajat\/wp-content\/uploads\/sites\/6\/shutterstock_2175663757-scaled.jpg\",\"contentUrl\":\"https:\/\/www.almamedia.fi\/mainostajat\/wp-content\/uploads\/sites\/6\/shutterstock_2175663757-scaled.jpg\",\"width\":2048,\"height\":1365},{\"@type\":\"BreadcrumbList\",\"@id\":\"https:\/\/www.almamedia.fi\/mainostajat\/aineisto-ohjeet\/#breadcrumb\",\"itemListElement\":[{\"@type\":\"ListItem\",\"position\":1,\"name\":\"Etusivu\",\"item\":\"https:\/\/www.almamedia.fi\/mainostajat\/\"},{\"@type\":\"ListItem\",\"position\":2,\"name\":\"Aineisto-ohjeet\"}]},{\"@type\":\"WebSite\",\"@id\":\"https:\/\/www.almamedia.fi\/mainostajat\/#website\",\"url\":\"https:\/\/www.almamedia.fi\/mainostajat\/\",\"name\":\"Alma Media - mainostajat\",\"description\":\"\",\"publisher\":{\"@id\":\"https:\/\/www.almamedia.fi\/mainostajat\/#organization\"},\"potentialAction\":[{\"@type\":\"SearchAction\",\"target\":{\"@type\":\"EntryPoint\",\"urlTemplate\":\"https:\/\/www.almamedia.fi\/mainostajat\/?s={search_term_string}\"},\"query-input\":{\"@type\":\"PropertyValueSpecification\",\"valueRequired\":true,\"valueName\":\"search_term_string\"}}],\"inLanguage\":\"fi\"},{\"@type\":\"Organization\",\"@id\":\"https:\/\/www.almamedia.fi\/mainostajat\/#organization\",\"name\":\"Alma Media - mainostajat\",\"url\":\"https:\/\/www.almamedia.fi\/mainostajat\/\",\"logo\":{\"@type\":\"ImageObject\",\"inLanguage\":\"fi\",\"@id\":\"https:\/\/www.almamedia.fi\/mainostajat\/#\/schema\/logo\/image\/\",\"url\":\"https:\/\/www.almamedia.fi\/mainostajat\/wp-content\/uploads\/sites\/6\/alma-media-logo-valkoinen.svg\",\"contentUrl\":\"https:\/\/www.almamedia.fi\/mainostajat\/wp-content\/uploads\/sites\/6\/alma-media-logo-valkoinen.svg\",\"width\":49,\"height\":50,\"caption\":\"Alma Media - mainostajat\"},\"image\":{\"@id\":\"https:\/\/www.almamedia.fi\/mainostajat\/#\/schema\/logo\/image\/\"}}]}<\/script>\n<!-- \/ Yoast SEO plugin. -->","yoast_head_json":{"title":"Aineisto-ohjeet - Alma Media - mainostajat","description":"Alta l\u00f6yd\u00e4t linkit Alman medioiden ja palveluiden mainosratkaisujen aineisto-ohjeisiin.","robots":{"index":"index","follow":"follow","max-snippet":"max-snippet:-1","max-image-preview":"max-image-preview:large","max-video-preview":"max-video-preview:-1"},"canonical":"https:\/\/www.almamedia.fi\/mainostajat\/aineisto-ohjeet\/","og_locale":"fi_FI","og_type":"article","og_title":"Aineisto-ohjeet - Alma Media - mainostajat","og_description":"Alta l\u00f6yd\u00e4t linkit Alman medioiden ja palveluiden mainosratkaisujen aineisto-ohjeisiin.","og_url":"https:\/\/www.almamedia.fi\/mainostajat\/aineisto-ohjeet\/","og_site_name":"Alma Media - mainostajat","article_modified_time":"2026-03-03T12:18:20+00:00","og_image":[{"width":2048,"height":1365,"url":"https:\/\/www.almamedia.fi\/mainostajat\/wp-content\/uploads\/sites\/6\/shutterstock_2175663757-scaled.jpg","type":"image\/jpeg"}],"twitter_card":"summary_large_image","twitter_misc":{"Arvioitu lukuaika":"1 minuutti"},"schema":{"@context":"https:\/\/schema.org","@graph":[{"@type":"WebPage","@id":"https:\/\/www.almamedia.fi\/mainostajat\/aineisto-ohjeet\/","url":"https:\/\/www.almamedia.fi\/mainostajat\/aineisto-ohjeet\/","name":"Aineisto-ohjeet - Alma Media - mainostajat","isPartOf":{"@id":"https:\/\/www.almamedia.fi\/mainostajat\/#website"},"primaryImageOfPage":{"@id":"https:\/\/www.almamedia.fi\/mainostajat\/aineisto-ohjeet\/#primaryimage"},"image":{"@id":"https:\/\/www.almamedia.fi\/mainostajat\/aineisto-ohjeet\/#primaryimage"},"thumbnailUrl":"https:\/\/www.almamedia.fi\/mainostajat\/wp-content\/uploads\/sites\/6\/shutterstock_2175663757-scaled.jpg","datePublished":"2025-04-08T07:24:35+00:00","dateModified":"2026-03-03T12:18:20+00:00","description":"Alta l\u00f6yd\u00e4t linkit Alman medioiden ja palveluiden mainosratkaisujen aineisto-ohjeisiin.","breadcrumb":{"@id":"https:\/\/www.almamedia.fi\/mainostajat\/aineisto-ohjeet\/#breadcrumb"},"inLanguage":"fi","potentialAction":[{"@type":"ReadAction","target":["https:\/\/www.almamedia.fi\/mainostajat\/aineisto-ohjeet\/"]}]},{"@type":"ImageObject","inLanguage":"fi","@id":"https:\/\/www.almamedia.fi\/mainostajat\/aineisto-ohjeet\/#primaryimage","url":"https:\/\/www.almamedia.fi\/mainostajat\/wp-content\/uploads\/sites\/6\/shutterstock_2175663757-scaled.jpg","contentUrl":"https:\/\/www.almamedia.fi\/mainostajat\/wp-content\/uploads\/sites\/6\/shutterstock_2175663757-scaled.jpg","width":2048,"height":1365},{"@type":"BreadcrumbList","@id":"https:\/\/www.almamedia.fi\/mainostajat\/aineisto-ohjeet\/#breadcrumb","itemListElement":[{"@type":"ListItem","position":1,"name":"Etusivu","item":"https:\/\/www.almamedia.fi\/mainostajat\/"},{"@type":"ListItem","position":2,"name":"Aineisto-ohjeet"}]},{"@type":"WebSite","@id":"https:\/\/www.almamedia.fi\/mainostajat\/#website","url":"https:\/\/www.almamedia.fi\/mainostajat\/","name":"Alma Media - mainostajat","description":"","publisher":{"@id":"https:\/\/www.almamedia.fi\/mainostajat\/#organization"},"potentialAction":[{"@type":"SearchAction","target":{"@type":"EntryPoint","urlTemplate":"https:\/\/www.almamedia.fi\/mainostajat\/?s={search_term_string}"},"query-input":{"@type":"PropertyValueSpecification","valueRequired":true,"valueName":"search_term_string"}}],"inLanguage":"fi"},{"@type":"Organization","@id":"https:\/\/www.almamedia.fi\/mainostajat\/#organization","name":"Alma Media - mainostajat","url":"https:\/\/www.almamedia.fi\/mainostajat\/","logo":{"@type":"ImageObject","inLanguage":"fi","@id":"https:\/\/www.almamedia.fi\/mainostajat\/#\/schema\/logo\/image\/","url":"https:\/\/www.almamedia.fi\/mainostajat\/wp-content\/uploads\/sites\/6\/alma-media-logo-valkoinen.svg","contentUrl":"https:\/\/www.almamedia.fi\/mainostajat\/wp-content\/uploads\/sites\/6\/alma-media-logo-valkoinen.svg","width":49,"height":50,"caption":"Alma Media - mainostajat"},"image":{"@id":"https:\/\/www.almamedia.fi\/mainostajat\/#\/schema\/logo\/image\/"}}]}},"lang":"fi","translations":{"fi":84369,"en":90617},"pll_sync_post":[],"_links":{"self":[{"href":"https:\/\/www.almamedia.fi\/mainostajat\/wp-json\/wp\/v2\/pages\/84369","targetHints":{"allow":["GET"]}}],"collection":[{"href":"https:\/\/www.almamedia.fi\/mainostajat\/wp-json\/wp\/v2\/pages"}],"about":[{"href":"https:\/\/www.almamedia.fi\/mainostajat\/wp-json\/wp\/v2\/types\/page"}],"author":[{"embeddable":true,"href":"https:\/\/www.almamedia.fi\/mainostajat\/wp-json\/wp\/v2\/users\/105"}],"replies":[{"embeddable":true,"href":"https:\/\/www.almamedia.fi\/mainostajat\/wp-json\/wp\/v2\/comments?post=84369"}],"version-history":[{"count":1,"href":"https:\/\/www.almamedia.fi\/mainostajat\/wp-json\/wp\/v2\/pages\/84369\/revisions"}],"predecessor-version":[{"id":93294,"href":"https:\/\/www.almamedia.fi\/mainostajat\/wp-json\/wp\/v2\/pages\/84369\/revisions\/93294"}],"wp:featuredmedia":[{"embeddable":true,"href":"https:\/\/www.almamedia.fi\/mainostajat\/wp-json\/wp\/v2\/media\/87406"}],"wp:attachment":[{"href":"https:\/\/www.almamedia.fi\/mainostajat\/wp-json\/wp\/v2\/media?parent=84369"}],"curies":[{"name":"wp","href":"https:\/\/api.w.org\/{rel}","templated":true}]}}