{"id":3570,"date":"2025-03-03T15:42:46","date_gmt":"2025-03-03T13:42:46","guid":{"rendered":"https:\/\/www.almamedia.fi\/mainostajat\/?page_id=3570"},"modified":"2026-02-02T15:37:38","modified_gmt":"2026-02-02T13:37:38","slug":"markkinoinnin-palvelut","status":"publish","type":"page","link":"https:\/\/www.almamedia.fi\/mainostajat\/markkinoinnin-palvelut\/","title":{"rendered":"Markkinointipalvelut"},"content":{"rendered":"\n<div style=\"height:8rem\" aria-hidden=\"true\" class=\"wp-block-spacer\"><\/div>\n\n\n\n<div data-aos=\"fade-up\" class=\"wp-block-netello-animation\"><div class=\"wrapper\">\n<h2 class=\"wp-block-heading has-text-align-center\">MARKKINOINTI\u00adPALVELUMME<\/h2>\n\n\n\n<p class=\"has-text-align-center has-medium-font-size\"><strong>Alma Median markkinointipalvelut yhdist\u00e4v\u00e4t luovan sis\u00e4ll\u00f6ntuotannon, tehokkaan tapahtumamarkkinoinnin ja digitaaliset ratkaisut. Me suunnittelemme, toteutamme ja kohdennamme, jotta br\u00e4ndisi tarinasta syntyy menestystarina<\/strong><\/p>\n<\/div><\/div>\n\n\n\n<div style=\"height:10rem\" aria-hidden=\"true\" class=\"wp-block-spacer\"><\/div>\n\n\n\n<h2 class=\"wp-block-heading\">Palvelut, jotka nostavat br\u00e4ndisi uudelle tasolle<\/h2>\n\n\n\n<div class=\"wp-block-columns is-layout-flex wp-container-core-columns-is-layout-9d6595d7 wp-block-columns-is-layout-flex\">\n<div class=\"wp-block-column is-layout-flow wp-block-column-is-layout-flow\" style=\"flex-basis:4rem\"><\/div>\n\n\n\n<div class=\"wp-block-column is-layout-flow wp-block-column-is-layout-flow\">\n<div  class=\"linkkilaatikot-viivalla col-3 has-line-color-green has-font-size-s\">\n\n    \n        <div class=\"linkkilaatikko-viivalla\">\n            <div class=\"netello-line netello-line-animated\"><\/div>\n            \n                                    <h3 class=\"otsikko \"><span class=\"teksti\">Luova suunnittelu ja tuotannot<\/span><\/h3>\n                                                <div class=\"sisalto\">\n                      <p>Alma Brand Studio yhdist\u00e4\u00e4 luovuuden ja datan vaikuttaviksi tarinoiksi. Suunnittelemme ja toteutamme br\u00e4ndillesi r\u00e4\u00e4t\u00e4l\u00f6ityj\u00e4 sis\u00e4lt\u00f6j\u00e4, artikkeleista ja videoista podcasteihin ja visuaalisiin konsepteihin, jotka pys\u00e4ytt\u00e4v\u00e4t ja sitouttavat.<\/p>\n                <\/div>\n                \n                    <\/div>\n\n    \n        <div class=\"linkkilaatikko-viivalla\">\n            <div class=\"netello-line netello-line-animated\"><\/div>\n            \n                                    <h3 class=\"otsikko \"><span class=\"teksti\">Live- ja hybriditapahtumat<\/span><\/h3>\n                                                <div class=\"sisalto\">\n                      <p><span data-teams=\"true\">J\u00e4rjest\u00e4mme vaikuttavia tapahtumia, joissa br\u00e4ndisi saa ansaitsemansa huomion ja vaikuttavan asiakaskokemuksen. Alman tapahtumat ja B2B-tapahtumamarkkinointi kokoavat yhteen oikeat ihmiset ja asiantuntijat. J\u00e4rjest\u00e4mme vaikuttavia tapahtumia, joissa br\u00e4ndisi saa ansaitsemansa huomion ja luo vaikuttavan asiakaskokemuksen.<\/span><\/p>\n                <\/div>\n                \n                    <\/div>\n\n    \n<\/div>\n\n\n<\/div>\n<\/div>\n\n\n\n<div style=\"height:100px\" aria-hidden=\"true\" class=\"wp-block-spacer\"><\/div>\n\n\n\n<p class=\"has-text-align-center kapeampi-3 has-large-font-size\"><strong>Markkinointi on enemm\u00e4n kuin n\u00e4kyvyytt\u00e4, se on tarinoita, el\u00e4myksi\u00e4 ja tuloksia.<br>Premium-ymp\u00e4rist\u00f6t, tarkka kohdentaminen ja laaja tavoittavuus varmistavat, ett\u00e4 viestisi vaikuttaa oikeaan yleis\u00f6\u00f6n oikeaan aikaan.<\/strong><\/p>\n\n\n\n<div style=\"height:8rem\" aria-hidden=\"true\" class=\"wp-block-spacer\"><\/div>\n\n\n<div  class=\"kuva-ja-teksti-vierekkain has-font-size-s has-header-size-m has-full-width has-no-bg\">\n    <div class=\"wrapper\">\n        <div class=\"vasen\">\n            <span class=\"netello-line netello-line-animated hide-mobile\"><\/span>\n            <div class=\"sisalto-wrapper\">\n                                                    <h2 class=\"otsikko hide-mobile\">\n                                                    <a href=\"https:\/\/www.almamedia.fi\/brandstudio\/\">\n                                                    Brand studio                                                    <\/a>\n                                            <\/h2>\n                                                    <div class=\"sisalto\">\n                        <p>Tarinat sitouttavat, erottavat ja rakentavat br\u00e4ndej\u00e4.<br \/>\nBrand Studio yhdist\u00e4\u00e4 luovan konseptoinnin, asiakasymm\u00e4rryksen ja datavetoisen jakelun, jotta saat viestisi vaikuttavasti esille.<\/p>\n<ul>\n<li>Artikkelit, videot, podcastit ja visuaaliset sis\u00e4ll\u00f6t, jotka puhuttelevat<\/li>\n<li>Sis\u00e4lt\u00f6markkinointi, joka tavoittaa ja sitouttaa yleis\u00f6t<\/li>\n<li>Br\u00e4ndin tunnettuuden ja asiantuntijuuden rakentaminen<\/li>\n<\/ul>\n<p><!-- wp:spacer {\"height\":\"5rem\"} --><\/p>\n                    <\/div>\n                                            <\/div>\n        <\/div>\n                    <div class=\"oikea\">\n                <div class=\"hide-desktop\">\n                    <span class=\"netello-line netello-line-animated\"><\/span>\n                                                                <h2 class=\"otsikko\">\n                                                        <a href=\"https:\/\/www.almamedia.fi\/brandstudio\/\">\n                                                                Brand studio                                                            <\/a>\n                                                <\/h2>\n                                    <\/div>\n                <div class=\"oikea-inner netello-image-animated\">\n                                            <div class=\"image-fade-overlay\"><\/div>\n                        <img decoding=\"async\" class=\"animated-image\" src=\"https:\/\/www.almamedia.fi\/mainostajat\/wp-content\/uploads\/sites\/6\/shutterstock_2080391959_pienempi.jpg\" alt=\"\" \/>\n                                    <\/div>\n            <\/div>\n            <\/div>\n<\/div>\n\n\n\n<div style=\"height:8rem\" aria-hidden=\"true\" class=\"wp-block-spacer\"><\/div>\n\n\n<div  class=\"kuva-ja-teksti-vierekkain has-font-size-s has-header-size-m has-full-width has-no-bg\">\n    <div class=\"wrapper\">\n        <div class=\"vasen\">\n            <span class=\"netello-line netello-line-animated hide-mobile\"><\/span>\n            <div class=\"sisalto-wrapper\">\n                                                    <h2 class=\"otsikko hide-mobile\">\n                                                    <a href=\"https:\/\/www.almamedia.fi\/mainostajat\/mediat-ja-palvelut\/business-events\/\">\n                                                    Business Events                                                    <\/a>\n                                            <\/h2>\n                                                    <div class=\"sisalto\">\n                        <p>Tapahtumat ovat enemm\u00e4n kuin kohtaamisia, ne ovat tilaisuuksia vaikuttaa, inspiroida ja sitouttaa. <span data-teams=\"true\">Alma Business Events yhdist\u00e4\u00e4 yritystapahtumat ja huipputason seminaarit tarjoten mainostajille ainutlaatuisen mahdollisuuden olla mukana keskusteluissa, ja rakentaa br\u00e4ndin tunnettuutta ja asiantuntijuutta oikeissa p\u00e4\u00e4tt\u00e4j\u00e4kohderyhmiss\u00e4.<\/span><\/p>\n<ul>\n<li>Kohtaa p\u00e4\u00e4tt\u00e4j\u00e4t, asiantuntijat ja ostovoimaiset kuluttajat<\/li>\n<li>Br\u00e4ndin\u00e4kyvyys arvostetuissa tapahtumissa ja seminaareissa<\/li>\n<li>R\u00e4\u00e4t\u00e4l\u00f6idyt ratkaisut, jotka tuovat br\u00e4ndisi esiin oikeassa kontekstissa<\/li>\n<li>Vahva vaikuttavuus ja emotionaalinen sitouttaminen<\/li>\n<\/ul>\n                    <\/div>\n                                            <\/div>\n        <\/div>\n                    <div class=\"oikea\">\n                <div class=\"hide-desktop\">\n                    <span class=\"netello-line netello-line-animated\"><\/span>\n                                                                <h2 class=\"otsikko\">\n                                                        <a href=\"https:\/\/www.almamedia.fi\/mainostajat\/mediat-ja-palvelut\/business-events\/\">\n                                                                Business Events                                                            <\/a>\n                                                <\/h2>\n                                    <\/div>\n                <div class=\"oikea-inner netello-image-animated\">\n                                            <div class=\"image-fade-overlay\"><\/div>\n                        <img decoding=\"async\" class=\"animated-image\" src=\"https:\/\/www.almamedia.fi\/mainostajat\/wp-content\/uploads\/sites\/6\/Hero-3840x2160_Shutterstock-2236011693.png\" alt=\"\" \/>\n                                    <\/div>\n            <\/div>\n            <\/div>\n<\/div>\n\n\n\n<div style=\"height:8rem\" aria-hidden=\"true\" class=\"wp-block-spacer\"><\/div>\n\n\n\n<div style=\"height:7rem\" aria-hidden=\"true\" class=\"wp-block-spacer\"><\/div>\n\n\n\n<p class=\"has-text-align-center kapeampi-3 has-medium-font-size\"><strong>Alma Markkinointipalvelut tarjoavat kaikki ty\u00f6kalut, joita tarvitset vaikuttavaan ja tulokselliseen markkinointiin. Tavoita, sitouta ja kasvata. Koska Alma tuntee kaikki, meid\u00e4n kanssamme se on mahdollista.<\/strong><\/p>\n\n\n\n<div style=\"height:4rem\" aria-hidden=\"true\" class=\"wp-block-spacer\"><\/div>\n","protected":false},"excerpt":{"rendered":"<p>Palvelut, jotka nostavat br\u00e4ndisi uudelle tasolle Markkinointi on enemm\u00e4n kuin n\u00e4kyvyytt\u00e4, se on tarinoita, el\u00e4myksi\u00e4 [&hellip;]<\/p>\n","protected":false},"author":105,"featured_media":88578,"parent":0,"menu_order":0,"comment_status":"closed","ping_status":"closed","template":"","meta":{"_acf_changed":false,"footnotes":""},"class_list":["post-3570","page","type-page","status-publish","has-post-thumbnail","hentry"],"acf":[],"yoast_head":"<!-- This site is optimized with the Yoast SEO plugin v26.9 - https:\/\/yoast.com\/product\/yoast-seo-wordpress\/ -->\n<title>Markkinointipalvelut - Alma Media - mainostajat<\/title>\n<meta name=\"robots\" content=\"index, follow, max-snippet:-1, max-image-preview:large, max-video-preview:-1\" \/>\n<link rel=\"canonical\" href=\"https:\/\/www.almamedia.fi\/mainostajat\/markkinoinnin-palvelut\/\" \/>\n<meta property=\"og:locale\" content=\"fi_FI\" \/>\n<meta property=\"og:type\" content=\"article\" \/>\n<meta property=\"og:title\" content=\"Markkinointipalvelut - Alma Media - mainostajat\" \/>\n<meta property=\"og:description\" content=\"Palvelut, jotka nostavat br\u00e4ndisi uudelle tasolle Markkinointi on enemm\u00e4n kuin n\u00e4kyvyytt\u00e4, se on tarinoita, el\u00e4myksi\u00e4 [&hellip;]\" \/>\n<meta property=\"og:url\" content=\"https:\/\/www.almamedia.fi\/mainostajat\/markkinoinnin-palvelut\/\" \/>\n<meta property=\"og:site_name\" content=\"Alma Media - mainostajat\" \/>\n<meta property=\"article:modified_time\" content=\"2026-02-02T13:37:38+00:00\" \/>\n<meta property=\"og:image\" content=\"https:\/\/www.almamedia.fi\/mainostajat\/wp-content\/uploads\/sites\/6\/Hero-3840x2160_shutterstock-2416920131-1024x576.png\" \/>\n\t<meta property=\"og:image:width\" content=\"1024\" \/>\n\t<meta property=\"og:image:height\" content=\"576\" \/>\n\t<meta property=\"og:image:type\" content=\"image\/png\" \/>\n<meta name=\"twitter:card\" content=\"summary_large_image\" \/>\n<meta name=\"twitter:label1\" content=\"Arvioitu lukuaika\" \/>\n\t<meta name=\"twitter:data1\" content=\"1 minuutti\" \/>\n<script type=\"application\/ld+json\" class=\"yoast-schema-graph\">{\"@context\":\"https:\/\/schema.org\",\"@graph\":[{\"@type\":\"WebPage\",\"@id\":\"https:\/\/www.almamedia.fi\/mainostajat\/markkinoinnin-palvelut\/\",\"url\":\"https:\/\/www.almamedia.fi\/mainostajat\/markkinoinnin-palvelut\/\",\"name\":\"Markkinointipalvelut - Alma Media - mainostajat\",\"isPartOf\":{\"@id\":\"https:\/\/www.almamedia.fi\/mainostajat\/#website\"},\"primaryImageOfPage\":{\"@id\":\"https:\/\/www.almamedia.fi\/mainostajat\/markkinoinnin-palvelut\/#primaryimage\"},\"image\":{\"@id\":\"https:\/\/www.almamedia.fi\/mainostajat\/markkinoinnin-palvelut\/#primaryimage\"},\"thumbnailUrl\":\"https:\/\/www.almamedia.fi\/mainostajat\/wp-content\/uploads\/sites\/6\/Hero-3840x2160_shutterstock-2416920131.png\",\"datePublished\":\"2025-03-03T13:42:46+00:00\",\"dateModified\":\"2026-02-02T13:37:38+00:00\",\"breadcrumb\":{\"@id\":\"https:\/\/www.almamedia.fi\/mainostajat\/markkinoinnin-palvelut\/#breadcrumb\"},\"inLanguage\":\"fi\",\"potentialAction\":[{\"@type\":\"ReadAction\",\"target\":[\"https:\/\/www.almamedia.fi\/mainostajat\/markkinoinnin-palvelut\/\"]}]},{\"@type\":\"ImageObject\",\"inLanguage\":\"fi\",\"@id\":\"https:\/\/www.almamedia.fi\/mainostajat\/markkinoinnin-palvelut\/#primaryimage\",\"url\":\"https:\/\/www.almamedia.fi\/mainostajat\/wp-content\/uploads\/sites\/6\/Hero-3840x2160_shutterstock-2416920131.png\",\"contentUrl\":\"https:\/\/www.almamedia.fi\/mainostajat\/wp-content\/uploads\/sites\/6\/Hero-3840x2160_shutterstock-2416920131.png\",\"width\":2048,\"height\":1152},{\"@type\":\"BreadcrumbList\",\"@id\":\"https:\/\/www.almamedia.fi\/mainostajat\/markkinoinnin-palvelut\/#breadcrumb\",\"itemListElement\":[{\"@type\":\"ListItem\",\"position\":1,\"name\":\"Etusivu\",\"item\":\"https:\/\/www.almamedia.fi\/mainostajat\/\"},{\"@type\":\"ListItem\",\"position\":2,\"name\":\"Markkinointipalvelut\"}]},{\"@type\":\"WebSite\",\"@id\":\"https:\/\/www.almamedia.fi\/mainostajat\/#website\",\"url\":\"https:\/\/www.almamedia.fi\/mainostajat\/\",\"name\":\"Alma Media - mainostajat\",\"description\":\"\",\"publisher\":{\"@id\":\"https:\/\/www.almamedia.fi\/mainostajat\/#organization\"},\"potentialAction\":[{\"@type\":\"SearchAction\",\"target\":{\"@type\":\"EntryPoint\",\"urlTemplate\":\"https:\/\/www.almamedia.fi\/mainostajat\/?s={search_term_string}\"},\"query-input\":{\"@type\":\"PropertyValueSpecification\",\"valueRequired\":true,\"valueName\":\"search_term_string\"}}],\"inLanguage\":\"fi\"},{\"@type\":\"Organization\",\"@id\":\"https:\/\/www.almamedia.fi\/mainostajat\/#organization\",\"name\":\"Alma Media - mainostajat\",\"url\":\"https:\/\/www.almamedia.fi\/mainostajat\/\",\"logo\":{\"@type\":\"ImageObject\",\"inLanguage\":\"fi\",\"@id\":\"https:\/\/www.almamedia.fi\/mainostajat\/#\/schema\/logo\/image\/\",\"url\":\"https:\/\/www.almamedia.fi\/mainostajat\/wp-content\/uploads\/sites\/6\/alma-media-logo-valkoinen.svg\",\"contentUrl\":\"https:\/\/www.almamedia.fi\/mainostajat\/wp-content\/uploads\/sites\/6\/alma-media-logo-valkoinen.svg\",\"width\":49,\"height\":50,\"caption\":\"Alma Media - mainostajat\"},\"image\":{\"@id\":\"https:\/\/www.almamedia.fi\/mainostajat\/#\/schema\/logo\/image\/\"}}]}<\/script>\n<!-- \/ Yoast SEO plugin. -->","yoast_head_json":{"title":"Markkinointipalvelut - Alma Media - mainostajat","robots":{"index":"index","follow":"follow","max-snippet":"max-snippet:-1","max-image-preview":"max-image-preview:large","max-video-preview":"max-video-preview:-1"},"canonical":"https:\/\/www.almamedia.fi\/mainostajat\/markkinoinnin-palvelut\/","og_locale":"fi_FI","og_type":"article","og_title":"Markkinointipalvelut - Alma Media - mainostajat","og_description":"Palvelut, jotka nostavat br\u00e4ndisi uudelle tasolle Markkinointi on enemm\u00e4n kuin n\u00e4kyvyytt\u00e4, se on tarinoita, el\u00e4myksi\u00e4 [&hellip;]","og_url":"https:\/\/www.almamedia.fi\/mainostajat\/markkinoinnin-palvelut\/","og_site_name":"Alma Media - mainostajat","article_modified_time":"2026-02-02T13:37:38+00:00","og_image":[{"width":1024,"height":576,"url":"https:\/\/www.almamedia.fi\/mainostajat\/wp-content\/uploads\/sites\/6\/Hero-3840x2160_shutterstock-2416920131-1024x576.png","type":"image\/png"}],"twitter_card":"summary_large_image","twitter_misc":{"Arvioitu lukuaika":"1 minuutti"},"schema":{"@context":"https:\/\/schema.org","@graph":[{"@type":"WebPage","@id":"https:\/\/www.almamedia.fi\/mainostajat\/markkinoinnin-palvelut\/","url":"https:\/\/www.almamedia.fi\/mainostajat\/markkinoinnin-palvelut\/","name":"Markkinointipalvelut - Alma Media - mainostajat","isPartOf":{"@id":"https:\/\/www.almamedia.fi\/mainostajat\/#website"},"primaryImageOfPage":{"@id":"https:\/\/www.almamedia.fi\/mainostajat\/markkinoinnin-palvelut\/#primaryimage"},"image":{"@id":"https:\/\/www.almamedia.fi\/mainostajat\/markkinoinnin-palvelut\/#primaryimage"},"thumbnailUrl":"https:\/\/www.almamedia.fi\/mainostajat\/wp-content\/uploads\/sites\/6\/Hero-3840x2160_shutterstock-2416920131.png","datePublished":"2025-03-03T13:42:46+00:00","dateModified":"2026-02-02T13:37:38+00:00","breadcrumb":{"@id":"https:\/\/www.almamedia.fi\/mainostajat\/markkinoinnin-palvelut\/#breadcrumb"},"inLanguage":"fi","potentialAction":[{"@type":"ReadAction","target":["https:\/\/www.almamedia.fi\/mainostajat\/markkinoinnin-palvelut\/"]}]},{"@type":"ImageObject","inLanguage":"fi","@id":"https:\/\/www.almamedia.fi\/mainostajat\/markkinoinnin-palvelut\/#primaryimage","url":"https:\/\/www.almamedia.fi\/mainostajat\/wp-content\/uploads\/sites\/6\/Hero-3840x2160_shutterstock-2416920131.png","contentUrl":"https:\/\/www.almamedia.fi\/mainostajat\/wp-content\/uploads\/sites\/6\/Hero-3840x2160_shutterstock-2416920131.png","width":2048,"height":1152},{"@type":"BreadcrumbList","@id":"https:\/\/www.almamedia.fi\/mainostajat\/markkinoinnin-palvelut\/#breadcrumb","itemListElement":[{"@type":"ListItem","position":1,"name":"Etusivu","item":"https:\/\/www.almamedia.fi\/mainostajat\/"},{"@type":"ListItem","position":2,"name":"Markkinointipalvelut"}]},{"@type":"WebSite","@id":"https:\/\/www.almamedia.fi\/mainostajat\/#website","url":"https:\/\/www.almamedia.fi\/mainostajat\/","name":"Alma Media - mainostajat","description":"","publisher":{"@id":"https:\/\/www.almamedia.fi\/mainostajat\/#organization"},"potentialAction":[{"@type":"SearchAction","target":{"@type":"EntryPoint","urlTemplate":"https:\/\/www.almamedia.fi\/mainostajat\/?s={search_term_string}"},"query-input":{"@type":"PropertyValueSpecification","valueRequired":true,"valueName":"search_term_string"}}],"inLanguage":"fi"},{"@type":"Organization","@id":"https:\/\/www.almamedia.fi\/mainostajat\/#organization","name":"Alma Media - mainostajat","url":"https:\/\/www.almamedia.fi\/mainostajat\/","logo":{"@type":"ImageObject","inLanguage":"fi","@id":"https:\/\/www.almamedia.fi\/mainostajat\/#\/schema\/logo\/image\/","url":"https:\/\/www.almamedia.fi\/mainostajat\/wp-content\/uploads\/sites\/6\/alma-media-logo-valkoinen.svg","contentUrl":"https:\/\/www.almamedia.fi\/mainostajat\/wp-content\/uploads\/sites\/6\/alma-media-logo-valkoinen.svg","width":49,"height":50,"caption":"Alma Media - mainostajat"},"image":{"@id":"https:\/\/www.almamedia.fi\/mainostajat\/#\/schema\/logo\/image\/"}}]}},"lang":"fi","translations":{"fi":3570,"en":90710},"pll_sync_post":[],"_links":{"self":[{"href":"https:\/\/www.almamedia.fi\/mainostajat\/wp-json\/wp\/v2\/pages\/3570","targetHints":{"allow":["GET"]}}],"collection":[{"href":"https:\/\/www.almamedia.fi\/mainostajat\/wp-json\/wp\/v2\/pages"}],"about":[{"href":"https:\/\/www.almamedia.fi\/mainostajat\/wp-json\/wp\/v2\/types\/page"}],"author":[{"embeddable":true,"href":"https:\/\/www.almamedia.fi\/mainostajat\/wp-json\/wp\/v2\/users\/105"}],"replies":[{"embeddable":true,"href":"https:\/\/www.almamedia.fi\/mainostajat\/wp-json\/wp\/v2\/comments?post=3570"}],"version-history":[{"count":0,"href":"https:\/\/www.almamedia.fi\/mainostajat\/wp-json\/wp\/v2\/pages\/3570\/revisions"}],"wp:featuredmedia":[{"embeddable":true,"href":"https:\/\/www.almamedia.fi\/mainostajat\/wp-json\/wp\/v2\/media\/88578"}],"wp:attachment":[{"href":"https:\/\/www.almamedia.fi\/mainostajat\/wp-json\/wp\/v2\/media?parent=3570"}],"curies":[{"name":"wp","href":"https:\/\/api.w.org\/{rel}","templated":true}]}}