{"id":3473,"date":"2025-03-03T12:45:14","date_gmt":"2025-03-03T10:45:14","guid":{"rendered":"https:\/\/www.almamedia.fi\/mainostajat\/?page_id=3473"},"modified":"2025-06-24T15:45:17","modified_gmt":"2025-06-24T12:45:17","slug":"mediat-ja-palvelut","status":"publish","type":"page","link":"https:\/\/www.almamedia.fi\/mainostajat\/mediat-ja-palvelut\/","title":{"rendered":"Mediat ja palvelut"},"content":{"rendered":"\n<div style=\"height:7rem\" aria-hidden=\"true\" class=\"wp-block-spacer\"><\/div>\n\n\n\n<p class=\"has-text-align-center has-large-font-size\"><strong>Alma Media yhdist\u00e4\u00e4 Suomen laajimmin tavoittavat kuluttajamediat, ainoat oikeat p\u00e4\u00e4tt\u00e4j\u00e4mediat ja johtavat markkinapaikat autoilun, asumisen ja rekrytoinnin kohderyhmiss\u00e4.<\/strong><\/p>\n\n\n\n<div style=\"height:2rem\" aria-hidden=\"true\" class=\"wp-block-spacer\"><\/div>\n\n\n\n<div class=\"wp-block-netello-taustakuvalaatikko taustakuvalaatikko image-position-bottom-right\"><div class=\"taustakuvalaatikko-image-wrapper\"><img decoding=\"async\" src=\"https:\/\/www.almamedia.fi\/mainostajat\/wp-content\/uploads\/sites\/6\/strategiapilvi2.png\" alt=\"\" class=\"taustakuvalaatikko-image\"\/><\/div><div class=\"taustakuvalaatikko-content\">\n<div style=\"height:5rem\" aria-hidden=\"true\" class=\"wp-block-spacer\"><\/div>\n\n\n\n<div data-aos=\"fade-up\" class=\"wp-block-netello-animation kapeampi-2\"><div class=\"wrapper\">\n<h2 class=\"wp-block-heading has-text-align-center\"><a href=\"https:\/\/www.almamedia.fi\/mainostajat\/mediat-ja-palvelut\/alma-verkosto\/\">Alma-verkosto<\/a><\/h2>\n\n\n\n<p class=\"has-text-align-center has-medium-font-size\"><strong><strong>3,2 miljoonaa suomalaista k\u00e4ytt\u00e4\u00e4 medioitamme ja palveluitamme joka viikko<\/strong><\/strong>.<\/p>\n\n\n\n<p class=\"has-text-align-center\">Alma Median verkosto tarjoaa laajan tavoittavuuden, kohdennetun n\u00e4kyvyyden ja mitattavat tulokset. Oli kohderyhm\u00e4si valtakunnallinen tai tarkasti rajattu, meill\u00e4 viestisi tavoittaa juuri oikeat yleis\u00f6t, oikeassa paikassa, oikeaan aikaan.<\/p>\n\n\n\n<p class=\"has-text-align-center\">Saat k\u00e4ytt\u00f6\u00f6si Alman ainutlaatuisen asiakasymm\u00e4rryksen ja digitaalisen asiantuntijuuden. Tavoitat kauttamme kuluttajat ja p\u00e4\u00e4tt\u00e4j\u00e4t laadukkaassa mediaymp\u00e4rist\u00f6ss\u00e4, tunnettujen mediabr\u00e4ndien parista. Vastuullisena kotimaisena kumppanina tarjoamme turvallisen mediaymp\u00e4rist\u00f6n br\u00e4ndillesi.<\/p>\n<\/div><\/div>\n\n\n\n<div style=\"height:3rem\" aria-hidden=\"true\" class=\"wp-block-spacer\"><\/div>\n<\/div><\/div>\n\n\n\n<p class=\"has-text-align-right\"><em><sup>L\u00e4hde: Kantar Mind Kuluttaja tammi-kes\u00e4 2024.<\/sup><\/em><\/p>\n\n\n\n<div style=\"height:3rem\" aria-hidden=\"true\" class=\"wp-block-spacer\"><\/div>\n\n\n\n<div style=\"height:2rem\" aria-hidden=\"true\" class=\"wp-block-spacer\"><\/div>\n\n\n<div data-aos=\"fade-up\"         class=\"iso-otsikko has-align-center  has-font-size-s\">\n\n    <h2 class=\"otsikko\">\n                    <a href=\"https:\/\/www.almamedia.fi\/mainostajat\/mediat-ja-palvelut\/kuluttajamediat\/\" class=\"otsikko-linkki\">\n        \n            Kuluttajamediat\n                    <\/a>\n            <\/h2>\n<\/div>\n\n\n\n<div class=\"wp-block-netello-container align-center\"><div class=\"wrapper\">\n<div style=\"height:2rem\" aria-hidden=\"true\" class=\"wp-block-spacer\"><\/div>\n\n\n\n<div style=\"max-width:1200px;margin-left:auto;margin-right:auto\" class=\"wp-block-netello-max-width-container\">\n<p>Alman suosituissa kuluttajamedioissa viestisi n\u00e4kyy uutisten, viihteen ja lifestylen parissa viihtyville, sitoutuneille yleis\u00f6ille ja tavoittaa koko Suomen laajuisesti.<\/p>\n<\/div>\n\n\n\n<div style=\"height:4rem\" aria-hidden=\"true\" class=\"wp-block-spacer\"><\/div>\n<\/div><\/div>\n\n\n\n<div class=\"wp-block-cover alignfull is-light margin-top-negative-8rem\"><span aria-hidden=\"true\" class=\"wp-block-cover__background has-background-dim-0 has-background-dim\"><\/span><div class=\"wp-block-cover__inner-container is-layout-constrained wp-block-cover-is-layout-constrained\"><div class=\"ditty ditty--pre\" data-id=\"86107\" data-uniqid=\"ditty-69d393a08a3ed\" data-display_settings=\"{}\"><\/div><\/div><\/div>\n\n\n\n<div style=\"height:6rem\" aria-hidden=\"true\" class=\"wp-block-spacer\"><\/div>\n\n\n<div data-aos=\"fade-up\"         class=\"iso-otsikko has-align-center  has-font-size-s\">\n\n    <h2 class=\"otsikko\">\n                    <a href=\"https:\/\/www.almamedia.fi\/mainostajat\/mediat-ja-palvelut\/businessmediat\/\" class=\"otsikko-linkki\">\n        \n            Businessmediat\n                    <\/a>\n            <\/h2>\n<\/div>\n\n\n\n<div class=\"wp-block-netello-container align-center\"><div class=\"wrapper\">\n<div style=\"height:2rem\" aria-hidden=\"true\" class=\"wp-block-spacer\"><\/div>\n\n\n\n<div class=\"wp-block-columns is-layout-flex wp-container-core-columns-is-layout-9d6595d7 wp-block-columns-is-layout-flex\">\n<div class=\"wp-block-column is-layout-flow wp-block-column-is-layout-flow\" style=\"flex-basis:45%\">\n<p>Alman ainutlaatuiset talous- ja ammattilaismediat tavoittavat premium-yleis\u00f6t juuri silloin, kun he hakevat tietoa ja inspiraatiota p\u00e4\u00e4t\u00f6ksentekoon. Br\u00e4ndisi saa n\u00e4kyvyytt\u00e4 arvoisessaan ymp\u00e4rist\u00f6ss\u00e4.<\/p>\n\n\n\n<p>Suomen ainoat oikeat p\u00e4\u00e4tt\u00e4j\u00e4mediat tavoittavat yli 1,5 miljoonaa k\u00e4vij\u00e4\u00e4 viikossa.<\/p>\n<\/div>\n\n\n\n<div class=\"wp-block-column is-layout-flow wp-block-column-is-layout-flow\" style=\"flex-basis:55%\">\n<div  class=\"numero-animoitu has-text-align-right has-top-line has-number-color-white has-font-size-l has-line-color-purple has-text-size-m\">\n\n    \n    <div class=\"numero-wrapper\">\n                    <span class=\"netello-line netello-line-animated\"><\/span>\n                \n                    <span class=\"netello-number-counter \" data-target=\"1.5\">0<\/span>\n        \n        <span>Milj.<\/span>    <\/div>\n\n    <div class=\"alateksti\"><p>K\u00c4YTT\u00c4J\u00c4\u00c4 JOKA VIIKKO.<\/p>\n<\/div>\n<\/div>\n\n\n\n<\/div>\n<\/div>\n\n\n\n<div style=\"height:4rem\" aria-hidden=\"true\" class=\"wp-block-spacer\"><\/div>\n<\/div><\/div>\n\n\n\n<div class=\"wp-block-cover alignfull is-light margin-top-negative-8rem\"><span aria-hidden=\"true\" class=\"wp-block-cover__background has-background-dim-0 has-background-dim\"><\/span><div class=\"wp-block-cover__inner-container is-layout-constrained wp-block-cover-is-layout-constrained\"><div class=\"ditty ditty--pre\" data-id=\"86123\" data-uniqid=\"ditty-69d393a08e8ba\" data-display_settings=\"{}\"><\/div><\/div><\/div>\n\n\n\n<div style=\"height:3rem\" aria-hidden=\"true\" class=\"wp-block-spacer\"><\/div>\n\n\n\n<p class=\"has-text-align-right\"><em><sup>L\u00e4hde: KMT\u00a0 2024, digi 1 vko, printit x 1\u200b<\/sup><\/em><\/p>\n\n\n\n<div style=\"height:3rem\" aria-hidden=\"true\" class=\"wp-block-spacer\"><\/div>\n\n\n<div data-aos=\"fade-up\"         class=\"iso-otsikko has-align-center  has-font-size-s\">\n\n    <h2 class=\"otsikko\">\n                    <a href=\"https:\/\/www.almamedia.fi\/mainostajat\/autoilu-ja-liikkuminen\/\" class=\"otsikko-linkki\">\n        \n            Autoilu ja liikkuminen\n                    <\/a>\n            <\/h2>\n<\/div>\n\n\n\n<div class=\"wp-block-netello-container align-center\"><div class=\"wrapper\">\n<div style=\"height:2rem\" aria-hidden=\"true\" class=\"wp-block-spacer\"><\/div>\n\n\n\n<div class=\"wp-block-columns is-layout-flex wp-container-core-columns-is-layout-9d6595d7 wp-block-columns-is-layout-flex\">\n<div class=\"wp-block-column is-layout-flow wp-block-column-is-layout-flow\" style=\"flex-basis:45%\">\n<p>Alman autoilun ja liikkumisen palveluilla tavoitat ostovoimaiset kuluttajat tuloksellisesti.<\/p>\n\n\n\n<p>1,3 miljoonaa autoilusta ja liikkumisesta kiinnostunutta suomalaista joka viikko.<\/p>\n<\/div>\n\n\n\n<div class=\"wp-block-column is-layout-flow wp-block-column-is-layout-flow\" style=\"flex-basis:55%\">\n<div  class=\"numero-animoitu has-text-align-right has-top-line has-number-color-white has-font-size-l has-line-color-purple has-text-size-m\">\n\n    \n    <div class=\"numero-wrapper\">\n                    <span class=\"netello-line netello-line-animated\"><\/span>\n                \n                    <span class=\"netello-number-counter \" data-target=\"1.3\">0<\/span>\n        \n        <span>Milj.<\/span>    <\/div>\n\n    <div class=\"alateksti\"><p>K\u00c4YTT\u00c4J\u00c4\u00c4 JOKA VIIKKO.<\/p>\n<\/div>\n<\/div>\n\n\n\n<\/div>\n<\/div>\n\n\n\n<div style=\"height:4rem\" aria-hidden=\"true\" class=\"wp-block-spacer\"><\/div>\n<\/div><\/div>\n\n\n\n<div class=\"wp-block-cover alignfull is-light margin-top-negative-8rem\"><span aria-hidden=\"true\" class=\"wp-block-cover__background has-background-dim-0 has-background-dim\"><\/span><div class=\"wp-block-cover__inner-container is-layout-constrained wp-block-cover-is-layout-constrained\"><div class=\"ditty ditty--pre\" data-id=\"86287\" data-uniqid=\"ditty-69d393a08f6ac\" data-display_settings=\"{}\"><\/div><\/div><\/div>\n\n\n\n<div style=\"height:3rem\" aria-hidden=\"true\" class=\"wp-block-spacer\"><\/div>\n\n\n\n<p class=\"has-text-align-right\"><em><sup>L\u00e4hde: FIAM 2025 (viikko 10)<\/sup><\/em><\/p>\n\n\n\n<div style=\"height:3rem\" aria-hidden=\"true\" class=\"wp-block-spacer\"><\/div>\n\n\n<div data-aos=\"fade-up\"         class=\"iso-otsikko has-align-center  has-font-size-s\">\n\n    <h2 class=\"otsikko\">\n                    <a href=\"https:\/\/www.almamedia.fi\/mainostajat\/alma-asuminen\/\" class=\"otsikko-linkki\">\n        \n            Asuminen ja rekrytointi\n                    <\/a>\n            <\/h2>\n<\/div>\n\n\n\n<div class=\"wp-block-netello-container align-center\"><div class=\"wrapper\">\n<div style=\"height:2rem\" aria-hidden=\"true\" class=\"wp-block-spacer\"><\/div>\n\n\n\n<div class=\"wp-block-columns is-layout-flex wp-container-core-columns-is-layout-9d6595d7 wp-block-columns-is-layout-flex\">\n<div class=\"wp-block-column is-layout-flow wp-block-column-is-layout-flow\" style=\"flex-basis:45%\">\n<p>Johtavat asumisen markkinapaikat, kuten Etuovi.com ja Vuokraovi.com tuovat viestisi suoraan ostoaikeissa olevien yleis\u00f6jen eteen.<\/p>\n\n\n\n<p>Etuovi.com tavoittaa 1,4 miljoonaa asunnonetsij\u00e4\u00e4 kuukausittain.<\/p>\n<\/div>\n\n\n\n<div class=\"wp-block-column is-layout-flow wp-block-column-is-layout-flow\" style=\"flex-basis:55%\">\n<div  class=\"numero-animoitu has-text-align-right has-top-line has-number-color-white has-font-size-l has-line-color-purple has-text-size-m\">\n\n    \n    <div class=\"numero-wrapper\">\n                    <span class=\"netello-line netello-line-animated\"><\/span>\n                \n                    <span class=\"netello-number-counter \" data-target=\"1.4\">0<\/span>\n        \n        <span>Milj.<\/span>    <\/div>\n\n    <div class=\"alateksti\"><p>K\u00c4YTT\u00c4J\u00c4\u00c4 JOKA VIIKKO.<\/p>\n<\/div>\n<\/div>\n\n\n\n<\/div>\n<\/div>\n\n\n\n<div style=\"height:4rem\" aria-hidden=\"true\" class=\"wp-block-spacer\"><\/div>\n<\/div><\/div>\n\n\n\n<div class=\"wp-block-cover alignfull is-light margin-top-negative-8rem\"><span aria-hidden=\"true\" class=\"wp-block-cover__background has-background-dim-0 has-background-dim\"><\/span><div class=\"wp-block-cover__inner-container is-layout-constrained wp-block-cover-is-layout-constrained\"><div class=\"ditty ditty--pre\" data-id=\"86125\" data-uniqid=\"ditty-69d393a0901eb\" data-display_settings=\"{}\"><\/div><\/div><\/div>\n\n\n\n<div style=\"height:3rem\" aria-hidden=\"true\" class=\"wp-block-spacer\"><\/div>\n\n\n\n<p class=\"has-text-align-right\"><em><sup>L\u00e4hde: FIAM 2025<\/sup><\/em><\/p>\n\n\n\n<div style=\"height:6rem\" aria-hidden=\"true\" class=\"wp-block-spacer\"><\/div>\n\n\n\n<div class=\"wp-block-columns is-layout-flex wp-container-core-columns-is-layout-9d6595d7 wp-block-columns-is-layout-flex\">\n<div class=\"wp-block-column is-layout-flow wp-block-column-is-layout-flow\" style=\"flex-basis:66.66%\">\n<h2 class=\"wp-block-heading has-large-font-size\"><a href=\"https:\/\/www.almamedia.fi\/mainostajat\/kohdentaminen\/\">Yleis\u00f6t ja kohdentaminen<\/a><\/h2>\n\n\n\n<p>Kohderyhm\u00e4n mukaan r\u00e4\u00e4t\u00e4l\u00f6ity viesti, kohdennettuna vain haluttuun yleis\u00f6\u00f6n takaa paremmat tulokset ja kustannustehokkuuden.<\/p>\n\n\n\n<p>Alman laaja yleis\u00f6pohja ja syv\u00e4 yleis\u00f6ymm\u00e4rrys sek\u00e4 k\u00e4vij\u00f6iden suuri m\u00e4\u00e4r\u00e4 mahdollistavat uniikit ja tarkat, mutta kuitenkin laajasti tavoittavat kohdennusratkaisut.<\/p>\n<\/div>\n\n\n\n<div class=\"wp-block-column is-layout-flow wp-block-column-is-layout-flow\" style=\"flex-basis:33.33%\"><\/div>\n<\/div>\n\n\n\n<div style=\"height:3rem\" aria-hidden=\"true\" class=\"wp-block-spacer\"><\/div>\n\n\n\n<div class=\"wp-block-media-text has-media-on-the-right is-stacked-on-mobile\"><div class=\"wp-block-media-text__content\">\n<h2 class=\"wp-block-heading has-large-font-size\"><a href=\"https:\/\/www.almamedia.fi\/mainostajat\/aineisto-ohjeet\/\">Aineisto-ohjeet<\/a><\/h2>\n\n\n\n<p>L\u00f6yd\u00e4 kaikki aineisto-ohjeet sujuvaan mainontaan yhdest\u00e4 paikasta.<\/p>\n\n\n\n<p>Teknisten vaatimusten, toimitus-ohjeiden ja parhaiden&nbsp;k\u00e4yt\u00e4nt\u00f6jemme avulla varmistat onnistuneen&nbsp;toteutuksen.<\/p>\n<\/div><figure class=\"wp-block-media-text__media\"><img decoding=\"async\" width=\"501\" height=\"500\" src=\"https:\/\/www.almamedia.fi\/mainostajat\/wp-content\/uploads\/sites\/6\/Alma-strategia-kuvat-23.png\" alt=\"kohdentaminen: muut kohdennukset\" class=\"wp-image-88155 size-full\" srcset=\"https:\/\/www.almamedia.fi\/mainostajat\/wp-content\/uploads\/sites\/6\/Alma-strategia-kuvat-23.png 501w, https:\/\/www.almamedia.fi\/mainostajat\/wp-content\/uploads\/sites\/6\/Alma-strategia-kuvat-23-380x380.png 380w, https:\/\/www.almamedia.fi\/mainostajat\/wp-content\/uploads\/sites\/6\/Alma-strategia-kuvat-23-150x150.png 150w\" sizes=\"(max-width: 501px) 100vw, 501px\" \/><\/figure><\/div>\n","protected":false},"excerpt":{"rendered":"<p>Alma Media yhdist\u00e4\u00e4 Suomen laajimmin tavoittavat kuluttajamediat, ainoat oikeat p\u00e4\u00e4tt\u00e4j\u00e4mediat ja johtavat markkinapaikat autoilun, asumisen [&hellip;]<\/p>\n","protected":false},"author":105,"featured_media":3491,"parent":0,"menu_order":0,"comment_status":"closed","ping_status":"closed","template":"","meta":{"_acf_changed":false,"footnotes":""},"class_list":["post-3473","page","type-page","status-publish","has-post-thumbnail","hentry"],"acf":[],"yoast_head":"<!-- This site is optimized with the Yoast SEO plugin v26.9 - https:\/\/yoast.com\/product\/yoast-seo-wordpress\/ -->\n<title>Alman Mediat ja palvelut - Alma Media - mainostajat<\/title>\n<meta name=\"description\" content=\"Alma Media yhdist\u00e4\u00e4 Suomen laajimmin tavoittavat kuluttajamediat, ainoat oikeat p\u00e4\u00e4tt\u00e4j\u00e4mediat ja johtavat markkinapaikat autoilun, asumisen ja rekrytoinnin kohderyhmiss\u00e4.\" \/>\n<meta name=\"robots\" content=\"index, follow, max-snippet:-1, max-image-preview:large, max-video-preview:-1\" \/>\n<link rel=\"canonical\" href=\"https:\/\/www.almamedia.fi\/mainostajat\/mediat-ja-palvelut\/\" \/>\n<meta property=\"og:locale\" content=\"fi_FI\" \/>\n<meta property=\"og:type\" content=\"article\" \/>\n<meta property=\"og:title\" content=\"Alman Mediat ja palvelut - Alma Media - mainostajat\" \/>\n<meta property=\"og:description\" content=\"Alma Media yhdist\u00e4\u00e4 Suomen laajimmin tavoittavat kuluttajamediat, ainoat oikeat p\u00e4\u00e4tt\u00e4j\u00e4mediat ja johtavat markkinapaikat autoilun, asumisen ja rekrytoinnin kohderyhmiss\u00e4.\" \/>\n<meta property=\"og:url\" content=\"https:\/\/www.almamedia.fi\/mainostajat\/mediat-ja-palvelut\/\" \/>\n<meta property=\"og:site_name\" content=\"Alma Media - mainostajat\" \/>\n<meta property=\"article:modified_time\" content=\"2025-06-24T12:45:17+00:00\" \/>\n<meta property=\"og:image\" content=\"https:\/\/www.almamedia.fi\/mainostajat\/wp-content\/uploads\/sites\/6\/nosto-yleisot.jpg\" \/>\n\t<meta property=\"og:image:width\" content=\"907\" \/>\n\t<meta property=\"og:image:height\" content=\"579\" \/>\n\t<meta property=\"og:image:type\" content=\"image\/jpeg\" \/>\n<meta name=\"twitter:card\" content=\"summary_large_image\" \/>\n<meta name=\"twitter:label1\" content=\"Arvioitu lukuaika\" \/>\n\t<meta name=\"twitter:data1\" content=\"3 minuuttia\" \/>\n<script type=\"application\/ld+json\" class=\"yoast-schema-graph\">{\"@context\":\"https:\/\/schema.org\",\"@graph\":[{\"@type\":\"WebPage\",\"@id\":\"https:\/\/www.almamedia.fi\/mainostajat\/mediat-ja-palvelut\/\",\"url\":\"https:\/\/www.almamedia.fi\/mainostajat\/mediat-ja-palvelut\/\",\"name\":\"Alman Mediat ja palvelut - Alma Media - mainostajat\",\"isPartOf\":{\"@id\":\"https:\/\/www.almamedia.fi\/mainostajat\/#website\"},\"primaryImageOfPage\":{\"@id\":\"https:\/\/www.almamedia.fi\/mainostajat\/mediat-ja-palvelut\/#primaryimage\"},\"image\":{\"@id\":\"https:\/\/www.almamedia.fi\/mainostajat\/mediat-ja-palvelut\/#primaryimage\"},\"thumbnailUrl\":\"https:\/\/www.almamedia.fi\/mainostajat\/wp-content\/uploads\/sites\/6\/nosto-yleisot.jpg\",\"datePublished\":\"2025-03-03T10:45:14+00:00\",\"dateModified\":\"2025-06-24T12:45:17+00:00\",\"description\":\"Alma Media yhdist\u00e4\u00e4 Suomen laajimmin tavoittavat kuluttajamediat, ainoat oikeat p\u00e4\u00e4tt\u00e4j\u00e4mediat ja johtavat markkinapaikat autoilun, asumisen ja rekrytoinnin kohderyhmiss\u00e4.\",\"breadcrumb\":{\"@id\":\"https:\/\/www.almamedia.fi\/mainostajat\/mediat-ja-palvelut\/#breadcrumb\"},\"inLanguage\":\"fi\",\"potentialAction\":[{\"@type\":\"ReadAction\",\"target\":[\"https:\/\/www.almamedia.fi\/mainostajat\/mediat-ja-palvelut\/\"]}]},{\"@type\":\"ImageObject\",\"inLanguage\":\"fi\",\"@id\":\"https:\/\/www.almamedia.fi\/mainostajat\/mediat-ja-palvelut\/#primaryimage\",\"url\":\"https:\/\/www.almamedia.fi\/mainostajat\/wp-content\/uploads\/sites\/6\/nosto-yleisot.jpg\",\"contentUrl\":\"https:\/\/www.almamedia.fi\/mainostajat\/wp-content\/uploads\/sites\/6\/nosto-yleisot.jpg\",\"width\":907,\"height\":579},{\"@type\":\"BreadcrumbList\",\"@id\":\"https:\/\/www.almamedia.fi\/mainostajat\/mediat-ja-palvelut\/#breadcrumb\",\"itemListElement\":[{\"@type\":\"ListItem\",\"position\":1,\"name\":\"Etusivu\",\"item\":\"https:\/\/www.almamedia.fi\/mainostajat\/\"},{\"@type\":\"ListItem\",\"position\":2,\"name\":\"Mediat ja palvelut\"}]},{\"@type\":\"WebSite\",\"@id\":\"https:\/\/www.almamedia.fi\/mainostajat\/#website\",\"url\":\"https:\/\/www.almamedia.fi\/mainostajat\/\",\"name\":\"Alma Media - mainostajat\",\"description\":\"\",\"publisher\":{\"@id\":\"https:\/\/www.almamedia.fi\/mainostajat\/#organization\"},\"potentialAction\":[{\"@type\":\"SearchAction\",\"target\":{\"@type\":\"EntryPoint\",\"urlTemplate\":\"https:\/\/www.almamedia.fi\/mainostajat\/?s={search_term_string}\"},\"query-input\":{\"@type\":\"PropertyValueSpecification\",\"valueRequired\":true,\"valueName\":\"search_term_string\"}}],\"inLanguage\":\"fi\"},{\"@type\":\"Organization\",\"@id\":\"https:\/\/www.almamedia.fi\/mainostajat\/#organization\",\"name\":\"Alma Media - mainostajat\",\"url\":\"https:\/\/www.almamedia.fi\/mainostajat\/\",\"logo\":{\"@type\":\"ImageObject\",\"inLanguage\":\"fi\",\"@id\":\"https:\/\/www.almamedia.fi\/mainostajat\/#\/schema\/logo\/image\/\",\"url\":\"https:\/\/www.almamedia.fi\/mainostajat\/wp-content\/uploads\/sites\/6\/alma-media-logo-valkoinen.svg\",\"contentUrl\":\"https:\/\/www.almamedia.fi\/mainostajat\/wp-content\/uploads\/sites\/6\/alma-media-logo-valkoinen.svg\",\"width\":49,\"height\":50,\"caption\":\"Alma Media - mainostajat\"},\"image\":{\"@id\":\"https:\/\/www.almamedia.fi\/mainostajat\/#\/schema\/logo\/image\/\"}}]}<\/script>\n<!-- \/ Yoast SEO plugin. -->","yoast_head_json":{"title":"Alman Mediat ja palvelut - Alma Media - mainostajat","description":"Alma Media yhdist\u00e4\u00e4 Suomen laajimmin tavoittavat kuluttajamediat, ainoat oikeat p\u00e4\u00e4tt\u00e4j\u00e4mediat ja johtavat markkinapaikat autoilun, asumisen ja rekrytoinnin kohderyhmiss\u00e4.","robots":{"index":"index","follow":"follow","max-snippet":"max-snippet:-1","max-image-preview":"max-image-preview:large","max-video-preview":"max-video-preview:-1"},"canonical":"https:\/\/www.almamedia.fi\/mainostajat\/mediat-ja-palvelut\/","og_locale":"fi_FI","og_type":"article","og_title":"Alman Mediat ja palvelut - Alma Media - mainostajat","og_description":"Alma Media yhdist\u00e4\u00e4 Suomen laajimmin tavoittavat kuluttajamediat, ainoat oikeat p\u00e4\u00e4tt\u00e4j\u00e4mediat ja johtavat markkinapaikat autoilun, asumisen ja rekrytoinnin kohderyhmiss\u00e4.","og_url":"https:\/\/www.almamedia.fi\/mainostajat\/mediat-ja-palvelut\/","og_site_name":"Alma Media - mainostajat","article_modified_time":"2025-06-24T12:45:17+00:00","og_image":[{"width":907,"height":579,"url":"https:\/\/www.almamedia.fi\/mainostajat\/wp-content\/uploads\/sites\/6\/nosto-yleisot.jpg","type":"image\/jpeg"}],"twitter_card":"summary_large_image","twitter_misc":{"Arvioitu lukuaika":"3 minuuttia"},"schema":{"@context":"https:\/\/schema.org","@graph":[{"@type":"WebPage","@id":"https:\/\/www.almamedia.fi\/mainostajat\/mediat-ja-palvelut\/","url":"https:\/\/www.almamedia.fi\/mainostajat\/mediat-ja-palvelut\/","name":"Alman Mediat ja palvelut - Alma Media - mainostajat","isPartOf":{"@id":"https:\/\/www.almamedia.fi\/mainostajat\/#website"},"primaryImageOfPage":{"@id":"https:\/\/www.almamedia.fi\/mainostajat\/mediat-ja-palvelut\/#primaryimage"},"image":{"@id":"https:\/\/www.almamedia.fi\/mainostajat\/mediat-ja-palvelut\/#primaryimage"},"thumbnailUrl":"https:\/\/www.almamedia.fi\/mainostajat\/wp-content\/uploads\/sites\/6\/nosto-yleisot.jpg","datePublished":"2025-03-03T10:45:14+00:00","dateModified":"2025-06-24T12:45:17+00:00","description":"Alma Media yhdist\u00e4\u00e4 Suomen laajimmin tavoittavat kuluttajamediat, ainoat oikeat p\u00e4\u00e4tt\u00e4j\u00e4mediat ja johtavat markkinapaikat autoilun, asumisen ja rekrytoinnin kohderyhmiss\u00e4.","breadcrumb":{"@id":"https:\/\/www.almamedia.fi\/mainostajat\/mediat-ja-palvelut\/#breadcrumb"},"inLanguage":"fi","potentialAction":[{"@type":"ReadAction","target":["https:\/\/www.almamedia.fi\/mainostajat\/mediat-ja-palvelut\/"]}]},{"@type":"ImageObject","inLanguage":"fi","@id":"https:\/\/www.almamedia.fi\/mainostajat\/mediat-ja-palvelut\/#primaryimage","url":"https:\/\/www.almamedia.fi\/mainostajat\/wp-content\/uploads\/sites\/6\/nosto-yleisot.jpg","contentUrl":"https:\/\/www.almamedia.fi\/mainostajat\/wp-content\/uploads\/sites\/6\/nosto-yleisot.jpg","width":907,"height":579},{"@type":"BreadcrumbList","@id":"https:\/\/www.almamedia.fi\/mainostajat\/mediat-ja-palvelut\/#breadcrumb","itemListElement":[{"@type":"ListItem","position":1,"name":"Etusivu","item":"https:\/\/www.almamedia.fi\/mainostajat\/"},{"@type":"ListItem","position":2,"name":"Mediat ja palvelut"}]},{"@type":"WebSite","@id":"https:\/\/www.almamedia.fi\/mainostajat\/#website","url":"https:\/\/www.almamedia.fi\/mainostajat\/","name":"Alma Media - mainostajat","description":"","publisher":{"@id":"https:\/\/www.almamedia.fi\/mainostajat\/#organization"},"potentialAction":[{"@type":"SearchAction","target":{"@type":"EntryPoint","urlTemplate":"https:\/\/www.almamedia.fi\/mainostajat\/?s={search_term_string}"},"query-input":{"@type":"PropertyValueSpecification","valueRequired":true,"valueName":"search_term_string"}}],"inLanguage":"fi"},{"@type":"Organization","@id":"https:\/\/www.almamedia.fi\/mainostajat\/#organization","name":"Alma Media - mainostajat","url":"https:\/\/www.almamedia.fi\/mainostajat\/","logo":{"@type":"ImageObject","inLanguage":"fi","@id":"https:\/\/www.almamedia.fi\/mainostajat\/#\/schema\/logo\/image\/","url":"https:\/\/www.almamedia.fi\/mainostajat\/wp-content\/uploads\/sites\/6\/alma-media-logo-valkoinen.svg","contentUrl":"https:\/\/www.almamedia.fi\/mainostajat\/wp-content\/uploads\/sites\/6\/alma-media-logo-valkoinen.svg","width":49,"height":50,"caption":"Alma Media - mainostajat"},"image":{"@id":"https:\/\/www.almamedia.fi\/mainostajat\/#\/schema\/logo\/image\/"}}]}},"lang":"fi","translations":{"fi":3473,"en":89932},"pll_sync_post":[],"_links":{"self":[{"href":"https:\/\/www.almamedia.fi\/mainostajat\/wp-json\/wp\/v2\/pages\/3473","targetHints":{"allow":["GET"]}}],"collection":[{"href":"https:\/\/www.almamedia.fi\/mainostajat\/wp-json\/wp\/v2\/pages"}],"about":[{"href":"https:\/\/www.almamedia.fi\/mainostajat\/wp-json\/wp\/v2\/types\/page"}],"author":[{"embeddable":true,"href":"https:\/\/www.almamedia.fi\/mainostajat\/wp-json\/wp\/v2\/users\/105"}],"replies":[{"embeddable":true,"href":"https:\/\/www.almamedia.fi\/mainostajat\/wp-json\/wp\/v2\/comments?post=3473"}],"version-history":[{"count":0,"href":"https:\/\/www.almamedia.fi\/mainostajat\/wp-json\/wp\/v2\/pages\/3473\/revisions"}],"wp:featuredmedia":[{"embeddable":true,"href":"https:\/\/www.almamedia.fi\/mainostajat\/wp-json\/wp\/v2\/media\/3491"}],"wp:attachment":[{"href":"https:\/\/www.almamedia.fi\/mainostajat\/wp-json\/wp\/v2\/media?parent=3473"}],"curies":[{"name":"wp","href":"https:\/\/api.w.org\/{rel}","templated":true}]}}